{"id":99,"date":"2016-06-23T10:14:38","date_gmt":"2016-06-23T10:14:38","guid":{"rendered":"https:\/\/www.lpn.si\/?page_id=99"},"modified":"2025-05-30T11:42:03","modified_gmt":"2025-05-30T11:42:03","slug":"divji-prasic","status":"publish","type":"page","link":"https:\/\/www.lpn.si\/it\/vrste-lovne-divjadi\/divji-prasic\/","title":{"rendered":"Cinghiale"},"content":{"rendered":"<p>Cinghiali sono molto importanti per la foresta come un ecosistema, perch\u00e9 in tempi di gravi epidemie di parassiti forestali che hanno bisogno di una grande area per il loro sviluppo e la riproduzione i cinghiali si concentrano subito su questa fonte di cibo. Il risultato \u00e8, ovviamente, una foresta meno in pericolo e anche il suolo \u00e8 meno sradicato, consentendo una migliore germinazione di semi di varie specie arboree.<\/p>\n<p>D&#8217;altra parte, naturalmente, l&#8217;attivit\u00e0 di cinghiali lungo prati hanno rappresentato un grande problema per gli agricoltori. Questo \u00e8 stato anche il motivo principale per cui nella seconda met\u00e0 del 18\u00b0 secolo l&#8217;imperatrice Maria Theresa ordin\u00f2 che i beneficiari devono cacciare il cinghiale all&#8217;aperto e che si devono riprodurre in riserve di caccia. Abbattimento di cinghiali era a quel tempo anche ricompensato con premi in denaro, di conseguenza, il cinghiale era quasi mondato dalla natura.<\/p>\n<p>Oggi, il cinghiale \u00e8 presente in Slovenia in un ambiente naturale in tutte le Zone di caccia statali in Slovenia.<\/p>\n<h1><strong>Calendario venatorio<\/strong><\/h1>\n<table>\n<tbody>\n<tr>\n<td><\/td>\n<td>gen<\/td>\n<td>feb<\/td>\n<td>mar<\/td>\n<td>apr<\/td>\n<td>maj<\/td>\n<td>giu<\/td>\n<td>lug<\/td>\n<td>ago<\/td>\n<td>sett<\/td>\n<td>ott<\/td>\n<td>nov<\/td>\n<td>dic<\/td>\n<\/tr>\n<tr>\n<td>maschio<\/td>\n<td style=\"background-color: #00843d;\"><\/td>\n<td style=\"background-color: #00843d;\"><\/td>\n<td style=\"background-color: #00843d;\"><\/td>\n<td style=\"background-color: #00843d;\"><\/td>\n<td style=\"background-color: #00843d;\"><\/td>\n<td style=\"background-color: #00843d;\"><\/td>\n<td style=\"background-color: #00843d;\"><\/td>\n<td style=\"background-color: #00843d;\"><\/td>\n<td style=\"background-color: #00843d;\"><\/td>\n<td style=\"background-color: #00843d;\"><\/td>\n<td style=\"background-color: #00843d;\"><\/td>\n<td style=\"background-color: #00843d;\"><\/td>\n<\/tr>\n<tr>\n<td>femina<\/td>\n<td style=\"background-color: #00843d;\"><\/td>\n<td><\/td>\n<td><\/td>\n<td><\/td>\n<td><\/td>\n<td><\/td>\n<td style=\"background-color: #00843d;\"><\/td>\n<td style=\"background-color: #00843d;\"><\/td>\n<td style=\"background-color: #00843d;\"><\/td>\n<td style=\"background-color: #00843d;\"><\/td>\n<td style=\"background-color: #00843d;\"><\/td>\n<td style=\"background-color: #00843d;\"><\/td>\n<\/tr>\n<tr>\n<td>cinghiali giovani e cuccioli<\/td>\n<td style=\"background-color: #00843d;\"><\/td>\n<td style=\"background-color: #00843d;\"><\/td>\n<td style=\"background-color: #00843d;\"><\/td>\n<td style=\"background-color: #00843d;\"><\/td>\n<td style=\"background-color: #00843d;\"><\/td>\n<td style=\"background-color: #00843d;\"><\/td>\n<td style=\"background-color: #00843d;\"><\/td>\n<td style=\"background-color: #00843d;\"><\/td>\n<td style=\"background-color: #00843d;\"><\/td>\n<td style=\"background-color: #00843d;\"><\/td>\n<td style=\"background-color: #00843d;\"><\/td>\n<td style=\"background-color: #00843d;\"><\/td>\n<\/tr>\n<\/tbody>\n<\/table>\n<h1><strong><em>Aree in Slovenia<\/em><\/strong><\/h1>\n<p>Cinghiale si trova principalmente nelle foreste, soprattutto in boschi misti, diversi e ricchi di nutrienti. Di tanto in tanto, cinghiale trova alimento su prati e terreni agricoli, dove in termini di produzione monocoltura larga \u00e8 riuscito a trovare ottime condizioni per la sua esistenza e la popolazione di cinghiali ha ulteriormente aumentato.<\/p>\n<p>Nei primi anni del 20\u00b0 secolo, il cinghiale \u00e8 stato reintrodotto sugli altopiani di Gorjanci. Oggi, \u00e8 presente in tutta la Slovenia ed anche in tutte le Zone di caccia statali dove \u00e8 anche possibile cacciarlo.<\/p>\n<p>Nel ZCS Prodi Razor, il cinghiale pu\u00f2 essere trovato nelle gole scoscese e profonde del Carso media montagna e su un vero e proprio polje carsico.<\/p>\n<p>Nella ZCS Kozorog Kamnik, cinghiale \u00e8 principalmente attraversando la zona, quindi, non \u00e8 costantemente presente. Soprattutto, rimane nella zona subalpina, nell&#8217;ambiente di montagna incontaminata.<\/p>\n<p>Nella ZCS Ljubljanski vrh, il cinghiale si trova nelle immediate vicinanze della citt\u00e0 capitale della Slovenia. Esso risiede principalmente in alta quota, nella parte collinare carsica della zona di caccia da cui discende ogni tanto sulla superficie agricola nelle pianure.<\/p>\n<p>Nella ZCS Jelen, cinghiale coesiste con tutte e tre le specie di grandi predatori, lupi, linci e orsi bruni. Specialmente nel periodo di ricca cuscinetto faggina \u00e8 spesso presente nelle vaste foreste di faggio e abete-faggio del altopiano di Sne\u017enik.<\/p>\n<p><a href=\"https:\/\/www.lpn.si\/wp-content\/uploads\/2016\/06\/26_LPN-Pohorje-je-bogato-v-vodnimi-viri-kar-skupaj-z-ohranjeno-naravo-dobro-vpliva-na-razvoj-populacij-divjadi-e1469012954381.jpg\"><img decoding=\"async\" loading=\"lazy\" class=\"wp-image-397 size-thumbnail\" src=\"https:\/\/www.lpn.si\/wp-content\/uploads\/2016\/06\/26_LPN-Pohorje-je-bogato-v-vodnimi-viri-kar-skupaj-z-ohranjeno-naravo-dobro-vpliva-na-razvoj-populacij-divjadi-250x200.jpg\" alt=\"26_LPN Pohorje je bogato v vodnimi viri, kar skupaj z ohranjeno naravo dobro vpliva na razvoj populacij divjadi\" width=\"250\" height=\"200\" \/><\/a><\/p>\n<p>Cinghiale nella ZCS Ko\u010devsko<\/p>\n<p>ZCS Ko\u010devsko fa parte delle Alpi Dinariche ed \u00e8 interessante per il cinghiale particolarmente perch\u00e9 faggete locali sono ricchi di alimenti di base.<\/p>\n<p>&nbsp;<\/p>\n<p>ZCS Pohorje \u00e8 ricca di risorse idriche, che insieme con la natura ben conservata esercitano un impatto specifico sullo sviluppo di popolazioni di fauna selvatica<\/p>\n<p>Nella ZCS Pohorje, cinghiale vive nei boschi dell&#8217;altopiano di Pohorje, dove ci sono molte sorgenti di acqua potabile, e dove la superficie forestale si intreccia con prati di montagna e fattorie.<\/p>\n<p>Nella ZCS Fazan Beltinci, cinghiale \u00e8 presente nella pianura pannonica, ma la caccia al cinghiale per gli ospiti di caccia non \u00e8 specificamente organizzata come la popolazione \u00e8 di piccole dimensioni.<\/p>\n<p>Nella ZCS Kompas Peskovci, cinghiali si sono adattati a vivere sulle colline ondulati della pianura pannonica che offrono una quantit\u00e0 limitata di cibo, cos\u00ec in questa zona ci sono frequenti visite dei cinghiali ai terreni agricoli coltivati, che si intrecciano con i boschi.<\/p>\n<p><em><a href=\"https:\/\/www.lpn.si\/wp-content\/uploads\/2016\/06\/42_Divji-pra\u0161i\u010d-v-snegu-v-LPN-na-Ko\u010devskem-e1469447918804.jpg\"><img decoding=\"async\" loading=\"lazy\" class=\"wp-image-485 size-thumbnail\" src=\"https:\/\/www.lpn.si\/wp-content\/uploads\/2016\/06\/42_Divji-pra\u0161i\u010d-v-snegu-v-LPN-na-Ko\u010devskem-250x200.jpg\" alt=\"42_Divji pra\u0161i\u010d v snegu v LPN na Ko\u010devskem\" width=\"250\" height=\"200\" \/><\/a>\u00a0<\/em><\/p>\n<p>Nella ZCS Ko\u010devsko il cinghiale \u00e8 la specie principale, ma a volte \u00e8 presente anche in altre aree della ZCS.<\/p>\n<h1><strong>Caratteristiche della specie<\/strong><\/h1>\n<p>Il cinghiale \u00e8 un onnivoro, alimentazione principalmente su alimenti vegetali, ma ha anche bisogno di proteine animali. Durante il giorno, di solito \u00e8 nascosto in un cespuglio, piantagioni dense o canne, mentre durante l&#8217;estate \u00e8 anche presente in grandi campi di mais. Di notte, si imbarca in una ricerca di cibo nei boschi, prati o sui terreni agricoli.<\/p>\n<p><a href=\"https:\/\/www.lpn.si\/wp-content\/uploads\/2016\/06\/12_Prihod-divjih-pra\u0161i\u010dev-na-skupinskem-lovu-v-LPN-na-Ko\u010devskem-e1479260651193.jpg\"><img decoding=\"async\" loading=\"lazy\" class=\"wp-image-472 size-thumbnail\" src=\"https:\/\/www.lpn.si\/wp-content\/uploads\/2016\/06\/12_Prihod-divjih-pra\u0161i\u010dev-na-skupinskem-lovu-v-LPN-na-Ko\u010devskem-250x200.jpg\" alt=\"Trop divjih pra\u0161i\u010dev v LPN na Ko\u010devskem\" width=\"250\" height=\"200\" \/><\/a><\/p>\n<p>Il gruppo di cinghiali nella ZCS Ko\u010devsko<\/p>\n<p>Cinghiale si caratterizza come un animale gregario, cuccioli e animali giovani sono molto attaccati alla scrofa. Le scrofe con i giovani di solito si uniscono in gruppi guidati dalla scrofa pi\u00f9 anziana ed esperta, la matriarca. Femmine possono restare nel gruppo, mentre i maschi devono trovare il loro spazio altrove. Cinghiali conducono una vita solitaria e soltanto approcciano le femmine durante la stagione degli amori, che di solito dura da met\u00e0 novembre fino alla fine dell&#8217;anno.<\/p>\n<h1><strong>Caratteristiche di caccia in Slovenia<\/strong><\/h1>\n<p>La caccia al cinghiale in natura \u00e8 condotta in tutte le Zone di caccia statali in Slovenia, dove il cinghiale \u00e8 costantemente presente.<\/p>\n<p><a href=\"https:\/\/www.lpn.si\/wp-content\/uploads\/2016\/06\/27_Zandnja-usklajevanje-pred-odhodom-gonja\u010dev-in-strelcev-na-skupinskem-lovu-v-LPN-Na-Ko\u010devskem--e1469446381708.jpg\"><img decoding=\"async\" loading=\"lazy\" class=\"wp-image-477 size-thumbnail\" src=\"https:\/\/www.lpn.si\/wp-content\/uploads\/2016\/06\/27_Zandnja-usklajevanje-pred-odhodom-gonja\u010dev-in-strelcev-na-skupinskem-lovu-v-LPN-Na-Ko\u010devskem--250x200.jpg\" width=\"250\" height=\"200\" \/><\/a><\/p>\n<p>La caccia collettiva al cinghiale in ZCS Ko\u010devsko<\/p>\n<p>Il pi\u00f9 comune \u00e8 la forma tradizionale della caccia, la caccia di attesa, braccata, girata e battuta, di conseguenza, in alcune zone di caccia, previo accordo, \u00e8 anche organizzata la caccia collettiva al cinghiale.<\/p>\n<p><a href=\"https:\/\/www.lpn.si\/wp-content\/uploads\/2016\/06\/34_Divja-pra\u0161i\u010da-na-skupinskim-lovom-v-obori-v-LPN-na-Ko\u010devskem-e1469447590935.jpg\"><img decoding=\"async\" loading=\"lazy\" class=\"wp-image-481 size-thumbnail\" src=\"https:\/\/www.lpn.si\/wp-content\/uploads\/2016\/06\/34_Divja-pra\u0161i\u010da-na-skupinskim-lovom-v-obori-v-LPN-na-Ko\u010devskem-250x200.jpg\" alt=\"34_Divja pra\u0161i\u010da na skupinskim lovom v obori v LPN na Ko\u010devskem\" width=\"250\" height=\"200\" \/><\/a><\/p>\n<p>La caccia al cinghiale nelle Zone di Caccia Statali (ZCS) Ko\u010devsko<\/p>\n<p>Il paesaggio nei terreni di caccia dove \u00e8 organizzata la caccia al cinghiale \u00e8 molto vario: si va dai paesaggi carsici, dinarici e alpini fino all&#8217;altopiano del Pohorje e alle dolci colline della pianura pannonica.<br \/>\nLe differenze paesaggistiche all&#8217;interno delle Zone di Caccia Statali consentono ai cacciatori di scegliere il livello di difficolt\u00e0 della caccia: dalla pi\u00f9 impegnativa sui pendii carsici fino ai terreni pi\u00f9 facilmente accessibili.<br \/>\nAnche il metodo di caccia al cinghiale pu\u00f2 variare: dalla caccia individuale \u2013 come l\u2019appostamento o l\u2019attesa \u2013 alla caccia collettiva, in particolare braccata, girata e battuta.<\/p>\n<h1><strong>Trofei di caccia<\/strong><\/h1>\n<p>I trofei di caccia del cinghiale sono rappresentati dalle sue zanne e coti che sono molto apprezzati dai cacciatori.<\/p>\n<p>In tutte le Zone di caccia statali ci sono cacciatori professionisti e i loro assistenti, che hanno conoscenza della preparazione di trofei di cinghiale. Il processo di preparazione \u00e8 di solito effettuata per tre giorni, il che significa che il cacciatore pu\u00f2 attendere che il suo trofeo oppure pu\u00f2 essere inviato a lui\/lei per posta.<\/p>\n<p>&nbsp;<\/p>","protected":false},"excerpt":{"rendered":"Cinghiali sono molto importanti per la foresta come un ecosistema, perch\u00e9 in tempi di gravi epidemie di parassiti forestali che hanno bisogno di una grande area per il loro sviluppo e la riproduzione i cinghiali si concentrano subito su questa fonte di cibo. Il risultato \u00e8, ovviamente, una foresta meno in pericolo e anche il [&hellip;]","protected":false},"author":3,"featured_media":13856,"parent":85,"menu_order":1,"comment_status":"closed","ping_status":"closed","template":"page-divjad.php","meta":[],"acf":[],"yoast_head":"<!-- This site is optimized with the Yoast SEO plugin v20.12 - https:\/\/yoast.com\/wordpress\/plugins\/seo\/ -->\n<title>Divji pra\u0161i\u010d divjad - LPN - Lovi\u0161\u010da s posebnim namenom<\/title>\n<meta name=\"description\" content=\"Divji pra\u0161i\u010d je za gozd kot ekosistem zelo pomemben, saj se ob mno\u017ei\u010dnem pojavu gozdnih \u0161kodljivcev, ki za razvoj in razmno\u017eevanje potrebujejo tla, hitro us\" \/>\n<meta name=\"robots\" content=\"index, follow, max-snippet:-1, max-image-preview:large, max-video-preview:-1\" \/>\n<link rel=\"canonical\" href=\"https:\/\/www.lpn.si\/vrste-lovne-divjadi\/divji-prasic\/\" \/>\n<meta property=\"og:locale\" content=\"it_IT\" \/>\n<meta property=\"og:type\" content=\"article\" \/>\n<meta property=\"og:title\" content=\"[:sl]Divji pra\u0161i\u010d divjad - LPN - Lovi\u0161\u010da s posebnim namenom[:]\" \/>\n<meta property=\"og:description\" content=\"{:sl}Divji pra\u0161i\u010d je za gozd kot ekosistem zelo pomemben, saj se ob mno\u017ei\u010dnem pojavu gozdnih \u0161kodljivcev, ki za razvoj in razmno\u017eevanje potrebujejo tla, hitro us{:}\" \/>\n<meta property=\"og:url\" content=\"https:\/\/www.lpn.si\/vrste-lovne-divjadi\/divji-prasic\/\" \/>\n<meta property=\"og:site_name\" content=\"LPN\" \/>\n<meta property=\"article:modified_time\" content=\"2025-05-30T11:42:03+00:00\" \/>\n<meta property=\"og:image\" content=\"https:\/\/www.lpn.si\/wp-content\/uploads\/2025\/03\/Untitled-1_0008_prasici_zzg.jpg\" \/>\n\t<meta property=\"og:image:width\" content=\"1920\" \/>\n\t<meta property=\"og:image:height\" content=\"380\" \/>\n\t<meta property=\"og:image:type\" content=\"image\/jpeg\" \/>\n<meta name=\"twitter:card\" content=\"summary_large_image\" \/>\n<meta name=\"twitter:label1\" content=\"Tempo di lettura stimato\" \/>\n\t<meta name=\"twitter:data1\" content=\"7 minuti\" \/>\n<script type=\"application\/ld+json\" class=\"yoast-schema-graph\">{\"@context\":\"https:\/\/schema.org\",\"@graph\":[{\"@type\":\"WebPage\",\"@id\":\"https:\/\/www.lpn.si\/vrste-lovne-divjadi\/divji-prasic\/\",\"url\":\"https:\/\/www.lpn.si\/vrste-lovne-divjadi\/divji-prasic\/\",\"name\":\"[:sl]Divji pra\u0161i\u010d divjad - LPN - Lovi\u0161\u010da s posebnim namenom[:]\",\"isPartOf\":{\"@id\":\"https:\/\/www.lpn.si\/it\/#website\"},\"datePublished\":\"2016-06-23T10:14:38+00:00\",\"dateModified\":\"2025-05-30T11:42:03+00:00\",\"description\":\"{:sl}Divji pra\u0161i\u010d je za gozd kot ekosistem zelo pomemben, saj se ob mno\u017ei\u010dnem pojavu gozdnih \u0161kodljivcev, ki za razvoj in razmno\u017eevanje potrebujejo tla, hitro us{:}\",\"breadcrumb\":{\"@id\":\"https:\/\/www.lpn.si\/vrste-lovne-divjadi\/divji-prasic\/#breadcrumb\"},\"inLanguage\":\"it-IT\",\"potentialAction\":[{\"@type\":\"ReadAction\",\"target\":[\"https:\/\/www.lpn.si\/vrste-lovne-divjadi\/divji-prasic\/\"]}]},{\"@type\":\"BreadcrumbList\",\"@id\":\"https:\/\/www.lpn.si\/vrste-lovne-divjadi\/divji-prasic\/#breadcrumb\",\"itemListElement\":[{\"@type\":\"ListItem\",\"position\":1,\"name\":\"Home\",\"item\":\"https:\/\/www.lpn.si\/\"},{\"@type\":\"ListItem\",\"position\":2,\"name\":\"Vrste lovne divjadi\",\"item\":\"https:\/\/www.lpn.si\/vrste-lovne-divjadi\/\"},{\"@type\":\"ListItem\",\"position\":3,\"name\":\"Divji pra\u0161i\u010d\"}]},{\"@type\":\"WebSite\",\"@id\":\"https:\/\/www.lpn.si\/it\/#website\",\"url\":\"https:\/\/www.lpn.si\/it\/\",\"name\":\"LPN\",\"description\":\"ZAVOD za GOZDOVE SLOVENIJE\",\"potentialAction\":[{\"@type\":\"SearchAction\",\"target\":{\"@type\":\"EntryPoint\",\"urlTemplate\":\"https:\/\/www.lpn.si\/it\/?s={search_term_string}\"},\"query-input\":\"required name=search_term_string\"}],\"inLanguage\":\"it-IT\"}]}<\/script>\n<!-- \/ Yoast SEO plugin. -->","yoast_head_json":{"title":"Divji pra\u0161i\u010d divjad - LPN - Lovi\u0161\u010da s posebnim namenom","description":"Divji pra\u0161i\u010d je za gozd kot ekosistem zelo pomemben, saj se ob mno\u017ei\u010dnem pojavu gozdnih \u0161kodljivcev, ki za razvoj in razmno\u017eevanje potrebujejo tla, hitro us","robots":{"index":"index","follow":"follow","max-snippet":"max-snippet:-1","max-image-preview":"max-image-preview:large","max-video-preview":"max-video-preview:-1"},"canonical":"https:\/\/www.lpn.si\/vrste-lovne-divjadi\/divji-prasic\/","og_locale":"it_IT","og_type":"article","og_title":"[:sl]Divji pra\u0161i\u010d divjad - LPN - Lovi\u0161\u010da s posebnim namenom[:]","og_description":"{:sl}Divji pra\u0161i\u010d je za gozd kot ekosistem zelo pomemben, saj se ob mno\u017ei\u010dnem pojavu gozdnih \u0161kodljivcev, ki za razvoj in razmno\u017eevanje potrebujejo tla, hitro us{:}","og_url":"https:\/\/www.lpn.si\/vrste-lovne-divjadi\/divji-prasic\/","og_site_name":"LPN","article_modified_time":"2025-05-30T11:42:03+00:00","og_image":[{"width":1920,"height":380,"url":"https:\/\/www.lpn.si\/wp-content\/uploads\/2025\/03\/Untitled-1_0008_prasici_zzg.jpg","type":"image\/jpeg"}],"twitter_card":"summary_large_image","twitter_misc":{"Tempo di lettura stimato":"7 minuti"},"schema":{"@context":"https:\/\/schema.org","@graph":[{"@type":"WebPage","@id":"https:\/\/www.lpn.si\/vrste-lovne-divjadi\/divji-prasic\/","url":"https:\/\/www.lpn.si\/vrste-lovne-divjadi\/divji-prasic\/","name":"[:sl]Divji pra\u0161i\u010d divjad - LPN - Lovi\u0161\u010da s posebnim namenom[:]","isPartOf":{"@id":"https:\/\/www.lpn.si\/it\/#website"},"datePublished":"2016-06-23T10:14:38+00:00","dateModified":"2025-05-30T11:42:03+00:00","description":"{:sl}Divji pra\u0161i\u010d je za gozd kot ekosistem zelo pomemben, saj se ob mno\u017ei\u010dnem pojavu gozdnih \u0161kodljivcev, ki za razvoj in razmno\u017eevanje potrebujejo tla, hitro us{:}","breadcrumb":{"@id":"https:\/\/www.lpn.si\/vrste-lovne-divjadi\/divji-prasic\/#breadcrumb"},"inLanguage":"it-IT","potentialAction":[{"@type":"ReadAction","target":["https:\/\/www.lpn.si\/vrste-lovne-divjadi\/divji-prasic\/"]}]},{"@type":"BreadcrumbList","@id":"https:\/\/www.lpn.si\/vrste-lovne-divjadi\/divji-prasic\/#breadcrumb","itemListElement":[{"@type":"ListItem","position":1,"name":"Home","item":"https:\/\/www.lpn.si\/"},{"@type":"ListItem","position":2,"name":"Vrste lovne divjadi","item":"https:\/\/www.lpn.si\/vrste-lovne-divjadi\/"},{"@type":"ListItem","position":3,"name":"Divji pra\u0161i\u010d"}]},{"@type":"WebSite","@id":"https:\/\/www.lpn.si\/it\/#website","url":"https:\/\/www.lpn.si\/it\/","name":"LPN","description":"ZAVOD za GOZDOVE SLOVENIJE","potentialAction":[{"@type":"SearchAction","target":{"@type":"EntryPoint","urlTemplate":"https:\/\/www.lpn.si\/it\/?s={search_term_string}"},"query-input":"required name=search_term_string"}],"inLanguage":"it-IT"}]}},"_links":{"self":[{"href":"https:\/\/www.lpn.si\/it\/wp-json\/wp\/v2\/pages\/99"}],"collection":[{"href":"https:\/\/www.lpn.si\/it\/wp-json\/wp\/v2\/pages"}],"about":[{"href":"https:\/\/www.lpn.si\/it\/wp-json\/wp\/v2\/types\/page"}],"author":[{"embeddable":true,"href":"https:\/\/www.lpn.si\/it\/wp-json\/wp\/v2\/users\/3"}],"replies":[{"embeddable":true,"href":"https:\/\/www.lpn.si\/it\/wp-json\/wp\/v2\/comments?post=99"}],"version-history":[{"count":17,"href":"https:\/\/www.lpn.si\/it\/wp-json\/wp\/v2\/pages\/99\/revisions"}],"predecessor-version":[{"id":13961,"href":"https:\/\/www.lpn.si\/it\/wp-json\/wp\/v2\/pages\/99\/revisions\/13961"}],"up":[{"embeddable":true,"href":"https:\/\/www.lpn.si\/it\/wp-json\/wp\/v2\/pages\/85"}],"wp:featuredmedia":[{"embeddable":true,"href":"https:\/\/www.lpn.si\/it\/wp-json\/wp\/v2\/media\/13856"}],"wp:attachment":[{"href":"https:\/\/www.lpn.si\/it\/wp-json\/wp\/v2\/media?parent=99"}],"curies":[{"name":"wp","href":"https:\/\/api.w.org\/{rel}","templated":true}]}}