{"id":98,"date":"2016-06-23T10:14:37","date_gmt":"2016-06-23T10:14:37","guid":{"rendered":"https:\/\/www.lpn.si\/?page_id=98"},"modified":"2025-05-30T11:42:26","modified_gmt":"2025-05-30T11:42:26","slug":"srnjak","status":"publish","type":"page","link":"https:\/\/www.lpn.si\/it\/vrste-lovne-divjadi\/srnjak\/","title":{"rendered":"Capriolo"},"content":{"rendered":"<p>Capriolo \u00e8 presente in tutte le Zone di caccia statali in organizzazione dell&#8217;Ente forestale sloveno. Appartiene al gruppo di ungulati. In Slovenia, si \u00e8 adattato ai pendii ripidi della ZCS Prodi Razor, alla vicinanza della capitale nella ZCS Ljubljanski vrh, alla natura incontaminata delle ZCS Jelen, ZCS Kozorog Kamnik, ZCS Ko\u010devje e ZCS Pohorje, alla pianura pannonica con ondulati colline nelle ZCS Fazan Beltinci e ZCS Kompas Peskovci, e pu\u00f2 anche essere cacciato in tutte queste regioni.<\/p>\n<h1><strong>Calendario venatorio<\/strong><\/h1>\n<table>\n<tbody>\n<tr>\n<td><\/td>\n<td>jan<\/td>\n<td>feb<\/td>\n<td>mar<\/td>\n<td>apr<\/td>\n<td>mag<\/td>\n<td>giu<\/td>\n<td>lug<\/td>\n<td>ago<\/td>\n<td>sett<\/td>\n<td>ott<\/td>\n<td>nov<\/td>\n<td>dic<\/td>\n<\/tr>\n<tr>\n<td>maschio<\/td>\n<td><\/td>\n<td><\/td>\n<td><\/td>\n<td><\/td>\n<td style=\"background-color: #00843d;\"><\/td>\n<td style=\"background-color: #00843d;\"><\/td>\n<td style=\"background-color: #00843d;\"><\/td>\n<td style=\"background-color: #00843d;\"><\/td>\n<td style=\"background-color: #00843d;\"><\/td>\n<td style=\"background-color: #00843d;\"><\/td>\n<td><\/td>\n<td><\/td>\n<\/tr>\n<tr>\n<td>femmina<\/td>\n<td><\/td>\n<td><\/td>\n<td><\/td>\n<td><\/td>\n<td><\/td>\n<td><\/td>\n<td><\/td>\n<td><\/td>\n<td style=\"background-color: #00843d;\"><\/td>\n<td style=\"background-color: #00843d;\"><\/td>\n<td style=\"background-color: #00843d;\"><\/td>\n<td style=\"background-color: #00843d;\"><\/td>\n<\/tr>\n<tr>\n<td>cucciolo<\/td>\n<td><\/td>\n<td><\/td>\n<td><\/td>\n<td><\/td>\n<td style=\"background-color: #00843d;\"><\/td>\n<td style=\"background-color: #00843d;\"><\/td>\n<td style=\"background-color: #00843d;\"><\/td>\n<td style=\"background-color: #00843d;\"><\/td>\n<td style=\"background-color: #00843d;\"><\/td>\n<td style=\"background-color: #00843d;\"><\/td>\n<td style=\"background-color: #00843d;\"><\/td>\n<td style=\"background-color: #00843d;\"><\/td>\n<\/tr>\n<\/tbody>\n<\/table>\n<p>L&#8217;inizio e la fine della stagione venatoria sono determinati dalle caratteristiche climatiche e lo sviluppo di palchi in questa specie, in cui l&#8217;inizio della stagione di caccia \u00e8 definita dalla fine della crescita dei palchi, che in caso di caprioli \u00e8 di solito completato entro la fine di aprile, mentre la fine della stagione di caccia si trova nel tempo quando i primi caprioli anziani cominciano a perdere i loro palchi.<\/p>\n<p>Inizio della caccia alle femmine e giovani si comincia a settembre, quando gli esemplari giovani sono gi\u00e0 sufficientemente sviluppati, e termina alla fine di dicembre, quindi il disturbo durante l&#8217;inverno, quando le condizioni per la sopravvivenza sono i pi\u00f9 difficili, \u00e8 ridotto al minimo.<\/p>\n<h1><strong>Aree in Slovenia<\/strong><\/h1>\n<p>Il capriolo \u00e8 presente in tutte le Zone di caccia statali in Slovenia.<\/p>\n<p>Nella ZCS Prodi Razor il capriolo \u00e8 presente nei burroni scoscesi e profondi del Carso media montagna e su un vero e proprio polje carsico.<\/p>\n<p><a href=\"https:\/\/www.lpn.si\/wp-content\/uploads\/2016\/06\/1_Planinke-v-LPN-Kozorog-Kamnik-e1469000673421.jpg\"><img decoding=\"async\" loading=\"lazy\" class=\"wp-image-332 size-thumbnail\" title=\"Planike na gorskem travniku v LPN Kozorog Kamnik\" src=\"https:\/\/www.lpn.si\/wp-content\/uploads\/2016\/06\/1_Planinke-v-LPN-Kozorog-Kamnik-250x200.jpg\" alt=\"1_Planinke v LPN Kozorog Kamnik\" width=\"250\" height=\"200\" \/><\/a><\/p>\n<p>Edelweiss nella ZCS Kozorog Kamnik<\/p>\n<p>Nella ZCS Kozorog Kamnik il capriolo \u00e8 presente nella zona subalpina, nella natura incontaminata che offre il canto degli uccelli, il mormorio dei torrenti e la fragranza di tentazione dei fiori di montagna.<\/p>\n<p>Nella ZCS Ljubljanski vrh caprioli si trovano nelle immediate vicinanze della citt\u00e0 capitale della Slovenia. Capriolo risiede principalmente nella parte alta quota dei terreni di caccia, nella regione montagnosa e carsica. Nel tardo autunno, al momento della maturazione delle colture, si muove verso la parte inferiore dei terreni di caccia. In questo momento, si pu\u00f2 cacciare caprioli con trofei di caccia molto grandi a 200 m sul livello del mare.<\/p>\n<p>Nella ZCS Jelen il capriolo si trova insieme a tutte e tre le specie di grandi predatori, lupi, linci e orsi bruni.<\/p>\n<p>ZCS Ko\u010devje fa una parte delle Alpi Dinariche ed \u00e8 molto interessante per quanto riguarda i caprioli perch\u00e9 gli interventi umani erano minime, come l&#8217;area \u00e8 stata chiusa al pubblico per lungo tempo, e grazie alla vegetazione che rappresenta una estremamente alta fonte di qualit\u00e0 di cibo per caprioli.<\/p>\n<p><a href=\"https:\/\/www.lpn.si\/wp-content\/uploads\/2016\/06\/3_26_LPN-Pohorje-je-bogato-v-vodnimi-viri-kar-skupaj-z-ohranjeno-naravo-dobro-vpliva-na-razvoj-populacije-gamsa-jelena-kozoroga.jpg\"><img decoding=\"async\" loading=\"lazy\" class=\"wp-image-354 size-thumbnail\" src=\"https:\/\/www.lpn.si\/wp-content\/uploads\/2016\/06\/3_26_LPN-Pohorje-je-bogato-v-vodnimi-viri-kar-skupaj-z-ohranjeno-naravo-dobro-vpliva-na-razvoj-populacije-gamsa-jelena-kozoroga-250x200.jpg\" alt=\"3_26_LPN Pohorje je bogato v vodnimi viri, kar skupaj z ohranjeno naravo dobro vpliva na razvoj populacije gamsa, jelena, kozoroga\" width=\"250\" height=\"200\" \/><\/a><\/p>\n<p>ZCS Pohorje \u00e8 ricca di risorse idriche, che insieme con la natura ben conservata esercita un buon influsso sullo sviluppo delle popolazioni di fauna selvatica<\/p>\n<p>Nella ZCS Pohorje, capriolo vive sugli altopiani del Pohorje dove ci sono numerose sorgenti di acqua potabile.<\/p>\n<p>Nella ZCS Fazan Peskovci capriolo \u00e8 generalmente presente, mentre le pianure coltivate consentono lo sviluppo di grandi trofei di caccia di caprioli.<\/p>\n<p>Nella ZCS Kompas Peskovci il capriolo si \u00e8 adatto alla vita sulle colline ondulate nella pianura pannonica, che offrono anche il sufficiente cibo di alta qualit\u00e0, compreso lo sviluppo dei caprili con trofei di caccia grandi.<\/p>\n<h1><strong>Caratteristiche della specie<\/strong><\/h1>\n<p>Il capriolo \u00e8 la specie di selvaggina che \u00e8 generalmente presente in tutta l&#8217;Europa. Le ragioni principali per l&#8217;espansione della specie \u00e8 la sua adattabilit\u00e0 ad una vasta gamma di condizioni climatiche e vegetazione, cos\u00ec come il livello relativamente elevato di adattabilit\u00e0 alle attivit\u00e0 umane, il diboscamento delle foreste, inclusa la riduzione del numero dei grandi predatori.<\/p>\n<p>La caratteristica principale di capriolo \u00e8 il fenomeno detto ovoimplantazione differita, come la gestazione dura circa 9 mesi e mezzo; infatti l&#8217;ovulo, una volta fecondato, si impianta nell&#8217;utero materno, ma rimane quiescente fino a dicembre, quando riprende a svilupparsi. Questo fenomeno \u00e8 il risultato degli adeguamenti della femmina che permettono di scegliere il momento adatto per la nascita di sua prole quando le condizioni metabolici e\/o le ambientali sono pi\u00f9 favorevoli, nel periodo del cibo di pi\u00f9 alta qualit\u00e0.<\/p>\n<p><a href=\"https:\/\/www.lpn.si\/wp-content\/uploads\/2016\/06\/Slike_005.jpg\"><img decoding=\"async\" loading=\"lazy\" class=\"wp-image-357 size-thumbnail\" src=\"https:\/\/www.lpn.si\/wp-content\/uploads\/2016\/06\/Slike_005-250x200.jpg\" alt=\"Srnjad v LPN Fazan Beltinci\" width=\"250\" height=\"200\" \/><\/a><\/p>\n<p>Capriolo nella ZCS Fazan Beltinci<\/p>\n<p>I palchi di regola non hanno pi\u00f9 di sei punte, in particolare negli ultimi tempi quando in pascoli e altri terreni agricoli ci sono sempre pi\u00f9 recinzioni e reti eretti, quindi, c&#8217;\u00e8 anche un crescente numero di caprioli con palchi atipici, soprattutto a causa dei difetti meccanici di palchi che si verificano durante il tempo della loro crescita.<\/p>\n<p>I caprioli utilizzano un suono cupo e ritmato molto simile all&#8217;abbaiare roco di un cane, tecnicamente definito scrocchio.<\/p>\n<h1><strong>Caratteristiche di caccia in Slovenia <\/strong><\/h1>\n<p>Particolarit\u00e0 della caccia al capriolo \u00e8 la caccia con il fiep ovvero con il richiamo della femmina sottile (cio\u00e8 nata l\u2019anno precedente) oppure con il kitz che simula il richiamo di paura del piccolo facendo accorrere la femmina e, dato che ci troviamo nel pieno del periodo riproduttivo, al suo seguito ci sar\u00e0 il maschio. Il periodo pi\u00f9 adatto per il richiamo \u00e8 durante gli ultimi giorni di luglio e la prima met\u00e0 di agosto, dal momento che dalla maggior parte le femmine gi\u00e0 erano state impregnate.<\/p>\n<h1><strong>Trofei di caccia<\/strong><\/h1>\n<p>I trofei di caccia di cervo sono il risultato di una gestione ragionevole delle popolazioni di cervo. Di solito, la caccia al cervo si svolge sotto forma della caccia di attesa o della caccia di appostamento.<\/p>\n<p>I caprioli con i pi\u00f9 grandi trofei si trovano principalmente nelle pianure delle nostre ZCS (nelle ZCS Ljubljanski vrh, ZCS Fazan Beltinci e ZCS Kompas Peskovci), anche se tali caprioli appaiono anche sulla linea superiore della vegetazione arborea. Questo \u00e8 il motivo per cui \u00e8, naturalmente, anche possibile sperimentare grande caccia in altre ZCS, mentre allo stesso tempo godere nella straordinaria esperienza della natura, tra cui un soggiorno nei territori di caccia. I cacciatori possono scegliere tra una grande variet\u00e0 di paesaggi, dalle regioni alpini, dinarici e pannonici, e fino alle montagne.<\/p>","protected":false},"excerpt":{"rendered":"Capriolo \u00e8 presente in tutte le Zone di caccia statali in organizzazione dell&#8217;Ente forestale sloveno. Appartiene al gruppo di ungulati. In Slovenia, si \u00e8 adattato ai pendii ripidi della ZCS Prodi Razor, alla vicinanza della capitale nella ZCS Ljubljanski vrh, alla natura incontaminata delle ZCS Jelen, ZCS Kozorog Kamnik, ZCS Ko\u010devje e ZCS Pohorje, alla [&hellip;]","protected":false},"author":3,"featured_media":13857,"parent":85,"menu_order":2,"comment_status":"closed","ping_status":"closed","template":"page-divjad.php","meta":[],"acf":[],"yoast_head":"<!-- This site is optimized with the Yoast SEO plugin v20.12 - https:\/\/yoast.com\/wordpress\/plugins\/seo\/ -->\n<title>Srnjak divjad - LPN - Lovi\u0161\u010da s posebnim namenom<\/title>\n<meta name=\"description\" content=\"Srnjak je prisoten v vseh Lovi\u0161\u010dih s posebnim namenom znotraj Zavoda za gozdove Slovenije. Spada med parkljasto divjad. V Sloveniji se je prilagodil tako na\" \/>\n<meta name=\"robots\" content=\"index, follow, max-snippet:-1, max-image-preview:large, max-video-preview:-1\" \/>\n<link rel=\"canonical\" href=\"https:\/\/www.lpn.si\/vrste-lovne-divjadi\/srnjak\/\" \/>\n<meta property=\"og:locale\" content=\"it_IT\" \/>\n<meta property=\"og:type\" content=\"article\" \/>\n<meta property=\"og:title\" content=\"[:sl]Srnjak divjad - LPN - Lovi\u0161\u010da s posebnim namenom[:]\" \/>\n<meta property=\"og:description\" content=\"{:sl}Srnjak je prisoten v vseh Lovi\u0161\u010dih s posebnim namenom znotraj Zavoda za gozdove Slovenije. Spada med parkljasto divjad. V Sloveniji se je prilagodil tako na{:}\" \/>\n<meta property=\"og:url\" content=\"https:\/\/www.lpn.si\/vrste-lovne-divjadi\/srnjak\/\" \/>\n<meta property=\"og:site_name\" content=\"LPN\" \/>\n<meta property=\"article:modified_time\" content=\"2025-05-30T11:42:26+00:00\" \/>\n<meta property=\"og:image\" content=\"https:\/\/www.lpn.si\/wp-content\/uploads\/2025\/03\/Untitled-1_0001_srnjad_zzg_01.jpg\" \/>\n\t<meta property=\"og:image:width\" content=\"1920\" \/>\n\t<meta property=\"og:image:height\" content=\"380\" \/>\n\t<meta property=\"og:image:type\" content=\"image\/jpeg\" \/>\n<meta name=\"twitter:card\" content=\"summary_large_image\" \/>\n<meta name=\"twitter:label1\" content=\"Tempo di lettura stimato\" \/>\n\t<meta name=\"twitter:data1\" content=\"7 minuti\" \/>\n<script type=\"application\/ld+json\" class=\"yoast-schema-graph\">{\"@context\":\"https:\/\/schema.org\",\"@graph\":[{\"@type\":\"WebPage\",\"@id\":\"https:\/\/www.lpn.si\/vrste-lovne-divjadi\/srnjak\/\",\"url\":\"https:\/\/www.lpn.si\/vrste-lovne-divjadi\/srnjak\/\",\"name\":\"[:sl]Srnjak divjad - LPN - Lovi\u0161\u010da s posebnim namenom[:]\",\"isPartOf\":{\"@id\":\"https:\/\/www.lpn.si\/it\/#website\"},\"datePublished\":\"2016-06-23T10:14:37+00:00\",\"dateModified\":\"2025-05-30T11:42:26+00:00\",\"description\":\"{:sl}Srnjak je prisoten v vseh Lovi\u0161\u010dih s posebnim namenom znotraj Zavoda za gozdove Slovenije. Spada med parkljasto divjad. V Sloveniji se je prilagodil tako na{:}\",\"breadcrumb\":{\"@id\":\"https:\/\/www.lpn.si\/vrste-lovne-divjadi\/srnjak\/#breadcrumb\"},\"inLanguage\":\"it-IT\",\"potentialAction\":[{\"@type\":\"ReadAction\",\"target\":[\"https:\/\/www.lpn.si\/vrste-lovne-divjadi\/srnjak\/\"]}]},{\"@type\":\"BreadcrumbList\",\"@id\":\"https:\/\/www.lpn.si\/vrste-lovne-divjadi\/srnjak\/#breadcrumb\",\"itemListElement\":[{\"@type\":\"ListItem\",\"position\":1,\"name\":\"Home\",\"item\":\"https:\/\/www.lpn.si\/\"},{\"@type\":\"ListItem\",\"position\":2,\"name\":\"Vrste lovne divjadi\",\"item\":\"https:\/\/www.lpn.si\/vrste-lovne-divjadi\/\"},{\"@type\":\"ListItem\",\"position\":3,\"name\":\"Srnjak\"}]},{\"@type\":\"WebSite\",\"@id\":\"https:\/\/www.lpn.si\/it\/#website\",\"url\":\"https:\/\/www.lpn.si\/it\/\",\"name\":\"LPN\",\"description\":\"ZAVOD za GOZDOVE SLOVENIJE\",\"potentialAction\":[{\"@type\":\"SearchAction\",\"target\":{\"@type\":\"EntryPoint\",\"urlTemplate\":\"https:\/\/www.lpn.si\/it\/?s={search_term_string}\"},\"query-input\":\"required name=search_term_string\"}],\"inLanguage\":\"it-IT\"}]}<\/script>\n<!-- \/ Yoast SEO plugin. -->","yoast_head_json":{"title":"Srnjak divjad - LPN - Lovi\u0161\u010da s posebnim namenom","description":"Srnjak je prisoten v vseh Lovi\u0161\u010dih s posebnim namenom znotraj Zavoda za gozdove Slovenije. Spada med parkljasto divjad. V Sloveniji se je prilagodil tako na","robots":{"index":"index","follow":"follow","max-snippet":"max-snippet:-1","max-image-preview":"max-image-preview:large","max-video-preview":"max-video-preview:-1"},"canonical":"https:\/\/www.lpn.si\/vrste-lovne-divjadi\/srnjak\/","og_locale":"it_IT","og_type":"article","og_title":"[:sl]Srnjak divjad - LPN - Lovi\u0161\u010da s posebnim namenom[:]","og_description":"{:sl}Srnjak je prisoten v vseh Lovi\u0161\u010dih s posebnim namenom znotraj Zavoda za gozdove Slovenije. Spada med parkljasto divjad. V Sloveniji se je prilagodil tako na{:}","og_url":"https:\/\/www.lpn.si\/vrste-lovne-divjadi\/srnjak\/","og_site_name":"LPN","article_modified_time":"2025-05-30T11:42:26+00:00","og_image":[{"width":1920,"height":380,"url":"https:\/\/www.lpn.si\/wp-content\/uploads\/2025\/03\/Untitled-1_0001_srnjad_zzg_01.jpg","type":"image\/jpeg"}],"twitter_card":"summary_large_image","twitter_misc":{"Tempo di lettura stimato":"7 minuti"},"schema":{"@context":"https:\/\/schema.org","@graph":[{"@type":"WebPage","@id":"https:\/\/www.lpn.si\/vrste-lovne-divjadi\/srnjak\/","url":"https:\/\/www.lpn.si\/vrste-lovne-divjadi\/srnjak\/","name":"[:sl]Srnjak divjad - LPN - Lovi\u0161\u010da s posebnim namenom[:]","isPartOf":{"@id":"https:\/\/www.lpn.si\/it\/#website"},"datePublished":"2016-06-23T10:14:37+00:00","dateModified":"2025-05-30T11:42:26+00:00","description":"{:sl}Srnjak je prisoten v vseh Lovi\u0161\u010dih s posebnim namenom znotraj Zavoda za gozdove Slovenije. Spada med parkljasto divjad. V Sloveniji se je prilagodil tako na{:}","breadcrumb":{"@id":"https:\/\/www.lpn.si\/vrste-lovne-divjadi\/srnjak\/#breadcrumb"},"inLanguage":"it-IT","potentialAction":[{"@type":"ReadAction","target":["https:\/\/www.lpn.si\/vrste-lovne-divjadi\/srnjak\/"]}]},{"@type":"BreadcrumbList","@id":"https:\/\/www.lpn.si\/vrste-lovne-divjadi\/srnjak\/#breadcrumb","itemListElement":[{"@type":"ListItem","position":1,"name":"Home","item":"https:\/\/www.lpn.si\/"},{"@type":"ListItem","position":2,"name":"Vrste lovne divjadi","item":"https:\/\/www.lpn.si\/vrste-lovne-divjadi\/"},{"@type":"ListItem","position":3,"name":"Srnjak"}]},{"@type":"WebSite","@id":"https:\/\/www.lpn.si\/it\/#website","url":"https:\/\/www.lpn.si\/it\/","name":"LPN","description":"ZAVOD za GOZDOVE SLOVENIJE","potentialAction":[{"@type":"SearchAction","target":{"@type":"EntryPoint","urlTemplate":"https:\/\/www.lpn.si\/it\/?s={search_term_string}"},"query-input":"required name=search_term_string"}],"inLanguage":"it-IT"}]}},"_links":{"self":[{"href":"https:\/\/www.lpn.si\/it\/wp-json\/wp\/v2\/pages\/98"}],"collection":[{"href":"https:\/\/www.lpn.si\/it\/wp-json\/wp\/v2\/pages"}],"about":[{"href":"https:\/\/www.lpn.si\/it\/wp-json\/wp\/v2\/types\/page"}],"author":[{"embeddable":true,"href":"https:\/\/www.lpn.si\/it\/wp-json\/wp\/v2\/users\/3"}],"replies":[{"embeddable":true,"href":"https:\/\/www.lpn.si\/it\/wp-json\/wp\/v2\/comments?post=98"}],"version-history":[{"count":39,"href":"https:\/\/www.lpn.si\/it\/wp-json\/wp\/v2\/pages\/98\/revisions"}],"predecessor-version":[{"id":13962,"href":"https:\/\/www.lpn.si\/it\/wp-json\/wp\/v2\/pages\/98\/revisions\/13962"}],"up":[{"embeddable":true,"href":"https:\/\/www.lpn.si\/it\/wp-json\/wp\/v2\/pages\/85"}],"wp:featuredmedia":[{"embeddable":true,"href":"https:\/\/www.lpn.si\/it\/wp-json\/wp\/v2\/media\/13857"}],"wp:attachment":[{"href":"https:\/\/www.lpn.si\/it\/wp-json\/wp\/v2\/media?parent=98"}],"curies":[{"name":"wp","href":"https:\/\/api.w.org\/{rel}","templated":true}]}}