{"id":96,"date":"2016-06-23T10:14:35","date_gmt":"2016-06-23T10:14:35","guid":{"rendered":"https:\/\/www.lpn.si\/?page_id=96"},"modified":"2025-05-30T11:43:19","modified_gmt":"2025-05-30T11:43:19","slug":"damjak","status":"publish","type":"page","link":"https:\/\/www.lpn.si\/it\/vrste-lovne-divjadi\/damjak\/","title":{"rendered":"Daino"},"content":{"rendered":"<p>Daino non \u00e8 una specie nativa di selvaggina in Slovenia e in Europa. \u00c8 stato introdotto in Europa dai Romani. L&#8217;insediamento in Slovenia era iniziato dopo la seconda guerra mondiale quando sono stati portati da Brioni e rilasciati in natura e le riserve di caccia.<\/p>\n<p>Oggi \u00e8 presente in natura nella ZCS Kompas Peskovci e, occasionalmente, anche nella ZCS Pohorje. La caccia al daino \u00e8 possibile anche all&#8217;interno della ZCS Ko\u010devsko.<\/p>\n<h1><strong>Calendario venatorio<\/strong><\/h1>\n<table>\n<tbody>\n<tr>\n<td style=\"width: 105px;\"><\/td>\n<td style=\"width: 23px;\">gen<\/td>\n<td style=\"width: 22px;\">feb<\/td>\n<td style=\"width: 29px;\">mar<\/td>\n<td style=\"width: 24px;\">apr<\/td>\n<td style=\"width: 27px;\">magg<\/td>\n<td style=\"width: 24px;\">giu<\/td>\n<td style=\"width: 19px;\">lug<\/td>\n<td style=\"width: 34px;\">ago<\/td>\n<td style=\"width: 24px;\">sett<\/td>\n<td style=\"width: 23px;\">ott<\/td>\n<td style=\"width: 27px;\">nov<\/td>\n<td style=\"width: 25px;\">dic<\/td>\n<\/tr>\n<tr>\n<td style=\"width: 105px;\">maschio<\/td>\n<td style=\"width: 23px;\"><\/td>\n<td style=\"width: 22px;\"><\/td>\n<td style=\"width: 29px;\"><\/td>\n<td style=\"width: 24px;\"><\/td>\n<td style=\"width: 27px;\"><\/td>\n<td style=\"width: 24px;\"><\/td>\n<td style=\"width: 19px;\"><\/td>\n<td style=\"background-color: #00843d; width: 34px;\"><span style=\"color: #ffffff;\">\u00a016.8<\/span><\/td>\n<td style=\"background-color: #00843d; width: 24px;\"><\/td>\n<td style=\"background-color: #00843d; width: 23px;\"><\/td>\n<td style=\"background-color: #00843d; width: 27px;\"><\/td>\n<td style=\"background-color: #00843d; width: 25px;\"><\/td>\n<\/tr>\n<tr>\n<td style=\"width: 105px;\">femmina<\/td>\n<td style=\"width: 23px;\"><\/td>\n<td style=\"width: 22px;\"><\/td>\n<td style=\"width: 29px;\"><\/td>\n<td style=\"width: 24px;\"><\/td>\n<td style=\"width: 27px;\"><\/td>\n<td style=\"width: 24px;\"><\/td>\n<td style=\"width: 19px;\"><\/td>\n<td style=\"width: 34px;\"><\/td>\n<td style=\"background-color: #00843d; width: 24px;\"><\/td>\n<td style=\"background-color: #00843d; width: 24px;\"><\/td>\n<td style=\"background-color: #00843d; width: 24px;\"><\/td>\n<td style=\"background-color: #00843d; width: 24px;\"><\/td>\n<\/tr>\n<tr>\n<td style=\"width: 105px;\">cucciolo<\/td>\n<td style=\"width: 23px;\"><\/td>\n<td style=\"width: 22px;\"><\/td>\n<td style=\"width: 29px;\"><\/td>\n<td style=\"width: 24px;\"><\/td>\n<td style=\"width: 27px;\"><\/td>\n<td style=\"width: 24px;\"><\/td>\n<td style=\"width: 19px;\"><\/td>\n<td style=\"width: 34px;\"><\/td>\n<td style=\"background-color: #00843d; width: 24px;\"><\/td>\n<td style=\"background-color: #00843d; width: 24px;\"><\/td>\n<td style=\"background-color: #00843d; width: 24px;\"><\/td>\n<td style=\"background-color: #00843d; width: 24px;\"><\/td>\n<\/tr>\n<tr>\n<td style=\"width: 105px;\">\u00a0daini giovani<\/td>\n<td style=\"background-color: #00843d; width: 23px;\"><\/td>\n<td style=\"width: 22px;\"><\/td>\n<td style=\"width: 29px;\"><\/td>\n<td style=\"width: 24px;\"><\/td>\n<td style=\"width: 27px;\"><\/td>\n<td style=\"width: 24px;\"><\/td>\n<td style=\"background-color: #00843d; width: 19px;\"><\/td>\n<td style=\"background-color: #00843d; width: 19px;\"><\/td>\n<td style=\"background-color: #00843d; width: 19px;\"><\/td>\n<td style=\"background-color: #00843d; width: 19px;\"><\/td>\n<td style=\"background-color: #00843d; width: 19px;\"><\/td>\n<td style=\"background-color: #00843d; width: 19px;\"><\/td>\n<\/tr>\n<\/tbody>\n<\/table>\n<p>In Slovenia, daini vengono anche tenuto in riserve di caccia per i trofei di caccia e carne.<\/p>\n<h1><strong>Aree in Slovenia<\/strong><\/h1>\n<p>Daino \u00e8 presente in natura nella ZCS Kompas Peskovci e, occasionalmente, nella ZCS Pohorje.<\/p>\n<p><a href=\"https:\/\/www.lpn.si\/wp-content\/uploads\/2016\/06\/8_12_Neokrnjena-narava-LPN-na-Ko\u010devskem.jpg\"><img decoding=\"async\" loading=\"lazy\" class=\"wp-image-370 size-thumbnail\" src=\"https:\/\/www.lpn.si\/wp-content\/uploads\/2016\/06\/8_12_Neokrnjena-narava-LPN-na-Ko\u010devskem-250x200.jpg\" alt=\"8_12_Neokrnjena narava LPN na Ko\u010devskem\" width=\"250\" height=\"200\" \/><\/a><\/p>\n<p>La natura incontaminata in ZCS Ko\u010devsko<\/p>\n<p>Nella ZCS Kompas Peskovci, daino \u00e8 presente nella pianura pannonica con le colline ondulati.<\/p>\n<p><a href=\"https:\/\/www.lpn.si\/wp-content\/uploads\/2016\/06\/13_Goratost-v-LPN-Pohorje-e1469007165399.jpg\"><img decoding=\"async\" loading=\"lazy\" class=\"wp-image-377 size-thumbnail\" src=\"https:\/\/www.lpn.si\/wp-content\/uploads\/2016\/06\/13_Goratost-v-LPN-Pohorje-250x200.jpg\" alt=\"13_Goratost v LPN Pohorje\" width=\"250\" height=\"200\" \/><\/a><\/p>\n<p>Catena montuosa nella ZCS Pohorje<\/p>\n<p>Nella ZCS Pohorje, daino si muove in montagne ricche di sorgenti d&#8217;acqua, e in prossimit\u00e0 di piccoli laghi.<\/p>\n<h1><strong>Caratteristiche della specie<\/strong><\/h1>\n<p>Daino \u00e8 stato introdotto pi\u00f9 volte nel passato, perch\u00e9 si tratta di una specie molto adattabile di selvaggina che \u00e8 molto resistente ai parassiti e alle malattie; si pu\u00f2 allevare relativamente facile in cattivit\u00e0. In origine, daini vivono nei tropici e sono attivi principalmente durante il giorno, quando le altre specie sono per lo pi\u00f9 dormienti. La presenza di specie non autoctone, come daini, in una certa misura influisce sulle condizioni di vita delle specie indigene.<\/p>\n<p>Daino \u00e8 fisicamente pi\u00f9 piccolo e pesa circa la met\u00e0 del peso di un cervo.<\/p>\n<p>\u00c8 consentito nutrire daini durante l&#8217;inverno. Allo stesso tempo, \u00e8 necessario prendere tutte le misure per migliorare l&#8217;approvvigionamento di cibo in natura, per esempio la manutenzione dei bordi della foresta, pascoli (prati forestali), arbusti e altro.<\/p>\n<p>Daino \u00e8 anche caratterizzato da numerose varianti di colore del mantello, che vanno dal bianco puro al quasi nero, ma il pi\u00f9 comune \u00e8 il colore marrone chiaro.<\/p>\n<h1><strong>Caratteristiche di caccia in Slovenia<\/strong><\/h1>\n<p>Nelle Zone di caccia statali, daini possono essere cacciato nella natura o nelle riserve di caccia.<\/p>\n<p><a href=\"https:\/\/www.lpn.si\/wp-content\/uploads\/2016\/06\/14_Umirjena-in-neokrnjena-narava-v-LPN-Pohorje-e1469007280474.jpg\"><img decoding=\"async\" loading=\"lazy\" class=\"wp-image-378 size-thumbnail\" src=\"https:\/\/www.lpn.si\/wp-content\/uploads\/2016\/06\/14_Umirjena-in-neokrnjena-narava-v-LPN-Pohorje-250x200.jpg\" alt=\"14_Umirjena in neokrnjena narava v LPN Pohorje\" width=\"250\" height=\"200\" \/><\/a><\/p>\n<p>La natura calma e incontaminata nella ZCS Pohorje<\/p>\n<p>In natura, caccia al daino si svolge sulle colline ondulati della pianura pannonica e sugli altopiani di Pohorje. Natura in tutti questi settori \u00e8 molto ben tenuta, ed \u00e8 anche protetta da Natura 2000. C&#8217;\u00e8 la possibilit\u00e0 di alloggio in case di caccia, nel cuore dei terreni di caccia, consentendo i cacciatori di imparare non solo di daino, ma anche del suo habitat.<\/p>\n<p>Il periodo degli amori \u00e8 un po meno magnifico rispetto a quello del cervo, perch\u00e9 il bramito dei maschi assomiglia al gorgoglio.<\/p>\n<p>Al momento di decidere su una zona di caccia i cacciatori al daino possono scegliere tra una grande variet\u00e0 di paesaggi, dal Carso, Alpi Dinariche e pianura pannonica, ai monti, ciascuno con la propria specificit\u00e0 che richiede diversa forma fisica dei cacciatori.<\/p>\n<h1><strong>Trofei di caccia<\/strong><\/h1>\n<p>Palchi di un daino spuntano a partire dal secondo anno di vita. Come regola generale, i palchi diventano sempre pi\u00f9 lungi e pi\u00f9 pesanti col tempo e, soprattutto, si sviluppa la forma a pala. Nel loro secondo anno di vita, la forma di una pala non \u00e8 ancora sviluppata, tuttavia, \u00e8 desiderabile che i palchi siano il pi\u00f9 lungi e il pi\u00f9 ampi possibile, con il maggior numero possibile di punte.<\/p>\n<p>I trofei di caccia del daino sono il risultato della buona gestione delle popolazioni di daini, tuttavia, considerando dimensioni dei trofei i nostri daini non possono essere paragonati con alcune altre popolazioni.<\/p>\n<p>&nbsp;<\/p>","protected":false},"excerpt":{"rendered":"Daino non \u00e8 una specie nativa di selvaggina in Slovenia e in Europa. \u00c8 stato introdotto in Europa dai Romani. L&#8217;insediamento in Slovenia era iniziato dopo la seconda guerra mondiale quando sono stati portati da Brioni e rilasciati in natura e le riserve di caccia. Oggi \u00e8 presente in natura nella ZCS Kompas Peskovci e, [&hellip;]","protected":false},"author":3,"featured_media":13861,"parent":85,"menu_order":6,"comment_status":"closed","ping_status":"closed","template":"page-divjad.php","meta":[],"acf":[],"yoast_head":"<!-- This site is optimized with the Yoast SEO plugin v20.12 - https:\/\/yoast.com\/wordpress\/plugins\/seo\/ -->\n<title>Daino - LPN<\/title>\n<meta name=\"robots\" content=\"index, follow, max-snippet:-1, max-image-preview:large, max-video-preview:-1\" \/>\n<link rel=\"canonical\" href=\"https:\/\/www.lpn.si\/vrste-lovne-divjadi\/damjak\/\" \/>\n<meta property=\"og:locale\" content=\"it_IT\" \/>\n<meta property=\"og:type\" content=\"article\" \/>\n<meta property=\"og:title\" content=\"Daino - LPN\" \/>\n<meta property=\"og:description\" content=\"Daino non \u00e8 una specie nativa di selvaggina in Slovenia e in Europa. \u00c8 stato introdotto in Europa dai Romani. L&#8217;insediamento in Slovenia era iniziato dopo la seconda guerra mondiale quando sono stati portati da Brioni e rilasciati in natura e le riserve di caccia. Oggi \u00e8 presente in natura nella ZCS Kompas Peskovci e, [&hellip;]\" \/>\n<meta property=\"og:url\" content=\"https:\/\/www.lpn.si\/vrste-lovne-divjadi\/damjak\/\" \/>\n<meta property=\"og:site_name\" content=\"LPN\" \/>\n<meta property=\"article:modified_time\" content=\"2025-05-30T11:43:19+00:00\" \/>\n<meta property=\"og:image\" content=\"https:\/\/www.lpn.si\/wp-content\/uploads\/2025\/03\/Untitled-1_0026_damjak_zzg.jpg\" \/>\n\t<meta property=\"og:image:width\" content=\"1920\" \/>\n\t<meta property=\"og:image:height\" content=\"380\" \/>\n\t<meta property=\"og:image:type\" content=\"image\/jpeg\" \/>\n<meta name=\"twitter:card\" content=\"summary_large_image\" \/>\n<meta name=\"twitter:label1\" content=\"Tempo di lettura stimato\" \/>\n\t<meta name=\"twitter:data1\" content=\"4 minuti\" \/>\n<script type=\"application\/ld+json\" class=\"yoast-schema-graph\">{\"@context\":\"https:\/\/schema.org\",\"@graph\":[{\"@type\":\"WebPage\",\"@id\":\"https:\/\/www.lpn.si\/vrste-lovne-divjadi\/damjak\/\",\"url\":\"https:\/\/www.lpn.si\/vrste-lovne-divjadi\/damjak\/\",\"name\":\"Daino - LPN\",\"isPartOf\":{\"@id\":\"https:\/\/www.lpn.si\/it\/#website\"},\"datePublished\":\"2016-06-23T10:14:35+00:00\",\"dateModified\":\"2025-05-30T11:43:19+00:00\",\"breadcrumb\":{\"@id\":\"https:\/\/www.lpn.si\/vrste-lovne-divjadi\/damjak\/#breadcrumb\"},\"inLanguage\":\"it-IT\",\"potentialAction\":[{\"@type\":\"ReadAction\",\"target\":[\"https:\/\/www.lpn.si\/vrste-lovne-divjadi\/damjak\/\"]}]},{\"@type\":\"BreadcrumbList\",\"@id\":\"https:\/\/www.lpn.si\/vrste-lovne-divjadi\/damjak\/#breadcrumb\",\"itemListElement\":[{\"@type\":\"ListItem\",\"position\":1,\"name\":\"Home\",\"item\":\"https:\/\/www.lpn.si\/\"},{\"@type\":\"ListItem\",\"position\":2,\"name\":\"Vrste lovne divjadi\",\"item\":\"https:\/\/www.lpn.si\/vrste-lovne-divjadi\/\"},{\"@type\":\"ListItem\",\"position\":3,\"name\":\"Damjak\"}]},{\"@type\":\"WebSite\",\"@id\":\"https:\/\/www.lpn.si\/it\/#website\",\"url\":\"https:\/\/www.lpn.si\/it\/\",\"name\":\"LPN\",\"description\":\"ZAVOD za GOZDOVE SLOVENIJE\",\"potentialAction\":[{\"@type\":\"SearchAction\",\"target\":{\"@type\":\"EntryPoint\",\"urlTemplate\":\"https:\/\/www.lpn.si\/it\/?s={search_term_string}\"},\"query-input\":\"required name=search_term_string\"}],\"inLanguage\":\"it-IT\"}]}<\/script>\n<!-- \/ Yoast SEO plugin. -->","yoast_head_json":{"title":"Daino - LPN","robots":{"index":"index","follow":"follow","max-snippet":"max-snippet:-1","max-image-preview":"max-image-preview:large","max-video-preview":"max-video-preview:-1"},"canonical":"https:\/\/www.lpn.si\/vrste-lovne-divjadi\/damjak\/","og_locale":"it_IT","og_type":"article","og_title":"Daino - LPN","og_description":"Daino non \u00e8 una specie nativa di selvaggina in Slovenia e in Europa. \u00c8 stato introdotto in Europa dai Romani. L&#8217;insediamento in Slovenia era iniziato dopo la seconda guerra mondiale quando sono stati portati da Brioni e rilasciati in natura e le riserve di caccia. Oggi \u00e8 presente in natura nella ZCS Kompas Peskovci e, [&hellip;]","og_url":"https:\/\/www.lpn.si\/vrste-lovne-divjadi\/damjak\/","og_site_name":"LPN","article_modified_time":"2025-05-30T11:43:19+00:00","og_image":[{"width":1920,"height":380,"url":"https:\/\/www.lpn.si\/wp-content\/uploads\/2025\/03\/Untitled-1_0026_damjak_zzg.jpg","type":"image\/jpeg"}],"twitter_card":"summary_large_image","twitter_misc":{"Tempo di lettura stimato":"4 minuti"},"schema":{"@context":"https:\/\/schema.org","@graph":[{"@type":"WebPage","@id":"https:\/\/www.lpn.si\/vrste-lovne-divjadi\/damjak\/","url":"https:\/\/www.lpn.si\/vrste-lovne-divjadi\/damjak\/","name":"Daino - LPN","isPartOf":{"@id":"https:\/\/www.lpn.si\/it\/#website"},"datePublished":"2016-06-23T10:14:35+00:00","dateModified":"2025-05-30T11:43:19+00:00","breadcrumb":{"@id":"https:\/\/www.lpn.si\/vrste-lovne-divjadi\/damjak\/#breadcrumb"},"inLanguage":"it-IT","potentialAction":[{"@type":"ReadAction","target":["https:\/\/www.lpn.si\/vrste-lovne-divjadi\/damjak\/"]}]},{"@type":"BreadcrumbList","@id":"https:\/\/www.lpn.si\/vrste-lovne-divjadi\/damjak\/#breadcrumb","itemListElement":[{"@type":"ListItem","position":1,"name":"Home","item":"https:\/\/www.lpn.si\/"},{"@type":"ListItem","position":2,"name":"Vrste lovne divjadi","item":"https:\/\/www.lpn.si\/vrste-lovne-divjadi\/"},{"@type":"ListItem","position":3,"name":"Damjak"}]},{"@type":"WebSite","@id":"https:\/\/www.lpn.si\/it\/#website","url":"https:\/\/www.lpn.si\/it\/","name":"LPN","description":"ZAVOD za GOZDOVE SLOVENIJE","potentialAction":[{"@type":"SearchAction","target":{"@type":"EntryPoint","urlTemplate":"https:\/\/www.lpn.si\/it\/?s={search_term_string}"},"query-input":"required name=search_term_string"}],"inLanguage":"it-IT"}]}},"_links":{"self":[{"href":"https:\/\/www.lpn.si\/it\/wp-json\/wp\/v2\/pages\/96"}],"collection":[{"href":"https:\/\/www.lpn.si\/it\/wp-json\/wp\/v2\/pages"}],"about":[{"href":"https:\/\/www.lpn.si\/it\/wp-json\/wp\/v2\/types\/page"}],"author":[{"embeddable":true,"href":"https:\/\/www.lpn.si\/it\/wp-json\/wp\/v2\/users\/3"}],"replies":[{"embeddable":true,"href":"https:\/\/www.lpn.si\/it\/wp-json\/wp\/v2\/comments?post=96"}],"version-history":[{"count":21,"href":"https:\/\/www.lpn.si\/it\/wp-json\/wp\/v2\/pages\/96\/revisions"}],"predecessor-version":[{"id":13964,"href":"https:\/\/www.lpn.si\/it\/wp-json\/wp\/v2\/pages\/96\/revisions\/13964"}],"up":[{"embeddable":true,"href":"https:\/\/www.lpn.si\/it\/wp-json\/wp\/v2\/pages\/85"}],"wp:featuredmedia":[{"embeddable":true,"href":"https:\/\/www.lpn.si\/it\/wp-json\/wp\/v2\/media\/13861"}],"wp:attachment":[{"href":"https:\/\/www.lpn.si\/it\/wp-json\/wp\/v2\/media?parent=96"}],"curies":[{"name":"wp","href":"https:\/\/api.w.org\/{rel}","templated":true}]}}