{"id":826,"date":"2016-12-20T07:59:34","date_gmt":"2016-12-20T07:59:34","guid":{"rendered":"https:\/\/www.lpn.si\/?page_id=826"},"modified":"2017-08-04T08:59:28","modified_gmt":"2017-08-04T08:59:28","slug":"skupinski-lovi-na-malo-divjad","status":"publish","type":"page","link":"https:\/\/www.lpn.si\/it\/nacin-lova\/skupinski-lovi-na-malo-divjad\/","title":{"rendered":"Caccia collettiva alla selvaggina minore"},"content":{"rendered":"<p><\/p>\n<h1><strong><em>Caccia collettiva alla selvaggina minore<\/em><\/strong><\/h1>\n<p>Per la caccia collettiva alla selvaggina minore gli ospiti di caccia spesso scelgono la caccia vagante. Questo \u00e8 il modo di caccia con l&#8217;aiuto di cani da caccia che abbaiano ad alta voce al fine di spaventare selvaggina minore dai loro nascondigli.<\/p>\n<p>Nelle Zona di caccia statale effettuiamo la caccia vagante al fagiano, starna, germano reale e alla lepre.<\/p>\n<p><a href=\"https:\/\/www.lpn.si\/wp-content\/uploads\/2016\/06\/36_Poljski-zajec-ki-je-otrpnil-pri-pregledu-ni\u017einskega-dela-lovi\u0161\u010da-LPN-Ljubljanski-vrh-e1469014301203.jpg\"><img decoding=\"async\" loading=\"lazy\" class=\"wp-image-409 size-thumbnail\" src=\"https:\/\/www.lpn.si\/wp-content\/uploads\/2016\/06\/36_Poljski-zajec-ki-je-otrpnil-pri-pregledu-ni\u017einskega-dela-lovi\u0161\u010da-LPN-Ljubljanski-vrh-250x200.jpg\" alt=\"skupinski\" width=\"250\" height=\"200\" \/><\/a><\/p>\n<p>Lepre intorpidito durante l&#8217;ispezione di bassopiano dei terreni di caccia nella ZCS Ljubljanski vrh<\/p>\n<p>La caccia alla lepre pu\u00f2 essere effettuata in tutte i particolari Zona di caccia statale, <strong>per\u00f2<\/strong> \u00e8 di maggior successo nella ZCS Fazan Beltinci.<\/p>\n<p><a href=\"https:\/\/www.lpn.si\/wp-content\/uploads\/2016\/06\/28_31_35_Obmo\u010dje-Mure-v-LPN-Fazan-Beltinci.jpg\"><img decoding=\"async\" loading=\"lazy\" class=\"wp-image-401 size-thumbnail\" src=\"https:\/\/www.lpn.si\/wp-content\/uploads\/2016\/06\/28_31_35_Obmo\u010dje-Mure-v-LPN-Fazan-Beltinci-250x200.jpg\" width=\"250\" height=\"200\" \/><\/a><\/p>\n<p>Il germano reale vive nella ZCS Fazan Beltinci, nella zona del fiume Mura e dei suoi affluenti<\/p>\n<p>La caccia al germano reale si svolge nella ZCS Ljubljanski Vrh, vicino alla capitale della Slovenia, e nella ZCS Fazan Beltinci lungo il fiume Mura.<\/p>\n<p><a href=\"https:\/\/www.lpn.si\/wp-content\/uploads\/2016\/06\/30_Fazan-v-LPN-Fazan-Beltinci.jpg\"><img decoding=\"async\" loading=\"lazy\" class=\"wp-image-402 size-thumbnail\" src=\"https:\/\/www.lpn.si\/wp-content\/uploads\/2016\/06\/30_Fazan-v-LPN-Fazan-Beltinci-236x200.jpg\" width=\"236\" height=\"200\" \/><\/a><\/p>\n<p>Fagiano nella ZCS Fazan Beltinci<\/p>\n<p>La caccia al fagiano \u00e8 organizzata nella ZCS Fazan Beltinci e ZCS Kompas Peskovci, vicino a terreni agricoli coltivati e le aree isolate forestali. Entrambe le zone di caccia sono situate nelle pianure e insieme con le colline ondulate fanno parte della pianura pannonica.<\/p>\n<p><a href=\"https:\/\/www.lpn.si\/wp-content\/uploads\/2016\/06\/32_Poljski-jerebici-v-LPN-Fazan-Beltinci-e1469013943337.jpg\"><img decoding=\"async\" loading=\"lazy\" class=\"wp-image-405 size-thumbnail\" src=\"https:\/\/www.lpn.si\/wp-content\/uploads\/2016\/06\/32_Poljski-jerebici-v-LPN-Fazan-Beltinci-250x200.jpg\" width=\"250\" height=\"200\" \/><\/a><\/p>\n<p>Starne nella ZCS Fazan Beltinci<\/p>\n<p>Starna preferisce un paesaggio pi\u00f9 aperto di fagiano ed \u00e8 presente nelle pianure della ZCS Fazan Beltinci.<\/p>","protected":false},"excerpt":{"rendered":"Caccia collettiva alla selvaggina minore Per la caccia collettiva alla selvaggina minore gli ospiti di caccia spesso scelgono la caccia vagante. Questo \u00e8 il modo di caccia con l&#8217;aiuto di cani da caccia che abbaiano ad alta voce al fine di spaventare selvaggina minore dai loro nascondigli. Nelle Zona di caccia statale effettuiamo la caccia [&hellip;]","protected":false},"author":3,"featured_media":405,"parent":782,"menu_order":15,"comment_status":"closed","ping_status":"closed","template":"page-nacin-lova.php","meta":[],"acf":[],"yoast_head":"<!-- This site is optimized with the Yoast SEO plugin v20.12 - https:\/\/yoast.com\/wordpress\/plugins\/seo\/ -->\n<title>Skupinski lovi na malo divjad - LPN - Lovi\u0161\u010da s posebnim namenom<\/title>\n<meta name=\"description\" content=\"Lovski gostje si za skupinski lov na malo divjad najve\u010dkrat izberejo lov na brakade. To je na\u010din lova s pomo\u010djo psa, ki se glasno ogla\u0161a in tako prepodi\" \/>\n<meta name=\"robots\" content=\"index, follow, max-snippet:-1, max-image-preview:large, max-video-preview:-1\" \/>\n<link rel=\"canonical\" href=\"https:\/\/www.lpn.si\/nacin-lova\/skupinski-lovi-na-malo-divjad\/\" \/>\n<meta property=\"og:locale\" content=\"it_IT\" \/>\n<meta property=\"og:type\" content=\"article\" \/>\n<meta property=\"og:title\" content=\"Skupinski lovi na malo divjad - LPN - Lovi\u0161\u010da s posebnim namenom\" \/>\n<meta property=\"og:description\" content=\"Lovski gostje si za skupinski lov na malo divjad najve\u010dkrat izberejo lov na brakade. To je na\u010din lova s pomo\u010djo psa, ki se glasno ogla\u0161a in tako prepodi\" \/>\n<meta property=\"og:url\" content=\"https:\/\/www.lpn.si\/nacin-lova\/skupinski-lovi-na-malo-divjad\/\" \/>\n<meta property=\"og:site_name\" content=\"LPN\" \/>\n<meta property=\"article:modified_time\" content=\"2017-08-04T08:59:28+00:00\" \/>\n<meta property=\"og:image\" content=\"https:\/\/www.lpn.si\/wp-content\/uploads\/2016\/06\/32_Poljski-jerebici-v-LPN-Fazan-Beltinci-e1469013943337.jpg\" \/>\n\t<meta property=\"og:image:width\" content=\"1920\" \/>\n\t<meta property=\"og:image:height\" content=\"1279\" \/>\n\t<meta property=\"og:image:type\" content=\"image\/jpeg\" \/>\n<meta name=\"twitter:card\" content=\"summary_large_image\" \/>\n<meta name=\"twitter:label1\" content=\"Tempo di lettura stimato\" \/>\n\t<meta name=\"twitter:data1\" content=\"4 minuti\" \/>\n<script type=\"application\/ld+json\" class=\"yoast-schema-graph\">{\"@context\":\"https:\/\/schema.org\",\"@graph\":[{\"@type\":\"WebPage\",\"@id\":\"https:\/\/www.lpn.si\/nacin-lova\/skupinski-lovi-na-malo-divjad\/\",\"url\":\"https:\/\/www.lpn.si\/nacin-lova\/skupinski-lovi-na-malo-divjad\/\",\"name\":\"Skupinski lovi na malo divjad - LPN - Lovi\u0161\u010da s posebnim namenom\",\"isPartOf\":{\"@id\":\"https:\/\/www.lpn.si\/it\/#website\"},\"datePublished\":\"2016-12-20T07:59:34+00:00\",\"dateModified\":\"2017-08-04T08:59:28+00:00\",\"description\":\"Lovski gostje si za skupinski lov na malo divjad najve\u010dkrat izberejo lov na brakade. To je na\u010din lova s pomo\u010djo psa, ki se glasno ogla\u0161a in tako prepodi\",\"breadcrumb\":{\"@id\":\"https:\/\/www.lpn.si\/nacin-lova\/skupinski-lovi-na-malo-divjad\/#breadcrumb\"},\"inLanguage\":\"it-IT\",\"potentialAction\":[{\"@type\":\"ReadAction\",\"target\":[\"https:\/\/www.lpn.si\/nacin-lova\/skupinski-lovi-na-malo-divjad\/\"]}]},{\"@type\":\"BreadcrumbList\",\"@id\":\"https:\/\/www.lpn.si\/nacin-lova\/skupinski-lovi-na-malo-divjad\/#breadcrumb\",\"itemListElement\":[{\"@type\":\"ListItem\",\"position\":1,\"name\":\"Home\",\"item\":\"https:\/\/www.lpn.si\/\"},{\"@type\":\"ListItem\",\"position\":2,\"name\":\"Na\u010dini lova\",\"item\":\"https:\/\/www.lpn.si\/nacin-lova\/\"},{\"@type\":\"ListItem\",\"position\":3,\"name\":\"Skupinski lovi na malo divjad\"}]},{\"@type\":\"WebSite\",\"@id\":\"https:\/\/www.lpn.si\/it\/#website\",\"url\":\"https:\/\/www.lpn.si\/it\/\",\"name\":\"LPN\",\"description\":\"ZAVOD za GOZDOVE SLOVENIJE\",\"potentialAction\":[{\"@type\":\"SearchAction\",\"target\":{\"@type\":\"EntryPoint\",\"urlTemplate\":\"https:\/\/www.lpn.si\/it\/?s={search_term_string}\"},\"query-input\":\"required name=search_term_string\"}],\"inLanguage\":\"it-IT\"}]}<\/script>\n<!-- \/ Yoast SEO plugin. -->","yoast_head_json":{"title":"Skupinski lovi na malo divjad - LPN - Lovi\u0161\u010da s posebnim namenom","description":"Lovski gostje si za skupinski lov na malo divjad najve\u010dkrat izberejo lov na brakade. To je na\u010din lova s pomo\u010djo psa, ki se glasno ogla\u0161a in tako prepodi","robots":{"index":"index","follow":"follow","max-snippet":"max-snippet:-1","max-image-preview":"max-image-preview:large","max-video-preview":"max-video-preview:-1"},"canonical":"https:\/\/www.lpn.si\/nacin-lova\/skupinski-lovi-na-malo-divjad\/","og_locale":"it_IT","og_type":"article","og_title":"Skupinski lovi na malo divjad - LPN - Lovi\u0161\u010da s posebnim namenom","og_description":"Lovski gostje si za skupinski lov na malo divjad najve\u010dkrat izberejo lov na brakade. To je na\u010din lova s pomo\u010djo psa, ki se glasno ogla\u0161a in tako prepodi","og_url":"https:\/\/www.lpn.si\/nacin-lova\/skupinski-lovi-na-malo-divjad\/","og_site_name":"LPN","article_modified_time":"2017-08-04T08:59:28+00:00","og_image":[{"width":1920,"height":1279,"url":"https:\/\/www.lpn.si\/wp-content\/uploads\/2016\/06\/32_Poljski-jerebici-v-LPN-Fazan-Beltinci-e1469013943337.jpg","type":"image\/jpeg"}],"twitter_card":"summary_large_image","twitter_misc":{"Tempo di lettura stimato":"4 minuti"},"schema":{"@context":"https:\/\/schema.org","@graph":[{"@type":"WebPage","@id":"https:\/\/www.lpn.si\/nacin-lova\/skupinski-lovi-na-malo-divjad\/","url":"https:\/\/www.lpn.si\/nacin-lova\/skupinski-lovi-na-malo-divjad\/","name":"Skupinski lovi na malo divjad - LPN - Lovi\u0161\u010da s posebnim namenom","isPartOf":{"@id":"https:\/\/www.lpn.si\/it\/#website"},"datePublished":"2016-12-20T07:59:34+00:00","dateModified":"2017-08-04T08:59:28+00:00","description":"Lovski gostje si za skupinski lov na malo divjad najve\u010dkrat izberejo lov na brakade. To je na\u010din lova s pomo\u010djo psa, ki se glasno ogla\u0161a in tako prepodi","breadcrumb":{"@id":"https:\/\/www.lpn.si\/nacin-lova\/skupinski-lovi-na-malo-divjad\/#breadcrumb"},"inLanguage":"it-IT","potentialAction":[{"@type":"ReadAction","target":["https:\/\/www.lpn.si\/nacin-lova\/skupinski-lovi-na-malo-divjad\/"]}]},{"@type":"BreadcrumbList","@id":"https:\/\/www.lpn.si\/nacin-lova\/skupinski-lovi-na-malo-divjad\/#breadcrumb","itemListElement":[{"@type":"ListItem","position":1,"name":"Home","item":"https:\/\/www.lpn.si\/"},{"@type":"ListItem","position":2,"name":"Na\u010dini lova","item":"https:\/\/www.lpn.si\/nacin-lova\/"},{"@type":"ListItem","position":3,"name":"Skupinski lovi na malo divjad"}]},{"@type":"WebSite","@id":"https:\/\/www.lpn.si\/it\/#website","url":"https:\/\/www.lpn.si\/it\/","name":"LPN","description":"ZAVOD za GOZDOVE SLOVENIJE","potentialAction":[{"@type":"SearchAction","target":{"@type":"EntryPoint","urlTemplate":"https:\/\/www.lpn.si\/it\/?s={search_term_string}"},"query-input":"required name=search_term_string"}],"inLanguage":"it-IT"}]}},"_links":{"self":[{"href":"https:\/\/www.lpn.si\/it\/wp-json\/wp\/v2\/pages\/826"}],"collection":[{"href":"https:\/\/www.lpn.si\/it\/wp-json\/wp\/v2\/pages"}],"about":[{"href":"https:\/\/www.lpn.si\/it\/wp-json\/wp\/v2\/types\/page"}],"author":[{"embeddable":true,"href":"https:\/\/www.lpn.si\/it\/wp-json\/wp\/v2\/users\/3"}],"replies":[{"embeddable":true,"href":"https:\/\/www.lpn.si\/it\/wp-json\/wp\/v2\/comments?post=826"}],"version-history":[{"count":7,"href":"https:\/\/www.lpn.si\/it\/wp-json\/wp\/v2\/pages\/826\/revisions"}],"predecessor-version":[{"id":1163,"href":"https:\/\/www.lpn.si\/it\/wp-json\/wp\/v2\/pages\/826\/revisions\/1163"}],"up":[{"embeddable":true,"href":"https:\/\/www.lpn.si\/it\/wp-json\/wp\/v2\/pages\/782"}],"wp:featuredmedia":[{"embeddable":true,"href":"https:\/\/www.lpn.si\/it\/wp-json\/wp\/v2\/media\/405"}],"wp:attachment":[{"href":"https:\/\/www.lpn.si\/it\/wp-json\/wp\/v2\/media?parent=826"}],"curies":[{"name":"wp","href":"https:\/\/api.w.org\/{rel}","templated":true}]}}