{"id":824,"date":"2016-12-20T07:59:07","date_gmt":"2016-12-20T07:59:07","guid":{"rendered":"https:\/\/www.lpn.si\/?page_id=824"},"modified":"2025-04-15T19:51:32","modified_gmt":"2025-04-15T19:51:32","slug":"skupinski-lovi-pogoni-divjih-prasicev-2","status":"publish","type":"page","link":"https:\/\/www.lpn.si\/it\/nacin-lova\/skupinski-lovi-pogoni-divjih-prasicev-2\/","title":{"rendered":"Caccia collettiva \u2013 battuta di caccia al cinghiale"},"content":{"rendered":"<p><\/p>\n<h1><em>Caccia collettiva \u2013 battuta di caccia al <\/em><em>cinghiale<\/em><\/h1>\n<p>Caccia collettiva al cinghiale viene effettuata in Zona di caccia statale, spesso come una battuta di caccia ad alta voce. Caccia collettiva al cinghiale include un numero concordato di cacciatori, che sono suddivisi in battitori e tiratori. I battitori sono esperti cacciatori, che hanno familiarit\u00e0 con il terreno e le tane di cinghiali. Nel caso di battuta di caccia ad alta voce i battitori battono con bastoni o utilizzando cricchetto in legno, causando in tal modo il rumore per scovare e spostare i cinghiali in direzione dei cacciatori appostati. Di solito, battitori sono assistiti da cani da caccia adeguatamente formati, che sono in grado di localizzare i cinghiali nei loro nascondigli e di cacciarli via.<\/p>\n<p><a href=\"https:\/\/www.lpn.si\/wp-content\/uploads\/2016\/06\/11_Pogon-divjih-pra\u0161i\u010dev-na-skupinskem-lovu-v-LPN-na-Ko\u010devskem-1-e1479263217816.jpg\"><img decoding=\"async\" loading=\"lazy\" class=\"wp-image-741 size-thumbnail\" src=\"https:\/\/www.lpn.si\/wp-content\/uploads\/2016\/06\/11_Pogon-divjih-pra\u0161i\u010dev-na-skupinskem-lovu-v-LPN-na-Ko\u010devskem-1-e1479263217816-250x200.jpg\" width=\"250\" height=\"200\" \/><\/a><\/p>\n<p>Battuta di caccia ai cinghiali durante la caccia collettiva nella ZCS Ko\u010devsko<\/p>\n<p><a href=\"https:\/\/www.lpn.si\/wp-content\/uploads\/2016\/06\/27_Zandnja-usklajevanje-pred-odhodom-gonja\u010dev-in-strelcev-na-skupinskem-lovu-v-LPN-Na-Ko\u010devskem--e1469446381708.jpg\"><img decoding=\"async\" loading=\"lazy\" class=\"wp-image-477 size-thumbnail\" src=\"https:\/\/www.lpn.si\/wp-content\/uploads\/2016\/06\/27_Zandnja-usklajevanje-pred-odhodom-gonja\u010dev-in-strelcev-na-skupinskem-lovu-v-LPN-Na-Ko\u010devskem--250x200.jpg\" alt=\"skupinski\" width=\"250\" height=\"200\" \/><\/a><\/p>\n<p>Coordinazione finale di battitori e tiratori prima di partire per la caccia collettiva nella ZCS Ko\u010devje<\/p>\n<p>Caccia collettiva al cinghiale in natura nelle Zona di caccia statale viene eseguita in ZCS Jelen, la ZCS Ko\u010devsko e la ZCS Kompas Peskovci. Caccia al cinghiale nella ZCS Jelen si svolge nei boschi di Sne\u017enik, mentre nella ZCS Ko\u010devje viene effettuata nelle foreste dinariche. In entrambe le zone tutte e tre le specie di grandi carnivori sono presenti, vale a dire l&#8217;orso bruno, il lupo e la lince. La caccia al cinghiale nella ZCS Kompas Peskovci \u00e8 possibile nella zona collinare della pianura pannonica, dove di solito viene combinata con la caccia al cervo.<\/p>\n<p><a href=\"https:\/\/www.lpn.si\/wp-content\/uploads\/2016\/06\/28__Dru\u017eenje-po-uspe\u0161no-kon\u010danem-skupinskem-lovu-v-LPN-na-Ko\u010devskem-e1469446414870.jpg\"><img decoding=\"async\" loading=\"lazy\" class=\"wp-image-478 size-thumbnail\" src=\"https:\/\/www.lpn.si\/wp-content\/uploads\/2016\/06\/28__Dru\u017eenje-po-uspe\u0161no-kon\u010danem-skupinskem-lovu-v-LPN-na-Ko\u010devskem-250x200.jpg\" width=\"250\" height=\"200\" \/><\/a><\/p>\n<p>Frequentando dopo il completamento della caccia collettiva nella ZCS Ko\u010devsko<\/p>\n<p>&nbsp;<\/p>","protected":false},"excerpt":{"rendered":"Caccia collettiva \u2013 battuta di caccia al cinghiale Caccia collettiva al cinghiale viene effettuata in Zona di caccia statale, spesso come una battuta di caccia ad alta voce. Caccia collettiva al cinghiale include un numero concordato di cacciatori, che sono suddivisi in battitori e tiratori. I battitori sono esperti cacciatori, che hanno familiarit\u00e0 con il [&hellip;]","protected":false},"author":3,"featured_media":477,"parent":782,"menu_order":14,"comment_status":"closed","ping_status":"closed","template":"page-nacin-lova.php","meta":[],"acf":[],"yoast_head":"<!-- This site is optimized with the Yoast SEO plugin v20.12 - https:\/\/yoast.com\/wordpress\/plugins\/seo\/ -->\n<title>Skupinski lovi - pogoni divjih pra\u0161i\u010dev - LPN - Lovi\u0161\u010da s posebnim namenom<\/title>\n<meta name=\"description\" content=\"Skupinski lov divjih pra\u0161i\u010dev izvajamo v Lovi\u0161\u010dih s posebnim namenom najve\u010dkrat kot glasen pogon. Skupinski lov divjih pra\u0161i\u010dev sestavlja dogovorjeno\" \/>\n<meta name=\"robots\" content=\"index, follow, max-snippet:-1, max-image-preview:large, max-video-preview:-1\" \/>\n<link rel=\"canonical\" href=\"https:\/\/www.lpn.si\/nacin-lova\/skupinski-lovi-pogoni-divjih-prasicev-2\/\" \/>\n<meta property=\"og:locale\" content=\"it_IT\" \/>\n<meta property=\"og:type\" content=\"article\" \/>\n<meta property=\"og:title\" content=\"[:sl]Skupinski lovi - pogoni divjih pra\u0161i\u010dev - LPN - Lovi\u0161\u010da s posebnim namenom[:]\" \/>\n<meta property=\"og:description\" content=\"{:sl}Skupinski lov divjih pra\u0161i\u010dev izvajamo v Lovi\u0161\u010dih s posebnim namenom najve\u010dkrat kot glasen pogon. Skupinski lov divjih pra\u0161i\u010dev sestavlja dogovorjeno{:}\" \/>\n<meta property=\"og:url\" content=\"https:\/\/www.lpn.si\/nacin-lova\/skupinski-lovi-pogoni-divjih-prasicev-2\/\" \/>\n<meta property=\"og:site_name\" content=\"LPN\" \/>\n<meta property=\"article:modified_time\" content=\"2025-04-15T19:51:32+00:00\" \/>\n<meta property=\"og:image\" content=\"https:\/\/www.lpn.si\/wp-content\/uploads\/2016\/06\/27_Zandnja-usklajevanje-pred-odhodom-gonja\u010dev-in-strelcev-na-skupinskem-lovu-v-LPN-Na-Ko\u010devskem--e1469446381708.jpg\" \/>\n\t<meta property=\"og:image:width\" content=\"1920\" \/>\n\t<meta property=\"og:image:height\" content=\"1278\" \/>\n\t<meta property=\"og:image:type\" content=\"image\/jpeg\" \/>\n<meta name=\"twitter:card\" content=\"summary_large_image\" \/>\n<meta name=\"twitter:label1\" content=\"Tempo di lettura stimato\" \/>\n\t<meta name=\"twitter:data1\" content=\"3 minuti\" \/>\n<script type=\"application\/ld+json\" class=\"yoast-schema-graph\">{\"@context\":\"https:\/\/schema.org\",\"@graph\":[{\"@type\":\"WebPage\",\"@id\":\"https:\/\/www.lpn.si\/nacin-lova\/skupinski-lovi-pogoni-divjih-prasicev-2\/\",\"url\":\"https:\/\/www.lpn.si\/nacin-lova\/skupinski-lovi-pogoni-divjih-prasicev-2\/\",\"name\":\"[:sl]Skupinski lovi - pogoni divjih pra\u0161i\u010dev - LPN - Lovi\u0161\u010da s posebnim namenom[:]\",\"isPartOf\":{\"@id\":\"https:\/\/www.lpn.si\/it\/#website\"},\"datePublished\":\"2016-12-20T07:59:07+00:00\",\"dateModified\":\"2025-04-15T19:51:32+00:00\",\"description\":\"{:sl}Skupinski lov divjih pra\u0161i\u010dev izvajamo v Lovi\u0161\u010dih s posebnim namenom najve\u010dkrat kot glasen pogon. Skupinski lov divjih pra\u0161i\u010dev sestavlja dogovorjeno{:}\",\"breadcrumb\":{\"@id\":\"https:\/\/www.lpn.si\/nacin-lova\/skupinski-lovi-pogoni-divjih-prasicev-2\/#breadcrumb\"},\"inLanguage\":\"it-IT\",\"potentialAction\":[{\"@type\":\"ReadAction\",\"target\":[\"https:\/\/www.lpn.si\/nacin-lova\/skupinski-lovi-pogoni-divjih-prasicev-2\/\"]}]},{\"@type\":\"BreadcrumbList\",\"@id\":\"https:\/\/www.lpn.si\/nacin-lova\/skupinski-lovi-pogoni-divjih-prasicev-2\/#breadcrumb\",\"itemListElement\":[{\"@type\":\"ListItem\",\"position\":1,\"name\":\"Home\",\"item\":\"https:\/\/www.lpn.si\/\"},{\"@type\":\"ListItem\",\"position\":2,\"name\":\"Na\u010dini lova\",\"item\":\"https:\/\/www.lpn.si\/nacin-lova\/\"},{\"@type\":\"ListItem\",\"position\":3,\"name\":\"Skupinski lovi \u2013 pogoni divjih pra\u0161i\u010dev\"}]},{\"@type\":\"WebSite\",\"@id\":\"https:\/\/www.lpn.si\/it\/#website\",\"url\":\"https:\/\/www.lpn.si\/it\/\",\"name\":\"LPN\",\"description\":\"ZAVOD za GOZDOVE SLOVENIJE\",\"potentialAction\":[{\"@type\":\"SearchAction\",\"target\":{\"@type\":\"EntryPoint\",\"urlTemplate\":\"https:\/\/www.lpn.si\/it\/?s={search_term_string}\"},\"query-input\":\"required name=search_term_string\"}],\"inLanguage\":\"it-IT\"}]}<\/script>\n<!-- \/ Yoast SEO plugin. -->","yoast_head_json":{"title":"Skupinski lovi - pogoni divjih pra\u0161i\u010dev - LPN - Lovi\u0161\u010da s posebnim namenom","description":"Skupinski lov divjih pra\u0161i\u010dev izvajamo v Lovi\u0161\u010dih s posebnim namenom najve\u010dkrat kot glasen pogon. Skupinski lov divjih pra\u0161i\u010dev sestavlja dogovorjeno","robots":{"index":"index","follow":"follow","max-snippet":"max-snippet:-1","max-image-preview":"max-image-preview:large","max-video-preview":"max-video-preview:-1"},"canonical":"https:\/\/www.lpn.si\/nacin-lova\/skupinski-lovi-pogoni-divjih-prasicev-2\/","og_locale":"it_IT","og_type":"article","og_title":"[:sl]Skupinski lovi - pogoni divjih pra\u0161i\u010dev - LPN - Lovi\u0161\u010da s posebnim namenom[:]","og_description":"{:sl}Skupinski lov divjih pra\u0161i\u010dev izvajamo v Lovi\u0161\u010dih s posebnim namenom najve\u010dkrat kot glasen pogon. Skupinski lov divjih pra\u0161i\u010dev sestavlja dogovorjeno{:}","og_url":"https:\/\/www.lpn.si\/nacin-lova\/skupinski-lovi-pogoni-divjih-prasicev-2\/","og_site_name":"LPN","article_modified_time":"2025-04-15T19:51:32+00:00","og_image":[{"width":1920,"height":1278,"url":"https:\/\/www.lpn.si\/wp-content\/uploads\/2016\/06\/27_Zandnja-usklajevanje-pred-odhodom-gonja\u010dev-in-strelcev-na-skupinskem-lovu-v-LPN-Na-Ko\u010devskem--e1469446381708.jpg","type":"image\/jpeg"}],"twitter_card":"summary_large_image","twitter_misc":{"Tempo di lettura stimato":"3 minuti"},"schema":{"@context":"https:\/\/schema.org","@graph":[{"@type":"WebPage","@id":"https:\/\/www.lpn.si\/nacin-lova\/skupinski-lovi-pogoni-divjih-prasicev-2\/","url":"https:\/\/www.lpn.si\/nacin-lova\/skupinski-lovi-pogoni-divjih-prasicev-2\/","name":"[:sl]Skupinski lovi - pogoni divjih pra\u0161i\u010dev - LPN - Lovi\u0161\u010da s posebnim namenom[:]","isPartOf":{"@id":"https:\/\/www.lpn.si\/it\/#website"},"datePublished":"2016-12-20T07:59:07+00:00","dateModified":"2025-04-15T19:51:32+00:00","description":"{:sl}Skupinski lov divjih pra\u0161i\u010dev izvajamo v Lovi\u0161\u010dih s posebnim namenom najve\u010dkrat kot glasen pogon. Skupinski lov divjih pra\u0161i\u010dev sestavlja dogovorjeno{:}","breadcrumb":{"@id":"https:\/\/www.lpn.si\/nacin-lova\/skupinski-lovi-pogoni-divjih-prasicev-2\/#breadcrumb"},"inLanguage":"it-IT","potentialAction":[{"@type":"ReadAction","target":["https:\/\/www.lpn.si\/nacin-lova\/skupinski-lovi-pogoni-divjih-prasicev-2\/"]}]},{"@type":"BreadcrumbList","@id":"https:\/\/www.lpn.si\/nacin-lova\/skupinski-lovi-pogoni-divjih-prasicev-2\/#breadcrumb","itemListElement":[{"@type":"ListItem","position":1,"name":"Home","item":"https:\/\/www.lpn.si\/"},{"@type":"ListItem","position":2,"name":"Na\u010dini lova","item":"https:\/\/www.lpn.si\/nacin-lova\/"},{"@type":"ListItem","position":3,"name":"Skupinski lovi \u2013 pogoni divjih pra\u0161i\u010dev"}]},{"@type":"WebSite","@id":"https:\/\/www.lpn.si\/it\/#website","url":"https:\/\/www.lpn.si\/it\/","name":"LPN","description":"ZAVOD za GOZDOVE SLOVENIJE","potentialAction":[{"@type":"SearchAction","target":{"@type":"EntryPoint","urlTemplate":"https:\/\/www.lpn.si\/it\/?s={search_term_string}"},"query-input":"required name=search_term_string"}],"inLanguage":"it-IT"}]}},"_links":{"self":[{"href":"https:\/\/www.lpn.si\/it\/wp-json\/wp\/v2\/pages\/824"}],"collection":[{"href":"https:\/\/www.lpn.si\/it\/wp-json\/wp\/v2\/pages"}],"about":[{"href":"https:\/\/www.lpn.si\/it\/wp-json\/wp\/v2\/types\/page"}],"author":[{"embeddable":true,"href":"https:\/\/www.lpn.si\/it\/wp-json\/wp\/v2\/users\/3"}],"replies":[{"embeddable":true,"href":"https:\/\/www.lpn.si\/it\/wp-json\/wp\/v2\/comments?post=824"}],"version-history":[{"count":9,"href":"https:\/\/www.lpn.si\/it\/wp-json\/wp\/v2\/pages\/824\/revisions"}],"predecessor-version":[{"id":13932,"href":"https:\/\/www.lpn.si\/it\/wp-json\/wp\/v2\/pages\/824\/revisions\/13932"}],"up":[{"embeddable":true,"href":"https:\/\/www.lpn.si\/it\/wp-json\/wp\/v2\/pages\/782"}],"wp:featuredmedia":[{"embeddable":true,"href":"https:\/\/www.lpn.si\/it\/wp-json\/wp\/v2\/media\/477"}],"wp:attachment":[{"href":"https:\/\/www.lpn.si\/it\/wp-json\/wp\/v2\/media?parent=824"}],"curies":[{"name":"wp","href":"https:\/\/api.w.org\/{rel}","templated":true}]}}