{"id":820,"date":"2016-12-20T07:58:12","date_gmt":"2016-12-20T07:58:12","guid":{"rendered":"https:\/\/www.lpn.si\/?page_id=820"},"modified":"2025-05-30T11:40:52","modified_gmt":"2025-05-30T11:40:52","slug":"skupinski-lovi-jelenjadi","status":"publish","type":"page","link":"https:\/\/www.lpn.si\/it\/nacin-lova\/skupinski-lovi-jelenjadi\/","title":{"rendered":"Caccia collettiva al cervo"},"content":{"rendered":"<p><\/p>\n<h1><strong><em>Caccia collettiva al cervo<\/em><\/strong><\/h1>\n<p>Caccia collettiva al cervo in Zona di caccia statale di regola avviene nella forma di battuta di caccia, e a volte sono utilizzati anche i cani da caccia adeguatamente formati. Caccia collettiva include un numero concordato di cacciatori, che sono suddivisi in battitori e tiratori. I battitori sono esperti cacciatori, che hanno familiarit\u00e0 con il terreno e il movimento di cervi nella zona di caccia, utilizzando quindi il movimento lento e organizzato per guidare cervi verso i tiratori. Movimento lento di cervi offre agli ospiti di caccia con la scelta corretta degli animali all&#8217;interno di una mandria e consente loro di prendere colpi precisi.<\/p>\n<p><a href=\"https:\/\/www.lpn.si\/wp-content\/uploads\/2016\/06\/23_Vodja-skupinskega-lova-v-LPN-na-Ko\u010devskem-je-izku\u0161en-lovec-ki-pozna-lovi\u0161\u010de-in-divjad-v-njej-e1469446133528.jpg\"><img decoding=\"async\" loading=\"lazy\" class=\"wp-image-474 size-thumbnail\" src=\"https:\/\/www.lpn.si\/wp-content\/uploads\/2016\/06\/23_Vodja-skupinskega-lova-v-LPN-na-Ko\u010devskem-je-izku\u0161en-lovec-ki-pozna-lovi\u0161\u010de-in-divjad-v-njej-250x200.jpg\" alt=\"skupinski\" width=\"250\" height=\"200\" \/><\/a><\/p>\n<p>Guida della caccia collettiva nella ZCS Ko\u010devje \u00e8 un cacciatore esperto che conosce il terreno di caccia e la sua fauna selvatica<\/p>\n<p>Tuttavia, alcuni ospiti di caccia preferiscono la caccia ad alta voce, soprattutto quando una tale forma di caccia \u00e8 combinata con la caccia al cinghiale.<\/p>\n<p>Caccia collettiva al cervo nella riserva di caccia avviene nella ZCS Ko\u010devje. Nei territori di caccia sono situati due grandi riserve di caccia, ognuna con una superficie di oltre 1.000 ettari. La selvaggina primaria nelle riserve di caccia \u00e8 il cinghiale. Oltre a cinghiali e cervi anche altre specie di selvaggina sono presenti, il pi\u00f9 significativi sono daini e caprioli.<\/p>\n<p>La caccia collettiva \u00e8 organizzata e guidata da un cacciatore professionista che conosce il cervo e il terreno di caccia.<\/p>","protected":false},"excerpt":{"rendered":"Caccia collettiva al cervo Caccia collettiva al cervo in Zona di caccia statale di regola avviene nella forma di battuta di caccia, e a volte sono utilizzati anche i cani da caccia adeguatamente formati. Caccia collettiva include un numero concordato di cacciatori, che sono suddivisi in battitori e tiratori. I battitori sono esperti cacciatori, che [&hellip;]","protected":false},"author":3,"featured_media":474,"parent":782,"menu_order":13,"comment_status":"closed","ping_status":"closed","template":"page-nacin-lova.php","meta":[],"acf":[],"yoast_head":"<!-- This site is optimized with the Yoast SEO plugin v20.12 - https:\/\/yoast.com\/wordpress\/plugins\/seo\/ -->\n<title>Skupinski lovi na jelenjadi - LPN - Lovi\u0161\u010da s posebnim namenom<\/title>\n<meta name=\"description\" content=\"Skupinske love na jelenjad v Lovi\u0161\u010dih s posebnim namenom praviloma izvajamo kot tihe pogone ali pritiske, Skupinski lovi na...\" \/>\n<meta name=\"robots\" content=\"index, follow, max-snippet:-1, max-image-preview:large, max-video-preview:-1\" \/>\n<link rel=\"canonical\" href=\"https:\/\/www.lpn.si\/nacin-lova\/skupinski-lovi-jelenjadi\/\" \/>\n<meta property=\"og:locale\" content=\"it_IT\" \/>\n<meta property=\"og:type\" content=\"article\" \/>\n<meta property=\"og:title\" content=\"[:sl]Skupinski lovi na jelenjadi - LPN - Lovi\u0161\u010da s posebnim namenom[:]\" \/>\n<meta property=\"og:description\" content=\"{:sl}Skupinske love na jelenjad v Lovi\u0161\u010dih s posebnim namenom praviloma izvajamo kot tihe pogone ali pritiske, Skupinski lovi na...{:}\" \/>\n<meta property=\"og:url\" content=\"https:\/\/www.lpn.si\/nacin-lova\/skupinski-lovi-jelenjadi\/\" \/>\n<meta property=\"og:site_name\" content=\"LPN\" \/>\n<meta property=\"article:modified_time\" content=\"2025-05-30T11:40:52+00:00\" \/>\n<meta property=\"og:image\" content=\"https:\/\/www.lpn.si\/wp-content\/uploads\/2016\/06\/23_Vodja-skupinskega-lova-v-LPN-na-Ko\u010devskem-je-izku\u0161en-lovec-ki-pozna-lovi\u0161\u010de-in-divjad-v-njej-e1469446133528.jpg\" \/>\n\t<meta property=\"og:image:width\" content=\"1920\" \/>\n\t<meta property=\"og:image:height\" content=\"1277\" \/>\n\t<meta property=\"og:image:type\" content=\"image\/jpeg\" \/>\n<meta name=\"twitter:card\" content=\"summary_large_image\" \/>\n<meta name=\"twitter:label1\" content=\"Tempo di lettura stimato\" \/>\n\t<meta name=\"twitter:data1\" content=\"2 minuti\" \/>\n<script type=\"application\/ld+json\" class=\"yoast-schema-graph\">{\"@context\":\"https:\/\/schema.org\",\"@graph\":[{\"@type\":\"WebPage\",\"@id\":\"https:\/\/www.lpn.si\/nacin-lova\/skupinski-lovi-jelenjadi\/\",\"url\":\"https:\/\/www.lpn.si\/nacin-lova\/skupinski-lovi-jelenjadi\/\",\"name\":\"[:sl]Skupinski lovi na jelenjadi - LPN - Lovi\u0161\u010da s posebnim namenom[:]\",\"isPartOf\":{\"@id\":\"https:\/\/www.lpn.si\/it\/#website\"},\"datePublished\":\"2016-12-20T07:58:12+00:00\",\"dateModified\":\"2025-05-30T11:40:52+00:00\",\"description\":\"{:sl}Skupinske love na jelenjad v Lovi\u0161\u010dih s posebnim namenom praviloma izvajamo kot tihe pogone ali pritiske, Skupinski lovi na...{:}\",\"breadcrumb\":{\"@id\":\"https:\/\/www.lpn.si\/nacin-lova\/skupinski-lovi-jelenjadi\/#breadcrumb\"},\"inLanguage\":\"it-IT\",\"potentialAction\":[{\"@type\":\"ReadAction\",\"target\":[\"https:\/\/www.lpn.si\/nacin-lova\/skupinski-lovi-jelenjadi\/\"]}]},{\"@type\":\"BreadcrumbList\",\"@id\":\"https:\/\/www.lpn.si\/nacin-lova\/skupinski-lovi-jelenjadi\/#breadcrumb\",\"itemListElement\":[{\"@type\":\"ListItem\",\"position\":1,\"name\":\"Home\",\"item\":\"https:\/\/www.lpn.si\/\"},{\"@type\":\"ListItem\",\"position\":2,\"name\":\"Na\u010dini lova\",\"item\":\"https:\/\/www.lpn.si\/nacin-lova\/\"},{\"@type\":\"ListItem\",\"position\":3,\"name\":\"Skupinski lovi na jelenjad\"}]},{\"@type\":\"WebSite\",\"@id\":\"https:\/\/www.lpn.si\/it\/#website\",\"url\":\"https:\/\/www.lpn.si\/it\/\",\"name\":\"LPN\",\"description\":\"ZAVOD za GOZDOVE SLOVENIJE\",\"potentialAction\":[{\"@type\":\"SearchAction\",\"target\":{\"@type\":\"EntryPoint\",\"urlTemplate\":\"https:\/\/www.lpn.si\/it\/?s={search_term_string}\"},\"query-input\":\"required name=search_term_string\"}],\"inLanguage\":\"it-IT\"}]}<\/script>\n<!-- \/ Yoast SEO plugin. -->","yoast_head_json":{"title":"Skupinski lovi na jelenjadi - LPN - Lovi\u0161\u010da s posebnim namenom","description":"Skupinske love na jelenjad v Lovi\u0161\u010dih s posebnim namenom praviloma izvajamo kot tihe pogone ali pritiske, Skupinski lovi na...","robots":{"index":"index","follow":"follow","max-snippet":"max-snippet:-1","max-image-preview":"max-image-preview:large","max-video-preview":"max-video-preview:-1"},"canonical":"https:\/\/www.lpn.si\/nacin-lova\/skupinski-lovi-jelenjadi\/","og_locale":"it_IT","og_type":"article","og_title":"[:sl]Skupinski lovi na jelenjadi - LPN - Lovi\u0161\u010da s posebnim namenom[:]","og_description":"{:sl}Skupinske love na jelenjad v Lovi\u0161\u010dih s posebnim namenom praviloma izvajamo kot tihe pogone ali pritiske, Skupinski lovi na...{:}","og_url":"https:\/\/www.lpn.si\/nacin-lova\/skupinski-lovi-jelenjadi\/","og_site_name":"LPN","article_modified_time":"2025-05-30T11:40:52+00:00","og_image":[{"width":1920,"height":1277,"url":"https:\/\/www.lpn.si\/wp-content\/uploads\/2016\/06\/23_Vodja-skupinskega-lova-v-LPN-na-Ko\u010devskem-je-izku\u0161en-lovec-ki-pozna-lovi\u0161\u010de-in-divjad-v-njej-e1469446133528.jpg","type":"image\/jpeg"}],"twitter_card":"summary_large_image","twitter_misc":{"Tempo di lettura stimato":"2 minuti"},"schema":{"@context":"https:\/\/schema.org","@graph":[{"@type":"WebPage","@id":"https:\/\/www.lpn.si\/nacin-lova\/skupinski-lovi-jelenjadi\/","url":"https:\/\/www.lpn.si\/nacin-lova\/skupinski-lovi-jelenjadi\/","name":"[:sl]Skupinski lovi na jelenjadi - LPN - Lovi\u0161\u010da s posebnim namenom[:]","isPartOf":{"@id":"https:\/\/www.lpn.si\/it\/#website"},"datePublished":"2016-12-20T07:58:12+00:00","dateModified":"2025-05-30T11:40:52+00:00","description":"{:sl}Skupinske love na jelenjad v Lovi\u0161\u010dih s posebnim namenom praviloma izvajamo kot tihe pogone ali pritiske, Skupinski lovi na...{:}","breadcrumb":{"@id":"https:\/\/www.lpn.si\/nacin-lova\/skupinski-lovi-jelenjadi\/#breadcrumb"},"inLanguage":"it-IT","potentialAction":[{"@type":"ReadAction","target":["https:\/\/www.lpn.si\/nacin-lova\/skupinski-lovi-jelenjadi\/"]}]},{"@type":"BreadcrumbList","@id":"https:\/\/www.lpn.si\/nacin-lova\/skupinski-lovi-jelenjadi\/#breadcrumb","itemListElement":[{"@type":"ListItem","position":1,"name":"Home","item":"https:\/\/www.lpn.si\/"},{"@type":"ListItem","position":2,"name":"Na\u010dini lova","item":"https:\/\/www.lpn.si\/nacin-lova\/"},{"@type":"ListItem","position":3,"name":"Skupinski lovi na jelenjad"}]},{"@type":"WebSite","@id":"https:\/\/www.lpn.si\/it\/#website","url":"https:\/\/www.lpn.si\/it\/","name":"LPN","description":"ZAVOD za GOZDOVE SLOVENIJE","potentialAction":[{"@type":"SearchAction","target":{"@type":"EntryPoint","urlTemplate":"https:\/\/www.lpn.si\/it\/?s={search_term_string}"},"query-input":"required name=search_term_string"}],"inLanguage":"it-IT"}]}},"_links":{"self":[{"href":"https:\/\/www.lpn.si\/it\/wp-json\/wp\/v2\/pages\/820"}],"collection":[{"href":"https:\/\/www.lpn.si\/it\/wp-json\/wp\/v2\/pages"}],"about":[{"href":"https:\/\/www.lpn.si\/it\/wp-json\/wp\/v2\/types\/page"}],"author":[{"embeddable":true,"href":"https:\/\/www.lpn.si\/it\/wp-json\/wp\/v2\/users\/3"}],"replies":[{"embeddable":true,"href":"https:\/\/www.lpn.si\/it\/wp-json\/wp\/v2\/comments?post=820"}],"version-history":[{"count":14,"href":"https:\/\/www.lpn.si\/it\/wp-json\/wp\/v2\/pages\/820\/revisions"}],"predecessor-version":[{"id":13959,"href":"https:\/\/www.lpn.si\/it\/wp-json\/wp\/v2\/pages\/820\/revisions\/13959"}],"up":[{"embeddable":true,"href":"https:\/\/www.lpn.si\/it\/wp-json\/wp\/v2\/pages\/782"}],"wp:featuredmedia":[{"embeddable":true,"href":"https:\/\/www.lpn.si\/it\/wp-json\/wp\/v2\/media\/474"}],"wp:attachment":[{"href":"https:\/\/www.lpn.si\/it\/wp-json\/wp\/v2\/media?parent=820"}],"curies":[{"name":"wp","href":"https:\/\/api.w.org\/{rel}","templated":true}]}}