{"id":818,"date":"2016-12-20T07:57:39","date_gmt":"2016-12-20T07:57:39","guid":{"rendered":"https:\/\/www.lpn.si\/?page_id=818"},"modified":"2025-04-15T19:48:16","modified_gmt":"2025-04-15T19:48:16","slug":"sokolarjenje","status":"publish","type":"page","link":"https:\/\/www.lpn.si\/it\/nacin-lova\/sokolarjenje\/","title":{"rendered":"Falconeria"},"content":{"rendered":"<p><\/p>\n<h1><strong><em>Falconeria<\/em><\/strong><\/h1>\n<p>La falconeria \u00e8 una pratica venatoria basata sull&#8217;uso di falchi o altri uccelli rapaci per catturare prede, solitamente altri uccelli, che rappresenta una delle pi\u00f9 antiche pratiche di caccia conservati. Si \u00e8 quindi incluso nella Lista dei p<em>atrimoni dell<\/em>&#8216;umanit\u00e0. In falconeria la caccia \u00e8 effettuata da un predatore naturale, l&#8217;uomo \u00e8 solo il suo assistente. Gli uccelli rapaci possono stabilire una eccellente collaborazione con i cani da caccia che trovano la selvaggina nascosta e la recuperano. In Slovenia, la falconeria \u00e8 consentita dalla legge, con una pre-condizione di passare l&#8217;esame di falconeria e di caccia, e si deve anche ottenere le autorizzazioni appropriate per l&#8217;allevamento e il possesso dei suddetti rapaci.<\/p>\n<p><a href=\"https:\/\/www.lpn.si\/wp-content\/uploads\/2016\/06\/34_Lov-s-sokolom-oziroma-skolarjenje-v-LPN-Fazan-Peskovci-e1469014044304.jpg\"><img decoding=\"async\" loading=\"lazy\" class=\"wp-image-407 size-thumbnail\" src=\"https:\/\/www.lpn.si\/wp-content\/uploads\/2016\/06\/34_Lov-s-sokolom-oziroma-skolarjenje-v-LPN-Fazan-Peskovci-250x200.jpg\" alt=\"sokolarjenje\" width=\"250\" height=\"200\" \/><\/a><\/p>\n<p>Falconeria nella ZCS Fazan Beltinci<\/p>\n<p>Falconeria \u00e8 una forma di caccia unica e molto esigente. Essa richiede un sacco di pazienza, tempo e conoscenze da un falconiere, in modo che il cacciatore stabilisce relazioni e fiducia con un falco. La quantit\u00e0 di selvaggina abbattuta in falconeria \u00e8 significativamente inferiore rispetto ad altre forme di caccia.<\/p>\n<p>Falconeria come una forma di caccia in Zona di caccia statale \u00e8 implementata nella ZCS Fazan Beltinci. Ogni anno alla fine di ottobre si organizza una festa di falconeria nei terreni di caccia, incluso la caccia con il falco.<\/p>","protected":false},"excerpt":{"rendered":"Falconeria La falconeria \u00e8 una pratica venatoria basata sull&#8217;uso di falchi o altri uccelli rapaci per catturare prede, solitamente altri uccelli, che rappresenta una delle pi\u00f9 antiche pratiche di caccia conservati. Si \u00e8 quindi incluso nella Lista dei patrimoni dell&#8216;umanit\u00e0. In falconeria la caccia \u00e8 effettuata da un predatore naturale, l&#8217;uomo \u00e8 solo il suo [&hellip;]","protected":false},"author":3,"featured_media":407,"parent":782,"menu_order":12,"comment_status":"closed","ping_status":"closed","template":"page-nacin-lova.php","meta":[],"acf":[],"yoast_head":"<!-- This site is optimized with the Yoast SEO plugin v20.12 - https:\/\/yoast.com\/wordpress\/plugins\/seo\/ -->\n<title>Sokolarjenje - LPN - Lovi\u0161\u010da s posebnim namenom<\/title>\n<meta name=\"description\" content=\"Sokolarjenje je lov s pomo\u010djo posebej iz\u0161olane ptice ujede, obi\u010dajno s sokolom ali kraguljem, kar je eden izmed najstarej\u0161ih \u0161e ohranjenih na\u010dinov lova.\" \/>\n<meta name=\"robots\" content=\"index, follow, max-snippet:-1, max-image-preview:large, max-video-preview:-1\" \/>\n<link rel=\"canonical\" href=\"https:\/\/www.lpn.si\/nacin-lova\/sokolarjenje\/\" \/>\n<meta property=\"og:locale\" content=\"it_IT\" \/>\n<meta property=\"og:type\" content=\"article\" \/>\n<meta property=\"og:title\" content=\"[:sl]Sokolarjenje - LPN - Lovi\u0161\u010da s posebnim namenom[:]\" \/>\n<meta property=\"og:description\" content=\"{:sl}Sokolarjenje je lov s pomo\u010djo posebej iz\u0161olane ptice ujede, obi\u010dajno s sokolom ali kraguljem, kar je eden izmed najstarej\u0161ih \u0161e ohranjenih na\u010dinov lova.{:}\" \/>\n<meta property=\"og:url\" content=\"https:\/\/www.lpn.si\/nacin-lova\/sokolarjenje\/\" \/>\n<meta property=\"og:site_name\" content=\"LPN\" \/>\n<meta property=\"article:modified_time\" content=\"2025-04-15T19:48:16+00:00\" \/>\n<meta property=\"og:image\" content=\"https:\/\/www.lpn.si\/wp-content\/uploads\/2016\/06\/34_Lov-s-sokolom-oziroma-skolarjenje-v-LPN-Fazan-Peskovci-e1469014044304.jpg\" \/>\n\t<meta property=\"og:image:width\" content=\"1920\" \/>\n\t<meta property=\"og:image:height\" content=\"1280\" \/>\n\t<meta property=\"og:image:type\" content=\"image\/jpeg\" \/>\n<meta name=\"twitter:card\" content=\"summary_large_image\" \/>\n<meta name=\"twitter:label1\" content=\"Tempo di lettura stimato\" \/>\n\t<meta name=\"twitter:data1\" content=\"2 minuti\" \/>\n<script type=\"application\/ld+json\" class=\"yoast-schema-graph\">{\"@context\":\"https:\/\/schema.org\",\"@graph\":[{\"@type\":\"WebPage\",\"@id\":\"https:\/\/www.lpn.si\/nacin-lova\/sokolarjenje\/\",\"url\":\"https:\/\/www.lpn.si\/nacin-lova\/sokolarjenje\/\",\"name\":\"[:sl]Sokolarjenje - LPN - Lovi\u0161\u010da s posebnim namenom[:]\",\"isPartOf\":{\"@id\":\"https:\/\/www.lpn.si\/it\/#website\"},\"datePublished\":\"2016-12-20T07:57:39+00:00\",\"dateModified\":\"2025-04-15T19:48:16+00:00\",\"description\":\"{:sl}Sokolarjenje je lov s pomo\u010djo posebej iz\u0161olane ptice ujede, obi\u010dajno s sokolom ali kraguljem, kar je eden izmed najstarej\u0161ih \u0161e ohranjenih na\u010dinov lova.{:}\",\"breadcrumb\":{\"@id\":\"https:\/\/www.lpn.si\/nacin-lova\/sokolarjenje\/#breadcrumb\"},\"inLanguage\":\"it-IT\",\"potentialAction\":[{\"@type\":\"ReadAction\",\"target\":[\"https:\/\/www.lpn.si\/nacin-lova\/sokolarjenje\/\"]}]},{\"@type\":\"BreadcrumbList\",\"@id\":\"https:\/\/www.lpn.si\/nacin-lova\/sokolarjenje\/#breadcrumb\",\"itemListElement\":[{\"@type\":\"ListItem\",\"position\":1,\"name\":\"Home\",\"item\":\"https:\/\/www.lpn.si\/\"},{\"@type\":\"ListItem\",\"position\":2,\"name\":\"Na\u010dini lova\",\"item\":\"https:\/\/www.lpn.si\/nacin-lova\/\"},{\"@type\":\"ListItem\",\"position\":3,\"name\":\"Sokolarjenje\"}]},{\"@type\":\"WebSite\",\"@id\":\"https:\/\/www.lpn.si\/it\/#website\",\"url\":\"https:\/\/www.lpn.si\/it\/\",\"name\":\"LPN\",\"description\":\"ZAVOD za GOZDOVE SLOVENIJE\",\"potentialAction\":[{\"@type\":\"SearchAction\",\"target\":{\"@type\":\"EntryPoint\",\"urlTemplate\":\"https:\/\/www.lpn.si\/it\/?s={search_term_string}\"},\"query-input\":\"required name=search_term_string\"}],\"inLanguage\":\"it-IT\"}]}<\/script>\n<!-- \/ Yoast SEO plugin. -->","yoast_head_json":{"title":"Sokolarjenje - LPN - Lovi\u0161\u010da s posebnim namenom","description":"Sokolarjenje je lov s pomo\u010djo posebej iz\u0161olane ptice ujede, obi\u010dajno s sokolom ali kraguljem, kar je eden izmed najstarej\u0161ih \u0161e ohranjenih na\u010dinov lova.","robots":{"index":"index","follow":"follow","max-snippet":"max-snippet:-1","max-image-preview":"max-image-preview:large","max-video-preview":"max-video-preview:-1"},"canonical":"https:\/\/www.lpn.si\/nacin-lova\/sokolarjenje\/","og_locale":"it_IT","og_type":"article","og_title":"[:sl]Sokolarjenje - LPN - Lovi\u0161\u010da s posebnim namenom[:]","og_description":"{:sl}Sokolarjenje je lov s pomo\u010djo posebej iz\u0161olane ptice ujede, obi\u010dajno s sokolom ali kraguljem, kar je eden izmed najstarej\u0161ih \u0161e ohranjenih na\u010dinov lova.{:}","og_url":"https:\/\/www.lpn.si\/nacin-lova\/sokolarjenje\/","og_site_name":"LPN","article_modified_time":"2025-04-15T19:48:16+00:00","og_image":[{"width":1920,"height":1280,"url":"https:\/\/www.lpn.si\/wp-content\/uploads\/2016\/06\/34_Lov-s-sokolom-oziroma-skolarjenje-v-LPN-Fazan-Peskovci-e1469014044304.jpg","type":"image\/jpeg"}],"twitter_card":"summary_large_image","twitter_misc":{"Tempo di lettura stimato":"2 minuti"},"schema":{"@context":"https:\/\/schema.org","@graph":[{"@type":"WebPage","@id":"https:\/\/www.lpn.si\/nacin-lova\/sokolarjenje\/","url":"https:\/\/www.lpn.si\/nacin-lova\/sokolarjenje\/","name":"[:sl]Sokolarjenje - LPN - Lovi\u0161\u010da s posebnim namenom[:]","isPartOf":{"@id":"https:\/\/www.lpn.si\/it\/#website"},"datePublished":"2016-12-20T07:57:39+00:00","dateModified":"2025-04-15T19:48:16+00:00","description":"{:sl}Sokolarjenje je lov s pomo\u010djo posebej iz\u0161olane ptice ujede, obi\u010dajno s sokolom ali kraguljem, kar je eden izmed najstarej\u0161ih \u0161e ohranjenih na\u010dinov lova.{:}","breadcrumb":{"@id":"https:\/\/www.lpn.si\/nacin-lova\/sokolarjenje\/#breadcrumb"},"inLanguage":"it-IT","potentialAction":[{"@type":"ReadAction","target":["https:\/\/www.lpn.si\/nacin-lova\/sokolarjenje\/"]}]},{"@type":"BreadcrumbList","@id":"https:\/\/www.lpn.si\/nacin-lova\/sokolarjenje\/#breadcrumb","itemListElement":[{"@type":"ListItem","position":1,"name":"Home","item":"https:\/\/www.lpn.si\/"},{"@type":"ListItem","position":2,"name":"Na\u010dini lova","item":"https:\/\/www.lpn.si\/nacin-lova\/"},{"@type":"ListItem","position":3,"name":"Sokolarjenje"}]},{"@type":"WebSite","@id":"https:\/\/www.lpn.si\/it\/#website","url":"https:\/\/www.lpn.si\/it\/","name":"LPN","description":"ZAVOD za GOZDOVE SLOVENIJE","potentialAction":[{"@type":"SearchAction","target":{"@type":"EntryPoint","urlTemplate":"https:\/\/www.lpn.si\/it\/?s={search_term_string}"},"query-input":"required name=search_term_string"}],"inLanguage":"it-IT"}]}},"_links":{"self":[{"href":"https:\/\/www.lpn.si\/it\/wp-json\/wp\/v2\/pages\/818"}],"collection":[{"href":"https:\/\/www.lpn.si\/it\/wp-json\/wp\/v2\/pages"}],"about":[{"href":"https:\/\/www.lpn.si\/it\/wp-json\/wp\/v2\/types\/page"}],"author":[{"embeddable":true,"href":"https:\/\/www.lpn.si\/it\/wp-json\/wp\/v2\/users\/3"}],"replies":[{"embeddable":true,"href":"https:\/\/www.lpn.si\/it\/wp-json\/wp\/v2\/comments?post=818"}],"version-history":[{"count":9,"href":"https:\/\/www.lpn.si\/it\/wp-json\/wp\/v2\/pages\/818\/revisions"}],"predecessor-version":[{"id":13927,"href":"https:\/\/www.lpn.si\/it\/wp-json\/wp\/v2\/pages\/818\/revisions\/13927"}],"up":[{"embeddable":true,"href":"https:\/\/www.lpn.si\/it\/wp-json\/wp\/v2\/pages\/782"}],"wp:featuredmedia":[{"embeddable":true,"href":"https:\/\/www.lpn.si\/it\/wp-json\/wp\/v2\/media\/407"}],"wp:attachment":[{"href":"https:\/\/www.lpn.si\/it\/wp-json\/wp\/v2\/media?parent=818"}],"curies":[{"name":"wp","href":"https:\/\/api.w.org\/{rel}","templated":true}]}}