{"id":816,"date":"2016-12-20T07:57:12","date_gmt":"2016-12-20T07:57:12","guid":{"rendered":"https:\/\/www.lpn.si\/?page_id=816"},"modified":"2017-08-04T08:27:43","modified_gmt":"2017-08-04T08:27:43","slug":"sarjenje","status":"publish","type":"page","link":"https:\/\/www.lpn.si\/it\/nacin-lova\/sarjenje\/","title":{"rendered":"Retriever o cani di riporto"},"content":{"rendered":"<p><\/p>\n<h1><strong><em>Retriever o cani di riporto<\/em><\/strong><\/h1>\n<p>Uno delle forme di caccia nella Zona di caccia statale viene effettuata anche da cani da caccia che fanno parte del Gruppo 8 dell&#8217;elenco delle razze italiane riconosciute dall&#8217;ENCI, chiamati i retriever o cani da riporto. Il cane da riporto addestrato si blocca quando incontra la preda e la recupera su comando quando un cacciatore si avvicina, o cerca da solo davanti al cacciatore. Quando la selvaggina \u00e8 abbattuta il cane rimane in attesa per le istruzioni dal cacciatore, in seguito cercando e recuperando la selvaggina. Nel caso in cui il tiro non ha avuto successo, il cane continua a cercare.<\/p>\n<p><a href=\"https:\/\/www.lpn.si\/wp-content\/uploads\/2016\/07\/Ni\u017einski-del-LPN-Ljubljani-vrh-Ljubljansko-Barje-pred-son\u010dnim-vzhodom.jpg\"><img decoding=\"async\" loading=\"lazy\" class=\"wp-image-319 size-thumbnail\" src=\"https:\/\/www.lpn.si\/wp-content\/uploads\/2016\/07\/Ni\u017einski-del-LPN-Ljubljani-vrh-Ljubljansko-Barje-pred-son\u010dnim-vzhodom-250x200.jpg\" alt=\"\u0161arjenje\" width=\"250\" height=\"200\" \/><\/a><\/p>\n<p>Le pianure nella ZCS Ljubljanski Vrh, la <em>palude<\/em> Barje <em>di Lubiana<\/em>, prima dell&#8217;alba<\/p>\n<p>Caccia con l&#8217;aiuto di cani da riporto \u00e8 particolarmente adatto per la selvaggina minore, per esempio lepre, fagiano, starna e germano reale.<\/p>\n<p>Nelle Zona di caccia statale la caccia al germano reale e fagiano viene effettuata nella ZCS Ljubljanski Vrh, mentre nella ZCS Kompas Peskovci si possono cacciare fagiani, e nella ZCS Fazan Beltinci offrono la caccia alla starne e lepre, fagiano e germano reale.<\/p>","protected":false},"excerpt":{"rendered":"Retriever o cani di riporto Uno delle forme di caccia nella Zona di caccia statale viene effettuata anche da cani da caccia che fanno parte del Gruppo 8 dell&#8217;elenco delle razze italiane riconosciute dall&#8217;ENCI, chiamati i retriever o cani da riporto. Il cane da riporto addestrato si blocca quando incontra la preda e la recupera [&hellip;]","protected":false},"author":3,"featured_media":319,"parent":782,"menu_order":11,"comment_status":"closed","ping_status":"closed","template":"page-nacin-lova.php","meta":[],"acf":[],"yoast_head":"<!-- This site is optimized with the Yoast SEO plugin v20.12 - https:\/\/yoast.com\/wordpress\/plugins\/seo\/ -->\n<title>\u0160arjenje - Na\u010din lova - LPN - Lovi\u0161\u010da s posebnim namenom<\/title>\n<meta name=\"description\" content=\"V Lovi\u0161\u010dih s posebnim namenom je eden od na\u010dinov lova tudi \u0161arjenje. Pri \u0161arjenju \u0161olan pes pred skrito divjadjo obstane in jo na povelje dvigne, ko se...\" \/>\n<meta name=\"robots\" content=\"index, follow, max-snippet:-1, max-image-preview:large, max-video-preview:-1\" \/>\n<link rel=\"canonical\" href=\"https:\/\/www.lpn.si\/nacin-lova\/sarjenje\/\" \/>\n<meta property=\"og:locale\" content=\"it_IT\" \/>\n<meta property=\"og:type\" content=\"article\" \/>\n<meta property=\"og:title\" content=\"\u0160arjenje - Na\u010din lova - LPN - Lovi\u0161\u010da s posebnim namenom\" \/>\n<meta property=\"og:description\" content=\"V Lovi\u0161\u010dih s posebnim namenom je eden od na\u010dinov lova tudi \u0161arjenje. Pri \u0161arjenju \u0161olan pes pred skrito divjadjo obstane in jo na povelje dvigne, ko se...\" \/>\n<meta property=\"og:url\" content=\"https:\/\/www.lpn.si\/nacin-lova\/sarjenje\/\" \/>\n<meta property=\"og:site_name\" content=\"LPN\" \/>\n<meta property=\"article:modified_time\" content=\"2017-08-04T08:27:43+00:00\" \/>\n<meta property=\"og:image\" content=\"https:\/\/www.lpn.si\/wp-content\/uploads\/2016\/07\/Ni\u017einski-del-LPN-Ljubljani-vrh-Ljubljansko-Barje-pred-son\u010dnim-vzhodom.jpg\" \/>\n\t<meta property=\"og:image:width\" content=\"1920\" \/>\n\t<meta property=\"og:image:height\" content=\"1440\" \/>\n\t<meta property=\"og:image:type\" content=\"image\/jpeg\" \/>\n<meta name=\"twitter:card\" content=\"summary_large_image\" \/>\n<meta name=\"twitter:label1\" content=\"Tempo di lettura stimato\" \/>\n\t<meta name=\"twitter:data1\" content=\"3 minuti\" \/>\n<script type=\"application\/ld+json\" class=\"yoast-schema-graph\">{\"@context\":\"https:\/\/schema.org\",\"@graph\":[{\"@type\":\"WebPage\",\"@id\":\"https:\/\/www.lpn.si\/nacin-lova\/sarjenje\/\",\"url\":\"https:\/\/www.lpn.si\/nacin-lova\/sarjenje\/\",\"name\":\"\u0160arjenje - Na\u010din lova - LPN - Lovi\u0161\u010da s posebnim namenom\",\"isPartOf\":{\"@id\":\"https:\/\/www.lpn.si\/it\/#website\"},\"datePublished\":\"2016-12-20T07:57:12+00:00\",\"dateModified\":\"2017-08-04T08:27:43+00:00\",\"description\":\"V Lovi\u0161\u010dih s posebnim namenom je eden od na\u010dinov lova tudi \u0161arjenje. Pri \u0161arjenju \u0161olan pes pred skrito divjadjo obstane in jo na povelje dvigne, ko se...\",\"breadcrumb\":{\"@id\":\"https:\/\/www.lpn.si\/nacin-lova\/sarjenje\/#breadcrumb\"},\"inLanguage\":\"it-IT\",\"potentialAction\":[{\"@type\":\"ReadAction\",\"target\":[\"https:\/\/www.lpn.si\/nacin-lova\/sarjenje\/\"]}]},{\"@type\":\"BreadcrumbList\",\"@id\":\"https:\/\/www.lpn.si\/nacin-lova\/sarjenje\/#breadcrumb\",\"itemListElement\":[{\"@type\":\"ListItem\",\"position\":1,\"name\":\"Home\",\"item\":\"https:\/\/www.lpn.si\/\"},{\"@type\":\"ListItem\",\"position\":2,\"name\":\"Na\u010dini lova\",\"item\":\"https:\/\/www.lpn.si\/nacin-lova\/\"},{\"@type\":\"ListItem\",\"position\":3,\"name\":\"\u0160arjenje\"}]},{\"@type\":\"WebSite\",\"@id\":\"https:\/\/www.lpn.si\/it\/#website\",\"url\":\"https:\/\/www.lpn.si\/it\/\",\"name\":\"LPN\",\"description\":\"ZAVOD za GOZDOVE SLOVENIJE\",\"potentialAction\":[{\"@type\":\"SearchAction\",\"target\":{\"@type\":\"EntryPoint\",\"urlTemplate\":\"https:\/\/www.lpn.si\/it\/?s={search_term_string}\"},\"query-input\":\"required name=search_term_string\"}],\"inLanguage\":\"it-IT\"}]}<\/script>\n<!-- \/ Yoast SEO plugin. -->","yoast_head_json":{"title":"\u0160arjenje - Na\u010din lova - LPN - Lovi\u0161\u010da s posebnim namenom","description":"V Lovi\u0161\u010dih s posebnim namenom je eden od na\u010dinov lova tudi \u0161arjenje. Pri \u0161arjenju \u0161olan pes pred skrito divjadjo obstane in jo na povelje dvigne, ko se...","robots":{"index":"index","follow":"follow","max-snippet":"max-snippet:-1","max-image-preview":"max-image-preview:large","max-video-preview":"max-video-preview:-1"},"canonical":"https:\/\/www.lpn.si\/nacin-lova\/sarjenje\/","og_locale":"it_IT","og_type":"article","og_title":"\u0160arjenje - Na\u010din lova - LPN - Lovi\u0161\u010da s posebnim namenom","og_description":"V Lovi\u0161\u010dih s posebnim namenom je eden od na\u010dinov lova tudi \u0161arjenje. Pri \u0161arjenju \u0161olan pes pred skrito divjadjo obstane in jo na povelje dvigne, ko se...","og_url":"https:\/\/www.lpn.si\/nacin-lova\/sarjenje\/","og_site_name":"LPN","article_modified_time":"2017-08-04T08:27:43+00:00","og_image":[{"width":1920,"height":1440,"url":"https:\/\/www.lpn.si\/wp-content\/uploads\/2016\/07\/Ni\u017einski-del-LPN-Ljubljani-vrh-Ljubljansko-Barje-pred-son\u010dnim-vzhodom.jpg","type":"image\/jpeg"}],"twitter_card":"summary_large_image","twitter_misc":{"Tempo di lettura stimato":"3 minuti"},"schema":{"@context":"https:\/\/schema.org","@graph":[{"@type":"WebPage","@id":"https:\/\/www.lpn.si\/nacin-lova\/sarjenje\/","url":"https:\/\/www.lpn.si\/nacin-lova\/sarjenje\/","name":"\u0160arjenje - Na\u010din lova - LPN - Lovi\u0161\u010da s posebnim namenom","isPartOf":{"@id":"https:\/\/www.lpn.si\/it\/#website"},"datePublished":"2016-12-20T07:57:12+00:00","dateModified":"2017-08-04T08:27:43+00:00","description":"V Lovi\u0161\u010dih s posebnim namenom je eden od na\u010dinov lova tudi \u0161arjenje. Pri \u0161arjenju \u0161olan pes pred skrito divjadjo obstane in jo na povelje dvigne, ko se...","breadcrumb":{"@id":"https:\/\/www.lpn.si\/nacin-lova\/sarjenje\/#breadcrumb"},"inLanguage":"it-IT","potentialAction":[{"@type":"ReadAction","target":["https:\/\/www.lpn.si\/nacin-lova\/sarjenje\/"]}]},{"@type":"BreadcrumbList","@id":"https:\/\/www.lpn.si\/nacin-lova\/sarjenje\/#breadcrumb","itemListElement":[{"@type":"ListItem","position":1,"name":"Home","item":"https:\/\/www.lpn.si\/"},{"@type":"ListItem","position":2,"name":"Na\u010dini lova","item":"https:\/\/www.lpn.si\/nacin-lova\/"},{"@type":"ListItem","position":3,"name":"\u0160arjenje"}]},{"@type":"WebSite","@id":"https:\/\/www.lpn.si\/it\/#website","url":"https:\/\/www.lpn.si\/it\/","name":"LPN","description":"ZAVOD za GOZDOVE SLOVENIJE","potentialAction":[{"@type":"SearchAction","target":{"@type":"EntryPoint","urlTemplate":"https:\/\/www.lpn.si\/it\/?s={search_term_string}"},"query-input":"required name=search_term_string"}],"inLanguage":"it-IT"}]}},"_links":{"self":[{"href":"https:\/\/www.lpn.si\/it\/wp-json\/wp\/v2\/pages\/816"}],"collection":[{"href":"https:\/\/www.lpn.si\/it\/wp-json\/wp\/v2\/pages"}],"about":[{"href":"https:\/\/www.lpn.si\/it\/wp-json\/wp\/v2\/types\/page"}],"author":[{"embeddable":true,"href":"https:\/\/www.lpn.si\/it\/wp-json\/wp\/v2\/users\/3"}],"replies":[{"embeddable":true,"href":"https:\/\/www.lpn.si\/it\/wp-json\/wp\/v2\/comments?post=816"}],"version-history":[{"count":7,"href":"https:\/\/www.lpn.si\/it\/wp-json\/wp\/v2\/pages\/816\/revisions"}],"predecessor-version":[{"id":1159,"href":"https:\/\/www.lpn.si\/it\/wp-json\/wp\/v2\/pages\/816\/revisions\/1159"}],"up":[{"embeddable":true,"href":"https:\/\/www.lpn.si\/it\/wp-json\/wp\/v2\/pages\/782"}],"wp:featuredmedia":[{"embeddable":true,"href":"https:\/\/www.lpn.si\/it\/wp-json\/wp\/v2\/media\/319"}],"wp:attachment":[{"href":"https:\/\/www.lpn.si\/it\/wp-json\/wp\/v2\/media?parent=816"}],"curies":[{"name":"wp","href":"https:\/\/api.w.org\/{rel}","templated":true}]}}