{"id":804,"date":"2016-12-20T07:54:28","date_gmt":"2016-12-20T07:54:28","guid":{"rendered":"https:\/\/www.lpn.si\/?page_id=804"},"modified":"2025-04-15T19:44:13","modified_gmt":"2025-04-15T19:44:13","slug":"celoleten-lov-divjega-prasica","status":"publish","type":"page","link":"https:\/\/www.lpn.si\/it\/nacin-lova\/celoleten-lov-divjega-prasica\/","title":{"rendered":"Caccia al cinghiale durante tutto l&#8217;anno"},"content":{"rendered":"<p><\/p>\n<h1><strong><em>Caccia al cinghiale durante tutto l&#8217;anno<\/em><\/strong><\/h1>\n<p>Caccia ai cinghiali \u2013 maschi avviene in Slovenia durante tutto l&#8217;anno, mentre la caccia di cinghiali \u2013 femine \u00e8 svolta dal 1\u00b0 luglio fino alla fine di gennaio.<\/p>\n<p>Ospite di caccia in Zona di caccia statale pu\u00f2 decidere di cacciare cinghiali da appostamento. La caccia da appostamento ha il maggior successo nelle ore serali e notturne, lungo i terreni agricoli al momento della maturazione di colture, ai guazzi, lungo sentieri e siti di alimentazione.<\/p>\n<p><img decoding=\"async\" loading=\"lazy\" width=\"250\" height=\"96\" class=\"alignnone size-medium wp-image-741\" src=\"https:\/\/www.lpn.si\/wp-content\/uploads\/2016\/06\/11_Pogon-divjih-pra\u0161i\u010dev-na-skupinskem-lovu-v-LPN-na-Ko\u010devskem-1-e1479263217816-250x96.jpg\" alt=\"divji pra\u0161i\u010d\" srcset=\"https:\/\/www.lpn.si\/wp-content\/uploads\/2016\/06\/11_Pogon-divjih-pra\u0161i\u010dev-na-skupinskem-lovu-v-LPN-na-Ko\u010devskem-1-e1479263217816-250x96.jpg 250w, https:\/\/www.lpn.si\/wp-content\/uploads\/2016\/06\/11_Pogon-divjih-pra\u0161i\u010dev-na-skupinskem-lovu-v-LPN-na-Ko\u010devskem-1-e1479263217816-700x268.jpg 700w, https:\/\/www.lpn.si\/wp-content\/uploads\/2016\/06\/11_Pogon-divjih-pra\u0161i\u010dev-na-skupinskem-lovu-v-LPN-na-Ko\u010devskem-1-e1479263217816-120x46.jpg 120w, https:\/\/www.lpn.si\/wp-content\/uploads\/2016\/06\/11_Pogon-divjih-pra\u0161i\u010dev-na-skupinskem-lovu-v-LPN-na-Ko\u010devskem-1-e1479263217816.jpg 1920w\" sizes=\"(max-width: 250px) 100vw, 250px\" \/><\/p>\n<p>B<em>attuta di<\/em> caccia al <em>cinghiale<\/em> durante la caccia collettiva nella ZCS Ko\u010devje<\/p>\n<p>Una sfida particolare \u00e8 caccia di attesa al cinghiale, con il maggior successo soprattutto nel primo mattino sui prati, pascoli e campi. La caccia di attesa al cinghiale \u00e8 particolarmente efficace durante la stagione degli amori, quando possono essere ascoltati, <strong>perch\u00e9<\/strong> in tal modo \u00e8 possibile determinare la loro posizione e con un po di fortuna anche sorprenderli.<\/p>\n<p>Caccia al cinghiale in Zona di caccia statale viene eseguita in ZCS Jelen, ZCS Prodi Razor, ZCS Ko\u010devje, ZCS Ljubljanski Vrh, ZCS Pohorje e ZCS Kompas Peskovci. Paesaggio, il clima, l&#8217;accesso e la difficolt\u00e0 di caccia in zone di caccia elencati sono molto diversi, in modo che ogni ospite di caccia pu\u00f2 scegliere il suo terreno di caccia preferito. Grazie alla possibilit\u00e0 di scelta la caccia al cinghiale in queste ZCS \u00e8 adatta per tutti i veri cacciatori.<\/p>\n<p>La caccia \u00e8 eseguita da cacciatori professionisti che conoscono i movimenti dei cinghiali maschi e femine e nel terreno di caccia.<\/p>\n<p><img decoding=\"async\" loading=\"lazy\" width=\"250\" height=\"166\" class=\"alignnone size-medium wp-image-472\" src=\"https:\/\/www.lpn.si\/wp-content\/uploads\/2016\/06\/12_Prihod-divjih-pra\u0161i\u010dev-na-skupinskem-lovu-v-LPN-na-Ko\u010devskem-250x166.jpg\" alt=\"ko\u010devskem\" \/><\/p>\n<p>Arrivo di cinghiali durante la caccia collettiva nella ZCS Ko\u010devje<\/p>\n<p>Su richiesta e mediante accordo pu\u00f2 essere organizzata la caccia collettiva \u2013 battuta di caccia al cinghiale in Zona di caccia statale, soprattutto in ZCS Jelen e ZCS Ko\u010devje.<\/p>\n<p>&nbsp;<\/p>","protected":false},"excerpt":{"rendered":"Caccia al cinghiale durante tutto l&#8217;anno Caccia ai cinghiali \u2013 maschi avviene in Slovenia durante tutto l&#8217;anno, mentre la caccia di cinghiali \u2013 femine \u00e8 svolta dal 1\u00b0 luglio fino alla fine di gennaio. Ospite di caccia in Zona di caccia statale pu\u00f2 decidere di cacciare cinghiali da appostamento. La caccia da appostamento ha il [&hellip;]","protected":false},"author":3,"featured_media":741,"parent":782,"menu_order":5,"comment_status":"closed","ping_status":"closed","template":"page-nacin-lova.php","meta":[],"acf":[],"yoast_head":"<!-- This site is optimized with the Yoast SEO plugin v20.12 - https:\/\/yoast.com\/wordpress\/plugins\/seo\/ -->\n<title>Celoleten lov na divjega pra\u0161i\u010da - LPN - Lovi\u0161\u010da s posebnim namenom<\/title>\n<meta name=\"description\" content=\"Lov divjega pra\u0161i\u010da, merjasca, poteka v Sloveniji celo leto, lov divje svinje pa od 1. julija do konca januarja. Lovski gost se lahko v Lovi\u0161\u010dih s posebnim.\" \/>\n<meta name=\"robots\" content=\"index, follow, max-snippet:-1, max-image-preview:large, max-video-preview:-1\" \/>\n<link rel=\"canonical\" href=\"https:\/\/www.lpn.si\/nacin-lova\/celoleten-lov-divjega-prasica\/\" \/>\n<meta property=\"og:locale\" content=\"it_IT\" \/>\n<meta property=\"og:type\" content=\"article\" \/>\n<meta property=\"og:title\" content=\"[:sl]Celoleten lov na divjega pra\u0161i\u010da - LPN - Lovi\u0161\u010da s posebnim namenom[:]\" \/>\n<meta property=\"og:description\" content=\"{:sl}Lov divjega pra\u0161i\u010da, merjasca, poteka v Sloveniji celo leto, lov divje svinje pa od 1. julija do konca januarja. Lovski gost se lahko v Lovi\u0161\u010dih s posebnim.{:}\" \/>\n<meta property=\"og:url\" content=\"https:\/\/www.lpn.si\/nacin-lova\/celoleten-lov-divjega-prasica\/\" \/>\n<meta property=\"og:site_name\" content=\"LPN\" \/>\n<meta property=\"article:modified_time\" content=\"2025-04-15T19:44:13+00:00\" \/>\n<meta property=\"og:image\" content=\"https:\/\/www.lpn.si\/wp-content\/uploads\/2016\/06\/11_Pogon-divjih-pra\u0161i\u010dev-na-skupinskem-lovu-v-LPN-na-Ko\u010devskem-1-e1479263217816.jpg\" \/>\n\t<meta property=\"og:image:width\" content=\"1920\" \/>\n\t<meta property=\"og:image:height\" content=\"734\" \/>\n\t<meta property=\"og:image:type\" content=\"image\/jpeg\" \/>\n<meta name=\"twitter:card\" content=\"summary_large_image\" \/>\n<meta name=\"twitter:label1\" content=\"Tempo di lettura stimato\" \/>\n\t<meta name=\"twitter:data1\" content=\"2 minuti\" \/>\n<script type=\"application\/ld+json\" class=\"yoast-schema-graph\">{\"@context\":\"https:\/\/schema.org\",\"@graph\":[{\"@type\":\"WebPage\",\"@id\":\"https:\/\/www.lpn.si\/nacin-lova\/celoleten-lov-divjega-prasica\/\",\"url\":\"https:\/\/www.lpn.si\/nacin-lova\/celoleten-lov-divjega-prasica\/\",\"name\":\"[:sl]Celoleten lov na divjega pra\u0161i\u010da - LPN - Lovi\u0161\u010da s posebnim namenom[:]\",\"isPartOf\":{\"@id\":\"https:\/\/www.lpn.si\/it\/#website\"},\"datePublished\":\"2016-12-20T07:54:28+00:00\",\"dateModified\":\"2025-04-15T19:44:13+00:00\",\"description\":\"{:sl}Lov divjega pra\u0161i\u010da, merjasca, poteka v Sloveniji celo leto, lov divje svinje pa od 1. julija do konca januarja. Lovski gost se lahko v Lovi\u0161\u010dih s posebnim.{:}\",\"breadcrumb\":{\"@id\":\"https:\/\/www.lpn.si\/nacin-lova\/celoleten-lov-divjega-prasica\/#breadcrumb\"},\"inLanguage\":\"it-IT\",\"potentialAction\":[{\"@type\":\"ReadAction\",\"target\":[\"https:\/\/www.lpn.si\/nacin-lova\/celoleten-lov-divjega-prasica\/\"]}]},{\"@type\":\"BreadcrumbList\",\"@id\":\"https:\/\/www.lpn.si\/nacin-lova\/celoleten-lov-divjega-prasica\/#breadcrumb\",\"itemListElement\":[{\"@type\":\"ListItem\",\"position\":1,\"name\":\"Home\",\"item\":\"https:\/\/www.lpn.si\/\"},{\"@type\":\"ListItem\",\"position\":2,\"name\":\"Na\u010dini lova\",\"item\":\"https:\/\/www.lpn.si\/nacin-lova\/\"},{\"@type\":\"ListItem\",\"position\":3,\"name\":\"Celoleten lov na divjega pra\u0161i\u010da\"}]},{\"@type\":\"WebSite\",\"@id\":\"https:\/\/www.lpn.si\/it\/#website\",\"url\":\"https:\/\/www.lpn.si\/it\/\",\"name\":\"LPN\",\"description\":\"ZAVOD za GOZDOVE SLOVENIJE\",\"potentialAction\":[{\"@type\":\"SearchAction\",\"target\":{\"@type\":\"EntryPoint\",\"urlTemplate\":\"https:\/\/www.lpn.si\/it\/?s={search_term_string}\"},\"query-input\":\"required name=search_term_string\"}],\"inLanguage\":\"it-IT\"}]}<\/script>\n<!-- \/ Yoast SEO plugin. -->","yoast_head_json":{"title":"Celoleten lov na divjega pra\u0161i\u010da - LPN - Lovi\u0161\u010da s posebnim namenom","description":"Lov divjega pra\u0161i\u010da, merjasca, poteka v Sloveniji celo leto, lov divje svinje pa od 1. julija do konca januarja. Lovski gost se lahko v Lovi\u0161\u010dih s posebnim.","robots":{"index":"index","follow":"follow","max-snippet":"max-snippet:-1","max-image-preview":"max-image-preview:large","max-video-preview":"max-video-preview:-1"},"canonical":"https:\/\/www.lpn.si\/nacin-lova\/celoleten-lov-divjega-prasica\/","og_locale":"it_IT","og_type":"article","og_title":"[:sl]Celoleten lov na divjega pra\u0161i\u010da - LPN - Lovi\u0161\u010da s posebnim namenom[:]","og_description":"{:sl}Lov divjega pra\u0161i\u010da, merjasca, poteka v Sloveniji celo leto, lov divje svinje pa od 1. julija do konca januarja. Lovski gost se lahko v Lovi\u0161\u010dih s posebnim.{:}","og_url":"https:\/\/www.lpn.si\/nacin-lova\/celoleten-lov-divjega-prasica\/","og_site_name":"LPN","article_modified_time":"2025-04-15T19:44:13+00:00","og_image":[{"width":1920,"height":734,"url":"https:\/\/www.lpn.si\/wp-content\/uploads\/2016\/06\/11_Pogon-divjih-pra\u0161i\u010dev-na-skupinskem-lovu-v-LPN-na-Ko\u010devskem-1-e1479263217816.jpg","type":"image\/jpeg"}],"twitter_card":"summary_large_image","twitter_misc":{"Tempo di lettura stimato":"2 minuti"},"schema":{"@context":"https:\/\/schema.org","@graph":[{"@type":"WebPage","@id":"https:\/\/www.lpn.si\/nacin-lova\/celoleten-lov-divjega-prasica\/","url":"https:\/\/www.lpn.si\/nacin-lova\/celoleten-lov-divjega-prasica\/","name":"[:sl]Celoleten lov na divjega pra\u0161i\u010da - LPN - Lovi\u0161\u010da s posebnim namenom[:]","isPartOf":{"@id":"https:\/\/www.lpn.si\/it\/#website"},"datePublished":"2016-12-20T07:54:28+00:00","dateModified":"2025-04-15T19:44:13+00:00","description":"{:sl}Lov divjega pra\u0161i\u010da, merjasca, poteka v Sloveniji celo leto, lov divje svinje pa od 1. julija do konca januarja. Lovski gost se lahko v Lovi\u0161\u010dih s posebnim.{:}","breadcrumb":{"@id":"https:\/\/www.lpn.si\/nacin-lova\/celoleten-lov-divjega-prasica\/#breadcrumb"},"inLanguage":"it-IT","potentialAction":[{"@type":"ReadAction","target":["https:\/\/www.lpn.si\/nacin-lova\/celoleten-lov-divjega-prasica\/"]}]},{"@type":"BreadcrumbList","@id":"https:\/\/www.lpn.si\/nacin-lova\/celoleten-lov-divjega-prasica\/#breadcrumb","itemListElement":[{"@type":"ListItem","position":1,"name":"Home","item":"https:\/\/www.lpn.si\/"},{"@type":"ListItem","position":2,"name":"Na\u010dini lova","item":"https:\/\/www.lpn.si\/nacin-lova\/"},{"@type":"ListItem","position":3,"name":"Celoleten lov na divjega pra\u0161i\u010da"}]},{"@type":"WebSite","@id":"https:\/\/www.lpn.si\/it\/#website","url":"https:\/\/www.lpn.si\/it\/","name":"LPN","description":"ZAVOD za GOZDOVE SLOVENIJE","potentialAction":[{"@type":"SearchAction","target":{"@type":"EntryPoint","urlTemplate":"https:\/\/www.lpn.si\/it\/?s={search_term_string}"},"query-input":"required name=search_term_string"}],"inLanguage":"it-IT"}]}},"_links":{"self":[{"href":"https:\/\/www.lpn.si\/it\/wp-json\/wp\/v2\/pages\/804"}],"collection":[{"href":"https:\/\/www.lpn.si\/it\/wp-json\/wp\/v2\/pages"}],"about":[{"href":"https:\/\/www.lpn.si\/it\/wp-json\/wp\/v2\/types\/page"}],"author":[{"embeddable":true,"href":"https:\/\/www.lpn.si\/it\/wp-json\/wp\/v2\/users\/3"}],"replies":[{"embeddable":true,"href":"https:\/\/www.lpn.si\/it\/wp-json\/wp\/v2\/comments?post=804"}],"version-history":[{"count":11,"href":"https:\/\/www.lpn.si\/it\/wp-json\/wp\/v2\/pages\/804\/revisions"}],"predecessor-version":[{"id":13919,"href":"https:\/\/www.lpn.si\/it\/wp-json\/wp\/v2\/pages\/804\/revisions\/13919"}],"up":[{"embeddable":true,"href":"https:\/\/www.lpn.si\/it\/wp-json\/wp\/v2\/pages\/782"}],"wp:featuredmedia":[{"embeddable":true,"href":"https:\/\/www.lpn.si\/it\/wp-json\/wp\/v2\/media\/741"}],"wp:attachment":[{"href":"https:\/\/www.lpn.si\/it\/wp-json\/wp\/v2\/media?parent=804"}],"curies":[{"name":"wp","href":"https:\/\/api.w.org\/{rel}","templated":true}]}}