{"id":798,"date":"2016-12-20T07:53:05","date_gmt":"2016-12-20T07:53:05","guid":{"rendered":"https:\/\/www.lpn.si\/?page_id=798"},"modified":"2017-08-04T07:47:57","modified_gmt":"2017-08-04T07:47:57","slug":"lov-jelena-v-ruku","status":"publish","type":"page","link":"https:\/\/www.lpn.si\/it\/nacin-lova\/lov-jelena-v-ruku\/","title":{"rendered":"Caccia al cervo durante la stagione degli amori"},"content":{"rendered":"<p><\/p>\n<h1><strong><em>Caccia al cervo durante la stagione degli amori<\/em><\/strong><\/h1>\n<p>Caccia al cervo in ZCS durante la stagione degli amori \u00e8 un&#8217;esperienza speciale per ogni ospite di caccia. Oltre alla caccia in s\u00e9, gli ospiti di caccia sono interessati ad ascoltare il bramito dei cervi e guardare la lotta di due maschi forti per una mandria di cerve.<\/p>\n<p>Gli ospiti di caccia possono optare per la caccia al cervo in calore, il che significa che si pu\u00f2 ascoltare il bramito del cervo, determinare la sua posizione e avvicinarsi.<\/p>\n<p><img decoding=\"async\" loading=\"lazy\" width=\"250\" height=\"167\" class=\"alignnone size-medium wp-image-374\" src=\"https:\/\/www.lpn.si\/wp-content\/uploads\/2016\/06\/10_Jelen-v-ruku-v-LPN-na-Ko\u010devskem-250x167.jpg\" alt=\"10_Jelen v ruku v LPN na Ko\u010devskem\" srcset=\"https:\/\/www.lpn.si\/wp-content\/uploads\/2016\/06\/10_Jelen-v-ruku-v-LPN-na-Ko\u010devskem-250x167.jpg 250w, https:\/\/www.lpn.si\/wp-content\/uploads\/2016\/06\/10_Jelen-v-ruku-v-LPN-na-Ko\u010devskem-120x80.jpg 120w, https:\/\/www.lpn.si\/wp-content\/uploads\/2016\/06\/10_Jelen-v-ruku-v-LPN-na-Ko\u010devskem.jpg 300w\" sizes=\"(max-width: 250px) 100vw, 250px\" \/><\/p>\n<p>Cervo in calore in ZCS Ko\u010devje.<\/p>\n<p>Gli ospiti di caccia possono anche scegliere di attirare cervi imitando il bramito del cervo. In tal modo, l&#8217;ospite di caccia imitando un cervo o una cerva attira un altro cervo, un concorrente che non \u00e8 pronto a lasciare le cerve della sua mandria. In tal modo, dobbiamo stare attenti, perch\u00e9 tutti i cervi non suonano lo stesso e nello stesso modo, quindi, attirare un cervo durante la stagione degli amori \u00e8 una sfida particolare per ogni ospite di caccia o il suo\/la sua compagna.<\/p>\n<p>Caccia al cervo si svolge anche al di fuori del periodo riproduttivo, durante la stagione di caccia dei cervi, da met\u00e0 agosto fino alla fine dell&#8217;anno civile. Durante questo periodo, la caccia al cervo \u00e8 di maggior successo nella sera, con caccia da appostamento, vale a dire che i cacciatori si mettono in attesa lungo i sentieri quando i cervi ritornano da o vengono a pascolare, e nella mattina con caccia di attesa.<\/p>\n<p><img decoding=\"async\" loading=\"lazy\" width=\"250\" height=\"175\" class=\"alignnone size-medium wp-image-369\" src=\"https:\/\/www.lpn.si\/wp-content\/uploads\/2016\/06\/7_Jelen-v-ruku-v-LPN-Jelen-250x175.png\" alt=\"7_Jelen v ruku v LPN Jelen\" srcset=\"https:\/\/www.lpn.si\/wp-content\/uploads\/2016\/06\/7_Jelen-v-ruku-v-LPN-Jelen-250x175.png 250w, https:\/\/www.lpn.si\/wp-content\/uploads\/2016\/06\/7_Jelen-v-ruku-v-LPN-Jelen-120x84.png 120w, https:\/\/www.lpn.si\/wp-content\/uploads\/2016\/06\/7_Jelen-v-ruku-v-LPN-Jelen.png 500w\" sizes=\"(max-width: 250px) 100vw, 250px\" \/><\/p>\n<p>Cervo in calore in ZCS Jelen<\/p>\n<p>Caccia al cervo durante la stagione degli amori in Zona di caccia statale si svolge in ZCS Jelen, ZCS Ko\u010devje, ZCS Kompas Peskovci, ZCS Ljubljanski Vrh, e ZCS Pohorje. Il paesaggio, il clima e l&#8217;accessibilit\u00e0 in quei territori di caccia sono molto diversi, di conseguenza, la caccia al cervo \u00e8 adatta per tutti i veri cacciatori.<\/p>\n<p>La caccia \u00e8 eseguita da cacciatori professionisti che conoscono i movimenti dei cervi nel terreno di caccia.<\/p>","protected":false},"excerpt":{"rendered":"Caccia al cervo durante la stagione degli amori Caccia al cervo in ZCS durante la stagione degli amori \u00e8 un&#8217;esperienza speciale per ogni ospite di caccia. Oltre alla caccia in s\u00e9, gli ospiti di caccia sono interessati ad ascoltare il bramito dei cervi e guardare la lotta di due maschi forti per una mandria di [&hellip;]","protected":false},"author":3,"featured_media":0,"parent":782,"menu_order":2,"comment_status":"closed","ping_status":"closed","template":"page-nacin-lova.php","meta":[],"acf":[],"yoast_head":"<!-- This site is optimized with the Yoast SEO plugin v20.12 - https:\/\/yoast.com\/wordpress\/plugins\/seo\/ -->\n<title>Lov Jelena v ruku - LPN - Lovi\u0161\u010da s posebnim namenom<\/title>\n<meta name=\"description\" content=\"Lov jelena v ruku je v LPN za vse lovske goste posebno do\u017eivetje. Poleg samega lova je za lovske goste zanimivo tudi poslu\u0161anje rukanja jelenov in...\" \/>\n<meta name=\"robots\" content=\"index, follow, max-snippet:-1, max-image-preview:large, max-video-preview:-1\" \/>\n<link rel=\"canonical\" href=\"https:\/\/www.lpn.si\/nacin-lova\/lov-jelena-v-ruku\/\" \/>\n<meta property=\"og:locale\" content=\"it_IT\" \/>\n<meta property=\"og:type\" content=\"article\" \/>\n<meta property=\"og:title\" content=\"Lov Jelena v ruku - LPN - Lovi\u0161\u010da s posebnim namenom\" \/>\n<meta property=\"og:description\" content=\"Lov jelena v ruku je v LPN za vse lovske goste posebno do\u017eivetje. Poleg samega lova je za lovske goste zanimivo tudi poslu\u0161anje rukanja jelenov in...\" \/>\n<meta property=\"og:url\" content=\"https:\/\/www.lpn.si\/nacin-lova\/lov-jelena-v-ruku\/\" \/>\n<meta property=\"og:site_name\" content=\"LPN\" \/>\n<meta property=\"article:modified_time\" content=\"2017-08-04T07:47:57+00:00\" \/>\n<meta property=\"og:image\" content=\"https:\/\/www.lpn.si\/wp-content\/uploads\/2016\/06\/7_Jelen-v-ruku-v-LPN-Jelen-250x200.png\" \/>\n<meta name=\"twitter:card\" content=\"summary_large_image\" \/>\n<meta name=\"twitter:label1\" content=\"Tempo di lettura stimato\" \/>\n\t<meta name=\"twitter:data1\" content=\"6 minuti\" \/>\n<script type=\"application\/ld+json\" class=\"yoast-schema-graph\">{\"@context\":\"https:\/\/schema.org\",\"@graph\":[{\"@type\":\"WebPage\",\"@id\":\"https:\/\/www.lpn.si\/nacin-lova\/lov-jelena-v-ruku\/\",\"url\":\"https:\/\/www.lpn.si\/nacin-lova\/lov-jelena-v-ruku\/\",\"name\":\"Lov Jelena v ruku - LPN - Lovi\u0161\u010da s posebnim namenom\",\"isPartOf\":{\"@id\":\"https:\/\/www.lpn.si\/it\/#website\"},\"datePublished\":\"2016-12-20T07:53:05+00:00\",\"dateModified\":\"2017-08-04T07:47:57+00:00\",\"description\":\"Lov jelena v ruku je v LPN za vse lovske goste posebno do\u017eivetje. Poleg samega lova je za lovske goste zanimivo tudi poslu\u0161anje rukanja jelenov in...\",\"breadcrumb\":{\"@id\":\"https:\/\/www.lpn.si\/nacin-lova\/lov-jelena-v-ruku\/#breadcrumb\"},\"inLanguage\":\"it-IT\",\"potentialAction\":[{\"@type\":\"ReadAction\",\"target\":[\"https:\/\/www.lpn.si\/nacin-lova\/lov-jelena-v-ruku\/\"]}]},{\"@type\":\"BreadcrumbList\",\"@id\":\"https:\/\/www.lpn.si\/nacin-lova\/lov-jelena-v-ruku\/#breadcrumb\",\"itemListElement\":[{\"@type\":\"ListItem\",\"position\":1,\"name\":\"Home\",\"item\":\"https:\/\/www.lpn.si\/\"},{\"@type\":\"ListItem\",\"position\":2,\"name\":\"Na\u010dini lova\",\"item\":\"https:\/\/www.lpn.si\/nacin-lova\/\"},{\"@type\":\"ListItem\",\"position\":3,\"name\":\"Lov jelena v ruku\"}]},{\"@type\":\"WebSite\",\"@id\":\"https:\/\/www.lpn.si\/it\/#website\",\"url\":\"https:\/\/www.lpn.si\/it\/\",\"name\":\"LPN\",\"description\":\"ZAVOD za GOZDOVE SLOVENIJE\",\"potentialAction\":[{\"@type\":\"SearchAction\",\"target\":{\"@type\":\"EntryPoint\",\"urlTemplate\":\"https:\/\/www.lpn.si\/it\/?s={search_term_string}\"},\"query-input\":\"required name=search_term_string\"}],\"inLanguage\":\"it-IT\"}]}<\/script>\n<!-- \/ Yoast SEO plugin. -->","yoast_head_json":{"title":"Lov Jelena v ruku - LPN - Lovi\u0161\u010da s posebnim namenom","description":"Lov jelena v ruku je v LPN za vse lovske goste posebno do\u017eivetje. Poleg samega lova je za lovske goste zanimivo tudi poslu\u0161anje rukanja jelenov in...","robots":{"index":"index","follow":"follow","max-snippet":"max-snippet:-1","max-image-preview":"max-image-preview:large","max-video-preview":"max-video-preview:-1"},"canonical":"https:\/\/www.lpn.si\/nacin-lova\/lov-jelena-v-ruku\/","og_locale":"it_IT","og_type":"article","og_title":"Lov Jelena v ruku - LPN - Lovi\u0161\u010da s posebnim namenom","og_description":"Lov jelena v ruku je v LPN za vse lovske goste posebno do\u017eivetje. Poleg samega lova je za lovske goste zanimivo tudi poslu\u0161anje rukanja jelenov in...","og_url":"https:\/\/www.lpn.si\/nacin-lova\/lov-jelena-v-ruku\/","og_site_name":"LPN","article_modified_time":"2017-08-04T07:47:57+00:00","og_image":[{"url":"https:\/\/www.lpn.si\/wp-content\/uploads\/2016\/06\/7_Jelen-v-ruku-v-LPN-Jelen-250x200.png"}],"twitter_card":"summary_large_image","twitter_misc":{"Tempo di lettura stimato":"6 minuti"},"schema":{"@context":"https:\/\/schema.org","@graph":[{"@type":"WebPage","@id":"https:\/\/www.lpn.si\/nacin-lova\/lov-jelena-v-ruku\/","url":"https:\/\/www.lpn.si\/nacin-lova\/lov-jelena-v-ruku\/","name":"Lov Jelena v ruku - LPN - Lovi\u0161\u010da s posebnim namenom","isPartOf":{"@id":"https:\/\/www.lpn.si\/it\/#website"},"datePublished":"2016-12-20T07:53:05+00:00","dateModified":"2017-08-04T07:47:57+00:00","description":"Lov jelena v ruku je v LPN za vse lovske goste posebno do\u017eivetje. Poleg samega lova je za lovske goste zanimivo tudi poslu\u0161anje rukanja jelenov in...","breadcrumb":{"@id":"https:\/\/www.lpn.si\/nacin-lova\/lov-jelena-v-ruku\/#breadcrumb"},"inLanguage":"it-IT","potentialAction":[{"@type":"ReadAction","target":["https:\/\/www.lpn.si\/nacin-lova\/lov-jelena-v-ruku\/"]}]},{"@type":"BreadcrumbList","@id":"https:\/\/www.lpn.si\/nacin-lova\/lov-jelena-v-ruku\/#breadcrumb","itemListElement":[{"@type":"ListItem","position":1,"name":"Home","item":"https:\/\/www.lpn.si\/"},{"@type":"ListItem","position":2,"name":"Na\u010dini lova","item":"https:\/\/www.lpn.si\/nacin-lova\/"},{"@type":"ListItem","position":3,"name":"Lov jelena v ruku"}]},{"@type":"WebSite","@id":"https:\/\/www.lpn.si\/it\/#website","url":"https:\/\/www.lpn.si\/it\/","name":"LPN","description":"ZAVOD za GOZDOVE SLOVENIJE","potentialAction":[{"@type":"SearchAction","target":{"@type":"EntryPoint","urlTemplate":"https:\/\/www.lpn.si\/it\/?s={search_term_string}"},"query-input":"required name=search_term_string"}],"inLanguage":"it-IT"}]}},"_links":{"self":[{"href":"https:\/\/www.lpn.si\/it\/wp-json\/wp\/v2\/pages\/798"}],"collection":[{"href":"https:\/\/www.lpn.si\/it\/wp-json\/wp\/v2\/pages"}],"about":[{"href":"https:\/\/www.lpn.si\/it\/wp-json\/wp\/v2\/types\/page"}],"author":[{"embeddable":true,"href":"https:\/\/www.lpn.si\/it\/wp-json\/wp\/v2\/users\/3"}],"replies":[{"embeddable":true,"href":"https:\/\/www.lpn.si\/it\/wp-json\/wp\/v2\/comments?post=798"}],"version-history":[{"count":9,"href":"https:\/\/www.lpn.si\/it\/wp-json\/wp\/v2\/pages\/798\/revisions"}],"predecessor-version":[{"id":1147,"href":"https:\/\/www.lpn.si\/it\/wp-json\/wp\/v2\/pages\/798\/revisions\/1147"}],"up":[{"embeddable":true,"href":"https:\/\/www.lpn.si\/it\/wp-json\/wp\/v2\/pages\/782"}],"wp:attachment":[{"href":"https:\/\/www.lpn.si\/it\/wp-json\/wp\/v2\/media?parent=798"}],"curies":[{"name":"wp","href":"https:\/\/api.w.org\/{rel}","templated":true}]}}