{"id":795,"date":"2016-12-20T07:51:48","date_gmt":"2016-12-20T07:51:48","guid":{"rendered":"https:\/\/www.lpn.si\/?page_id=795"},"modified":"2025-04-15T20:15:08","modified_gmt":"2025-04-15T20:15:08","slug":"lov-s-preze","status":"publish","type":"page","link":"https:\/\/www.lpn.si\/it\/nacin-lova\/lov-s-preze\/","title":{"rendered":"Caccia da appostamento"},"content":{"rendered":"<p><\/p>\n<h1>Caccia da appostamento<\/h1>\n<p>La caccia da appostamento condotta in Zona di caccia statale \u00e8 di solito la scelta degli ospiti di caccia a cui piace osservare e aspettare la selvaggina in un unico luogo. Ospiti di caccia attendono la selvaggina insieme con i cacciatori professionali nei appostamenti o sul terreno. Appostamenti nei territori di caccia sono collocati nelle zone in cui selvaggina venga a pascolare, lungo i loro percorsi o ai passaggi, guazzi o siti di alimentazione, volte ad attrarre la selvaggina.<\/p>\n<p>Dobbiamo avvicinarsi alla selvaggina o luogo scelto di caccia impercettibilmente, e prima che la selvaggina arriva. Cos\u00ec, non disturbiamo la selvaggina, facendola sentire al sicuro, e quindi continuando a rimanere nelle aree di appostamenti.<\/p>\n<p>La caccia da appostamento viene eseguita in ogni ZCS in Slovenia, zone di caccia sono situati in tutti gli ambienti naturali e climi che possono essere trovati in Slovenia, dal Carso e le Alpi, attraverso l&#8217;altopiano del Pohorje, fino ad Alpi Dinariche e la pianura pannonica. Quindi la caccia da appostamento nei nostri territori di caccia \u00e8 adatta per tutti i veri cacciatori.<\/p>\n<p><img decoding=\"async\" loading=\"lazy\" width=\"250\" height=\"166\" class=\"alignnone size-medium wp-image-466\" src=\"https:\/\/www.lpn.si\/wp-content\/uploads\/2016\/06\/2_Lov-z-mesta-na-skupinskem-lovu-v-LPN-na-Ko\u010devskem-250x166.jpg\" alt=\"pre\u017ee posebni\" \/><\/p>\n<p>La caccia da appostamento durante la caccia collettiva nella ZCS Ko\u010devje<\/p>\n<p>Insieme agli ospiti di caccia, la caccia viene eseguita da cacciatori professionisti che conoscono le abitudini di specie di selvaggina specifiche in una determinata area.<\/p>","protected":false},"excerpt":{"rendered":"Caccia da appostamento La caccia da appostamento condotta in Zona di caccia statale \u00e8 di solito la scelta degli ospiti di caccia a cui piace osservare e aspettare la selvaggina in un unico luogo. Ospiti di caccia attendono la selvaggina insieme con i cacciatori professionali nei appostamenti o sul terreno. Appostamenti nei territori di caccia [&hellip;]","protected":false},"author":3,"featured_media":466,"parent":782,"menu_order":1,"comment_status":"closed","ping_status":"closed","template":"page-nacin-lova.php","meta":[],"acf":[],"yoast_head":"<!-- This site is optimized with the Yoast SEO plugin v20.12 - https:\/\/yoast.com\/wordpress\/plugins\/seo\/ -->\n<title>Lov s pre\u017ee - LPN - Lovi\u0161\u010da s posebnim namenom<\/title>\n<meta name=\"description\" content=\"Za lov s pre\u017ee se v lovi\u0161\u010dih s posebnim namenom odlo\u010dajo lovski gostje, ki radi opazujejo in \u010dakajo divjad na enem mestu. Lovski gostje divjad \u010dakajo skupaj\" \/>\n<meta name=\"robots\" content=\"index, follow, max-snippet:-1, max-image-preview:large, max-video-preview:-1\" \/>\n<link rel=\"canonical\" href=\"https:\/\/www.lpn.si\/nacin-lova\/lov-s-preze\/\" \/>\n<meta property=\"og:locale\" content=\"it_IT\" \/>\n<meta property=\"og:type\" content=\"article\" \/>\n<meta property=\"og:title\" content=\"[:sl]Lov s pre\u017ee - LPN - Lovi\u0161\u010da s posebnim namenom[:]\" \/>\n<meta property=\"og:description\" content=\"{:sl}Za lov s pre\u017ee se v lovi\u0161\u010dih s posebnim namenom odlo\u010dajo lovski gostje, ki radi opazujejo in \u010dakajo divjad na enem mestu. Lovski gostje divjad \u010dakajo skupaj{:}\" \/>\n<meta property=\"og:url\" content=\"https:\/\/www.lpn.si\/nacin-lova\/lov-s-preze\/\" \/>\n<meta property=\"og:site_name\" content=\"LPN\" \/>\n<meta property=\"article:modified_time\" content=\"2025-04-15T20:15:08+00:00\" \/>\n<meta property=\"og:image\" content=\"https:\/\/www.lpn.si\/wp-content\/uploads\/2016\/06\/2_Lov-z-mesta-na-skupinskem-lovu-v-LPN-na-Ko\u010devskem-e1469439606638.jpg\" \/>\n\t<meta property=\"og:image:width\" content=\"1920\" \/>\n\t<meta property=\"og:image:height\" content=\"1277\" \/>\n\t<meta property=\"og:image:type\" content=\"image\/jpeg\" \/>\n<meta name=\"twitter:card\" content=\"summary_large_image\" \/>\n<meta name=\"twitter:label1\" content=\"Tempo di lettura stimato\" \/>\n\t<meta name=\"twitter:data1\" content=\"2 minuti\" \/>\n<script type=\"application\/ld+json\" class=\"yoast-schema-graph\">{\"@context\":\"https:\/\/schema.org\",\"@graph\":[{\"@type\":\"WebPage\",\"@id\":\"https:\/\/www.lpn.si\/nacin-lova\/lov-s-preze\/\",\"url\":\"https:\/\/www.lpn.si\/nacin-lova\/lov-s-preze\/\",\"name\":\"[:sl]Lov s pre\u017ee - LPN - Lovi\u0161\u010da s posebnim namenom[:]\",\"isPartOf\":{\"@id\":\"https:\/\/www.lpn.si\/it\/#website\"},\"datePublished\":\"2016-12-20T07:51:48+00:00\",\"dateModified\":\"2025-04-15T20:15:08+00:00\",\"description\":\"{:sl}Za lov s pre\u017ee se v lovi\u0161\u010dih s posebnim namenom odlo\u010dajo lovski gostje, ki radi opazujejo in \u010dakajo divjad na enem mestu. Lovski gostje divjad \u010dakajo skupaj{:}\",\"breadcrumb\":{\"@id\":\"https:\/\/www.lpn.si\/nacin-lova\/lov-s-preze\/#breadcrumb\"},\"inLanguage\":\"it-IT\",\"potentialAction\":[{\"@type\":\"ReadAction\",\"target\":[\"https:\/\/www.lpn.si\/nacin-lova\/lov-s-preze\/\"]}]},{\"@type\":\"BreadcrumbList\",\"@id\":\"https:\/\/www.lpn.si\/nacin-lova\/lov-s-preze\/#breadcrumb\",\"itemListElement\":[{\"@type\":\"ListItem\",\"position\":1,\"name\":\"Home\",\"item\":\"https:\/\/www.lpn.si\/\"},{\"@type\":\"ListItem\",\"position\":2,\"name\":\"Na\u010dini lova\",\"item\":\"https:\/\/www.lpn.si\/nacin-lova\/\"},{\"@type\":\"ListItem\",\"position\":3,\"name\":\"Lov s pre\u017ee\"}]},{\"@type\":\"WebSite\",\"@id\":\"https:\/\/www.lpn.si\/it\/#website\",\"url\":\"https:\/\/www.lpn.si\/it\/\",\"name\":\"LPN\",\"description\":\"ZAVOD za GOZDOVE SLOVENIJE\",\"potentialAction\":[{\"@type\":\"SearchAction\",\"target\":{\"@type\":\"EntryPoint\",\"urlTemplate\":\"https:\/\/www.lpn.si\/it\/?s={search_term_string}\"},\"query-input\":\"required name=search_term_string\"}],\"inLanguage\":\"it-IT\"}]}<\/script>\n<!-- \/ Yoast SEO plugin. -->","yoast_head_json":{"title":"Lov s pre\u017ee - LPN - Lovi\u0161\u010da s posebnim namenom","description":"Za lov s pre\u017ee se v lovi\u0161\u010dih s posebnim namenom odlo\u010dajo lovski gostje, ki radi opazujejo in \u010dakajo divjad na enem mestu. Lovski gostje divjad \u010dakajo skupaj","robots":{"index":"index","follow":"follow","max-snippet":"max-snippet:-1","max-image-preview":"max-image-preview:large","max-video-preview":"max-video-preview:-1"},"canonical":"https:\/\/www.lpn.si\/nacin-lova\/lov-s-preze\/","og_locale":"it_IT","og_type":"article","og_title":"[:sl]Lov s pre\u017ee - LPN - Lovi\u0161\u010da s posebnim namenom[:]","og_description":"{:sl}Za lov s pre\u017ee se v lovi\u0161\u010dih s posebnim namenom odlo\u010dajo lovski gostje, ki radi opazujejo in \u010dakajo divjad na enem mestu. Lovski gostje divjad \u010dakajo skupaj{:}","og_url":"https:\/\/www.lpn.si\/nacin-lova\/lov-s-preze\/","og_site_name":"LPN","article_modified_time":"2025-04-15T20:15:08+00:00","og_image":[{"width":1920,"height":1277,"url":"https:\/\/www.lpn.si\/wp-content\/uploads\/2016\/06\/2_Lov-z-mesta-na-skupinskem-lovu-v-LPN-na-Ko\u010devskem-e1469439606638.jpg","type":"image\/jpeg"}],"twitter_card":"summary_large_image","twitter_misc":{"Tempo di lettura stimato":"2 minuti"},"schema":{"@context":"https:\/\/schema.org","@graph":[{"@type":"WebPage","@id":"https:\/\/www.lpn.si\/nacin-lova\/lov-s-preze\/","url":"https:\/\/www.lpn.si\/nacin-lova\/lov-s-preze\/","name":"[:sl]Lov s pre\u017ee - LPN - Lovi\u0161\u010da s posebnim namenom[:]","isPartOf":{"@id":"https:\/\/www.lpn.si\/it\/#website"},"datePublished":"2016-12-20T07:51:48+00:00","dateModified":"2025-04-15T20:15:08+00:00","description":"{:sl}Za lov s pre\u017ee se v lovi\u0161\u010dih s posebnim namenom odlo\u010dajo lovski gostje, ki radi opazujejo in \u010dakajo divjad na enem mestu. Lovski gostje divjad \u010dakajo skupaj{:}","breadcrumb":{"@id":"https:\/\/www.lpn.si\/nacin-lova\/lov-s-preze\/#breadcrumb"},"inLanguage":"it-IT","potentialAction":[{"@type":"ReadAction","target":["https:\/\/www.lpn.si\/nacin-lova\/lov-s-preze\/"]}]},{"@type":"BreadcrumbList","@id":"https:\/\/www.lpn.si\/nacin-lova\/lov-s-preze\/#breadcrumb","itemListElement":[{"@type":"ListItem","position":1,"name":"Home","item":"https:\/\/www.lpn.si\/"},{"@type":"ListItem","position":2,"name":"Na\u010dini lova","item":"https:\/\/www.lpn.si\/nacin-lova\/"},{"@type":"ListItem","position":3,"name":"Lov s pre\u017ee"}]},{"@type":"WebSite","@id":"https:\/\/www.lpn.si\/it\/#website","url":"https:\/\/www.lpn.si\/it\/","name":"LPN","description":"ZAVOD za GOZDOVE SLOVENIJE","potentialAction":[{"@type":"SearchAction","target":{"@type":"EntryPoint","urlTemplate":"https:\/\/www.lpn.si\/it\/?s={search_term_string}"},"query-input":"required name=search_term_string"}],"inLanguage":"it-IT"}]}},"_links":{"self":[{"href":"https:\/\/www.lpn.si\/it\/wp-json\/wp\/v2\/pages\/795"}],"collection":[{"href":"https:\/\/www.lpn.si\/it\/wp-json\/wp\/v2\/pages"}],"about":[{"href":"https:\/\/www.lpn.si\/it\/wp-json\/wp\/v2\/types\/page"}],"author":[{"embeddable":true,"href":"https:\/\/www.lpn.si\/it\/wp-json\/wp\/v2\/users\/3"}],"replies":[{"embeddable":true,"href":"https:\/\/www.lpn.si\/it\/wp-json\/wp\/v2\/comments?post=795"}],"version-history":[{"count":12,"href":"https:\/\/www.lpn.si\/it\/wp-json\/wp\/v2\/pages\/795\/revisions"}],"predecessor-version":[{"id":13940,"href":"https:\/\/www.lpn.si\/it\/wp-json\/wp\/v2\/pages\/795\/revisions\/13940"}],"up":[{"embeddable":true,"href":"https:\/\/www.lpn.si\/it\/wp-json\/wp\/v2\/pages\/782"}],"wp:featuredmedia":[{"embeddable":true,"href":"https:\/\/www.lpn.si\/it\/wp-json\/wp\/v2\/media\/466"}],"wp:attachment":[{"href":"https:\/\/www.lpn.si\/it\/wp-json\/wp\/v2\/media?parent=795"}],"curies":[{"name":"wp","href":"https:\/\/api.w.org\/{rel}","templated":true}]}}