{"id":793,"date":"2016-12-20T07:50:49","date_gmt":"2016-12-20T07:50:49","guid":{"rendered":"https:\/\/www.lpn.si\/?page_id=793"},"modified":"2017-06-07T07:56:50","modified_gmt":"2017-06-07T07:56:50","slug":"lov-na-zalaz","status":"publish","type":"page","link":"https:\/\/www.lpn.si\/it\/nacin-lova\/lov-na-zalaz\/","title":{"rendered":"Caccia di attesa"},"content":{"rendered":"<p><\/p>\n<h1>Caccia di attesa<\/h1>\n<p>La caccia di attesa \u00e8 la forma pi\u00f9 comune di caccia in ZCS ed \u00e8 anche il pi\u00f9 interessante per i nostri ospiti di caccia a causa della sua complessit\u00e0. Durante la caccia l&#8217;ospite di caccia cammina lentamente e con attenzione attraverso la zona di caccia, accompagnato da un cacciatore professionista, in cerca di selvaggina nelle loro aree preferibili di alimentazione.<\/p>\n<p>Caccia di attesa \u00e8 svolta prevalentemente al mattino e alla sera, anche se la scelta di ore dipende fortemente dalla specie di selvaggina cacciata ed il periodo dell&#8217;anno.<\/p>\n<p><img decoding=\"async\" loading=\"lazy\" width=\"250\" height=\"166\" class=\"alignnone size-medium wp-image-320\" src=\"https:\/\/www.lpn.si\/wp-content\/uploads\/2016\/07\/Pogled-z-lovi\u0161\u010da-v-dolino-in-pred-za\u010detkom-dneva-pregled-naravnega-okolja-divjadi-250x166.jpg\" alt=\"zalaz predstavitev\" srcset=\"https:\/\/www.lpn.si\/wp-content\/uploads\/2016\/07\/Pogled-z-lovi\u0161\u010da-v-dolino-in-pred-za\u010detkom-dneva-pregled-naravnega-okolja-divjadi-250x166.jpg 250w, https:\/\/www.lpn.si\/wp-content\/uploads\/2016\/07\/Pogled-z-lovi\u0161\u010da-v-dolino-in-pred-za\u010detkom-dneva-pregled-naravnega-okolja-divjadi-700x465.jpg 700w, https:\/\/www.lpn.si\/wp-content\/uploads\/2016\/07\/Pogled-z-lovi\u0161\u010da-v-dolino-in-pred-za\u010detkom-dneva-pregled-naravnega-okolja-divjadi-120x80.jpg 120w, https:\/\/www.lpn.si\/wp-content\/uploads\/2016\/07\/Pogled-z-lovi\u0161\u010da-v-dolino-in-pred-za\u010detkom-dneva-pregled-naravnega-okolja-divjadi.jpg 1920w\" sizes=\"(max-width: 250px) 100vw, 250px\" \/><\/p>\n<p>L&#8217;inizio della caccia di attesa nella ZCS Pohorje<\/p>\n<p>La caccia di attesa \u00e8 adatta per la caccia degli ospiti di caccia in appropriata forma, perch\u00e9 in certi ZCS si svolge durante l&#8217;intera giornata, specialmente nel caso della caccia al camoscio in inverno.<\/p>\n<p>Caccia di attesa viene eseguita in ogni ZCS in Slovenia, zone di caccia sono situati in tutti gli ambienti naturali e climi che possono essere trovati in Slovenia, dal Carso e le Alpi, attraverso l&#8217;altopiano del Pohorje, fino ad Alpi Dinariche e la pianura pannonica. Quindi la caccia di attesa nei nostri territori di caccia \u00e8 adatto per tutti i veri cacciatori.<\/p>\n<p>Durante la caccia gli ospiti di caccia sono accompagnati da cacciatori professionisti.<\/p>","protected":false},"excerpt":{"rendered":"Caccia di attesa La caccia di attesa \u00e8 la forma pi\u00f9 comune di caccia in ZCS ed \u00e8 anche il pi\u00f9 interessante per i nostri ospiti di caccia a causa della sua complessit\u00e0. Durante la caccia l&#8217;ospite di caccia cammina lentamente e con attenzione attraverso la zona di caccia, accompagnato da un cacciatore professionista, in [&hellip;]","protected":false},"author":3,"featured_media":320,"parent":782,"menu_order":0,"comment_status":"closed","ping_status":"closed","template":"page-nacin-lova.php","meta":[],"acf":[],"yoast_head":"<!-- This site is optimized with the Yoast SEO plugin v20.12 - https:\/\/yoast.com\/wordpress\/plugins\/seo\/ -->\n<title>Lov na zalaz - LPN - Lovi\u0161\u010da s posebnim namenom<\/title>\n<meta name=\"description\" content=\"Lov na zalaz je najpogostej\u0161a oblika lova lovnih gostov v LPN in je za na\u0161e lovne goste zaradi zahtevnosti tudi najzanimivej\u0161a. Lovni gost se pri lovu...\" \/>\n<meta name=\"robots\" content=\"index, follow, max-snippet:-1, max-image-preview:large, max-video-preview:-1\" \/>\n<link rel=\"canonical\" href=\"https:\/\/www.lpn.si\/nacin-lova\/lov-na-zalaz\/\" \/>\n<meta property=\"og:locale\" content=\"it_IT\" \/>\n<meta property=\"og:type\" content=\"article\" \/>\n<meta property=\"og:title\" content=\"Lov na zalaz - LPN - Lovi\u0161\u010da s posebnim namenom\" \/>\n<meta property=\"og:description\" content=\"Lov na zalaz je najpogostej\u0161a oblika lova lovnih gostov v LPN in je za na\u0161e lovne goste zaradi zahtevnosti tudi najzanimivej\u0161a. Lovni gost se pri lovu...\" \/>\n<meta property=\"og:url\" content=\"https:\/\/www.lpn.si\/nacin-lova\/lov-na-zalaz\/\" \/>\n<meta property=\"og:site_name\" content=\"LPN\" \/>\n<meta property=\"article:modified_time\" content=\"2017-06-07T07:56:50+00:00\" \/>\n<meta property=\"og:image\" content=\"https:\/\/www.lpn.si\/wp-content\/uploads\/2016\/07\/Pogled-z-lovi\u0161\u010da-v-dolino-in-pred-za\u010detkom-dneva-pregled-naravnega-okolja-divjadi.jpg\" \/>\n\t<meta property=\"og:image:width\" content=\"1920\" \/>\n\t<meta property=\"og:image:height\" content=\"1275\" \/>\n\t<meta property=\"og:image:type\" content=\"image\/jpeg\" \/>\n<meta name=\"twitter:card\" content=\"summary_large_image\" \/>\n<meta name=\"twitter:label1\" content=\"Tempo di lettura stimato\" \/>\n\t<meta name=\"twitter:data1\" content=\"4 minuti\" \/>\n<script type=\"application\/ld+json\" class=\"yoast-schema-graph\">{\"@context\":\"https:\/\/schema.org\",\"@graph\":[{\"@type\":\"WebPage\",\"@id\":\"https:\/\/www.lpn.si\/nacin-lova\/lov-na-zalaz\/\",\"url\":\"https:\/\/www.lpn.si\/nacin-lova\/lov-na-zalaz\/\",\"name\":\"Lov na zalaz - LPN - Lovi\u0161\u010da s posebnim namenom\",\"isPartOf\":{\"@id\":\"https:\/\/www.lpn.si\/it\/#website\"},\"datePublished\":\"2016-12-20T07:50:49+00:00\",\"dateModified\":\"2017-06-07T07:56:50+00:00\",\"description\":\"Lov na zalaz je najpogostej\u0161a oblika lova lovnih gostov v LPN in je za na\u0161e lovne goste zaradi zahtevnosti tudi najzanimivej\u0161a. Lovni gost se pri lovu...\",\"breadcrumb\":{\"@id\":\"https:\/\/www.lpn.si\/nacin-lova\/lov-na-zalaz\/#breadcrumb\"},\"inLanguage\":\"it-IT\",\"potentialAction\":[{\"@type\":\"ReadAction\",\"target\":[\"https:\/\/www.lpn.si\/nacin-lova\/lov-na-zalaz\/\"]}]},{\"@type\":\"BreadcrumbList\",\"@id\":\"https:\/\/www.lpn.si\/nacin-lova\/lov-na-zalaz\/#breadcrumb\",\"itemListElement\":[{\"@type\":\"ListItem\",\"position\":1,\"name\":\"Home\",\"item\":\"https:\/\/www.lpn.si\/\"},{\"@type\":\"ListItem\",\"position\":2,\"name\":\"Na\u010dini lova\",\"item\":\"https:\/\/www.lpn.si\/nacin-lova\/\"},{\"@type\":\"ListItem\",\"position\":3,\"name\":\"Lov na zalaz\"}]},{\"@type\":\"WebSite\",\"@id\":\"https:\/\/www.lpn.si\/it\/#website\",\"url\":\"https:\/\/www.lpn.si\/it\/\",\"name\":\"LPN\",\"description\":\"ZAVOD za GOZDOVE SLOVENIJE\",\"potentialAction\":[{\"@type\":\"SearchAction\",\"target\":{\"@type\":\"EntryPoint\",\"urlTemplate\":\"https:\/\/www.lpn.si\/it\/?s={search_term_string}\"},\"query-input\":\"required name=search_term_string\"}],\"inLanguage\":\"it-IT\"}]}<\/script>\n<!-- \/ Yoast SEO plugin. -->","yoast_head_json":{"title":"Lov na zalaz - LPN - Lovi\u0161\u010da s posebnim namenom","description":"Lov na zalaz je najpogostej\u0161a oblika lova lovnih gostov v LPN in je za na\u0161e lovne goste zaradi zahtevnosti tudi najzanimivej\u0161a. Lovni gost se pri lovu...","robots":{"index":"index","follow":"follow","max-snippet":"max-snippet:-1","max-image-preview":"max-image-preview:large","max-video-preview":"max-video-preview:-1"},"canonical":"https:\/\/www.lpn.si\/nacin-lova\/lov-na-zalaz\/","og_locale":"it_IT","og_type":"article","og_title":"Lov na zalaz - LPN - Lovi\u0161\u010da s posebnim namenom","og_description":"Lov na zalaz je najpogostej\u0161a oblika lova lovnih gostov v LPN in je za na\u0161e lovne goste zaradi zahtevnosti tudi najzanimivej\u0161a. Lovni gost se pri lovu...","og_url":"https:\/\/www.lpn.si\/nacin-lova\/lov-na-zalaz\/","og_site_name":"LPN","article_modified_time":"2017-06-07T07:56:50+00:00","og_image":[{"width":1920,"height":1275,"url":"https:\/\/www.lpn.si\/wp-content\/uploads\/2016\/07\/Pogled-z-lovi\u0161\u010da-v-dolino-in-pred-za\u010detkom-dneva-pregled-naravnega-okolja-divjadi.jpg","type":"image\/jpeg"}],"twitter_card":"summary_large_image","twitter_misc":{"Tempo di lettura stimato":"4 minuti"},"schema":{"@context":"https:\/\/schema.org","@graph":[{"@type":"WebPage","@id":"https:\/\/www.lpn.si\/nacin-lova\/lov-na-zalaz\/","url":"https:\/\/www.lpn.si\/nacin-lova\/lov-na-zalaz\/","name":"Lov na zalaz - LPN - Lovi\u0161\u010da s posebnim namenom","isPartOf":{"@id":"https:\/\/www.lpn.si\/it\/#website"},"datePublished":"2016-12-20T07:50:49+00:00","dateModified":"2017-06-07T07:56:50+00:00","description":"Lov na zalaz je najpogostej\u0161a oblika lova lovnih gostov v LPN in je za na\u0161e lovne goste zaradi zahtevnosti tudi najzanimivej\u0161a. Lovni gost se pri lovu...","breadcrumb":{"@id":"https:\/\/www.lpn.si\/nacin-lova\/lov-na-zalaz\/#breadcrumb"},"inLanguage":"it-IT","potentialAction":[{"@type":"ReadAction","target":["https:\/\/www.lpn.si\/nacin-lova\/lov-na-zalaz\/"]}]},{"@type":"BreadcrumbList","@id":"https:\/\/www.lpn.si\/nacin-lova\/lov-na-zalaz\/#breadcrumb","itemListElement":[{"@type":"ListItem","position":1,"name":"Home","item":"https:\/\/www.lpn.si\/"},{"@type":"ListItem","position":2,"name":"Na\u010dini lova","item":"https:\/\/www.lpn.si\/nacin-lova\/"},{"@type":"ListItem","position":3,"name":"Lov na zalaz"}]},{"@type":"WebSite","@id":"https:\/\/www.lpn.si\/it\/#website","url":"https:\/\/www.lpn.si\/it\/","name":"LPN","description":"ZAVOD za GOZDOVE SLOVENIJE","potentialAction":[{"@type":"SearchAction","target":{"@type":"EntryPoint","urlTemplate":"https:\/\/www.lpn.si\/it\/?s={search_term_string}"},"query-input":"required name=search_term_string"}],"inLanguage":"it-IT"}]}},"_links":{"self":[{"href":"https:\/\/www.lpn.si\/it\/wp-json\/wp\/v2\/pages\/793"}],"collection":[{"href":"https:\/\/www.lpn.si\/it\/wp-json\/wp\/v2\/pages"}],"about":[{"href":"https:\/\/www.lpn.si\/it\/wp-json\/wp\/v2\/types\/page"}],"author":[{"embeddable":true,"href":"https:\/\/www.lpn.si\/it\/wp-json\/wp\/v2\/users\/3"}],"replies":[{"embeddable":true,"href":"https:\/\/www.lpn.si\/it\/wp-json\/wp\/v2\/comments?post=793"}],"version-history":[{"count":9,"href":"https:\/\/www.lpn.si\/it\/wp-json\/wp\/v2\/pages\/793\/revisions"}],"predecessor-version":[{"id":1080,"href":"https:\/\/www.lpn.si\/it\/wp-json\/wp\/v2\/pages\/793\/revisions\/1080"}],"up":[{"embeddable":true,"href":"https:\/\/www.lpn.si\/it\/wp-json\/wp\/v2\/pages\/782"}],"wp:featuredmedia":[{"embeddable":true,"href":"https:\/\/www.lpn.si\/it\/wp-json\/wp\/v2\/media\/320"}],"wp:attachment":[{"href":"https:\/\/www.lpn.si\/it\/wp-json\/wp\/v2\/media?parent=793"}],"curies":[{"name":"wp","href":"https:\/\/api.w.org\/{rel}","templated":true}]}}