{"id":33,"date":"2016-06-23T08:52:13","date_gmt":"2016-06-23T08:52:13","guid":{"rendered":"https:\/\/www.lpn.si\/?page_id=33"},"modified":"2026-01-12T14:20:31","modified_gmt":"2026-01-12T14:20:31","slug":"lpn-kompas-peskovci","status":"publish","type":"page","link":"https:\/\/www.lpn.si\/it\/predstavitev-lovisc\/lpn-kompas-peskovci\/","title":{"rendered":"ZCS Kompas Peskovci"},"content":{"rendered":"<p>La Zona di caccia statale Kompas Peskovci (ZCS Kompas Peskovci) si trova nell&#8217;estremo nord-est della Slovenia e copre circa 12.538 ettari. Si estende ad un&#8217;altitudine da 230 m a 404 m.<\/p>\n<p>Le specie di selvaggina pi\u00f9 importanti sono cervi, cinghiali, caprioli, daini e selvaggina minore, in particolare fagiano, starna e lepre.<\/p>\n<p>Grande orgoglio della zona di caccia \u00e8 il cervo orientale europeo (<em>Cervus elaphus pannoniensis<\/em>), che secondo le fonti storiche rappresenta l&#8217;unica parte della popolazione nativa di cervi in Slovenia che non si sono estinti gi\u00e0 nel 19\u00b0 secolo.<\/p>\n<p>A causa delle esigenze attuali, ZCS Kompas Peskovci ha concluso accordi di cooperazione con i cacciatori nazionali organizzati in societ\u00e0.<\/p>","protected":false},"excerpt":{"rendered":"La Zona di caccia statale Kompas Peskovci (ZCS Kompas Peskovci) si trova nell&#8217;estremo nord-est della Slovenia e copre circa 12.538 ettari. Si estende ad un&#8217;altitudine da 230 m a 404 m. Le specie di selvaggina pi\u00f9 importanti sono cervi, cinghiali, caprioli, daini e selvaggina minore, in particolare fagiano, starna e lepre. Grande orgoglio della zona [&hellip;]","protected":false},"author":3,"featured_media":407,"parent":7,"menu_order":8,"comment_status":"closed","ping_status":"closed","template":"page-lovisce.php","meta":[],"acf":[],"yoast_head":"<!-- This site is optimized with the Yoast SEO plugin v20.12 - https:\/\/yoast.com\/wordpress\/plugins\/seo\/ -->\n<title>LPN Kompas Peskovci - LPN - Lovi\u0161\u010da s posebnim namenom<\/title>\n<meta name=\"description\" content=\"Lovi\u0161\u010de s posebnim namenom Kompas Peskovci (LPN Kompas Peskovci) le\u017ei na skrajnem severozahodu Slovenije in obsega 12.538 ha povr\u0161ine.\" \/>\n<meta name=\"robots\" content=\"index, follow, max-snippet:-1, max-image-preview:large, max-video-preview:-1\" \/>\n<link rel=\"canonical\" href=\"https:\/\/www.lpn.si\/predstavitev-lovisc\/lpn-kompas-peskovci\/\" \/>\n<meta property=\"og:locale\" content=\"it_IT\" \/>\n<meta property=\"og:type\" content=\"article\" \/>\n<meta property=\"og:title\" content=\"[:sl]LPN Kompas Peskovci - LPN - Lovi\u0161\u010da s posebnim namenom[:]\" \/>\n<meta property=\"og:description\" content=\"{:sl}Lovi\u0161\u010de s posebnim namenom Kompas Peskovci (LPN Kompas Peskovci) le\u017ei na skrajnem severozahodu Slovenije in obsega 12.538 ha povr\u0161ine. {:}\" \/>\n<meta property=\"og:url\" content=\"https:\/\/www.lpn.si\/predstavitev-lovisc\/lpn-kompas-peskovci\/\" \/>\n<meta property=\"og:site_name\" content=\"LPN\" \/>\n<meta property=\"article:modified_time\" content=\"2026-01-12T14:20:31+00:00\" \/>\n<meta property=\"og:image\" content=\"https:\/\/www.lpn.si\/wp-content\/uploads\/2016\/06\/34_Lov-s-sokolom-oziroma-skolarjenje-v-LPN-Fazan-Peskovci-e1469014044304.jpg\" \/>\n\t<meta property=\"og:image:width\" content=\"1920\" \/>\n\t<meta property=\"og:image:height\" content=\"1280\" \/>\n\t<meta property=\"og:image:type\" content=\"image\/jpeg\" \/>\n<meta name=\"twitter:card\" content=\"summary_large_image\" \/>\n<meta name=\"twitter:label1\" content=\"Tempo di lettura stimato\" \/>\n\t<meta name=\"twitter:data1\" content=\"1 minuto\" \/>\n<script type=\"application\/ld+json\" class=\"yoast-schema-graph\">{\"@context\":\"https:\/\/schema.org\",\"@graph\":[{\"@type\":\"WebPage\",\"@id\":\"https:\/\/www.lpn.si\/predstavitev-lovisc\/lpn-kompas-peskovci\/\",\"url\":\"https:\/\/www.lpn.si\/predstavitev-lovisc\/lpn-kompas-peskovci\/\",\"name\":\"[:sl]LPN Kompas Peskovci - LPN - Lovi\u0161\u010da s posebnim namenom[:]\",\"isPartOf\":{\"@id\":\"https:\/\/www.lpn.si\/it\/#website\"},\"datePublished\":\"2016-06-23T08:52:13+00:00\",\"dateModified\":\"2026-01-12T14:20:31+00:00\",\"description\":\"{:sl}Lovi\u0161\u010de s posebnim namenom Kompas Peskovci (LPN Kompas Peskovci) le\u017ei na skrajnem severozahodu Slovenije in obsega 12.538 ha povr\u0161ine. {:}\",\"breadcrumb\":{\"@id\":\"https:\/\/www.lpn.si\/predstavitev-lovisc\/lpn-kompas-peskovci\/#breadcrumb\"},\"inLanguage\":\"it-IT\",\"potentialAction\":[{\"@type\":\"ReadAction\",\"target\":[\"https:\/\/www.lpn.si\/predstavitev-lovisc\/lpn-kompas-peskovci\/\"]}]},{\"@type\":\"BreadcrumbList\",\"@id\":\"https:\/\/www.lpn.si\/predstavitev-lovisc\/lpn-kompas-peskovci\/#breadcrumb\",\"itemListElement\":[{\"@type\":\"ListItem\",\"position\":1,\"name\":\"Home\",\"item\":\"https:\/\/www.lpn.si\/\"},{\"@type\":\"ListItem\",\"position\":2,\"name\":\"PREDSTAVITEV LOVI\u0160\u010c\",\"item\":\"https:\/\/www.lpn.si\/predstavitev-lovisc\/\"},{\"@type\":\"ListItem\",\"position\":3,\"name\":\"LPN Kompas Peskovci\"}]},{\"@type\":\"WebSite\",\"@id\":\"https:\/\/www.lpn.si\/it\/#website\",\"url\":\"https:\/\/www.lpn.si\/it\/\",\"name\":\"LPN\",\"description\":\"ZAVOD za GOZDOVE SLOVENIJE\",\"potentialAction\":[{\"@type\":\"SearchAction\",\"target\":{\"@type\":\"EntryPoint\",\"urlTemplate\":\"https:\/\/www.lpn.si\/it\/?s={search_term_string}\"},\"query-input\":\"required name=search_term_string\"}],\"inLanguage\":\"it-IT\"}]}<\/script>\n<!-- \/ Yoast SEO plugin. -->","yoast_head_json":{"title":"LPN Kompas Peskovci - LPN - Lovi\u0161\u010da s posebnim namenom","description":"Lovi\u0161\u010de s posebnim namenom Kompas Peskovci (LPN Kompas Peskovci) le\u017ei na skrajnem severozahodu Slovenije in obsega 12.538 ha povr\u0161ine.","robots":{"index":"index","follow":"follow","max-snippet":"max-snippet:-1","max-image-preview":"max-image-preview:large","max-video-preview":"max-video-preview:-1"},"canonical":"https:\/\/www.lpn.si\/predstavitev-lovisc\/lpn-kompas-peskovci\/","og_locale":"it_IT","og_type":"article","og_title":"[:sl]LPN Kompas Peskovci - LPN - Lovi\u0161\u010da s posebnim namenom[:]","og_description":"{:sl}Lovi\u0161\u010de s posebnim namenom Kompas Peskovci (LPN Kompas Peskovci) le\u017ei na skrajnem severozahodu Slovenije in obsega 12.538 ha povr\u0161ine. {:}","og_url":"https:\/\/www.lpn.si\/predstavitev-lovisc\/lpn-kompas-peskovci\/","og_site_name":"LPN","article_modified_time":"2026-01-12T14:20:31+00:00","og_image":[{"width":1920,"height":1280,"url":"https:\/\/www.lpn.si\/wp-content\/uploads\/2016\/06\/34_Lov-s-sokolom-oziroma-skolarjenje-v-LPN-Fazan-Peskovci-e1469014044304.jpg","type":"image\/jpeg"}],"twitter_card":"summary_large_image","twitter_misc":{"Tempo di lettura stimato":"1 minuto"},"schema":{"@context":"https:\/\/schema.org","@graph":[{"@type":"WebPage","@id":"https:\/\/www.lpn.si\/predstavitev-lovisc\/lpn-kompas-peskovci\/","url":"https:\/\/www.lpn.si\/predstavitev-lovisc\/lpn-kompas-peskovci\/","name":"[:sl]LPN Kompas Peskovci - LPN - Lovi\u0161\u010da s posebnim namenom[:]","isPartOf":{"@id":"https:\/\/www.lpn.si\/it\/#website"},"datePublished":"2016-06-23T08:52:13+00:00","dateModified":"2026-01-12T14:20:31+00:00","description":"{:sl}Lovi\u0161\u010de s posebnim namenom Kompas Peskovci (LPN Kompas Peskovci) le\u017ei na skrajnem severozahodu Slovenije in obsega 12.538 ha povr\u0161ine. {:}","breadcrumb":{"@id":"https:\/\/www.lpn.si\/predstavitev-lovisc\/lpn-kompas-peskovci\/#breadcrumb"},"inLanguage":"it-IT","potentialAction":[{"@type":"ReadAction","target":["https:\/\/www.lpn.si\/predstavitev-lovisc\/lpn-kompas-peskovci\/"]}]},{"@type":"BreadcrumbList","@id":"https:\/\/www.lpn.si\/predstavitev-lovisc\/lpn-kompas-peskovci\/#breadcrumb","itemListElement":[{"@type":"ListItem","position":1,"name":"Home","item":"https:\/\/www.lpn.si\/"},{"@type":"ListItem","position":2,"name":"PREDSTAVITEV LOVI\u0160\u010c","item":"https:\/\/www.lpn.si\/predstavitev-lovisc\/"},{"@type":"ListItem","position":3,"name":"LPN Kompas Peskovci"}]},{"@type":"WebSite","@id":"https:\/\/www.lpn.si\/it\/#website","url":"https:\/\/www.lpn.si\/it\/","name":"LPN","description":"ZAVOD za GOZDOVE SLOVENIJE","potentialAction":[{"@type":"SearchAction","target":{"@type":"EntryPoint","urlTemplate":"https:\/\/www.lpn.si\/it\/?s={search_term_string}"},"query-input":"required name=search_term_string"}],"inLanguage":"it-IT"}]}},"_links":{"self":[{"href":"https:\/\/www.lpn.si\/it\/wp-json\/wp\/v2\/pages\/33"}],"collection":[{"href":"https:\/\/www.lpn.si\/it\/wp-json\/wp\/v2\/pages"}],"about":[{"href":"https:\/\/www.lpn.si\/it\/wp-json\/wp\/v2\/types\/page"}],"author":[{"embeddable":true,"href":"https:\/\/www.lpn.si\/it\/wp-json\/wp\/v2\/users\/3"}],"replies":[{"embeddable":true,"href":"https:\/\/www.lpn.si\/it\/wp-json\/wp\/v2\/comments?post=33"}],"version-history":[{"count":35,"href":"https:\/\/www.lpn.si\/it\/wp-json\/wp\/v2\/pages\/33\/revisions"}],"predecessor-version":[{"id":14036,"href":"https:\/\/www.lpn.si\/it\/wp-json\/wp\/v2\/pages\/33\/revisions\/14036"}],"up":[{"embeddable":true,"href":"https:\/\/www.lpn.si\/it\/wp-json\/wp\/v2\/pages\/7"}],"wp:featuredmedia":[{"embeddable":true,"href":"https:\/\/www.lpn.si\/it\/wp-json\/wp\/v2\/media\/407"}],"wp:attachment":[{"href":"https:\/\/www.lpn.si\/it\/wp-json\/wp\/v2\/media?parent=33"}],"curies":[{"name":"wp","href":"https:\/\/api.w.org\/{rel}","templated":true}]}}