{"id":266,"date":"2016-07-04T11:56:18","date_gmt":"2016-07-04T11:56:18","guid":{"rendered":"https:\/\/www.lpn.si\/?page_id=266"},"modified":"2020-05-27T11:15:36","modified_gmt":"2020-05-27T11:15:36","slug":"kako-do-nas","status":"publish","type":"page","link":"https:\/\/www.lpn.si\/it\/o-lpn\/kako-do-nas\/","title":{"rendered":"Come raggiungerci"},"content":{"rendered":"<p><\/p>\n<table class=\"styled\" style=\"width: 1080px;\">\n<tbody>\n<tr style=\"height: 24px; background-color: #00843d;\">\n<td style=\"height: 24px; width: 283px;\">Terreno di caccia<\/td>\n<td style=\"height: 24px; width: 785px;\">Come raggiungerci<\/td>\n<\/tr>\n<tr style=\"height: 24px;\">\n<td style=\"height: 24px; width: 283px;\">Dipartimento di riserve di caccia con uno scopo speciale<\/td>\n<td style=\"height: 24px; width: 785px;\"><a href=\"https:\/\/www.google.si\/maps\/place\/Zavod+za+gozdove+Slovenije+Ljubljana\/@46.0524133,14.4778262,17z\/data=!3m1!4b1!4m5!3m4!1s0x47652d5140067e27:0x9f8a704f0f5c21f8!8m2!3d46.0524096!4d14.4800202?hl=sl\">Mappa<\/a><\/td>\n<\/tr>\n<tr style=\"height: 24px;\">\n<td style=\"height: 24px; width: 283px;\">ZCS Prodi &#8211; Razor<\/td>\n<td style=\"height: 24px; width: 785px;\"><a href=\"https:\/\/www.google.si\/maps\/place\/Zavod+za+gozdove+Slovenije\/@46.1836051,13.7284214,17z\/data=!3m1!4b1!4m5!3m4!1s0x477af7b640f08b23:0x9e6a037988091317!8m2!3d46.1836014!4d13.7306154?hl=sl\">Mappa<\/a><\/td>\n<\/tr>\n<tr style=\"height: 24px;\">\n<td style=\"height: 24px; width: 283px;\">ZCS Kozorog Kamnik<\/td>\n<td style=\"height: 24px; width: 785px;\"><a href=\"https:\/\/www.google.si\/maps\/place\/Pot+na+Poljane+1,+1241+Kamnik\/@46.2269691,14.6096057,17z\/data=!3m1!4b1!4m5!3m4!1s0x47654af994791ddd:0x5a81784b5ea65f5e!8m2!3d46.2269691!4d14.6096057?hl=sl\">Mappa<\/a><\/td>\n<\/tr>\n<tr style=\"height: 24px;\">\n<td style=\"height: 24px; width: 283px;\">ZCS Ljubljanski vrh<\/td>\n<td style=\"height: 24px; width: 785px;\"><a href=\"https:\/\/www.google.si\/maps\/place\/Zavod+za+gozdove+Slovenije+Ljubljana\/@46.0524133,14.4778262,17z\/data=!3m1!4b1!4m5!3m4!1s0x47652d5140067e27:0x9f8a704f0f5c21f8!8m2!3d46.0524096!4d14.4800202?hl=sl\">Mappa<\/a><\/td>\n<\/tr>\n<tr style=\"height: 24px;\">\n<td style=\"height: 24px; width: 283px;\">ZCS Jelen<\/td>\n<td style=\"height: 24px; width: 785px;\"><a href=\"https:\/\/www.google.si\/maps\/place\/Kozari%C5%A1%C4%8De+78,+1386+Stari+trg+pri+Lo%C5%BEu\/@45.684423,14.4713395,17z\/data=!3m1!4b1!4m5!3m4!1s0x4764cf4404eb7cbd:0x8eb7f20c312ffa2b!8m2!3d45.684423!4d14.4713395?hl=sl\">Mappa<\/a><\/td>\n<\/tr>\n<tr style=\"height: 24px;\">\n<td style=\"height: 24px; width: 283px;\">ZCS na Ko\u010devskem<\/td>\n<td style=\"height: 24px; width: 785px;\"><a href=\"https:\/\/www.google.si\/maps\/place\/Re%C5%A1ka+cesta+35,+1330+Ko%C4%8Devje\/@45.6292888,14.8684171,17z\/data=!3m1!4b1!4m5!3m4!1s0x4764ee1b2013b4ad:0xd24a76acdda999af!8m2!3d45.6292888!4d14.8684171?hl=sl\">Mappa<\/a><\/td>\n<\/tr>\n<tr style=\"height: 24px;\">\n<td style=\"height: 24px; width: 283px;\">ZCS Pohorje<\/td>\n<td style=\"height: 24px; width: 785px;\"><a href=\"https:\/\/www.google.si\/maps\/place\/Tyr%C5%A1eva+ulica+15,+2000+Maribor\/@46.5618078,15.6462732,17z\/data=!3m1!4b1!4m5!3m4!1s0x476f77aea7ef8241:0xbc70a117865e9bb7!8m2!3d46.5618078!4d15.6462732?hl=sl\">Mappa<\/a><\/td>\n<\/tr>\n<tr style=\"height: 24px;\">\n<td style=\"height: 24px; width: 283px;\">ZCS Fazan Beltinci<\/td>\n<td style=\"height: 24px; width: 785px;\"><a href=\"https:\/\/www.google.si\/maps\/place\/Ravenska+cesta+10,+9231+Beltinci\/@46.6058453,16.2341525,17z\/data=!3m1!4b1!4m5!3m4!1s0x476f387944c86969:0x1a013dc6ea215c1d!8m2!3d46.6058453!4d16.2341525?hl=sl\">Mappa<\/a><\/td>\n<\/tr>\n<tr style=\"height: 24px;\">\n<td style=\"height: 24px; width: 283px;\">ZCS Kompas Peskovci<\/td>\n<td style=\"height: 24px; width: 785px;\"><a href=\"https:\/\/www.google.si\/maps\/place\/Peskovci+22a,+9204+%C5%A0alovci\/@46.8068126,16.2506938,17z\/data=!3m1!4b1!4m5!3m4!1s0x476f23a4adf3f249:0x12cb835dc739c07b!8m2!3d46.8068089!4d16.2528825?hl=sl\" target=\"_blank\" rel=\"noopener noreferrer\">Mappa<\/a><\/td>\n<\/tr>\n<\/tbody>\n<\/table>\n<p><\/p>","protected":false},"excerpt":{"rendered":"Terreno di caccia Come raggiungerci Dipartimento di riserve di caccia con uno scopo speciale Mappa ZCS Prodi &#8211; Razor Mappa ZCS Kozorog Kamnik Mappa ZCS Ljubljanski vrh Mappa ZCS Jelen Mappa ZCS na Ko\u010devskem Mappa ZCS Pohorje Mappa ZCS Fazan Beltinci Mappa ZCS Kompas Peskovci Mappa","protected":false},"author":3,"featured_media":439,"parent":5,"menu_order":7,"comment_status":"closed","ping_status":"closed","template":"","meta":[],"acf":[],"yoast_head":"<!-- This site is optimized with the Yoast SEO plugin v20.12 - https:\/\/yoast.com\/wordpress\/plugins\/seo\/ -->\n<title>Kako do nas - LPN - Lovi\u0161\u010da s posebnim namenom<\/title>\n<meta name=\"description\" content=\"Lovi\u0161\u010de Kako do nas Slu\u017eba za Lovi\u0161\u010da s posebnim namenom Zemljevid LPN Prodi - Razor Zemljevid LPN Kozorog Kamnik Zemljevid LPN Ljubljanski vrh Zemljevid LP\" \/>\n<meta name=\"robots\" content=\"index, follow, max-snippet:-1, max-image-preview:large, max-video-preview:-1\" \/>\n<link rel=\"canonical\" href=\"https:\/\/www.lpn.si\/o-lpn\/kako-do-nas\/\" \/>\n<meta property=\"og:locale\" content=\"it_IT\" \/>\n<meta property=\"og:type\" content=\"article\" \/>\n<meta property=\"og:title\" content=\"Kako do nas - LPN - Lovi\u0161\u010da s posebnim namenom\" \/>\n<meta property=\"og:description\" content=\"Lovi\u0161\u010de Kako do nas Slu\u017eba za Lovi\u0161\u010da s posebnim namenom Zemljevid LPN Prodi - Razor Zemljevid LPN Kozorog Kamnik Zemljevid LPN Ljubljanski vrh Zemljevid LP\" \/>\n<meta property=\"og:url\" content=\"https:\/\/www.lpn.si\/o-lpn\/kako-do-nas\/\" \/>\n<meta property=\"og:site_name\" content=\"LPN\" \/>\n<meta property=\"article:modified_time\" content=\"2020-05-27T11:15:36+00:00\" \/>\n<meta property=\"og:image\" content=\"https:\/\/www.lpn.si\/wp-content\/uploads\/2016\/07\/19_Lovska-ko\u010da-v-LPN-Pohorje-e1469019104484.jpg\" \/>\n\t<meta property=\"og:image:width\" content=\"1920\" \/>\n\t<meta property=\"og:image:height\" content=\"1275\" \/>\n\t<meta property=\"og:image:type\" content=\"image\/jpeg\" \/>\n<meta name=\"twitter:card\" content=\"summary_large_image\" \/>\n<meta name=\"twitter:label1\" content=\"Tempo di lettura stimato\" \/>\n\t<meta name=\"twitter:data1\" content=\"1 minuto\" \/>\n<script type=\"application\/ld+json\" class=\"yoast-schema-graph\">{\"@context\":\"https:\/\/schema.org\",\"@graph\":[{\"@type\":\"WebPage\",\"@id\":\"https:\/\/www.lpn.si\/o-lpn\/kako-do-nas\/\",\"url\":\"https:\/\/www.lpn.si\/o-lpn\/kako-do-nas\/\",\"name\":\"Kako do nas - LPN - Lovi\u0161\u010da s posebnim namenom\",\"isPartOf\":{\"@id\":\"https:\/\/www.lpn.si\/it\/#website\"},\"datePublished\":\"2016-07-04T11:56:18+00:00\",\"dateModified\":\"2020-05-27T11:15:36+00:00\",\"description\":\"Lovi\u0161\u010de Kako do nas Slu\u017eba za Lovi\u0161\u010da s posebnim namenom Zemljevid LPN Prodi - Razor Zemljevid LPN Kozorog Kamnik Zemljevid LPN Ljubljanski vrh Zemljevid LP\",\"breadcrumb\":{\"@id\":\"https:\/\/www.lpn.si\/o-lpn\/kako-do-nas\/#breadcrumb\"},\"inLanguage\":\"it-IT\",\"potentialAction\":[{\"@type\":\"ReadAction\",\"target\":[\"https:\/\/www.lpn.si\/o-lpn\/kako-do-nas\/\"]}]},{\"@type\":\"BreadcrumbList\",\"@id\":\"https:\/\/www.lpn.si\/o-lpn\/kako-do-nas\/#breadcrumb\",\"itemListElement\":[{\"@type\":\"ListItem\",\"position\":1,\"name\":\"Home\",\"item\":\"https:\/\/www.lpn.si\/\"},{\"@type\":\"ListItem\",\"position\":2,\"name\":\"O LPN\",\"item\":\"https:\/\/www.lpn.si\/o-lpn\/\"},{\"@type\":\"ListItem\",\"position\":3,\"name\":\"Kako do nas\"}]},{\"@type\":\"WebSite\",\"@id\":\"https:\/\/www.lpn.si\/it\/#website\",\"url\":\"https:\/\/www.lpn.si\/it\/\",\"name\":\"LPN\",\"description\":\"ZAVOD za GOZDOVE SLOVENIJE\",\"potentialAction\":[{\"@type\":\"SearchAction\",\"target\":{\"@type\":\"EntryPoint\",\"urlTemplate\":\"https:\/\/www.lpn.si\/it\/?s={search_term_string}\"},\"query-input\":\"required name=search_term_string\"}],\"inLanguage\":\"it-IT\"}]}<\/script>\n<!-- \/ Yoast SEO plugin. -->","yoast_head_json":{"title":"Kako do nas - LPN - Lovi\u0161\u010da s posebnim namenom","description":"Lovi\u0161\u010de Kako do nas Slu\u017eba za Lovi\u0161\u010da s posebnim namenom Zemljevid LPN Prodi - Razor Zemljevid LPN Kozorog Kamnik Zemljevid LPN Ljubljanski vrh Zemljevid LP","robots":{"index":"index","follow":"follow","max-snippet":"max-snippet:-1","max-image-preview":"max-image-preview:large","max-video-preview":"max-video-preview:-1"},"canonical":"https:\/\/www.lpn.si\/o-lpn\/kako-do-nas\/","og_locale":"it_IT","og_type":"article","og_title":"Kako do nas - LPN - Lovi\u0161\u010da s posebnim namenom","og_description":"Lovi\u0161\u010de Kako do nas Slu\u017eba za Lovi\u0161\u010da s posebnim namenom Zemljevid LPN Prodi - Razor Zemljevid LPN Kozorog Kamnik Zemljevid LPN Ljubljanski vrh Zemljevid LP","og_url":"https:\/\/www.lpn.si\/o-lpn\/kako-do-nas\/","og_site_name":"LPN","article_modified_time":"2020-05-27T11:15:36+00:00","og_image":[{"width":1920,"height":1275,"url":"https:\/\/www.lpn.si\/wp-content\/uploads\/2016\/07\/19_Lovska-ko\u010da-v-LPN-Pohorje-e1469019104484.jpg","type":"image\/jpeg"}],"twitter_card":"summary_large_image","twitter_misc":{"Tempo di lettura stimato":"1 minuto"},"schema":{"@context":"https:\/\/schema.org","@graph":[{"@type":"WebPage","@id":"https:\/\/www.lpn.si\/o-lpn\/kako-do-nas\/","url":"https:\/\/www.lpn.si\/o-lpn\/kako-do-nas\/","name":"Kako do nas - LPN - Lovi\u0161\u010da s posebnim namenom","isPartOf":{"@id":"https:\/\/www.lpn.si\/it\/#website"},"datePublished":"2016-07-04T11:56:18+00:00","dateModified":"2020-05-27T11:15:36+00:00","description":"Lovi\u0161\u010de Kako do nas Slu\u017eba za Lovi\u0161\u010da s posebnim namenom Zemljevid LPN Prodi - Razor Zemljevid LPN Kozorog Kamnik Zemljevid LPN Ljubljanski vrh Zemljevid LP","breadcrumb":{"@id":"https:\/\/www.lpn.si\/o-lpn\/kako-do-nas\/#breadcrumb"},"inLanguage":"it-IT","potentialAction":[{"@type":"ReadAction","target":["https:\/\/www.lpn.si\/o-lpn\/kako-do-nas\/"]}]},{"@type":"BreadcrumbList","@id":"https:\/\/www.lpn.si\/o-lpn\/kako-do-nas\/#breadcrumb","itemListElement":[{"@type":"ListItem","position":1,"name":"Home","item":"https:\/\/www.lpn.si\/"},{"@type":"ListItem","position":2,"name":"O LPN","item":"https:\/\/www.lpn.si\/o-lpn\/"},{"@type":"ListItem","position":3,"name":"Kako do nas"}]},{"@type":"WebSite","@id":"https:\/\/www.lpn.si\/it\/#website","url":"https:\/\/www.lpn.si\/it\/","name":"LPN","description":"ZAVOD za GOZDOVE SLOVENIJE","potentialAction":[{"@type":"SearchAction","target":{"@type":"EntryPoint","urlTemplate":"https:\/\/www.lpn.si\/it\/?s={search_term_string}"},"query-input":"required name=search_term_string"}],"inLanguage":"it-IT"}]}},"_links":{"self":[{"href":"https:\/\/www.lpn.si\/it\/wp-json\/wp\/v2\/pages\/266"}],"collection":[{"href":"https:\/\/www.lpn.si\/it\/wp-json\/wp\/v2\/pages"}],"about":[{"href":"https:\/\/www.lpn.si\/it\/wp-json\/wp\/v2\/types\/page"}],"author":[{"embeddable":true,"href":"https:\/\/www.lpn.si\/it\/wp-json\/wp\/v2\/users\/3"}],"replies":[{"embeddable":true,"href":"https:\/\/www.lpn.si\/it\/wp-json\/wp\/v2\/comments?post=266"}],"version-history":[{"count":16,"href":"https:\/\/www.lpn.si\/it\/wp-json\/wp\/v2\/pages\/266\/revisions"}],"predecessor-version":[{"id":9249,"href":"https:\/\/www.lpn.si\/it\/wp-json\/wp\/v2\/pages\/266\/revisions\/9249"}],"up":[{"embeddable":true,"href":"https:\/\/www.lpn.si\/it\/wp-json\/wp\/v2\/pages\/5"}],"wp:featuredmedia":[{"embeddable":true,"href":"https:\/\/www.lpn.si\/it\/wp-json\/wp\/v2\/media\/439"}],"wp:attachment":[{"href":"https:\/\/www.lpn.si\/it\/wp-json\/wp\/v2\/media?parent=266"}],"curies":[{"name":"wp","href":"https:\/\/api.w.org\/{rel}","templated":true}]}}