{"id":233,"date":"2016-07-04T11:41:11","date_gmt":"2016-07-04T11:41:11","guid":{"rendered":"https:\/\/www.lpn.si\/?page_id=233"},"modified":"2025-04-15T17:53:08","modified_gmt":"2025-04-15T17:53:08","slug":"opis","status":"publish","type":"page","link":"https:\/\/www.lpn.si\/it\/o-lpn\/opis\/","title":{"rendered":"Informazioni su ZCS"},"content":{"rendered":"<p>In Slovenia, la gestione sostenibile della selvaggina e altre specie selvatiche (fauna) e dei loro habitat si dimostra pi\u00f9 di 100 anni di tradizione.<\/p>\n<p>Con la creazione di uno stato indipendente, con lo scopo di unit\u00e0 e l&#8217;integrazione, la pianificazione e la gestione della fauna selvatica e il loro ambiente naturale \u00e8 stata affidata all&#8217;Ente forestale sloveno. L&#8217;Ente forestale ha inoltre organizzato la protezione delle rare specie minacciate e la fauna selvatica all&#8217;interno di Zona di caccia statale, gestite da loro.<\/p>\n<p>Oggi in Slovenia, otto ZCS operano in organizzazione dell&#8217;Ente forestale sloveno, che comprendono pi\u00f9 di 200.000 ettari e costituiscono quasi il 10 per cento della superficie totale della Slovenia.<\/p>\n<p>La loro attivit\u00e0 principale \u00e8 la cura per la selvaggina e tutte le specie rare e minacciate (fauna), che viene assicurato mediante l&#8217;attuazione di una serie di misure in relazione alle popolazioni di fauna selvatica e del loro habitat. Il compito estremamente importante delle nostre ZCS \u00e8 l&#8217;implementazione della ricerca scientifica nel campo della fauna selvatica, la caccia, e alcune specie protette. Oltre alle specie cacciabili di selvaggina tutte e tre le specie di grandi carnivori europei si possono trovare nelle nostre ZCS, dalla pi\u00f9 imponente, l&#8217;orso bruno, ai lupi e linci.<\/p>\n<p>Nelle aree di ZCS eseguiamo caccia rispettando la ricca tradizione di caccia slovena ed etica. Siamo conosciuti soprattutto per la caccia di attesa e caccia da appostamento, effettuata da appostamenti fissi o da appostamenti temporanei, nonch\u00e9 per la caccia collettiva, battuta di <em>caccia <\/em>alla grande selvaggina e <em>caccia<\/em> alla <em>selvaggina minore<\/em>. Il nostro ZCS \u00e8 visitato anche da un crescente numero di ospiti di caccia, che da soli o con le loro famiglie optano per la osservazione di varie specie di selvaggina e della fauna selvatica.<\/p>\n<p>ZCSs ottengono finanziamenti per le loro attivit\u00e0 principalmente attraverso il marketing e l&#8217;implementazione del turismo di caccia. Tra le specie pi\u00f9 interessanti di selvaggina cacciabili sono capriolo, cervo, cinghiale \u2013 maschio, camoscio, daino, muflone, stambecco delle Alpi, fagiano, germano reale, starna e lepre. In conformit\u00e0 con la legislazione secondaria, a volte \u00e8 anche possibile cacciare alcune specie protette, soprattutto orsi bruni.<\/p>\n<p>&nbsp;<\/p>\n<p style=\"text-align: right;\">Siete invitati a farci visita e vedere di persona!<\/p>\n<p style=\"text-align: right;\">I Zona di caccia statale (in organizzazione dell&#8217;Ente forestale sloveno)<\/p>\n<p><\/p>","protected":false},"excerpt":{"rendered":"In Slovenia, la gestione sostenibile della selvaggina e altre specie selvatiche (fauna) e dei loro habitat si dimostra pi\u00f9 di 100 anni di tradizione. Con la creazione di uno stato indipendente, con lo scopo di unit\u00e0 e l&#8217;integrazione, la pianificazione e la gestione della fauna selvatica e il loro ambiente naturale \u00e8 stata affidata all&#8217;Ente [&hellip;]","protected":false},"author":3,"featured_media":477,"parent":5,"menu_order":0,"comment_status":"closed","ping_status":"closed","template":"","meta":[],"acf":[],"yoast_head":"<!-- This site is optimized with the Yoast SEO plugin v20.12 - https:\/\/yoast.com\/wordpress\/plugins\/seo\/ -->\n<title>Opis - LPN - Lovi\u0161\u010da s posebnim namenom<\/title>\n<meta name=\"description\" content=\"V Sloveniji ima trajnostno upravljanje z divjadjo in drugimi prosto\u017eive\u010dimi \u017eivalskimi vrstami in njihovim \u017eivljenjskim okoljem \u017ee ve\u010d kot\" \/>\n<meta name=\"robots\" content=\"index, follow, max-snippet:-1, max-image-preview:large, max-video-preview:-1\" \/>\n<link rel=\"canonical\" href=\"https:\/\/www.lpn.si\/o-lpn\/opis\/\" \/>\n<meta property=\"og:locale\" content=\"it_IT\" \/>\n<meta property=\"og:type\" content=\"article\" \/>\n<meta property=\"og:title\" content=\"[:sl]Opis - LPN - Lovi\u0161\u010da s posebnim namenom[:]\" \/>\n<meta property=\"og:description\" content=\"{:sl}V Sloveniji ima trajnostno upravljanje z divjadjo in drugimi prosto\u017eive\u010dimi \u017eivalskimi vrstami in njihovim \u017eivljenjskim okoljem \u017ee ve\u010d kot {:}\" \/>\n<meta property=\"og:url\" content=\"https:\/\/www.lpn.si\/o-lpn\/opis\/\" \/>\n<meta property=\"og:site_name\" content=\"LPN\" \/>\n<meta property=\"article:modified_time\" content=\"2025-04-15T17:53:08+00:00\" \/>\n<meta property=\"og:image\" content=\"https:\/\/www.lpn.si\/wp-content\/uploads\/2016\/06\/27_Zandnja-usklajevanje-pred-odhodom-gonja\u010dev-in-strelcev-na-skupinskem-lovu-v-LPN-Na-Ko\u010devskem--e1469446381708.jpg\" \/>\n\t<meta property=\"og:image:width\" content=\"1920\" \/>\n\t<meta property=\"og:image:height\" content=\"1278\" \/>\n\t<meta property=\"og:image:type\" content=\"image\/jpeg\" \/>\n<meta name=\"twitter:card\" content=\"summary_large_image\" \/>\n<meta name=\"twitter:label1\" content=\"Tempo di lettura stimato\" \/>\n\t<meta name=\"twitter:data1\" content=\"3 minuti\" \/>\n<script type=\"application\/ld+json\" class=\"yoast-schema-graph\">{\"@context\":\"https:\/\/schema.org\",\"@graph\":[{\"@type\":\"WebPage\",\"@id\":\"https:\/\/www.lpn.si\/o-lpn\/opis\/\",\"url\":\"https:\/\/www.lpn.si\/o-lpn\/opis\/\",\"name\":\"[:sl]Opis - LPN - Lovi\u0161\u010da s posebnim namenom[:]\",\"isPartOf\":{\"@id\":\"https:\/\/www.lpn.si\/it\/#website\"},\"datePublished\":\"2016-07-04T11:41:11+00:00\",\"dateModified\":\"2025-04-15T17:53:08+00:00\",\"description\":\"{:sl}V Sloveniji ima trajnostno upravljanje z divjadjo in drugimi prosto\u017eive\u010dimi \u017eivalskimi vrstami in njihovim \u017eivljenjskim okoljem \u017ee ve\u010d kot {:}\",\"breadcrumb\":{\"@id\":\"https:\/\/www.lpn.si\/o-lpn\/opis\/#breadcrumb\"},\"inLanguage\":\"it-IT\",\"potentialAction\":[{\"@type\":\"ReadAction\",\"target\":[\"https:\/\/www.lpn.si\/o-lpn\/opis\/\"]}]},{\"@type\":\"BreadcrumbList\",\"@id\":\"https:\/\/www.lpn.si\/o-lpn\/opis\/#breadcrumb\",\"itemListElement\":[{\"@type\":\"ListItem\",\"position\":1,\"name\":\"Home\",\"item\":\"https:\/\/www.lpn.si\/\"},{\"@type\":\"ListItem\",\"position\":2,\"name\":\"O LPN\",\"item\":\"https:\/\/www.lpn.si\/o-lpn\/\"},{\"@type\":\"ListItem\",\"position\":3,\"name\":\"Opis\"}]},{\"@type\":\"WebSite\",\"@id\":\"https:\/\/www.lpn.si\/it\/#website\",\"url\":\"https:\/\/www.lpn.si\/it\/\",\"name\":\"LPN\",\"description\":\"ZAVOD za GOZDOVE SLOVENIJE\",\"potentialAction\":[{\"@type\":\"SearchAction\",\"target\":{\"@type\":\"EntryPoint\",\"urlTemplate\":\"https:\/\/www.lpn.si\/it\/?s={search_term_string}\"},\"query-input\":\"required name=search_term_string\"}],\"inLanguage\":\"it-IT\"}]}<\/script>\n<!-- \/ Yoast SEO plugin. -->","yoast_head_json":{"title":"Opis - LPN - Lovi\u0161\u010da s posebnim namenom","description":"V Sloveniji ima trajnostno upravljanje z divjadjo in drugimi prosto\u017eive\u010dimi \u017eivalskimi vrstami in njihovim \u017eivljenjskim okoljem \u017ee ve\u010d kot","robots":{"index":"index","follow":"follow","max-snippet":"max-snippet:-1","max-image-preview":"max-image-preview:large","max-video-preview":"max-video-preview:-1"},"canonical":"https:\/\/www.lpn.si\/o-lpn\/opis\/","og_locale":"it_IT","og_type":"article","og_title":"[:sl]Opis - LPN - Lovi\u0161\u010da s posebnim namenom[:]","og_description":"{:sl}V Sloveniji ima trajnostno upravljanje z divjadjo in drugimi prosto\u017eive\u010dimi \u017eivalskimi vrstami in njihovim \u017eivljenjskim okoljem \u017ee ve\u010d kot {:}","og_url":"https:\/\/www.lpn.si\/o-lpn\/opis\/","og_site_name":"LPN","article_modified_time":"2025-04-15T17:53:08+00:00","og_image":[{"width":1920,"height":1278,"url":"https:\/\/www.lpn.si\/wp-content\/uploads\/2016\/06\/27_Zandnja-usklajevanje-pred-odhodom-gonja\u010dev-in-strelcev-na-skupinskem-lovu-v-LPN-Na-Ko\u010devskem--e1469446381708.jpg","type":"image\/jpeg"}],"twitter_card":"summary_large_image","twitter_misc":{"Tempo di lettura stimato":"3 minuti"},"schema":{"@context":"https:\/\/schema.org","@graph":[{"@type":"WebPage","@id":"https:\/\/www.lpn.si\/o-lpn\/opis\/","url":"https:\/\/www.lpn.si\/o-lpn\/opis\/","name":"[:sl]Opis - LPN - Lovi\u0161\u010da s posebnim namenom[:]","isPartOf":{"@id":"https:\/\/www.lpn.si\/it\/#website"},"datePublished":"2016-07-04T11:41:11+00:00","dateModified":"2025-04-15T17:53:08+00:00","description":"{:sl}V Sloveniji ima trajnostno upravljanje z divjadjo in drugimi prosto\u017eive\u010dimi \u017eivalskimi vrstami in njihovim \u017eivljenjskim okoljem \u017ee ve\u010d kot {:}","breadcrumb":{"@id":"https:\/\/www.lpn.si\/o-lpn\/opis\/#breadcrumb"},"inLanguage":"it-IT","potentialAction":[{"@type":"ReadAction","target":["https:\/\/www.lpn.si\/o-lpn\/opis\/"]}]},{"@type":"BreadcrumbList","@id":"https:\/\/www.lpn.si\/o-lpn\/opis\/#breadcrumb","itemListElement":[{"@type":"ListItem","position":1,"name":"Home","item":"https:\/\/www.lpn.si\/"},{"@type":"ListItem","position":2,"name":"O LPN","item":"https:\/\/www.lpn.si\/o-lpn\/"},{"@type":"ListItem","position":3,"name":"Opis"}]},{"@type":"WebSite","@id":"https:\/\/www.lpn.si\/it\/#website","url":"https:\/\/www.lpn.si\/it\/","name":"LPN","description":"ZAVOD za GOZDOVE SLOVENIJE","potentialAction":[{"@type":"SearchAction","target":{"@type":"EntryPoint","urlTemplate":"https:\/\/www.lpn.si\/it\/?s={search_term_string}"},"query-input":"required name=search_term_string"}],"inLanguage":"it-IT"}]}},"_links":{"self":[{"href":"https:\/\/www.lpn.si\/it\/wp-json\/wp\/v2\/pages\/233"}],"collection":[{"href":"https:\/\/www.lpn.si\/it\/wp-json\/wp\/v2\/pages"}],"about":[{"href":"https:\/\/www.lpn.si\/it\/wp-json\/wp\/v2\/types\/page"}],"author":[{"embeddable":true,"href":"https:\/\/www.lpn.si\/it\/wp-json\/wp\/v2\/users\/3"}],"replies":[{"embeddable":true,"href":"https:\/\/www.lpn.si\/it\/wp-json\/wp\/v2\/comments?post=233"}],"version-history":[{"count":24,"href":"https:\/\/www.lpn.si\/it\/wp-json\/wp\/v2\/pages\/233\/revisions"}],"predecessor-version":[{"id":13881,"href":"https:\/\/www.lpn.si\/it\/wp-json\/wp\/v2\/pages\/233\/revisions\/13881"}],"up":[{"embeddable":true,"href":"https:\/\/www.lpn.si\/it\/wp-json\/wp\/v2\/pages\/5"}],"wp:featuredmedia":[{"embeddable":true,"href":"https:\/\/www.lpn.si\/it\/wp-json\/wp\/v2\/media\/477"}],"wp:attachment":[{"href":"https:\/\/www.lpn.si\/it\/wp-json\/wp\/v2\/media?parent=233"}],"curies":[{"name":"wp","href":"https:\/\/api.w.org\/{rel}","templated":true}]}}