{"id":104,"date":"2016-06-23T10:14:42","date_gmt":"2016-06-23T10:14:42","guid":{"rendered":"https:\/\/www.lpn.si\/?page_id=104"},"modified":"2025-03-18T13:07:15","modified_gmt":"2025-03-18T13:07:15","slug":"poljska-rebeica","status":"publish","type":"page","link":"https:\/\/www.lpn.si\/it\/vrste-lovne-divjadi\/poljska-rebeica\/","title":{"rendered":"Starna"},"content":{"rendered":"<p>In Slovenia, la starna \u00e8 una specie di selvaggina autoctona. In passato era spesso presente in Slovenia in terreni agricoli coltivati delle pianure. Oggi \u00e8 soprattutto presente nelle Zone di caccia statali ZCS Kompas Peskovci e ZCS Fazan Beltinci, dove \u00e8 anche possibile cacciarle.<\/p>\n<p>Entrambi i territori di caccia si trovano nella parte pianeggiante della pianura pannonica, che nel caso di ZCS Kompas Peskovci si combina con le colline e terreni agricoli coltivati, mentre la ZCS Fazan Beltinci \u00e8 chiaramente definita dal fiume Mura. In questa parte della Slovenia superfici coltivate sono ancora separate da siepi, che sono un buon posto per nascondersi, nidificazione e alimentazione della starna. Rispetto al fagiano starna preferisce aree aperte con meno arbusti e vegetazione forestale.<\/p>\n<p>La ZCS Fazan Beltinci comprende anche le stazioni di allevamento della starna, in parte come un proprio investimento nel terreno di caccia, e in parte per la vendita ad altri territori di caccia in Slovenia e anche in altri paesi dell&#8217;Unione Europea. Le starne maturi vengono rimessi in libert\u00e0 nel tardo inverno o all&#8217;inizio della primavera, mentre le giovani starne vengono rilasciati una volta che sono in grado di propria sopravvivenza in natura, di solito a fine estate e inizio autunno. La starna \u00e8 un uccello galliforme appartenente alla famiglia dei Fasianidi che non rimangono sugli alberi, ma piuttosto si muovono intorno a terra. Vivono in gruppi familiari, chiamati brigate, mentre soprattutto durante l&#8217;inverno possono anche unirsi in grandi stormi.<\/p>\n<h1><strong>Calendario venatorio<\/strong><\/h1>\n<table style=\"width: 423px;\">\n<tbody>\n<tr style=\"height: 24px;\">\n<td style=\"width: 43px; height: 24px;\"><\/td>\n<td style=\"width: 23px; height: 24px;\">gen<\/td>\n<td style=\"width: 22px; height: 24px;\">feb<\/td>\n<td style=\"width: 29px; height: 24px;\">mar<\/td>\n<td style=\"width: 24px; height: 24px;\">apr<\/td>\n<td style=\"width: 27px; height: 24px;\">magg<\/td>\n<td style=\"width: 24px; height: 24px;\">giu<\/td>\n<td style=\"width: 19px; height: 24px;\">lug<\/td>\n<td style=\"width: 25px; height: 24px;\">ago<\/td>\n<td style=\"width: 24px; height: 24px;\">sett<\/td>\n<td style=\"width: 23px; height: 24px;\">ott<\/td>\n<td style=\"width: 35px; height: 24px;\">nov<\/td>\n<td style=\"width: 25px; height: 24px;\">dic<\/td>\n<\/tr>\n<tr style=\"height: 48px;\">\n<td style=\"width: 43px; height: 48px;\">Starna<\/td>\n<td style=\"width: 23px; height: 48px;\"><\/td>\n<td style=\"width: 22px; height: 48px;\"><\/td>\n<td style=\"width: 29px; height: 48px;\"><\/td>\n<td style=\"width: 24px; height: 48px;\"><\/td>\n<td style=\"width: 27px; height: 48px;\"><\/td>\n<td style=\"width: 24px; height: 48px;\"><\/td>\n<td style=\"width: 19px; height: 48px;\"><\/td>\n<td style=\"width: 25px; height: 48px;\"><\/td>\n<td style=\"width: 24px; background-color: #00843d; height: 48px;\"><\/td>\n<td style=\"background-color: #00843d; width: 23px; height: 48px;\"><\/td>\n<td style=\"background-color: #00843d; width: 35px; height: 48px;\">\u00a0<span style=\"color: #ffffff;\">15.11.<\/span><\/td>\n<td style=\"width: 25px; height: 48px;\"><\/td>\n<\/tr>\n<\/tbody>\n<\/table>\n<h1><strong>Aree in Slovenia<\/strong><\/h1>\n<p>La starna \u00e8 pi\u00f9 spesso presente sulle superfici coltivate di pianure, fino a 400 m sul livello del mare. Predilige terreni sabbiosi senza fradicio e l&#8217;interazione di varie colture agricole. Per la sua esistenza e la sopravvivenza richiede necessariamente zone meno coperte, siepi e terreni agricoli trascurati e incolti o non arati.<\/p>\n<p><a href=\"https:\/\/www.lpn.si\/wp-content\/uploads\/2016\/06\/32_Poljski-jerebici-v-LPN-Fazan-Beltinci-e1469013943337.jpg\"><img decoding=\"async\" loading=\"lazy\" class=\"wp-image-405 size-thumbnail\" src=\"https:\/\/www.lpn.si\/wp-content\/uploads\/2016\/06\/32_Poljski-jerebici-v-LPN-Fazan-Beltinci-250x200.jpg\" alt=\"32_Poljski jerebici v LPN Fazan Beltinci\" width=\"250\" height=\"200\" \/><\/a><\/p>\n<p>Le starne nella ZCS Fazan Beltinci<\/p>\n<p>La starna \u00e8 una selvaggina minore che \u00e8 presente in due Zone di caccia statali di pianura, la ZCS Fazan Beltinci e la ZCS Kompas Peskovci.<\/p>\n<p>ZCS Fazan Beltinci si compone di due paesaggi completamente diversi, le foreste di partizione pi\u00f9 grandi e relativamente preservate e le foreste alluvionali con paludi e stagni lungo il fiume Mura. Questo \u00e8 un habitat ideale per starne, che trovano migliori condizioni di vita per la loro esistenza e la sopravvivenza su superfici non coltivate, soprattutto se sono piccoli e se combinano diverse colture che sono tradizionalmente separate da siepi.<\/p>\n<p>La starna \u00e8 raramente presente nella ZCS Kompas Peskovci. Qui si trattiene sui bordi dei terreni agricoli, che sono separati da siepi e boschi isolati.<\/p>\n<p>La ZCS Fazan Beltinci comprende anche le stazioni di allevamento della starna<\/p>\n<h1><strong>Caratteristiche della specie<\/strong><\/h1>\n<p>La starna appartiene alla famiglia dei Fasianidi. Il suo cibo varia molto nel corso dell&#8217;anno, unendo alimenti di origine vegetale o animale. In inverno, si nutre di cibo verde \u2013 il frumento invernale ed erbe, scavandoli dalla neve. In una neve morbida e asciutta pu\u00f2 scavare cunicoli di fino a 40 cm di lunghezza. In primavera e in estate, si nutre di giovani erbe, trifogli, fiori, ma soprattutto con alimenti di origine animale. Durante questo periodo, le proteine alimentari comprendono insetti e le loro varie forme di sviluppo. In autunno, si nutre di semi di erbacce, erbe e cereali, per\u00f2 il suo cibo preferito \u00e8 grano.<\/p>\n<p><a href=\"https:\/\/www.lpn.si\/wp-content\/uploads\/2016\/06\/33_Poljska-jerebica-v-LPN-Fazan-Beltinci-e1469013992426.jpg\"><img decoding=\"async\" loading=\"lazy\" class=\"wp-image-406 size-thumbnail\" src=\"https:\/\/www.lpn.si\/wp-content\/uploads\/2016\/06\/33_Poljska-jerebica-v-LPN-Fazan-Beltinci-250x200.jpg\" alt=\"33_Poljska jerebica v LPN Fazan Beltinci\" width=\"250\" height=\"200\" \/><\/a><\/p>\n<p>La starna nella ZCS Fazan Beltinci<\/p>\n<p>\u00c8 interessante che durante le prime 10 a 14 giorni pulcini sono alimentate solo con proteine alimentari, preferibilmente con uova delle formiche, poich\u00e9 questo assicura lo sviluppo e crescita pi\u00f9 veloce. Poi parzialmente iniziano a consumare alimenti vegetali pi\u00f9 facilmente digeribili.<\/p>\n<h1><strong>Caratteristiche di caccia in Slovenia<\/strong><\/h1>\n<p>In entrambi i territori di caccia sono in grado di organizzare la caccia alla starna in forma singola. La starna pu\u00f2 essere cacciata in braccata, girata e battuta brevi o durante il sorvolo di serata quando le starne volano dalle loro abitazioni quotidiane per altre zone dove possono trovare cibo.<\/p>\n<p>Pi\u00f9 comune \u00e8 la caccia con i cani addestrati, puntatori o setter che su di incontrare la preda prendere una posizione distintiva, una sorta di accovacciarsi o &#8220;set&#8221;, o spaniel che di ricerca e gioco a filo di pennello pi\u00f9 densa.<\/p>\n<p><a href=\"https:\/\/www.lpn.si\/wp-content\/uploads\/2016\/06\/34_Lov-s-sokolom-oziroma-skolarjenje-v-LPN-Fazan-Peskovci-e1469014044304.jpg\"><img decoding=\"async\" loading=\"lazy\" class=\"wp-image-407 size-thumbnail\" src=\"https:\/\/www.lpn.si\/wp-content\/uploads\/2016\/06\/34_Lov-s-sokolom-oziroma-skolarjenje-v-LPN-Fazan-Peskovci-250x200.jpg\" alt=\"34_Lov s sokolom oziroma skolarjenje v LPN Fazan Peskovci\" width=\"250\" height=\"200\" \/><\/a><\/p>\n<p>Falconeria nella ZCS Fazan Peskovci<\/p>\n<p>Particolarmente interessante \u00e8 la caccia combinata alla selvaggina minore in cui cani da caccia addestrati cercano tutte e tre le specie di selvaggina minore suddette (starna, fagiano e lepre). Quando trovano la selvaggina con il loro eccellente senso dell&#8217;olfatto si fermano e la segnalano al cacciatore in posizione eretta, con una zampa anteriore sollevata e fremendo: sembra che tremino.<\/p>\n<p>La caccia alla starna di solito si svolge in aree meno coperte del terreno di caccia dove il campo offre numerosi nascondigli. D&#8217;altra parte, la caccia al fagiano \u00e8 effettuata nelle zone pi\u00f9 coperte dei terreni di caccia, come il fagiano preferisce pi\u00f9 di vegetazione. Tuttavia, il variegato paesaggio agricolo con una combinazione di foreste e coltivazioni agricole permette l&#8217;esistenza di entrambe le specie della selvaggina nella stessa zona.<\/p>\n<p>In alcuni casi, gli ospiti di caccia optano per una combinazione di caccia alla starna nella mattina e la caccia ai ungulati in serata.<\/p>","protected":false},"excerpt":{"rendered":"In Slovenia, la starna \u00e8 una specie di selvaggina autoctona. In passato era spesso presente in Slovenia in terreni agricoli coltivati delle pianure. Oggi \u00e8 soprattutto presente nelle Zone di caccia statali ZCS Kompas Peskovci e ZCS Fazan Beltinci, dove \u00e8 anche possibile cacciarle. Entrambi i territori di caccia si trovano nella parte pianeggiante della [&hellip;]","protected":false},"author":3,"featured_media":13864,"parent":85,"menu_order":9,"comment_status":"closed","ping_status":"closed","template":"page-divjad.php","meta":[],"acf":[],"yoast_head":"<!-- This site is optimized with the Yoast SEO plugin v20.12 - https:\/\/yoast.com\/wordpress\/plugins\/seo\/ -->\n<title>Starna - LPN<\/title>\n<meta name=\"robots\" content=\"index, follow, max-snippet:-1, max-image-preview:large, max-video-preview:-1\" \/>\n<link rel=\"canonical\" href=\"https:\/\/www.lpn.si\/vrste-lovne-divjadi\/poljska-rebeica\/\" \/>\n<meta property=\"og:locale\" content=\"it_IT\" \/>\n<meta property=\"og:type\" content=\"article\" \/>\n<meta property=\"og:title\" content=\"Starna - LPN\" \/>\n<meta property=\"og:description\" content=\"In Slovenia, la starna \u00e8 una specie di selvaggina autoctona. In passato era spesso presente in Slovenia in terreni agricoli coltivati delle pianure. Oggi \u00e8 soprattutto presente nelle Zone di caccia statali ZCS Kompas Peskovci e ZCS Fazan Beltinci, dove \u00e8 anche possibile cacciarle. Entrambi i territori di caccia si trovano nella parte pianeggiante della [&hellip;]\" \/>\n<meta property=\"og:url\" content=\"https:\/\/www.lpn.si\/vrste-lovne-divjadi\/poljska-rebeica\/\" \/>\n<meta property=\"og:site_name\" content=\"LPN\" \/>\n<meta property=\"article:modified_time\" content=\"2025-03-18T13:07:15+00:00\" \/>\n<meta property=\"og:image\" content=\"https:\/\/www.lpn.si\/wp-content\/uploads\/2025\/03\/Untitled-1_0019_jerebica.jpg\" \/>\n\t<meta property=\"og:image:width\" content=\"1920\" \/>\n\t<meta property=\"og:image:height\" content=\"380\" \/>\n\t<meta property=\"og:image:type\" content=\"image\/jpeg\" \/>\n<meta name=\"twitter:card\" content=\"summary_large_image\" \/>\n<meta name=\"twitter:label1\" content=\"Tempo di lettura stimato\" \/>\n\t<meta name=\"twitter:data1\" content=\"4 minuti\" \/>\n<script type=\"application\/ld+json\" class=\"yoast-schema-graph\">{\"@context\":\"https:\/\/schema.org\",\"@graph\":[{\"@type\":\"WebPage\",\"@id\":\"https:\/\/www.lpn.si\/vrste-lovne-divjadi\/poljska-rebeica\/\",\"url\":\"https:\/\/www.lpn.si\/vrste-lovne-divjadi\/poljska-rebeica\/\",\"name\":\"Starna - LPN\",\"isPartOf\":{\"@id\":\"https:\/\/www.lpn.si\/it\/#website\"},\"datePublished\":\"2016-06-23T10:14:42+00:00\",\"dateModified\":\"2025-03-18T13:07:15+00:00\",\"breadcrumb\":{\"@id\":\"https:\/\/www.lpn.si\/vrste-lovne-divjadi\/poljska-rebeica\/#breadcrumb\"},\"inLanguage\":\"it-IT\",\"potentialAction\":[{\"@type\":\"ReadAction\",\"target\":[\"https:\/\/www.lpn.si\/vrste-lovne-divjadi\/poljska-rebeica\/\"]}]},{\"@type\":\"BreadcrumbList\",\"@id\":\"https:\/\/www.lpn.si\/vrste-lovne-divjadi\/poljska-rebeica\/#breadcrumb\",\"itemListElement\":[{\"@type\":\"ListItem\",\"position\":1,\"name\":\"Home\",\"item\":\"https:\/\/www.lpn.si\/\"},{\"@type\":\"ListItem\",\"position\":2,\"name\":\"Vrste lovne divjadi\",\"item\":\"https:\/\/www.lpn.si\/vrste-lovne-divjadi\/\"},{\"@type\":\"ListItem\",\"position\":3,\"name\":\"Poljska jerebica\"}]},{\"@type\":\"WebSite\",\"@id\":\"https:\/\/www.lpn.si\/it\/#website\",\"url\":\"https:\/\/www.lpn.si\/it\/\",\"name\":\"LPN\",\"description\":\"ZAVOD za GOZDOVE SLOVENIJE\",\"potentialAction\":[{\"@type\":\"SearchAction\",\"target\":{\"@type\":\"EntryPoint\",\"urlTemplate\":\"https:\/\/www.lpn.si\/it\/?s={search_term_string}\"},\"query-input\":\"required name=search_term_string\"}],\"inLanguage\":\"it-IT\"}]}<\/script>\n<!-- \/ Yoast SEO plugin. -->","yoast_head_json":{"title":"Starna - LPN","robots":{"index":"index","follow":"follow","max-snippet":"max-snippet:-1","max-image-preview":"max-image-preview:large","max-video-preview":"max-video-preview:-1"},"canonical":"https:\/\/www.lpn.si\/vrste-lovne-divjadi\/poljska-rebeica\/","og_locale":"it_IT","og_type":"article","og_title":"Starna - LPN","og_description":"In Slovenia, la starna \u00e8 una specie di selvaggina autoctona. In passato era spesso presente in Slovenia in terreni agricoli coltivati delle pianure. Oggi \u00e8 soprattutto presente nelle Zone di caccia statali ZCS Kompas Peskovci e ZCS Fazan Beltinci, dove \u00e8 anche possibile cacciarle. Entrambi i territori di caccia si trovano nella parte pianeggiante della [&hellip;]","og_url":"https:\/\/www.lpn.si\/vrste-lovne-divjadi\/poljska-rebeica\/","og_site_name":"LPN","article_modified_time":"2025-03-18T13:07:15+00:00","og_image":[{"width":1920,"height":380,"url":"https:\/\/www.lpn.si\/wp-content\/uploads\/2025\/03\/Untitled-1_0019_jerebica.jpg","type":"image\/jpeg"}],"twitter_card":"summary_large_image","twitter_misc":{"Tempo di lettura stimato":"4 minuti"},"schema":{"@context":"https:\/\/schema.org","@graph":[{"@type":"WebPage","@id":"https:\/\/www.lpn.si\/vrste-lovne-divjadi\/poljska-rebeica\/","url":"https:\/\/www.lpn.si\/vrste-lovne-divjadi\/poljska-rebeica\/","name":"Starna - LPN","isPartOf":{"@id":"https:\/\/www.lpn.si\/it\/#website"},"datePublished":"2016-06-23T10:14:42+00:00","dateModified":"2025-03-18T13:07:15+00:00","breadcrumb":{"@id":"https:\/\/www.lpn.si\/vrste-lovne-divjadi\/poljska-rebeica\/#breadcrumb"},"inLanguage":"it-IT","potentialAction":[{"@type":"ReadAction","target":["https:\/\/www.lpn.si\/vrste-lovne-divjadi\/poljska-rebeica\/"]}]},{"@type":"BreadcrumbList","@id":"https:\/\/www.lpn.si\/vrste-lovne-divjadi\/poljska-rebeica\/#breadcrumb","itemListElement":[{"@type":"ListItem","position":1,"name":"Home","item":"https:\/\/www.lpn.si\/"},{"@type":"ListItem","position":2,"name":"Vrste lovne divjadi","item":"https:\/\/www.lpn.si\/vrste-lovne-divjadi\/"},{"@type":"ListItem","position":3,"name":"Poljska jerebica"}]},{"@type":"WebSite","@id":"https:\/\/www.lpn.si\/it\/#website","url":"https:\/\/www.lpn.si\/it\/","name":"LPN","description":"ZAVOD za GOZDOVE SLOVENIJE","potentialAction":[{"@type":"SearchAction","target":{"@type":"EntryPoint","urlTemplate":"https:\/\/www.lpn.si\/it\/?s={search_term_string}"},"query-input":"required name=search_term_string"}],"inLanguage":"it-IT"}]}},"_links":{"self":[{"href":"https:\/\/www.lpn.si\/it\/wp-json\/wp\/v2\/pages\/104"}],"collection":[{"href":"https:\/\/www.lpn.si\/it\/wp-json\/wp\/v2\/pages"}],"about":[{"href":"https:\/\/www.lpn.si\/it\/wp-json\/wp\/v2\/types\/page"}],"author":[{"embeddable":true,"href":"https:\/\/www.lpn.si\/it\/wp-json\/wp\/v2\/users\/3"}],"replies":[{"embeddable":true,"href":"https:\/\/www.lpn.si\/it\/wp-json\/wp\/v2\/comments?post=104"}],"version-history":[{"count":10,"href":"https:\/\/www.lpn.si\/it\/wp-json\/wp\/v2\/pages\/104\/revisions"}],"predecessor-version":[{"id":13868,"href":"https:\/\/www.lpn.si\/it\/wp-json\/wp\/v2\/pages\/104\/revisions\/13868"}],"up":[{"embeddable":true,"href":"https:\/\/www.lpn.si\/it\/wp-json\/wp\/v2\/pages\/85"}],"wp:featuredmedia":[{"embeddable":true,"href":"https:\/\/www.lpn.si\/it\/wp-json\/wp\/v2\/media\/13864"}],"wp:attachment":[{"href":"https:\/\/www.lpn.si\/it\/wp-json\/wp\/v2\/media?parent=104"}],"curies":[{"name":"wp","href":"https:\/\/api.w.org\/{rel}","templated":true}]}}