{"id":101,"date":"2016-06-23T10:14:40","date_gmt":"2016-06-23T10:14:40","guid":{"rendered":"https:\/\/www.lpn.si\/?page_id=101"},"modified":"2025-03-17T10:14:30","modified_gmt":"2025-03-17T10:14:30","slug":"alpski-svizec","status":"publish","type":"page","link":"https:\/\/www.lpn.si\/it\/vrste-lovne-divjadi\/alpski-svizec\/","title":{"rendered":"Marmotta alpina"},"content":{"rendered":"<p>La marmotta delle Alpi vive solo in alta montagna. In Europa, la si pu\u00f2 trovare nelle Alpi, nei Carpazi e nell&#8217;Alti Tatra. In Slovenia, \u00e8 stata introdotta pi\u00f9 volte, con le popolazioni pi\u00f9 numerose nella zona delle Alpi Giulie e le Alpi di Kamnik e della Savinja. La loro presenza ed esistenza sono associati con la superficie del suolo adeguata che permette di scavare dei tunnel e delle tane dove vivono e trascorrono l&#8217;inverno. Principalmente, si trovano nei prati ampi e nei abissi con lo strato profondo di terreno dove possono scavare le loro gallerie.<\/p>\n<p>Delle Zone di caccia statali la marmotta alpina \u00e8 presente nella ZCS Kozorog Kamnik, nella zona di Grintovec, Ojstrica e Kalce.<\/p>\n<p>Marmotta alpina pu\u00f2 pesare fino a 6 kg. Soprattutto in estate e in autunno si propone di raccogliere le scorte del grasso corporeo che la permette di sopravvivere l&#8217;inverno. In inverno si nascondono nella tana d&#8217;inverno, nel 2 a 5 m di profondit\u00e0, dove soggiornano durante il periodo di letargo invernale.<\/p>\n<h1><strong>Calendario venatorio<\/strong><\/h1>\n<table>\n<tbody>\n<tr>\n<td><\/td>\n<td>gen<\/td>\n<td>feb<\/td>\n<td>mar<\/td>\n<td>apr<\/td>\n<td>magg<\/td>\n<td>giu<\/td>\n<td>lug<\/td>\n<td>ago<\/td>\n<td>sett<\/td>\n<td>ott<\/td>\n<td>nov<\/td>\n<td>dic<\/td>\n<\/tr>\n<tr>\n<td>Marmotta alpina<\/td>\n<td><\/td>\n<td><\/td>\n<td><\/td>\n<td><\/td>\n<td><\/td>\n<td><\/td>\n<td><\/td>\n<td><\/td>\n<td style=\"background-color: #00843d;\"><\/td>\n<td style=\"background-color: #00843d;\"><\/td>\n<td><\/td>\n<td><\/td>\n<\/tr>\n<\/tbody>\n<\/table>\n<h1><strong>Aree in Slovenia<\/strong><\/h1>\n<p>In Slovenia, marmotta alpina \u00e8 presente nella ZCS Kozorog Kamnik, nella zona delle Alpi di Kamnik e della Savinja. Si trova principalmente nella zona di Grintovec, Ojstrica e Kalce, ad un&#8217;altitudine compresa tra 800 e 2200 m.<\/p>\n<p><a href=\"https:\/\/www.lpn.si\/wp-content\/uploads\/2016\/06\/37_Aplski-svet-v-LPN-Kozorog-Kamnik-e1469014434211.jpg\"><img decoding=\"async\" loading=\"lazy\" class=\"wp-image-411 size-thumbnail\" src=\"https:\/\/www.lpn.si\/wp-content\/uploads\/2016\/06\/37_Aplski-svet-v-LPN-Kozorog-Kamnik-250x200.jpg\" alt=\"37_Aplski svet v LPN Kozorog Kamnik\" width=\"250\" height=\"200\" \/><\/a><\/p>\n<p>Il mondo alpino nella ZCS Kozorog Kamnik<\/p>\n<h1><strong>Caratteristiche della specie<\/strong><\/h1>\n<p>La marmotta alpina \u00e8 un roditore della famiglia degli Sciuridi. Vivono in gruppi familiari territoriali, di solito costituiti dal maschio e dalla femmina adulti e la loro prole oltre che dalle altre femmine.<\/p>\n<p>Trascorrono l&#8217;inverno in tana invernale durante il letargo. Il letargo \u00e8 seguito dal periodo degli amori.<\/p>\n<p>Dopo il parto la femmina \u00e8 esaurita, quindi la gestazione avviene soltanto circa tre volte durante tutta la sua vita, in media ogni tre anni. Ogni cucciolata \u00e8 composta da 3 a 5 cuccioli, che raggiungono maturit\u00e0 sessuale all&#8217;et\u00e0 di tre anni.<\/p>\n<p>I maschi adulti si ritirano alla periferia del territorio e formano le loro comunit\u00e0. Cos\u00ec, da una famiglia viene formata una colonia di marmotte con una certa gerarchia, che di solito \u00e8 limitata nello spazio e numeri trovando l&#8217;habitat adatto, soprattutto il suolo profondo appropriato, in cui v&#8217;\u00e8 la possibilit\u00e0 di scavare tane.<\/p>\n<p>Le marmotte alpine nella natura raramente raggiungono la loro solita et\u00e0, perch\u00e9 diventano preda di aquile reali, volpi e martore.<\/p>\n<h1><strong>Caratteristiche di caccia in Slovenia<\/strong><\/h1>\n<p>La caccia alla marmotta alpina si svolge nelle montagne della ZCS Kozorog Kamnik, nella splendida natura alpina. Le forme di caccia includono la caccia di attesa e la caccia da appostamento sul pascolo, selezionando l&#8217;animale appropriata, che \u00e8 molto difficile, perch\u00e9 la vita nelle colonie significa un sacco di occhi e le orecchie attenti. Una colonia \u00e8 sempre sorvegliata da singoli esemplari adulti che mettono in guardia gli altri circa la presenza di minacce con un fischio tipico, il che significa che tutte le marmotte si nascondono subito nel profondo del loro tane.<\/p>\n<p>&nbsp;<\/p>","protected":false},"excerpt":{"rendered":"La marmotta delle Alpi vive solo in alta montagna. In Europa, la si pu\u00f2 trovare nelle Alpi, nei Carpazi e nell&#8217;Alti Tatra. In Slovenia, \u00e8 stata introdotta pi\u00f9 volte, con le popolazioni pi\u00f9 numerose nella zona delle Alpi Giulie e le Alpi di Kamnik e della Savinja. La loro presenza ed esistenza sono associati con [&hellip;]","protected":false},"author":3,"featured_media":13866,"parent":85,"menu_order":11,"comment_status":"closed","ping_status":"closed","template":"page-divjad.php","meta":[],"acf":[],"yoast_head":"<!-- This site is optimized with the Yoast SEO plugin v20.12 - https:\/\/yoast.com\/wordpress\/plugins\/seo\/ -->\n<title>Marmotta alpina - LPN<\/title>\n<meta name=\"robots\" content=\"index, follow, max-snippet:-1, max-image-preview:large, max-video-preview:-1\" \/>\n<link rel=\"canonical\" href=\"https:\/\/www.lpn.si\/vrste-lovne-divjadi\/alpski-svizec\/\" \/>\n<meta property=\"og:locale\" content=\"it_IT\" \/>\n<meta property=\"og:type\" content=\"article\" \/>\n<meta property=\"og:title\" content=\"Marmotta alpina - LPN\" \/>\n<meta property=\"og:description\" content=\"La marmotta delle Alpi vive solo in alta montagna. In Europa, la si pu\u00f2 trovare nelle Alpi, nei Carpazi e nell&#8217;Alti Tatra. In Slovenia, \u00e8 stata introdotta pi\u00f9 volte, con le popolazioni pi\u00f9 numerose nella zona delle Alpi Giulie e le Alpi di Kamnik e della Savinja. La loro presenza ed esistenza sono associati con [&hellip;]\" \/>\n<meta property=\"og:url\" content=\"https:\/\/www.lpn.si\/vrste-lovne-divjadi\/alpski-svizec\/\" \/>\n<meta property=\"og:site_name\" content=\"LPN\" \/>\n<meta property=\"article:modified_time\" content=\"2025-03-17T10:14:30+00:00\" \/>\n<meta property=\"og:image\" content=\"https:\/\/www.lpn.si\/wp-content\/uploads\/2025\/03\/Untitled-1_0000_svizec.jpg\" \/>\n\t<meta property=\"og:image:width\" content=\"1920\" \/>\n\t<meta property=\"og:image:height\" content=\"380\" \/>\n\t<meta property=\"og:image:type\" content=\"image\/jpeg\" \/>\n<meta name=\"twitter:card\" content=\"summary_large_image\" \/>\n<meta name=\"twitter:label1\" content=\"Tempo di lettura stimato\" \/>\n\t<meta name=\"twitter:data1\" content=\"3 minuti\" \/>\n<script type=\"application\/ld+json\" class=\"yoast-schema-graph\">{\"@context\":\"https:\/\/schema.org\",\"@graph\":[{\"@type\":\"WebPage\",\"@id\":\"https:\/\/www.lpn.si\/vrste-lovne-divjadi\/alpski-svizec\/\",\"url\":\"https:\/\/www.lpn.si\/vrste-lovne-divjadi\/alpski-svizec\/\",\"name\":\"Marmotta alpina - LPN\",\"isPartOf\":{\"@id\":\"https:\/\/www.lpn.si\/it\/#website\"},\"datePublished\":\"2016-06-23T10:14:40+00:00\",\"dateModified\":\"2025-03-17T10:14:30+00:00\",\"breadcrumb\":{\"@id\":\"https:\/\/www.lpn.si\/vrste-lovne-divjadi\/alpski-svizec\/#breadcrumb\"},\"inLanguage\":\"it-IT\",\"potentialAction\":[{\"@type\":\"ReadAction\",\"target\":[\"https:\/\/www.lpn.si\/vrste-lovne-divjadi\/alpski-svizec\/\"]}]},{\"@type\":\"BreadcrumbList\",\"@id\":\"https:\/\/www.lpn.si\/vrste-lovne-divjadi\/alpski-svizec\/#breadcrumb\",\"itemListElement\":[{\"@type\":\"ListItem\",\"position\":1,\"name\":\"Home\",\"item\":\"https:\/\/www.lpn.si\/\"},{\"@type\":\"ListItem\",\"position\":2,\"name\":\"Vrste lovne divjadi\",\"item\":\"https:\/\/www.lpn.si\/vrste-lovne-divjadi\/\"},{\"@type\":\"ListItem\",\"position\":3,\"name\":\"Alpski svizec\"}]},{\"@type\":\"WebSite\",\"@id\":\"https:\/\/www.lpn.si\/it\/#website\",\"url\":\"https:\/\/www.lpn.si\/it\/\",\"name\":\"LPN\",\"description\":\"ZAVOD za GOZDOVE SLOVENIJE\",\"potentialAction\":[{\"@type\":\"SearchAction\",\"target\":{\"@type\":\"EntryPoint\",\"urlTemplate\":\"https:\/\/www.lpn.si\/it\/?s={search_term_string}\"},\"query-input\":\"required name=search_term_string\"}],\"inLanguage\":\"it-IT\"}]}<\/script>\n<!-- \/ Yoast SEO plugin. -->","yoast_head_json":{"title":"Marmotta alpina - LPN","robots":{"index":"index","follow":"follow","max-snippet":"max-snippet:-1","max-image-preview":"max-image-preview:large","max-video-preview":"max-video-preview:-1"},"canonical":"https:\/\/www.lpn.si\/vrste-lovne-divjadi\/alpski-svizec\/","og_locale":"it_IT","og_type":"article","og_title":"Marmotta alpina - LPN","og_description":"La marmotta delle Alpi vive solo in alta montagna. In Europa, la si pu\u00f2 trovare nelle Alpi, nei Carpazi e nell&#8217;Alti Tatra. In Slovenia, \u00e8 stata introdotta pi\u00f9 volte, con le popolazioni pi\u00f9 numerose nella zona delle Alpi Giulie e le Alpi di Kamnik e della Savinja. La loro presenza ed esistenza sono associati con [&hellip;]","og_url":"https:\/\/www.lpn.si\/vrste-lovne-divjadi\/alpski-svizec\/","og_site_name":"LPN","article_modified_time":"2025-03-17T10:14:30+00:00","og_image":[{"width":1920,"height":380,"url":"https:\/\/www.lpn.si\/wp-content\/uploads\/2025\/03\/Untitled-1_0000_svizec.jpg","type":"image\/jpeg"}],"twitter_card":"summary_large_image","twitter_misc":{"Tempo di lettura stimato":"3 minuti"},"schema":{"@context":"https:\/\/schema.org","@graph":[{"@type":"WebPage","@id":"https:\/\/www.lpn.si\/vrste-lovne-divjadi\/alpski-svizec\/","url":"https:\/\/www.lpn.si\/vrste-lovne-divjadi\/alpski-svizec\/","name":"Marmotta alpina - LPN","isPartOf":{"@id":"https:\/\/www.lpn.si\/it\/#website"},"datePublished":"2016-06-23T10:14:40+00:00","dateModified":"2025-03-17T10:14:30+00:00","breadcrumb":{"@id":"https:\/\/www.lpn.si\/vrste-lovne-divjadi\/alpski-svizec\/#breadcrumb"},"inLanguage":"it-IT","potentialAction":[{"@type":"ReadAction","target":["https:\/\/www.lpn.si\/vrste-lovne-divjadi\/alpski-svizec\/"]}]},{"@type":"BreadcrumbList","@id":"https:\/\/www.lpn.si\/vrste-lovne-divjadi\/alpski-svizec\/#breadcrumb","itemListElement":[{"@type":"ListItem","position":1,"name":"Home","item":"https:\/\/www.lpn.si\/"},{"@type":"ListItem","position":2,"name":"Vrste lovne divjadi","item":"https:\/\/www.lpn.si\/vrste-lovne-divjadi\/"},{"@type":"ListItem","position":3,"name":"Alpski svizec"}]},{"@type":"WebSite","@id":"https:\/\/www.lpn.si\/it\/#website","url":"https:\/\/www.lpn.si\/it\/","name":"LPN","description":"ZAVOD za GOZDOVE SLOVENIJE","potentialAction":[{"@type":"SearchAction","target":{"@type":"EntryPoint","urlTemplate":"https:\/\/www.lpn.si\/it\/?s={search_term_string}"},"query-input":"required name=search_term_string"}],"inLanguage":"it-IT"}]}},"_links":{"self":[{"href":"https:\/\/www.lpn.si\/it\/wp-json\/wp\/v2\/pages\/101"}],"collection":[{"href":"https:\/\/www.lpn.si\/it\/wp-json\/wp\/v2\/pages"}],"about":[{"href":"https:\/\/www.lpn.si\/it\/wp-json\/wp\/v2\/types\/page"}],"author":[{"embeddable":true,"href":"https:\/\/www.lpn.si\/it\/wp-json\/wp\/v2\/users\/3"}],"replies":[{"embeddable":true,"href":"https:\/\/www.lpn.si\/it\/wp-json\/wp\/v2\/comments?post=101"}],"version-history":[{"count":6,"href":"https:\/\/www.lpn.si\/it\/wp-json\/wp\/v2\/pages\/101\/revisions"}],"predecessor-version":[{"id":1114,"href":"https:\/\/www.lpn.si\/it\/wp-json\/wp\/v2\/pages\/101\/revisions\/1114"}],"up":[{"embeddable":true,"href":"https:\/\/www.lpn.si\/it\/wp-json\/wp\/v2\/pages\/85"}],"wp:featuredmedia":[{"embeddable":true,"href":"https:\/\/www.lpn.si\/it\/wp-json\/wp\/v2\/media\/13866"}],"wp:attachment":[{"href":"https:\/\/www.lpn.si\/it\/wp-json\/wp\/v2\/media?parent=101"}],"curies":[{"name":"wp","href":"https:\/\/api.w.org\/{rel}","templated":true}]}}