{"id":818,"date":"2016-12-20T07:57:39","date_gmt":"2016-12-20T07:57:39","guid":{"rendered":"https:\/\/www.lpn.si\/?page_id=818"},"modified":"2025-04-15T19:48:16","modified_gmt":"2025-04-15T19:48:16","slug":"sokolarjenje","status":"publish","type":"page","link":"https:\/\/www.lpn.si\/en\/nacin-lova\/sokolarjenje\/","title":{"rendered":"Falconry"},"content":{"rendered":"<p>Falconry is the hunting of quarry with specially trained birds of prey, usually with a falcon or a hawk, which represents one of the oldest preserved hunting practices. It is therefore included in the world cultural heritage list. In falconry hunting is carried out by a natural predator, man is only its assistant. The birds of prey can establish an excellent cooperation with hunting dogs which finds the hidden game and lifts it up. In Slovenia, falconry is permitted by law, with a precondition of passing the falconry exam and the hunting exam, as well as the appropriate permissions for breeding and possession of the said birds of prey.<\/p>\n<p><a href=\"https:\/\/www.lpn.si\/wp-content\/uploads\/2016\/06\/34_Lov-s-sokolom-oziroma-skolarjenje-v-LPN-Fazan-Peskovci-e1469014044304.jpg\"><img decoding=\"async\" loading=\"lazy\" class=\"wp-image-407 size-thumbnail\" src=\"https:\/\/www.lpn.si\/wp-content\/uploads\/2016\/06\/34_Lov-s-sokolom-oziroma-skolarjenje-v-LPN-Fazan-Peskovci-250x200.jpg\" alt=\"sokolarjenje\" width=\"250\" height=\"200\" \/><\/a><\/p>\n<p>Falconry in the LPN Fazan Beltinci<\/p>\n<p>Falconry is a unique and very demanding hunting method. It requires a lot of patience, time and knowledge from hawkers, in order for the hunter to establish relationship and trust with a falcon. The amount of hunted game in falconry is significantly lower than with other hunting methods.<\/p>\n<p>Falconry as a way of hunting in the special purpose state hunting grounds is implemented in the LPN Fazan Beltinci. Every year in late October they organize a feast of falconry in the hunting grounds, including hunting with falcons.<\/p>","protected":false},"excerpt":{"rendered":"Falconry is the hunting of quarry with specially trained birds of prey, usually with a falcon or a hawk, which represents one of the oldest preserved hunting practices. It is therefore included in the world cultural heritage list. In falconry hunting is carried out by a natural predator, man is only its assistant. The birds [&hellip;]","protected":false},"author":3,"featured_media":407,"parent":782,"menu_order":12,"comment_status":"closed","ping_status":"closed","template":"page-nacin-lova.php","meta":[],"acf":[],"yoast_head":"<!-- This site is optimized with the Yoast SEO plugin v20.12 - https:\/\/yoast.com\/wordpress\/plugins\/seo\/ -->\n<title>Sokolarjenje - LPN - Lovi\u0161\u010da s posebnim namenom<\/title>\n<meta name=\"description\" content=\"Sokolarjenje je lov s pomo\u010djo posebej iz\u0161olane ptice ujede, obi\u010dajno s sokolom ali kraguljem, kar je eden izmed najstarej\u0161ih \u0161e ohranjenih na\u010dinov lova.\" \/>\n<meta name=\"robots\" content=\"index, follow, max-snippet:-1, max-image-preview:large, max-video-preview:-1\" \/>\n<link rel=\"canonical\" href=\"https:\/\/www.lpn.si\/nacin-lova\/sokolarjenje\/\" \/>\n<meta property=\"og:locale\" content=\"en_US\" \/>\n<meta property=\"og:type\" content=\"article\" \/>\n<meta property=\"og:title\" content=\"[:sl]Sokolarjenje - LPN - Lovi\u0161\u010da s posebnim namenom[:]\" \/>\n<meta property=\"og:description\" content=\"{:sl}Sokolarjenje je lov s pomo\u010djo posebej iz\u0161olane ptice ujede, obi\u010dajno s sokolom ali kraguljem, kar je eden izmed najstarej\u0161ih \u0161e ohranjenih na\u010dinov lova.{:}\" \/>\n<meta property=\"og:url\" content=\"https:\/\/www.lpn.si\/nacin-lova\/sokolarjenje\/\" \/>\n<meta property=\"og:site_name\" content=\"LPN\" \/>\n<meta property=\"article:modified_time\" content=\"2025-04-15T19:48:16+00:00\" \/>\n<meta property=\"og:image\" content=\"https:\/\/www.lpn.si\/wp-content\/uploads\/2016\/06\/34_Lov-s-sokolom-oziroma-skolarjenje-v-LPN-Fazan-Peskovci-e1469014044304.jpg\" \/>\n\t<meta property=\"og:image:width\" content=\"1920\" \/>\n\t<meta property=\"og:image:height\" content=\"1280\" \/>\n\t<meta property=\"og:image:type\" content=\"image\/jpeg\" \/>\n<meta name=\"twitter:card\" content=\"summary_large_image\" \/>\n<meta name=\"twitter:label1\" content=\"Est. reading time\" \/>\n\t<meta name=\"twitter:data1\" content=\"2 minutes\" \/>\n<script type=\"application\/ld+json\" class=\"yoast-schema-graph\">{\"@context\":\"https:\/\/schema.org\",\"@graph\":[{\"@type\":\"WebPage\",\"@id\":\"https:\/\/www.lpn.si\/nacin-lova\/sokolarjenje\/\",\"url\":\"https:\/\/www.lpn.si\/nacin-lova\/sokolarjenje\/\",\"name\":\"[:sl]Sokolarjenje - LPN - Lovi\u0161\u010da s posebnim namenom[:]\",\"isPartOf\":{\"@id\":\"https:\/\/www.lpn.si\/it\/#website\"},\"datePublished\":\"2016-12-20T07:57:39+00:00\",\"dateModified\":\"2025-04-15T19:48:16+00:00\",\"description\":\"{:sl}Sokolarjenje je lov s pomo\u010djo posebej iz\u0161olane ptice ujede, obi\u010dajno s sokolom ali kraguljem, kar je eden izmed najstarej\u0161ih \u0161e ohranjenih na\u010dinov lova.{:}\",\"breadcrumb\":{\"@id\":\"https:\/\/www.lpn.si\/nacin-lova\/sokolarjenje\/#breadcrumb\"},\"inLanguage\":\"en-US\",\"potentialAction\":[{\"@type\":\"ReadAction\",\"target\":[\"https:\/\/www.lpn.si\/nacin-lova\/sokolarjenje\/\"]}]},{\"@type\":\"BreadcrumbList\",\"@id\":\"https:\/\/www.lpn.si\/nacin-lova\/sokolarjenje\/#breadcrumb\",\"itemListElement\":[{\"@type\":\"ListItem\",\"position\":1,\"name\":\"Home\",\"item\":\"https:\/\/www.lpn.si\/\"},{\"@type\":\"ListItem\",\"position\":2,\"name\":\"Na\u010dini lova\",\"item\":\"https:\/\/www.lpn.si\/nacin-lova\/\"},{\"@type\":\"ListItem\",\"position\":3,\"name\":\"Sokolarjenje\"}]},{\"@type\":\"WebSite\",\"@id\":\"https:\/\/www.lpn.si\/it\/#website\",\"url\":\"https:\/\/www.lpn.si\/it\/\",\"name\":\"LPN\",\"description\":\"ZAVOD za GOZDOVE SLOVENIJE\",\"potentialAction\":[{\"@type\":\"SearchAction\",\"target\":{\"@type\":\"EntryPoint\",\"urlTemplate\":\"https:\/\/www.lpn.si\/it\/?s={search_term_string}\"},\"query-input\":\"required name=search_term_string\"}],\"inLanguage\":\"en-US\"}]}<\/script>\n<!-- \/ Yoast SEO plugin. -->","yoast_head_json":{"title":"Sokolarjenje - LPN - Lovi\u0161\u010da s posebnim namenom","description":"Sokolarjenje je lov s pomo\u010djo posebej iz\u0161olane ptice ujede, obi\u010dajno s sokolom ali kraguljem, kar je eden izmed najstarej\u0161ih \u0161e ohranjenih na\u010dinov lova.","robots":{"index":"index","follow":"follow","max-snippet":"max-snippet:-1","max-image-preview":"max-image-preview:large","max-video-preview":"max-video-preview:-1"},"canonical":"https:\/\/www.lpn.si\/nacin-lova\/sokolarjenje\/","og_locale":"en_US","og_type":"article","og_title":"[:sl]Sokolarjenje - LPN - Lovi\u0161\u010da s posebnim namenom[:]","og_description":"{:sl}Sokolarjenje je lov s pomo\u010djo posebej iz\u0161olane ptice ujede, obi\u010dajno s sokolom ali kraguljem, kar je eden izmed najstarej\u0161ih \u0161e ohranjenih na\u010dinov lova.{:}","og_url":"https:\/\/www.lpn.si\/nacin-lova\/sokolarjenje\/","og_site_name":"LPN","article_modified_time":"2025-04-15T19:48:16+00:00","og_image":[{"width":1920,"height":1280,"url":"https:\/\/www.lpn.si\/wp-content\/uploads\/2016\/06\/34_Lov-s-sokolom-oziroma-skolarjenje-v-LPN-Fazan-Peskovci-e1469014044304.jpg","type":"image\/jpeg"}],"twitter_card":"summary_large_image","twitter_misc":{"Est. reading time":"2 minutes"},"schema":{"@context":"https:\/\/schema.org","@graph":[{"@type":"WebPage","@id":"https:\/\/www.lpn.si\/nacin-lova\/sokolarjenje\/","url":"https:\/\/www.lpn.si\/nacin-lova\/sokolarjenje\/","name":"[:sl]Sokolarjenje - LPN - Lovi\u0161\u010da s posebnim namenom[:]","isPartOf":{"@id":"https:\/\/www.lpn.si\/it\/#website"},"datePublished":"2016-12-20T07:57:39+00:00","dateModified":"2025-04-15T19:48:16+00:00","description":"{:sl}Sokolarjenje je lov s pomo\u010djo posebej iz\u0161olane ptice ujede, obi\u010dajno s sokolom ali kraguljem, kar je eden izmed najstarej\u0161ih \u0161e ohranjenih na\u010dinov lova.{:}","breadcrumb":{"@id":"https:\/\/www.lpn.si\/nacin-lova\/sokolarjenje\/#breadcrumb"},"inLanguage":"en-US","potentialAction":[{"@type":"ReadAction","target":["https:\/\/www.lpn.si\/nacin-lova\/sokolarjenje\/"]}]},{"@type":"BreadcrumbList","@id":"https:\/\/www.lpn.si\/nacin-lova\/sokolarjenje\/#breadcrumb","itemListElement":[{"@type":"ListItem","position":1,"name":"Home","item":"https:\/\/www.lpn.si\/"},{"@type":"ListItem","position":2,"name":"Na\u010dini lova","item":"https:\/\/www.lpn.si\/nacin-lova\/"},{"@type":"ListItem","position":3,"name":"Sokolarjenje"}]},{"@type":"WebSite","@id":"https:\/\/www.lpn.si\/it\/#website","url":"https:\/\/www.lpn.si\/it\/","name":"LPN","description":"ZAVOD za GOZDOVE SLOVENIJE","potentialAction":[{"@type":"SearchAction","target":{"@type":"EntryPoint","urlTemplate":"https:\/\/www.lpn.si\/it\/?s={search_term_string}"},"query-input":"required name=search_term_string"}],"inLanguage":"en-US"}]}},"_links":{"self":[{"href":"https:\/\/www.lpn.si\/en\/wp-json\/wp\/v2\/pages\/818"}],"collection":[{"href":"https:\/\/www.lpn.si\/en\/wp-json\/wp\/v2\/pages"}],"about":[{"href":"https:\/\/www.lpn.si\/en\/wp-json\/wp\/v2\/types\/page"}],"author":[{"embeddable":true,"href":"https:\/\/www.lpn.si\/en\/wp-json\/wp\/v2\/users\/3"}],"replies":[{"embeddable":true,"href":"https:\/\/www.lpn.si\/en\/wp-json\/wp\/v2\/comments?post=818"}],"version-history":[{"count":9,"href":"https:\/\/www.lpn.si\/en\/wp-json\/wp\/v2\/pages\/818\/revisions"}],"predecessor-version":[{"id":13927,"href":"https:\/\/www.lpn.si\/en\/wp-json\/wp\/v2\/pages\/818\/revisions\/13927"}],"up":[{"embeddable":true,"href":"https:\/\/www.lpn.si\/en\/wp-json\/wp\/v2\/pages\/782"}],"wp:featuredmedia":[{"embeddable":true,"href":"https:\/\/www.lpn.si\/en\/wp-json\/wp\/v2\/media\/407"}],"wp:attachment":[{"href":"https:\/\/www.lpn.si\/en\/wp-json\/wp\/v2\/media?parent=818"}],"curies":[{"name":"wp","href":"https:\/\/api.w.org\/{rel}","templated":true}]}}