{"id":804,"date":"2016-12-20T07:54:28","date_gmt":"2016-12-20T07:54:28","guid":{"rendered":"https:\/\/www.lpn.si\/?page_id=804"},"modified":"2025-04-15T19:44:13","modified_gmt":"2025-04-15T19:44:13","slug":"celoleten-lov-divjega-prasica","status":"publish","type":"page","link":"https:\/\/www.lpn.si\/en\/nacin-lova\/celoleten-lov-divjega-prasica\/","title":{"rendered":"Year-round hunting of wild boar"},"content":{"rendered":"<p>Hunting of wild boars takes place in Slovenia throughout the year, while hunting of adult saws is carried out from the 1<sup>st<\/sup> of July until the end of January.<\/p>\n<p>In the special purpose state hunting grounds a hunting guest may decide to hunt wild boars by waiting in thehigh seat. Waiting is the most successful in the evening and night hours, along agricultural land at the time of ripening crops, at bilges, along paths and feeding sites.<\/p>\n<p><a href=\"https:\/\/www.lpn.si\/wp-content\/uploads\/2016\/06\/11_Pogon-divjih-pra\u0161i\u010dev-na-skupinskem-lovu-v-LPN-na-Ko\u010devskem-1-e1479263217816.jpg\"><img decoding=\"async\" loading=\"lazy\" class=\"wp-image-741 size-thumbnail\" src=\"https:\/\/www.lpn.si\/wp-content\/uploads\/2016\/06\/11_Pogon-divjih-pra\u0161i\u010dev-na-skupinskem-lovu-v-LPN-na-Ko\u010devskem-1-e1479263217816-250x200.jpg\" alt=\"11_Pogon divjih pra\u0161i\u010dev na skupinskem lovu v LPN na Ko\u010devskem\" width=\"250\" height=\"200\" \/><\/a><\/p>\n<p>Hunt out of wild boars during group hunting in the LPN in the Ko\u010devje region<\/p>\n<p>A special challenge is hunting wild boar by stalking, which is the most successful mainly in the early morning along meadows, pastures and fields. Hunting wild boars by stalking is especially successful during the mating season, when they can be heard, thus, it is possible to determine their location and with some luck even surprise them.<\/p>\n<p>Hunting wild boar in the special purpose state hunting grounds is performed in LPN Jelen, LPN Prodi Razor, LPN in the Ko\u010devje region, LPN Ljubljanski vrh, LPN Pohorje and LPN Kompas Peskovci. Landscape, climate, access and the difficulty of hunting in hunting areas listed are very different, so every hunting guest can choose his\/her favorite, preferred hunting ground. Hunting wild boar in these LPN is also due to the possibility of choice suitable for all true hunters.<\/p>\n<p>Hunting is performed by professional hunters who know the movements of boars and wild pigs in the hunting ground.<\/p>\n<p><a href=\"https:\/\/www.lpn.si\/wp-content\/uploads\/2016\/06\/12_Prihod-divjih-pra\u0161i\u010dev-na-skupinskem-lovu-v-LPN-na-Ko\u010devskem-e1479260651193.jpg\"><img decoding=\"async\" loading=\"lazy\" class=\"wp-image-472 size-thumbnail\" src=\"https:\/\/www.lpn.si\/wp-content\/uploads\/2016\/06\/12_Prihod-divjih-pra\u0161i\u010dev-na-skupinskem-lovu-v-LPN-na-Ko\u010devskem-250x200.jpg\" width=\"250\" height=\"200\" \/><\/a><\/p>\n<p>Arrival of wild pigs during the group hunting in the LPN in the Ko\u010devje region<\/p>\n<p>At the request and by agreement group hunt \u2013 hunt out of wild boar can be organized in the special purpose state hunting grounds, especially in LPN Jelen and LPN in the Ko\u010devje region<\/p>\n<p><a href=\"https:\/\/www.lpn.si\/wp-content\/uploads\/2016\/06\/13_Uplenjena-divja-pra\u0161i\u010da-v-obori-LPN-na-Ko\u010devskem-e1479264052745.jpg\"><img decoding=\"async\" loading=\"lazy\" class=\"wp-image-473 size-thumbnail\" src=\"https:\/\/www.lpn.si\/wp-content\/uploads\/2016\/06\/13_Uplenjena-divja-pra\u0161i\u010da-v-obori-LPN-na-Ko\u010devskem-250x200.jpg\" alt=\"pra\u0161i\u010da celoleten\" width=\"250\" height=\"200\" \/><\/a><\/p>\n<p>Shot wild boar in the game reserve in the LPN in the Ko\u010devje region.jpg<\/p>\n<p>In the LPN in the Ko\u010devje region wild boar hunting is also conducted in two large fenced game reserves, which can be regarded as the largest in this part of Europe.<\/p>\n<p>&nbsp;<\/p>","protected":false},"excerpt":{"rendered":"Hunting of wild boars takes place in Slovenia throughout the year, while hunting of adult saws is carried out from the 1st of July until the end of January. In the special purpose state hunting grounds a hunting guest may decide to hunt wild boars by waiting in thehigh seat. Waiting is the most successful [&hellip;]","protected":false},"author":3,"featured_media":741,"parent":782,"menu_order":5,"comment_status":"closed","ping_status":"closed","template":"page-nacin-lova.php","meta":[],"acf":[],"yoast_head":"<!-- This site is optimized with the Yoast SEO plugin v20.12 - https:\/\/yoast.com\/wordpress\/plugins\/seo\/ -->\n<title>Celoleten lov na divjega pra\u0161i\u010da - LPN - Lovi\u0161\u010da s posebnim namenom<\/title>\n<meta name=\"description\" content=\"Lov divjega pra\u0161i\u010da, merjasca, poteka v Sloveniji celo leto, lov divje svinje pa od 1. julija do konca januarja. Lovski gost se lahko v Lovi\u0161\u010dih s posebnim.\" \/>\n<meta name=\"robots\" content=\"index, follow, max-snippet:-1, max-image-preview:large, max-video-preview:-1\" \/>\n<link rel=\"canonical\" href=\"https:\/\/www.lpn.si\/nacin-lova\/celoleten-lov-divjega-prasica\/\" \/>\n<meta property=\"og:locale\" content=\"en_US\" \/>\n<meta property=\"og:type\" content=\"article\" \/>\n<meta property=\"og:title\" content=\"[:sl]Celoleten lov na divjega pra\u0161i\u010da - LPN - Lovi\u0161\u010da s posebnim namenom[:]\" \/>\n<meta property=\"og:description\" content=\"{:sl}Lov divjega pra\u0161i\u010da, merjasca, poteka v Sloveniji celo leto, lov divje svinje pa od 1. julija do konca januarja. Lovski gost se lahko v Lovi\u0161\u010dih s posebnim.{:}\" \/>\n<meta property=\"og:url\" content=\"https:\/\/www.lpn.si\/nacin-lova\/celoleten-lov-divjega-prasica\/\" \/>\n<meta property=\"og:site_name\" content=\"LPN\" \/>\n<meta property=\"article:modified_time\" content=\"2025-04-15T19:44:13+00:00\" \/>\n<meta property=\"og:image\" content=\"https:\/\/www.lpn.si\/wp-content\/uploads\/2016\/06\/11_Pogon-divjih-pra\u0161i\u010dev-na-skupinskem-lovu-v-LPN-na-Ko\u010devskem-1-e1479263217816.jpg\" \/>\n\t<meta property=\"og:image:width\" content=\"1920\" \/>\n\t<meta property=\"og:image:height\" content=\"734\" \/>\n\t<meta property=\"og:image:type\" content=\"image\/jpeg\" \/>\n<meta name=\"twitter:card\" content=\"summary_large_image\" \/>\n<meta name=\"twitter:label1\" content=\"Est. reading time\" \/>\n\t<meta name=\"twitter:data1\" content=\"2 minutes\" \/>\n<script type=\"application\/ld+json\" class=\"yoast-schema-graph\">{\"@context\":\"https:\/\/schema.org\",\"@graph\":[{\"@type\":\"WebPage\",\"@id\":\"https:\/\/www.lpn.si\/nacin-lova\/celoleten-lov-divjega-prasica\/\",\"url\":\"https:\/\/www.lpn.si\/nacin-lova\/celoleten-lov-divjega-prasica\/\",\"name\":\"[:sl]Celoleten lov na divjega pra\u0161i\u010da - LPN - Lovi\u0161\u010da s posebnim namenom[:]\",\"isPartOf\":{\"@id\":\"https:\/\/www.lpn.si\/it\/#website\"},\"datePublished\":\"2016-12-20T07:54:28+00:00\",\"dateModified\":\"2025-04-15T19:44:13+00:00\",\"description\":\"{:sl}Lov divjega pra\u0161i\u010da, merjasca, poteka v Sloveniji celo leto, lov divje svinje pa od 1. julija do konca januarja. Lovski gost se lahko v Lovi\u0161\u010dih s posebnim.{:}\",\"breadcrumb\":{\"@id\":\"https:\/\/www.lpn.si\/nacin-lova\/celoleten-lov-divjega-prasica\/#breadcrumb\"},\"inLanguage\":\"en-US\",\"potentialAction\":[{\"@type\":\"ReadAction\",\"target\":[\"https:\/\/www.lpn.si\/nacin-lova\/celoleten-lov-divjega-prasica\/\"]}]},{\"@type\":\"BreadcrumbList\",\"@id\":\"https:\/\/www.lpn.si\/nacin-lova\/celoleten-lov-divjega-prasica\/#breadcrumb\",\"itemListElement\":[{\"@type\":\"ListItem\",\"position\":1,\"name\":\"Home\",\"item\":\"https:\/\/www.lpn.si\/\"},{\"@type\":\"ListItem\",\"position\":2,\"name\":\"Na\u010dini lova\",\"item\":\"https:\/\/www.lpn.si\/nacin-lova\/\"},{\"@type\":\"ListItem\",\"position\":3,\"name\":\"Celoleten lov na divjega pra\u0161i\u010da\"}]},{\"@type\":\"WebSite\",\"@id\":\"https:\/\/www.lpn.si\/it\/#website\",\"url\":\"https:\/\/www.lpn.si\/it\/\",\"name\":\"LPN\",\"description\":\"ZAVOD za GOZDOVE SLOVENIJE\",\"potentialAction\":[{\"@type\":\"SearchAction\",\"target\":{\"@type\":\"EntryPoint\",\"urlTemplate\":\"https:\/\/www.lpn.si\/it\/?s={search_term_string}\"},\"query-input\":\"required name=search_term_string\"}],\"inLanguage\":\"en-US\"}]}<\/script>\n<!-- \/ Yoast SEO plugin. -->","yoast_head_json":{"title":"Celoleten lov na divjega pra\u0161i\u010da - LPN - Lovi\u0161\u010da s posebnim namenom","description":"Lov divjega pra\u0161i\u010da, merjasca, poteka v Sloveniji celo leto, lov divje svinje pa od 1. julija do konca januarja. Lovski gost se lahko v Lovi\u0161\u010dih s posebnim.","robots":{"index":"index","follow":"follow","max-snippet":"max-snippet:-1","max-image-preview":"max-image-preview:large","max-video-preview":"max-video-preview:-1"},"canonical":"https:\/\/www.lpn.si\/nacin-lova\/celoleten-lov-divjega-prasica\/","og_locale":"en_US","og_type":"article","og_title":"[:sl]Celoleten lov na divjega pra\u0161i\u010da - LPN - Lovi\u0161\u010da s posebnim namenom[:]","og_description":"{:sl}Lov divjega pra\u0161i\u010da, merjasca, poteka v Sloveniji celo leto, lov divje svinje pa od 1. julija do konca januarja. Lovski gost se lahko v Lovi\u0161\u010dih s posebnim.{:}","og_url":"https:\/\/www.lpn.si\/nacin-lova\/celoleten-lov-divjega-prasica\/","og_site_name":"LPN","article_modified_time":"2025-04-15T19:44:13+00:00","og_image":[{"width":1920,"height":734,"url":"https:\/\/www.lpn.si\/wp-content\/uploads\/2016\/06\/11_Pogon-divjih-pra\u0161i\u010dev-na-skupinskem-lovu-v-LPN-na-Ko\u010devskem-1-e1479263217816.jpg","type":"image\/jpeg"}],"twitter_card":"summary_large_image","twitter_misc":{"Est. reading time":"2 minutes"},"schema":{"@context":"https:\/\/schema.org","@graph":[{"@type":"WebPage","@id":"https:\/\/www.lpn.si\/nacin-lova\/celoleten-lov-divjega-prasica\/","url":"https:\/\/www.lpn.si\/nacin-lova\/celoleten-lov-divjega-prasica\/","name":"[:sl]Celoleten lov na divjega pra\u0161i\u010da - LPN - Lovi\u0161\u010da s posebnim namenom[:]","isPartOf":{"@id":"https:\/\/www.lpn.si\/it\/#website"},"datePublished":"2016-12-20T07:54:28+00:00","dateModified":"2025-04-15T19:44:13+00:00","description":"{:sl}Lov divjega pra\u0161i\u010da, merjasca, poteka v Sloveniji celo leto, lov divje svinje pa od 1. julija do konca januarja. Lovski gost se lahko v Lovi\u0161\u010dih s posebnim.{:}","breadcrumb":{"@id":"https:\/\/www.lpn.si\/nacin-lova\/celoleten-lov-divjega-prasica\/#breadcrumb"},"inLanguage":"en-US","potentialAction":[{"@type":"ReadAction","target":["https:\/\/www.lpn.si\/nacin-lova\/celoleten-lov-divjega-prasica\/"]}]},{"@type":"BreadcrumbList","@id":"https:\/\/www.lpn.si\/nacin-lova\/celoleten-lov-divjega-prasica\/#breadcrumb","itemListElement":[{"@type":"ListItem","position":1,"name":"Home","item":"https:\/\/www.lpn.si\/"},{"@type":"ListItem","position":2,"name":"Na\u010dini lova","item":"https:\/\/www.lpn.si\/nacin-lova\/"},{"@type":"ListItem","position":3,"name":"Celoleten lov na divjega pra\u0161i\u010da"}]},{"@type":"WebSite","@id":"https:\/\/www.lpn.si\/it\/#website","url":"https:\/\/www.lpn.si\/it\/","name":"LPN","description":"ZAVOD za GOZDOVE SLOVENIJE","potentialAction":[{"@type":"SearchAction","target":{"@type":"EntryPoint","urlTemplate":"https:\/\/www.lpn.si\/it\/?s={search_term_string}"},"query-input":"required name=search_term_string"}],"inLanguage":"en-US"}]}},"_links":{"self":[{"href":"https:\/\/www.lpn.si\/en\/wp-json\/wp\/v2\/pages\/804"}],"collection":[{"href":"https:\/\/www.lpn.si\/en\/wp-json\/wp\/v2\/pages"}],"about":[{"href":"https:\/\/www.lpn.si\/en\/wp-json\/wp\/v2\/types\/page"}],"author":[{"embeddable":true,"href":"https:\/\/www.lpn.si\/en\/wp-json\/wp\/v2\/users\/3"}],"replies":[{"embeddable":true,"href":"https:\/\/www.lpn.si\/en\/wp-json\/wp\/v2\/comments?post=804"}],"version-history":[{"count":11,"href":"https:\/\/www.lpn.si\/en\/wp-json\/wp\/v2\/pages\/804\/revisions"}],"predecessor-version":[{"id":13919,"href":"https:\/\/www.lpn.si\/en\/wp-json\/wp\/v2\/pages\/804\/revisions\/13919"}],"up":[{"embeddable":true,"href":"https:\/\/www.lpn.si\/en\/wp-json\/wp\/v2\/pages\/782"}],"wp:featuredmedia":[{"embeddable":true,"href":"https:\/\/www.lpn.si\/en\/wp-json\/wp\/v2\/media\/741"}],"wp:attachment":[{"href":"https:\/\/www.lpn.si\/en\/wp-json\/wp\/v2\/media?parent=804"}],"curies":[{"name":"wp","href":"https:\/\/api.w.org\/{rel}","templated":true}]}}