{"id":793,"date":"2016-12-20T07:50:49","date_gmt":"2016-12-20T07:50:49","guid":{"rendered":"https:\/\/www.lpn.si\/?page_id=793"},"modified":"2017-06-07T07:56:50","modified_gmt":"2017-06-07T07:56:50","slug":"lov-na-zalaz","status":"publish","type":"page","link":"https:\/\/www.lpn.si\/en\/nacin-lova\/lov-na-zalaz\/","title":{"rendered":"Hunting by stalking"},"content":{"rendered":"<p><\/p>\n<h1>Hunting by stalking<\/h1>\n<p>Hunting by stalking is the most common form of hunting by hunting guests in LPNs and is also the most interesting for our hunting guests due to its complexity. During stalking the hunting guest walks slowly and carefully through the hunting area, accompanied by a professional hunter, looking for game in their prefered areas of feeding.<\/p>\n<p>Hunting by stalking is carried out mainly in the morning and in the evening, although the choice of hours depends heavily on the type of game being hunted and the time of year.<\/p>\n<p><a href=\"https:\/\/www.lpn.si\/wp-content\/uploads\/2016\/07\/Pogled-z-lovi\u0161\u010da-v-dolino-in-pred-za\u010detkom-dneva-pregled-naravnega-okolja-divjadi.jpg\"><img decoding=\"async\" loading=\"lazy\" class=\"wp-image-320 size-thumbnail\" src=\"https:\/\/www.lpn.si\/wp-content\/uploads\/2016\/07\/Pogled-z-lovi\u0161\u010da-v-dolino-in-pred-za\u010detkom-dneva-pregled-naravnega-okolja-divjadi-250x200.jpg\" alt=\"zalaz\" width=\"250\" height=\"200\" \/><\/a> The start of hunting by stalking in the LPN Pohorje<\/p>\n<p>Hunting by stalking is suitable for hunting guests in appropriate physical condition, because in certain LPN it is carried out throughout the entire day, especially when hunting chamois in the winter.<\/p>\n<p>Hunting by stalking is performed in every LPN in Slovenia. Hunting grounds are situated in different landscapes and climates, from the <em>High Karst<\/em> Unit and the Alps to the Dinaric Alps and the Pannonian Plain, therefore hunting by stalking in our hunting grounds is suitable for all true hunters.<\/p>\n<p>During hunting the hunting guests are accompanied by professional hunters.<\/p>","protected":false},"excerpt":{"rendered":"Hunting by stalking Hunting by stalking is the most common form of hunting by hunting guests in LPNs and is also the most interesting for our hunting guests due to its complexity. During stalking the hunting guest walks slowly and carefully through the hunting area, accompanied by a professional hunter, looking for game in their [&hellip;]","protected":false},"author":3,"featured_media":320,"parent":782,"menu_order":0,"comment_status":"closed","ping_status":"closed","template":"page-nacin-lova.php","meta":[],"acf":[],"yoast_head":"<!-- This site is optimized with the Yoast SEO plugin v20.12 - https:\/\/yoast.com\/wordpress\/plugins\/seo\/ -->\n<title>Lov na zalaz - LPN - Lovi\u0161\u010da s posebnim namenom<\/title>\n<meta name=\"description\" content=\"Lov na zalaz je najpogostej\u0161a oblika lova lovnih gostov v LPN in je za na\u0161e lovne goste zaradi zahtevnosti tudi najzanimivej\u0161a. Lovni gost se pri lovu...\" \/>\n<meta name=\"robots\" content=\"index, follow, max-snippet:-1, max-image-preview:large, max-video-preview:-1\" \/>\n<link rel=\"canonical\" href=\"https:\/\/www.lpn.si\/nacin-lova\/lov-na-zalaz\/\" \/>\n<meta property=\"og:locale\" content=\"en_US\" \/>\n<meta property=\"og:type\" content=\"article\" \/>\n<meta property=\"og:title\" content=\"Lov na zalaz - LPN - Lovi\u0161\u010da s posebnim namenom\" \/>\n<meta property=\"og:description\" content=\"Lov na zalaz je najpogostej\u0161a oblika lova lovnih gostov v LPN in je za na\u0161e lovne goste zaradi zahtevnosti tudi najzanimivej\u0161a. Lovni gost se pri lovu...\" \/>\n<meta property=\"og:url\" content=\"https:\/\/www.lpn.si\/nacin-lova\/lov-na-zalaz\/\" \/>\n<meta property=\"og:site_name\" content=\"LPN\" \/>\n<meta property=\"article:modified_time\" content=\"2017-06-07T07:56:50+00:00\" \/>\n<meta property=\"og:image\" content=\"https:\/\/www.lpn.si\/wp-content\/uploads\/2016\/07\/Pogled-z-lovi\u0161\u010da-v-dolino-in-pred-za\u010detkom-dneva-pregled-naravnega-okolja-divjadi.jpg\" \/>\n\t<meta property=\"og:image:width\" content=\"1920\" \/>\n\t<meta property=\"og:image:height\" content=\"1275\" \/>\n\t<meta property=\"og:image:type\" content=\"image\/jpeg\" \/>\n<meta name=\"twitter:card\" content=\"summary_large_image\" \/>\n<meta name=\"twitter:label1\" content=\"Est. reading time\" \/>\n\t<meta name=\"twitter:data1\" content=\"4 minutes\" \/>\n<script type=\"application\/ld+json\" class=\"yoast-schema-graph\">{\"@context\":\"https:\/\/schema.org\",\"@graph\":[{\"@type\":\"WebPage\",\"@id\":\"https:\/\/www.lpn.si\/nacin-lova\/lov-na-zalaz\/\",\"url\":\"https:\/\/www.lpn.si\/nacin-lova\/lov-na-zalaz\/\",\"name\":\"Lov na zalaz - LPN - Lovi\u0161\u010da s posebnim namenom\",\"isPartOf\":{\"@id\":\"https:\/\/www.lpn.si\/it\/#website\"},\"datePublished\":\"2016-12-20T07:50:49+00:00\",\"dateModified\":\"2017-06-07T07:56:50+00:00\",\"description\":\"Lov na zalaz je najpogostej\u0161a oblika lova lovnih gostov v LPN in je za na\u0161e lovne goste zaradi zahtevnosti tudi najzanimivej\u0161a. Lovni gost se pri lovu...\",\"breadcrumb\":{\"@id\":\"https:\/\/www.lpn.si\/nacin-lova\/lov-na-zalaz\/#breadcrumb\"},\"inLanguage\":\"en-US\",\"potentialAction\":[{\"@type\":\"ReadAction\",\"target\":[\"https:\/\/www.lpn.si\/nacin-lova\/lov-na-zalaz\/\"]}]},{\"@type\":\"BreadcrumbList\",\"@id\":\"https:\/\/www.lpn.si\/nacin-lova\/lov-na-zalaz\/#breadcrumb\",\"itemListElement\":[{\"@type\":\"ListItem\",\"position\":1,\"name\":\"Home\",\"item\":\"https:\/\/www.lpn.si\/\"},{\"@type\":\"ListItem\",\"position\":2,\"name\":\"Na\u010dini lova\",\"item\":\"https:\/\/www.lpn.si\/nacin-lova\/\"},{\"@type\":\"ListItem\",\"position\":3,\"name\":\"Lov na zalaz\"}]},{\"@type\":\"WebSite\",\"@id\":\"https:\/\/www.lpn.si\/it\/#website\",\"url\":\"https:\/\/www.lpn.si\/it\/\",\"name\":\"LPN\",\"description\":\"ZAVOD za GOZDOVE SLOVENIJE\",\"potentialAction\":[{\"@type\":\"SearchAction\",\"target\":{\"@type\":\"EntryPoint\",\"urlTemplate\":\"https:\/\/www.lpn.si\/it\/?s={search_term_string}\"},\"query-input\":\"required name=search_term_string\"}],\"inLanguage\":\"en-US\"}]}<\/script>\n<!-- \/ Yoast SEO plugin. -->","yoast_head_json":{"title":"Lov na zalaz - LPN - Lovi\u0161\u010da s posebnim namenom","description":"Lov na zalaz je najpogostej\u0161a oblika lova lovnih gostov v LPN in je za na\u0161e lovne goste zaradi zahtevnosti tudi najzanimivej\u0161a. Lovni gost se pri lovu...","robots":{"index":"index","follow":"follow","max-snippet":"max-snippet:-1","max-image-preview":"max-image-preview:large","max-video-preview":"max-video-preview:-1"},"canonical":"https:\/\/www.lpn.si\/nacin-lova\/lov-na-zalaz\/","og_locale":"en_US","og_type":"article","og_title":"Lov na zalaz - LPN - Lovi\u0161\u010da s posebnim namenom","og_description":"Lov na zalaz je najpogostej\u0161a oblika lova lovnih gostov v LPN in je za na\u0161e lovne goste zaradi zahtevnosti tudi najzanimivej\u0161a. Lovni gost se pri lovu...","og_url":"https:\/\/www.lpn.si\/nacin-lova\/lov-na-zalaz\/","og_site_name":"LPN","article_modified_time":"2017-06-07T07:56:50+00:00","og_image":[{"width":1920,"height":1275,"url":"https:\/\/www.lpn.si\/wp-content\/uploads\/2016\/07\/Pogled-z-lovi\u0161\u010da-v-dolino-in-pred-za\u010detkom-dneva-pregled-naravnega-okolja-divjadi.jpg","type":"image\/jpeg"}],"twitter_card":"summary_large_image","twitter_misc":{"Est. reading time":"4 minutes"},"schema":{"@context":"https:\/\/schema.org","@graph":[{"@type":"WebPage","@id":"https:\/\/www.lpn.si\/nacin-lova\/lov-na-zalaz\/","url":"https:\/\/www.lpn.si\/nacin-lova\/lov-na-zalaz\/","name":"Lov na zalaz - LPN - Lovi\u0161\u010da s posebnim namenom","isPartOf":{"@id":"https:\/\/www.lpn.si\/it\/#website"},"datePublished":"2016-12-20T07:50:49+00:00","dateModified":"2017-06-07T07:56:50+00:00","description":"Lov na zalaz je najpogostej\u0161a oblika lova lovnih gostov v LPN in je za na\u0161e lovne goste zaradi zahtevnosti tudi najzanimivej\u0161a. Lovni gost se pri lovu...","breadcrumb":{"@id":"https:\/\/www.lpn.si\/nacin-lova\/lov-na-zalaz\/#breadcrumb"},"inLanguage":"en-US","potentialAction":[{"@type":"ReadAction","target":["https:\/\/www.lpn.si\/nacin-lova\/lov-na-zalaz\/"]}]},{"@type":"BreadcrumbList","@id":"https:\/\/www.lpn.si\/nacin-lova\/lov-na-zalaz\/#breadcrumb","itemListElement":[{"@type":"ListItem","position":1,"name":"Home","item":"https:\/\/www.lpn.si\/"},{"@type":"ListItem","position":2,"name":"Na\u010dini lova","item":"https:\/\/www.lpn.si\/nacin-lova\/"},{"@type":"ListItem","position":3,"name":"Lov na zalaz"}]},{"@type":"WebSite","@id":"https:\/\/www.lpn.si\/it\/#website","url":"https:\/\/www.lpn.si\/it\/","name":"LPN","description":"ZAVOD za GOZDOVE SLOVENIJE","potentialAction":[{"@type":"SearchAction","target":{"@type":"EntryPoint","urlTemplate":"https:\/\/www.lpn.si\/it\/?s={search_term_string}"},"query-input":"required name=search_term_string"}],"inLanguage":"en-US"}]}},"_links":{"self":[{"href":"https:\/\/www.lpn.si\/en\/wp-json\/wp\/v2\/pages\/793"}],"collection":[{"href":"https:\/\/www.lpn.si\/en\/wp-json\/wp\/v2\/pages"}],"about":[{"href":"https:\/\/www.lpn.si\/en\/wp-json\/wp\/v2\/types\/page"}],"author":[{"embeddable":true,"href":"https:\/\/www.lpn.si\/en\/wp-json\/wp\/v2\/users\/3"}],"replies":[{"embeddable":true,"href":"https:\/\/www.lpn.si\/en\/wp-json\/wp\/v2\/comments?post=793"}],"version-history":[{"count":9,"href":"https:\/\/www.lpn.si\/en\/wp-json\/wp\/v2\/pages\/793\/revisions"}],"predecessor-version":[{"id":1080,"href":"https:\/\/www.lpn.si\/en\/wp-json\/wp\/v2\/pages\/793\/revisions\/1080"}],"up":[{"embeddable":true,"href":"https:\/\/www.lpn.si\/en\/wp-json\/wp\/v2\/pages\/782"}],"wp:featuredmedia":[{"embeddable":true,"href":"https:\/\/www.lpn.si\/en\/wp-json\/wp\/v2\/media\/320"}],"wp:attachment":[{"href":"https:\/\/www.lpn.si\/en\/wp-json\/wp\/v2\/media?parent=793"}],"curies":[{"name":"wp","href":"https:\/\/api.w.org\/{rel}","templated":true}]}}