{"id":28,"date":"2016-06-23T08:50:03","date_gmt":"2016-06-23T08:50:03","guid":{"rendered":"https:\/\/www.lpn.si\/?page_id=28"},"modified":"2025-04-15T18:09:55","modified_gmt":"2025-04-15T18:09:55","slug":"lpn-jelen","status":"publish","type":"page","link":"https:\/\/www.lpn.si\/en\/predstavitev-lovisc\/lpn-jelen\/","title":{"rendered":"LPN Jelen"},"content":{"rendered":"<p>The Special purpose state hunting ground Jelen (LPN Jelen) is located in the far northwestern part of the Dinaric Alps and comprises 27,832 hectares.<\/p>\n<p>The most important species of wildlife are the viable populations of all three species of large carnivores, namely the brown bear, wolf and lynx. In addition to large carnivores other game species also live here, such as red deer, roe deer, wild boar, chamois, \u00a0capercaillie, owl, golden eagle, hazel grouse, fox, marten, badger and others.<\/p>\n<p>In the LPN Jelen, depending on the decision of the Ministry of Agriculture, Forestry and Food regarding the hunting of protected animal species, we also offer hunting of brown bears, as a special feature.<\/p>","protected":false},"excerpt":{"rendered":"The Special purpose state hunting ground Jelen (LPN Jelen) is located in the far northwestern part of the Dinaric Alps and comprises 27,832 hectares. The most important species of wildlife are the viable populations of all three species of large carnivores, namely the brown bear, wolf and lynx. In addition to large carnivores other game [&hellip;]","protected":false},"author":3,"featured_media":475,"parent":7,"menu_order":3,"comment_status":"closed","ping_status":"closed","template":"page-lovisce.php","meta":[],"acf":[],"yoast_head":"<!-- This site is optimized with the Yoast SEO plugin v20.12 - https:\/\/yoast.com\/wordpress\/plugins\/seo\/ -->\n<title>LPN lovi\u0161\u010de Jelen - LPN - Lovi\u0161\u010da s posebnim namenom<\/title>\n<meta name=\"description\" content=\"Lovi\u0161\u010de s posebnim namenom Jelen (LPN Jelen) le\u017ei na skrajnem SZ Dinarskega gorstva in obsega 27.832 ha povr\u0161ine.\" \/>\n<meta name=\"robots\" content=\"index, follow, max-snippet:-1, max-image-preview:large, max-video-preview:-1\" \/>\n<link rel=\"canonical\" href=\"https:\/\/www.lpn.si\/predstavitev-lovisc\/lpn-jelen\/\" \/>\n<meta property=\"og:locale\" content=\"en_US\" \/>\n<meta property=\"og:type\" content=\"article\" \/>\n<meta property=\"og:title\" content=\"[:sl]LPN lovi\u0161\u010de Jelen - LPN - Lovi\u0161\u010da s posebnim namenom[:]\" \/>\n<meta property=\"og:description\" content=\"{:sl}Lovi\u0161\u010de s posebnim namenom Jelen (LPN Jelen) le\u017ei na skrajnem SZ Dinarskega gorstva in obsega 27.832 ha povr\u0161ine.{:}\" \/>\n<meta property=\"og:url\" content=\"https:\/\/www.lpn.si\/predstavitev-lovisc\/lpn-jelen\/\" \/>\n<meta property=\"og:site_name\" content=\"LPN\" \/>\n<meta property=\"article:modified_time\" content=\"2025-04-15T18:09:55+00:00\" \/>\n<meta property=\"og:image\" content=\"https:\/\/www.lpn.si\/wp-content\/uploads\/2016\/06\/24_Pogon-jelenjadi-na-skupinskem-lovu-v-LPN-na-Ko\u010devskem-e1469446204864.jpg\" \/>\n\t<meta property=\"og:image:width\" content=\"1920\" \/>\n\t<meta property=\"og:image:height\" content=\"1281\" \/>\n\t<meta property=\"og:image:type\" content=\"image\/jpeg\" \/>\n<meta name=\"twitter:card\" content=\"summary_large_image\" \/>\n<meta name=\"twitter:label1\" content=\"Est. reading time\" \/>\n\t<meta name=\"twitter:data1\" content=\"1 minute\" \/>\n<script type=\"application\/ld+json\" class=\"yoast-schema-graph\">{\"@context\":\"https:\/\/schema.org\",\"@graph\":[{\"@type\":\"WebPage\",\"@id\":\"https:\/\/www.lpn.si\/predstavitev-lovisc\/lpn-jelen\/\",\"url\":\"https:\/\/www.lpn.si\/predstavitev-lovisc\/lpn-jelen\/\",\"name\":\"[:sl]LPN lovi\u0161\u010de Jelen - LPN - Lovi\u0161\u010da s posebnim namenom[:]\",\"isPartOf\":{\"@id\":\"https:\/\/www.lpn.si\/it\/#website\"},\"datePublished\":\"2016-06-23T08:50:03+00:00\",\"dateModified\":\"2025-04-15T18:09:55+00:00\",\"description\":\"{:sl}Lovi\u0161\u010de s posebnim namenom Jelen (LPN Jelen) le\u017ei na skrajnem SZ Dinarskega gorstva in obsega 27.832 ha povr\u0161ine.{:}\",\"breadcrumb\":{\"@id\":\"https:\/\/www.lpn.si\/predstavitev-lovisc\/lpn-jelen\/#breadcrumb\"},\"inLanguage\":\"en-US\",\"potentialAction\":[{\"@type\":\"ReadAction\",\"target\":[\"https:\/\/www.lpn.si\/predstavitev-lovisc\/lpn-jelen\/\"]}]},{\"@type\":\"BreadcrumbList\",\"@id\":\"https:\/\/www.lpn.si\/predstavitev-lovisc\/lpn-jelen\/#breadcrumb\",\"itemListElement\":[{\"@type\":\"ListItem\",\"position\":1,\"name\":\"Home\",\"item\":\"https:\/\/www.lpn.si\/\"},{\"@type\":\"ListItem\",\"position\":2,\"name\":\"PREDSTAVITEV LOVI\u0160\u010c\",\"item\":\"https:\/\/www.lpn.si\/predstavitev-lovisc\/\"},{\"@type\":\"ListItem\",\"position\":3,\"name\":\"LPN Jelen\"}]},{\"@type\":\"WebSite\",\"@id\":\"https:\/\/www.lpn.si\/it\/#website\",\"url\":\"https:\/\/www.lpn.si\/it\/\",\"name\":\"LPN\",\"description\":\"ZAVOD za GOZDOVE SLOVENIJE\",\"potentialAction\":[{\"@type\":\"SearchAction\",\"target\":{\"@type\":\"EntryPoint\",\"urlTemplate\":\"https:\/\/www.lpn.si\/it\/?s={search_term_string}\"},\"query-input\":\"required name=search_term_string\"}],\"inLanguage\":\"en-US\"}]}<\/script>\n<!-- \/ Yoast SEO plugin. -->","yoast_head_json":{"title":"LPN lovi\u0161\u010de Jelen - LPN - Lovi\u0161\u010da s posebnim namenom","description":"Lovi\u0161\u010de s posebnim namenom Jelen (LPN Jelen) le\u017ei na skrajnem SZ Dinarskega gorstva in obsega 27.832 ha povr\u0161ine.","robots":{"index":"index","follow":"follow","max-snippet":"max-snippet:-1","max-image-preview":"max-image-preview:large","max-video-preview":"max-video-preview:-1"},"canonical":"https:\/\/www.lpn.si\/predstavitev-lovisc\/lpn-jelen\/","og_locale":"en_US","og_type":"article","og_title":"[:sl]LPN lovi\u0161\u010de Jelen - LPN - Lovi\u0161\u010da s posebnim namenom[:]","og_description":"{:sl}Lovi\u0161\u010de s posebnim namenom Jelen (LPN Jelen) le\u017ei na skrajnem SZ Dinarskega gorstva in obsega 27.832 ha povr\u0161ine.{:}","og_url":"https:\/\/www.lpn.si\/predstavitev-lovisc\/lpn-jelen\/","og_site_name":"LPN","article_modified_time":"2025-04-15T18:09:55+00:00","og_image":[{"width":1920,"height":1281,"url":"https:\/\/www.lpn.si\/wp-content\/uploads\/2016\/06\/24_Pogon-jelenjadi-na-skupinskem-lovu-v-LPN-na-Ko\u010devskem-e1469446204864.jpg","type":"image\/jpeg"}],"twitter_card":"summary_large_image","twitter_misc":{"Est. reading time":"1 minute"},"schema":{"@context":"https:\/\/schema.org","@graph":[{"@type":"WebPage","@id":"https:\/\/www.lpn.si\/predstavitev-lovisc\/lpn-jelen\/","url":"https:\/\/www.lpn.si\/predstavitev-lovisc\/lpn-jelen\/","name":"[:sl]LPN lovi\u0161\u010de Jelen - LPN - Lovi\u0161\u010da s posebnim namenom[:]","isPartOf":{"@id":"https:\/\/www.lpn.si\/it\/#website"},"datePublished":"2016-06-23T08:50:03+00:00","dateModified":"2025-04-15T18:09:55+00:00","description":"{:sl}Lovi\u0161\u010de s posebnim namenom Jelen (LPN Jelen) le\u017ei na skrajnem SZ Dinarskega gorstva in obsega 27.832 ha povr\u0161ine.{:}","breadcrumb":{"@id":"https:\/\/www.lpn.si\/predstavitev-lovisc\/lpn-jelen\/#breadcrumb"},"inLanguage":"en-US","potentialAction":[{"@type":"ReadAction","target":["https:\/\/www.lpn.si\/predstavitev-lovisc\/lpn-jelen\/"]}]},{"@type":"BreadcrumbList","@id":"https:\/\/www.lpn.si\/predstavitev-lovisc\/lpn-jelen\/#breadcrumb","itemListElement":[{"@type":"ListItem","position":1,"name":"Home","item":"https:\/\/www.lpn.si\/"},{"@type":"ListItem","position":2,"name":"PREDSTAVITEV LOVI\u0160\u010c","item":"https:\/\/www.lpn.si\/predstavitev-lovisc\/"},{"@type":"ListItem","position":3,"name":"LPN Jelen"}]},{"@type":"WebSite","@id":"https:\/\/www.lpn.si\/it\/#website","url":"https:\/\/www.lpn.si\/it\/","name":"LPN","description":"ZAVOD za GOZDOVE SLOVENIJE","potentialAction":[{"@type":"SearchAction","target":{"@type":"EntryPoint","urlTemplate":"https:\/\/www.lpn.si\/it\/?s={search_term_string}"},"query-input":"required name=search_term_string"}],"inLanguage":"en-US"}]}},"_links":{"self":[{"href":"https:\/\/www.lpn.si\/en\/wp-json\/wp\/v2\/pages\/28"}],"collection":[{"href":"https:\/\/www.lpn.si\/en\/wp-json\/wp\/v2\/pages"}],"about":[{"href":"https:\/\/www.lpn.si\/en\/wp-json\/wp\/v2\/types\/page"}],"author":[{"embeddable":true,"href":"https:\/\/www.lpn.si\/en\/wp-json\/wp\/v2\/users\/3"}],"replies":[{"embeddable":true,"href":"https:\/\/www.lpn.si\/en\/wp-json\/wp\/v2\/comments?post=28"}],"version-history":[{"count":31,"href":"https:\/\/www.lpn.si\/en\/wp-json\/wp\/v2\/pages\/28\/revisions"}],"predecessor-version":[{"id":13887,"href":"https:\/\/www.lpn.si\/en\/wp-json\/wp\/v2\/pages\/28\/revisions\/13887"}],"up":[{"embeddable":true,"href":"https:\/\/www.lpn.si\/en\/wp-json\/wp\/v2\/pages\/7"}],"wp:featuredmedia":[{"embeddable":true,"href":"https:\/\/www.lpn.si\/en\/wp-json\/wp\/v2\/media\/475"}],"wp:attachment":[{"href":"https:\/\/www.lpn.si\/en\/wp-json\/wp\/v2\/media?parent=28"}],"curies":[{"name":"wp","href":"https:\/\/api.w.org\/{rel}","templated":true}]}}