{"id":245,"date":"2016-07-04T11:46:21","date_gmt":"2016-07-04T11:46:21","guid":{"rendered":"https:\/\/www.lpn.si\/?page_id=245"},"modified":"2018-04-11T12:15:52","modified_gmt":"2018-04-11T12:15:52","slug":"lpn-v-okviru-zgs","status":"publish","type":"page","link":"https:\/\/www.lpn.si\/en\/o-lpn\/lpn-v-okviru-zgs\/","title":{"rendered":"LPN managed by SFS"},"content":{"rendered":"<p>The mission of the Slovenia Forest Service is conservation and sustainable development of Slovenian forests and all their functions for the purpose of their sustainable and high-quality management and use, as well as the conservation of nature in a forest area for the benefit of the present and future generations. It pursues its mission through the forest management planning, cultivation and protection of forests, activities in the field of forestal technology and rural development, forest animals and hunting, public relations and other fields.<\/p>\n<p>They are organized in the central office in Ljubljana and in 14 regional offices: Tolmin, Bled, Kranj, Postojna, Ko\u010devje, Novo Mesto, Bre\u017eice, Celje, Nazarje, Slovenj Gradec, Maribor, Murska Sobota and Se\u017eana. Regional units are divided into local units, which are further divided into forest districts.<\/p>\n<p>The special purpose state hunting grounds are a part of the RU Ko\u010devje, RU Kranj, RU Ljubljana, RU Murska Sobota, RU Postojna and RU Tolmin.<\/p>\n<p><a href=\"https:\/\/www.lpn.si\/wp-content\/uploads\/2016\/07\/Neokrnjena-narava-je-\u017eivljenjsko-okolje-divjadi-v-LPN-Pohorje.jpg\"><img decoding=\"async\" loading=\"lazy\" class=\"wp-image-318 size-thumbnail\" src=\"https:\/\/www.lpn.si\/wp-content\/uploads\/2016\/07\/Neokrnjena-narava-je-\u017eivljenjsko-okolje-divjadi-v-LPN-Pohorje-250x200.jpg\" alt=\"Neokrnjena narava je \u017eivljenjsko okolje divjadi v LPN Pohorje\" width=\"250\" height=\"200\" \/><\/a> Unspoiled nature is the habitat of game in the LPN Pohorje<\/p>\n<p><a href=\"https:\/\/www.lpn.si\/wp-content\/uploads\/2016\/07\/Ni\u017einski-del-LPN-Ljubljani-vrh-Ljubljansko-Barje-pred-son\u010dnim-vzhodom.jpg\"><img decoding=\"async\" loading=\"lazy\" class=\"wp-image-319 size-thumbnail\" src=\"https:\/\/www.lpn.si\/wp-content\/uploads\/2016\/07\/Ni\u017einski-del-LPN-Ljubljani-vrh-Ljubljansko-Barje-pred-son\u010dnim-vzhodom-250x200.jpg\" alt=\"Ni\u017einski del LPN Ljubljani vrh, Ljubljansko Barje, pred son\u010dnim vzhodom\" width=\"250\" height=\"200\" \/><\/a> The lowland part of LPN Ljubljanski vrh, the Ljubljana Marshes, before sunrise<\/p>\n<p><a href=\"https:\/\/www.lpn.si\/wp-content\/uploads\/2016\/07\/Prebujanje-narave-v-LPN-Kozorog-Kamnik.jpg\"><img decoding=\"async\" loading=\"lazy\" class=\"wp-image-321 size-thumbnail\" src=\"https:\/\/www.lpn.si\/wp-content\/uploads\/2016\/07\/Prebujanje-narave-v-LPN-Kozorog-Kamnik-250x200.jpg\" alt=\"Prebujanje narave v LPN Kozorog Kamnik\" width=\"250\" height=\"200\" \/><\/a> Awakening of nature in the LPN Kozorog Kamnik<\/p>","protected":false},"excerpt":{"rendered":"The mission of the Slovenia Forest Service is conservation and sustainable development of Slovenian forests and all their functions for the purpose of their sustainable and high-quality management and use, as well as the conservation of nature in a forest area for the benefit of the present and future generations. It pursues its mission through [&hellip;]","protected":false},"author":3,"featured_media":320,"parent":5,"menu_order":2,"comment_status":"closed","ping_status":"closed","template":"","meta":[],"acf":[],"yoast_head":"<!-- This site is optimized with the Yoast SEO plugin v20.12 - https:\/\/yoast.com\/wordpress\/plugins\/seo\/ -->\n<title>LPN v okviru ZGS - LPN - Lovi\u0161\u010da s posebnim namenom<\/title>\n<meta name=\"description\" content=\"Poslanstvo Zavoda za gozdove Slovenije je ohranjanje in sonaravni razvoj slovenskih gozdov in vseh njihovih funkcij za njihovo trajnostno in kakovostno LPN\" \/>\n<meta name=\"robots\" content=\"index, follow, max-snippet:-1, max-image-preview:large, max-video-preview:-1\" \/>\n<link rel=\"canonical\" href=\"https:\/\/www.lpn.si\/o-lpn\/lpn-v-okviru-zgs\/\" \/>\n<meta property=\"og:locale\" content=\"en_US\" \/>\n<meta property=\"og:type\" content=\"article\" \/>\n<meta property=\"og:title\" content=\"LPN v okviru ZGS - LPN - Lovi\u0161\u010da s posebnim namenom\" \/>\n<meta property=\"og:description\" content=\"Poslanstvo Zavoda za gozdove Slovenije je ohranjanje in sonaravni razvoj slovenskih gozdov in vseh njihovih funkcij za njihovo trajnostno in kakovostno LPN\" \/>\n<meta property=\"og:url\" content=\"https:\/\/www.lpn.si\/o-lpn\/lpn-v-okviru-zgs\/\" \/>\n<meta property=\"og:site_name\" content=\"LPN\" \/>\n<meta property=\"article:modified_time\" content=\"2018-04-11T12:15:52+00:00\" \/>\n<meta property=\"og:image\" content=\"https:\/\/www.lpn.si\/wp-content\/uploads\/2016\/07\/Pogled-z-lovi\u0161\u010da-v-dolino-in-pred-za\u010detkom-dneva-pregled-naravnega-okolja-divjadi.jpg\" \/>\n\t<meta property=\"og:image:width\" content=\"1920\" \/>\n\t<meta property=\"og:image:height\" content=\"1275\" \/>\n\t<meta property=\"og:image:type\" content=\"image\/jpeg\" \/>\n<meta name=\"twitter:card\" content=\"summary_large_image\" \/>\n<meta name=\"twitter:label1\" content=\"Est. reading time\" \/>\n\t<meta name=\"twitter:data1\" content=\"4 minutes\" \/>\n<script type=\"application\/ld+json\" class=\"yoast-schema-graph\">{\"@context\":\"https:\/\/schema.org\",\"@graph\":[{\"@type\":\"WebPage\",\"@id\":\"https:\/\/www.lpn.si\/o-lpn\/lpn-v-okviru-zgs\/\",\"url\":\"https:\/\/www.lpn.si\/o-lpn\/lpn-v-okviru-zgs\/\",\"name\":\"LPN v okviru ZGS - LPN - Lovi\u0161\u010da s posebnim namenom\",\"isPartOf\":{\"@id\":\"https:\/\/www.lpn.si\/it\/#website\"},\"datePublished\":\"2016-07-04T11:46:21+00:00\",\"dateModified\":\"2018-04-11T12:15:52+00:00\",\"description\":\"Poslanstvo Zavoda za gozdove Slovenije je ohranjanje in sonaravni razvoj slovenskih gozdov in vseh njihovih funkcij za njihovo trajnostno in kakovostno LPN\",\"breadcrumb\":{\"@id\":\"https:\/\/www.lpn.si\/o-lpn\/lpn-v-okviru-zgs\/#breadcrumb\"},\"inLanguage\":\"en-US\",\"potentialAction\":[{\"@type\":\"ReadAction\",\"target\":[\"https:\/\/www.lpn.si\/o-lpn\/lpn-v-okviru-zgs\/\"]}]},{\"@type\":\"BreadcrumbList\",\"@id\":\"https:\/\/www.lpn.si\/o-lpn\/lpn-v-okviru-zgs\/#breadcrumb\",\"itemListElement\":[{\"@type\":\"ListItem\",\"position\":1,\"name\":\"Home\",\"item\":\"https:\/\/www.lpn.si\/\"},{\"@type\":\"ListItem\",\"position\":2,\"name\":\"O LPN\",\"item\":\"https:\/\/www.lpn.si\/o-lpn\/\"},{\"@type\":\"ListItem\",\"position\":3,\"name\":\"LPN v okviru ZGS\"}]},{\"@type\":\"WebSite\",\"@id\":\"https:\/\/www.lpn.si\/it\/#website\",\"url\":\"https:\/\/www.lpn.si\/it\/\",\"name\":\"LPN\",\"description\":\"ZAVOD za GOZDOVE SLOVENIJE\",\"potentialAction\":[{\"@type\":\"SearchAction\",\"target\":{\"@type\":\"EntryPoint\",\"urlTemplate\":\"https:\/\/www.lpn.si\/it\/?s={search_term_string}\"},\"query-input\":\"required name=search_term_string\"}],\"inLanguage\":\"en-US\"}]}<\/script>\n<!-- \/ Yoast SEO plugin. -->","yoast_head_json":{"title":"LPN v okviru ZGS - LPN - Lovi\u0161\u010da s posebnim namenom","description":"Poslanstvo Zavoda za gozdove Slovenije je ohranjanje in sonaravni razvoj slovenskih gozdov in vseh njihovih funkcij za njihovo trajnostno in kakovostno LPN","robots":{"index":"index","follow":"follow","max-snippet":"max-snippet:-1","max-image-preview":"max-image-preview:large","max-video-preview":"max-video-preview:-1"},"canonical":"https:\/\/www.lpn.si\/o-lpn\/lpn-v-okviru-zgs\/","og_locale":"en_US","og_type":"article","og_title":"LPN v okviru ZGS - LPN - Lovi\u0161\u010da s posebnim namenom","og_description":"Poslanstvo Zavoda za gozdove Slovenije je ohranjanje in sonaravni razvoj slovenskih gozdov in vseh njihovih funkcij za njihovo trajnostno in kakovostno LPN","og_url":"https:\/\/www.lpn.si\/o-lpn\/lpn-v-okviru-zgs\/","og_site_name":"LPN","article_modified_time":"2018-04-11T12:15:52+00:00","og_image":[{"width":1920,"height":1275,"url":"https:\/\/www.lpn.si\/wp-content\/uploads\/2016\/07\/Pogled-z-lovi\u0161\u010da-v-dolino-in-pred-za\u010detkom-dneva-pregled-naravnega-okolja-divjadi.jpg","type":"image\/jpeg"}],"twitter_card":"summary_large_image","twitter_misc":{"Est. reading time":"4 minutes"},"schema":{"@context":"https:\/\/schema.org","@graph":[{"@type":"WebPage","@id":"https:\/\/www.lpn.si\/o-lpn\/lpn-v-okviru-zgs\/","url":"https:\/\/www.lpn.si\/o-lpn\/lpn-v-okviru-zgs\/","name":"LPN v okviru ZGS - LPN - Lovi\u0161\u010da s posebnim namenom","isPartOf":{"@id":"https:\/\/www.lpn.si\/it\/#website"},"datePublished":"2016-07-04T11:46:21+00:00","dateModified":"2018-04-11T12:15:52+00:00","description":"Poslanstvo Zavoda za gozdove Slovenije je ohranjanje in sonaravni razvoj slovenskih gozdov in vseh njihovih funkcij za njihovo trajnostno in kakovostno LPN","breadcrumb":{"@id":"https:\/\/www.lpn.si\/o-lpn\/lpn-v-okviru-zgs\/#breadcrumb"},"inLanguage":"en-US","potentialAction":[{"@type":"ReadAction","target":["https:\/\/www.lpn.si\/o-lpn\/lpn-v-okviru-zgs\/"]}]},{"@type":"BreadcrumbList","@id":"https:\/\/www.lpn.si\/o-lpn\/lpn-v-okviru-zgs\/#breadcrumb","itemListElement":[{"@type":"ListItem","position":1,"name":"Home","item":"https:\/\/www.lpn.si\/"},{"@type":"ListItem","position":2,"name":"O LPN","item":"https:\/\/www.lpn.si\/o-lpn\/"},{"@type":"ListItem","position":3,"name":"LPN v okviru ZGS"}]},{"@type":"WebSite","@id":"https:\/\/www.lpn.si\/it\/#website","url":"https:\/\/www.lpn.si\/it\/","name":"LPN","description":"ZAVOD za GOZDOVE SLOVENIJE","potentialAction":[{"@type":"SearchAction","target":{"@type":"EntryPoint","urlTemplate":"https:\/\/www.lpn.si\/it\/?s={search_term_string}"},"query-input":"required name=search_term_string"}],"inLanguage":"en-US"}]}},"_links":{"self":[{"href":"https:\/\/www.lpn.si\/en\/wp-json\/wp\/v2\/pages\/245"}],"collection":[{"href":"https:\/\/www.lpn.si\/en\/wp-json\/wp\/v2\/pages"}],"about":[{"href":"https:\/\/www.lpn.si\/en\/wp-json\/wp\/v2\/types\/page"}],"author":[{"embeddable":true,"href":"https:\/\/www.lpn.si\/en\/wp-json\/wp\/v2\/users\/3"}],"replies":[{"embeddable":true,"href":"https:\/\/www.lpn.si\/en\/wp-json\/wp\/v2\/comments?post=245"}],"version-history":[{"count":29,"href":"https:\/\/www.lpn.si\/en\/wp-json\/wp\/v2\/pages\/245\/revisions"}],"predecessor-version":[{"id":1258,"href":"https:\/\/www.lpn.si\/en\/wp-json\/wp\/v2\/pages\/245\/revisions\/1258"}],"up":[{"embeddable":true,"href":"https:\/\/www.lpn.si\/en\/wp-json\/wp\/v2\/pages\/5"}],"wp:featuredmedia":[{"embeddable":true,"href":"https:\/\/www.lpn.si\/en\/wp-json\/wp\/v2\/media\/320"}],"wp:attachment":[{"href":"https:\/\/www.lpn.si\/en\/wp-json\/wp\/v2\/media?parent=245"}],"curies":[{"name":"wp","href":"https:\/\/api.w.org\/{rel}","templated":true}]}}