{"id":240,"date":"2016-07-04T11:43:30","date_gmt":"2016-07-04T11:43:30","guid":{"rendered":"https:\/\/www.lpn.si\/?page_id=240"},"modified":"2025-01-23T13:52:43","modified_gmt":"2025-01-23T13:52:43","slug":"osebna-izkaznica","status":"publish","type":"page","link":"https:\/\/www.lpn.si\/en\/o-lpn\/osebna-izkaznica\/","title":{"rendered":"Further details"},"content":{"rendered":"<p><\/p>\n<table>\n<tbody>\n<tr>\n<td width=\"181\">Hunting Grounds<\/td>\n<td width=\"151\">The main game species<\/td>\n<td width=\"255\">Manager<\/td>\n<td width=\"255\">Address<\/td>\n<\/tr>\n<tr>\n<td style=\"width: 181px;\">The Special Purpose State Hunting Grounds Service<\/td>\n<td style=\"width: 151px;\">\/<\/td>\n<td style=\"width: 255px;\">Andrej Kri\u017e<br \/>\nM: <a href=\"tel:+386 51 205 532\">+386 51 205 532<\/a><br \/>\nE: <a href=\"mailto:andrej.kriz@zgs.si\" target=\"_blank\" rel=\"noopener\">andrej.kriz@zgs.si<\/a><\/td>\n<td>Zavod za gozdove Slovenije<br \/>\n<a href=\"https:\/\/www.google.si\/maps\/place\/Zavod+za+gozdove+Slovenije+Ljubljana\/@46.0524096,14.4800202,15z\/data=!4m2!3m1!1s0x0:0x9f8a704f0f5c21f8?sa=X&amp;ved=0ahUKEwjPzYDxrazQAhVKChoKHQSjBLsQ_BIIZDAK\">Ve\u010dna pot 2,<br \/>\n1000 Ljubljana<\/a><\/td>\n<\/tr>\n<tr>\n<td width=\"181\">SPGR Prodi Razor<br \/>\n2.537 ha<\/td>\n<td width=\"151\">Chamois<br \/>\nMouflon<br \/>\nRoe Deer<br \/>\nWild Boar<\/td>\n<td style=\"width: 255px;\">Peter Razpet<br \/>\nT: <a href=\"tel:386 5 380 12 53\">+ 386 5 380 12 53<\/a><br \/>\nM:<a href=\"http:\/\/+ 386 51 686 126\">+ 386 51 686 126<\/a><br \/>\nE: <a style=\"font-family: inherit; font-size: inherit;\" href=\"mailto:peter.razpet@zgs.si\">peter.razpet@zgs.si<\/a><\/td>\n<td>OE Tolmin<br \/>\n<a href=\"https:\/\/www.google.si\/maps\/place\/Pot+na+Poljane+1,+1241+Kamnik\/@46.2269691,14.6096057,17z\/data=!3m1!4b1!4m5!3m4!1s0x47654af994791ddd:0x5a81784b5ea65f5e!8m2!3d46.2269691!4d14.6096057?hl=sl\">Tumov drevored 17,<br \/>\n5220 Tolmin<\/a><\/td>\n<\/tr>\n<tr>\n<td width=\"181\">SPGR Kozorog Kamnik<br \/>\n42.699 ha<\/td>\n<td width=\"151\">Chamois<br \/>\nRed Deer<br \/>\nRoe deer<br \/>\nMouflon<br \/>\nAlpine Ibex<\/td>\n<td style=\"width: 255px;\">mag. Darko Veternik<br \/>\nT: <a href=\"tel:386 1 839 72 80\">+ 386 1 839 72 80<\/a><br \/>\nM: <a href=\"http:\/\/+ 386 31 235 709\">+ 386 31 235 709<\/a><br \/>\nE: <a style=\"font-family: inherit; font-size: inherit;\" href=\"mailto:kozorog.kamnik@zgs.si\">kozorog.kamnik@zgs.si<\/a><\/td>\n<td>OE Kranj<br \/>\n<a href=\"https:\/\/www.google.si\/maps\/place\/Pot+na+Poljane+1,+1241+Kamnik\/@46.2269691,14.6096057,17z\/data=!3m1!4b1!4m5!3m4!1s0x47654af994791ddd:0x5a81784b5ea65f5e!8m2!3d46.2269691!4d14.6096057?hl=sl\">Pot na Poljane 1,<br \/>\n1240 Kamnik<\/a><\/td>\n<\/tr>\n<tr>\n<td width=\"181\">SPGR Ljubljanski vrh<br \/>\n4.138 ha<\/td>\n<td width=\"151\">Red Deer<br \/>\nRoe deer<br \/>\nWild Boar<br \/>\n(Bear, wolf, lynx)<\/td>\n<td style=\"width: 255px;\">Viktor Miklav\u010di\u010d<br \/>\nT: <a href=\"tel:386 1 241 06 26\">+ 386 1 241 06 26<\/a><br \/>\nM:<a href=\"tel:386 041 657 228\">+ 386 41 657 228<\/a><br \/>\nE: <a href=\"mailto:viktor.miklavcic@zgs.si\">viktor.miklavcic@zgs.si<\/a><\/td>\n<td>Zavod za gozdove Slovenije<br \/>\n<a href=\"https:\/\/www.google.si\/maps\/place\/Pot+na+Poljane+1,+1241+Kamnik\/@46.2269691,14.6096057,17z\/data=!3m1!4b1!4m5!3m4!1s0x47654af994791ddd:0x5a81784b5ea65f5e!8m2!3d46.2269691!4d14.6096057?hl=sl\">Ve\u010dna pot 2,<br \/>\n1000 Ljubljana<\/a><\/td>\n<\/tr>\n<tr>\n<td width=\"181\">SPGR Jelen<br \/>\n27.832 ha<\/td>\n<td width=\"151\">Red Deer<br \/>\nRoe deer<br \/>\nWild Boar<br \/>\n(Bear, wolf, lynx)<\/td>\n<td style=\"width: 255px;\">Peter Krma<br \/>\nT: <a href=\"tel:386 1 705 78 11\">+ 386 1 705 78 11<\/a><br \/>\nT: <a href=\"tel:386 5 700 06 19\">+ 386 5 700 06 19<\/a><br \/>\nM: <a href=\"tel:386 41 657 312\">+ 386 41 657 312<\/a><br \/>\nE: <a href=\"mailto:peter.krma@zgs.si\">peter.krma@zgs.si<\/a><\/td>\n<td>OE Postojna<br \/>\n<a href=\"https:\/\/www.google.si\/maps\/place\/Kozari%C5%A1%C4%8De+78,+1386+Stari+trg+pri+Lo%C5%BEu\/@45.684423,14.4713395,17z\/data=!3m1!4b1!4m5!3m4!1s0x4764cf4404eb7cbd:0x8eb7f20c312ffa2b!8m2!3d45.684423!4d14.4713395?hl=sl\">Kozari\u0161\u010de 78,<br \/>\n1386 Stari trg pri Lo\u017eu<\/a><\/td>\n<\/tr>\n<tr>\n<td width=\"181\">SPGR Ko\u010devsko<br \/>\n68.537 ha<\/td>\n<td width=\"151\">Red Deer<br \/>\nWild Boar<br \/>\nRoe deer<br \/>\nFallow deer<br \/>\nMouflon<br \/>\n(Bear, wolf, lynx)<\/td>\n<td style=\"width: 255px;\">\n<div>mag. Bo\u017eo Zakraj\u0161ek<br \/>\nT: <a href=\"tel:+386 189 51 451\">+386 189 51 451<\/a><br \/>\nM: <a href=\"tel:+386 41 815 206\">+386 41 815 206<\/a><br \/>\nE:<a href=\"mailto:bozo.zakrajsek@zgs.si\" target=\"_blank\" rel=\"noopener\"> bozo.zakrajsek@zgs.si<\/a><\/div>\n<div><\/div>\n<\/td>\n<td>OE Ko\u010devje<br \/>\n<a href=\"https:\/\/www.google.si\/maps\/place\/Re%C5%A1ka+cesta+35,+1330+Ko%C4%8Devje\/@45.6292888,14.8684171,17z\/data=!3m1!4b1!4m5!3m4!1s0x4764ee1b2013b4ad:0xd24a76acdda999af!8m2!3d45.6292888!4d14.8684171?hl=sl\">Re\u0161ka cesta 35,<br \/>\n1330 Ko\u010devje<\/a><\/td>\n<\/tr>\n<tr>\n<td width=\"181\">SPGR Pohorje<br \/>\n27.508 ha<\/td>\n<td width=\"151\">Chamois<br \/>\nRed Deer<br \/>\nRoe deer<br \/>\nWild Boar<\/td>\n<td style=\"width: 255px;\">Izidor Cojzer<br \/>\nT: <a href=\"tel:386 2 234 16 17\">+ 386 2 234 16 17<\/a><br \/>\nM: <a href=\"http:\/\/+ 386 41 657 795\">+ 386 41 657 795\u00a0 <\/a><br \/>\nE: <a href=\"mailto:izidor.cojzer@zgs.si\">izidor.cojzer@zgs.si<\/a><br \/>\nE: <a href=\"mailto:lpn.pohorje@zgs.si\">lpn.pohorje@zgs.si<\/a><\/td>\n<td>OE Maribor<br \/>\n<a href=\"https:\/\/www.google.si\/maps\/place\/Tyr%C5%A1eva+ulica+15,+2000+Maribor\/@46.5618078,15.6462732,17z\/data=!3m1!4b1!4m5!3m4!1s0x476f77aea7ef8241:0xbc70a117865e9bb7!8m2!3d46.5618078!4d15.6462732?hl=sl\">Ty\u0161eva 15,<br \/>\n2000 Maribor<\/a><\/td>\n<\/tr>\n<tr>\n<td width=\"181\">SPGR Fazan Beltinci<br \/>\n15.167 ha<\/td>\n<td width=\"151\">Brown hare<br \/>\nPheasant<br \/>\nGrey partridge<br \/>\nMallard<br \/>\nRed Deer<br \/>\nRoe deer<br \/>\nWild Boar<\/td>\n<td style=\"width: 255px;\">Dragan Zemlji\u010d<br \/>\nT: <a href=\"tel:386 2 542 12 18\">+ 386 2 542 12 18<\/a><br \/>\nM: <a href=\"http:\/\/+ 386 31 764 621\">+ 386 31 764 621 <\/a><br \/>\nE: <a href=\"mailto:dragan.zemljic@zgs.si\">dragan.zemljic@zgs.si<\/a><br \/>\nE: <a href=\"mailto:lpn.fazan@zgs.si\">lpn.fazan@zgs.si<\/a><\/td>\n<td>OE Murska Sobota<br \/>\n<a href=\"https:\/\/www.google.si\/maps\/place\/Ravenska+cesta+10,+9231+Beltinci\/@46.6058453,16.2341525,17z\/data=!3m1!4b1!4m5!3m4!1s0x476f387944c86969:0x1a013dc6ea215c1d!8m2!3d46.6058453!4d16.2341525?hl=sl\">Ravenska 10,<br \/>\n9231 Beltinci<\/a><\/td>\n<\/tr>\n<tr>\n<td width=\"181\">SPGR Kompas Peskovci<br \/>\n12.538 ha<\/td>\n<td width=\"151\">Red Deer<br \/>\nWild Boar<br \/>\nRoe deer<br \/>\nFallow deer<br \/>\nPheasant<\/td>\n<td style=\"width: 255px;\">Branko Vajndorfer<br \/>\nT: <a href=\"tel:386 2 556 10 13\">+ 386 2 556 10 13<\/a><br \/>\nM: <a href=\"http:\/\/+ 386 41 657 832\">+ 386 41 657 832<\/a><br \/>\nE: <a href=\"mailto:branko.vajndorfer@zgs.si\">branko.vajndorfer@zgs.si<\/a><br \/>\nE: <a href=\"mailto:lpn.kompas@zgs.si\">lpn.kompas@zgs.si<\/a><\/td>\n<td>OE Murska Sobota<br \/>\n<a href=\"https:\/\/www.google.si\/maps\/place\/Peskovci+22a,+9204+%C5%A0alovci\/@46.8068126,16.2506938,17z\/data=!3m1!4b1!4m5!3m4!1s0x476f23a4adf3f249:0x12cb835dc739c07b!8m2!3d46.8068089!4d16.2528825?hl=sl\">Peskovci 22A,<br \/>\n9204 \u0160alovci<\/a><\/td>\n<\/tr>\n<\/tbody>\n<\/table>\n<p><\/p>","protected":false},"excerpt":{"rendered":"Hunting Grounds The main game species Manager Address The Special Purpose State Hunting Grounds Service \/ Andrej Kri\u017e M: +386 51 205 532 E: andrej.kriz@zgs.si Zavod za gozdove Slovenije Ve\u010dna pot 2, 1000 Ljubljana SPGR Prodi Razor 2.537 ha Chamois Mouflon Roe Deer Wild Boar Peter Razpet T: + 386 5 380 12 53 M:+ [&hellip;]","protected":false},"author":3,"featured_media":440,"parent":5,"menu_order":1,"comment_status":"closed","ping_status":"closed","template":"","meta":[],"acf":[],"yoast_head":"<!-- This site is optimized with the Yoast SEO plugin v20.12 - https:\/\/yoast.com\/wordpress\/plugins\/seo\/ -->\n<title>Osebna izkaznica - LPN - Lovi\u0161\u010da s posebnim namenom<\/title>\n<meta name=\"description\" content=\"Lovi\u0161\u010da s posebnim namenom Obmo\u010dje Obmo\u010dne enote Zavoda za gozdove Povr\u0161ina Glavne vrste divjadi Vodja lovi\u0161\u010da LPN Prodi Razor OE Tolmin 2.537 ha gams muflo\" \/>\n<meta name=\"robots\" content=\"index, follow, max-snippet:-1, max-image-preview:large, max-video-preview:-1\" \/>\n<link rel=\"canonical\" href=\"https:\/\/www.lpn.si\/o-lpn\/osebna-izkaznica\/\" \/>\n<meta property=\"og:locale\" content=\"en_US\" \/>\n<meta property=\"og:type\" content=\"article\" \/>\n<meta property=\"og:title\" content=\"[:sl]Osebna izkaznica - LPN - Lovi\u0161\u010da s posebnim namenom[:]\" \/>\n<meta property=\"og:description\" content=\"{:sl}Lovi\u0161\u010da s posebnim namenom Obmo\u010dje Obmo\u010dne enote Zavoda za gozdove Povr\u0161ina Glavne vrste divjadi Vodja lovi\u0161\u010da LPN Prodi Razor OE Tolmin 2.537 ha gams muflo{:}\" \/>\n<meta property=\"og:url\" content=\"https:\/\/www.lpn.si\/o-lpn\/osebna-izkaznica\/\" \/>\n<meta property=\"og:site_name\" content=\"LPN\" \/>\n<meta property=\"article:modified_time\" content=\"2025-01-23T13:52:43+00:00\" \/>\n<meta property=\"og:image\" content=\"https:\/\/www.lpn.si\/wp-content\/uploads\/2016\/07\/20_Goratost-v-LPN-Pohorje-e1469019138478.jpg\" \/>\n\t<meta property=\"og:image:width\" content=\"1920\" \/>\n\t<meta property=\"og:image:height\" content=\"1275\" \/>\n\t<meta property=\"og:image:type\" content=\"image\/jpeg\" \/>\n<meta name=\"twitter:card\" content=\"summary_large_image\" \/>\n<meta name=\"twitter:label1\" content=\"Est. reading time\" \/>\n\t<meta name=\"twitter:data1\" content=\"2 minutes\" \/>\n<script type=\"application\/ld+json\" class=\"yoast-schema-graph\">{\"@context\":\"https:\/\/schema.org\",\"@graph\":[{\"@type\":\"WebPage\",\"@id\":\"https:\/\/www.lpn.si\/o-lpn\/osebna-izkaznica\/\",\"url\":\"https:\/\/www.lpn.si\/o-lpn\/osebna-izkaznica\/\",\"name\":\"[:sl]Osebna izkaznica - LPN - Lovi\u0161\u010da s posebnim namenom[:]\",\"isPartOf\":{\"@id\":\"https:\/\/www.lpn.si\/it\/#website\"},\"datePublished\":\"2016-07-04T11:43:30+00:00\",\"dateModified\":\"2025-01-23T13:52:43+00:00\",\"description\":\"{:sl}Lovi\u0161\u010da s posebnim namenom Obmo\u010dje Obmo\u010dne enote Zavoda za gozdove Povr\u0161ina Glavne vrste divjadi Vodja lovi\u0161\u010da LPN Prodi Razor OE Tolmin 2.537 ha gams muflo{:}\",\"breadcrumb\":{\"@id\":\"https:\/\/www.lpn.si\/o-lpn\/osebna-izkaznica\/#breadcrumb\"},\"inLanguage\":\"en-US\",\"potentialAction\":[{\"@type\":\"ReadAction\",\"target\":[\"https:\/\/www.lpn.si\/o-lpn\/osebna-izkaznica\/\"]}]},{\"@type\":\"BreadcrumbList\",\"@id\":\"https:\/\/www.lpn.si\/o-lpn\/osebna-izkaznica\/#breadcrumb\",\"itemListElement\":[{\"@type\":\"ListItem\",\"position\":1,\"name\":\"Home\",\"item\":\"https:\/\/www.lpn.si\/\"},{\"@type\":\"ListItem\",\"position\":2,\"name\":\"O LPN\",\"item\":\"https:\/\/www.lpn.si\/o-lpn\/\"},{\"@type\":\"ListItem\",\"position\":3,\"name\":\"Osebna izkaznica\"}]},{\"@type\":\"WebSite\",\"@id\":\"https:\/\/www.lpn.si\/it\/#website\",\"url\":\"https:\/\/www.lpn.si\/it\/\",\"name\":\"LPN\",\"description\":\"ZAVOD za GOZDOVE SLOVENIJE\",\"potentialAction\":[{\"@type\":\"SearchAction\",\"target\":{\"@type\":\"EntryPoint\",\"urlTemplate\":\"https:\/\/www.lpn.si\/it\/?s={search_term_string}\"},\"query-input\":\"required name=search_term_string\"}],\"inLanguage\":\"en-US\"}]}<\/script>\n<!-- \/ Yoast SEO plugin. -->","yoast_head_json":{"title":"Osebna izkaznica - LPN - Lovi\u0161\u010da s posebnim namenom","description":"Lovi\u0161\u010da s posebnim namenom Obmo\u010dje Obmo\u010dne enote Zavoda za gozdove Povr\u0161ina Glavne vrste divjadi Vodja lovi\u0161\u010da LPN Prodi Razor OE Tolmin 2.537 ha gams muflo","robots":{"index":"index","follow":"follow","max-snippet":"max-snippet:-1","max-image-preview":"max-image-preview:large","max-video-preview":"max-video-preview:-1"},"canonical":"https:\/\/www.lpn.si\/o-lpn\/osebna-izkaznica\/","og_locale":"en_US","og_type":"article","og_title":"[:sl]Osebna izkaznica - LPN - Lovi\u0161\u010da s posebnim namenom[:]","og_description":"{:sl}Lovi\u0161\u010da s posebnim namenom Obmo\u010dje Obmo\u010dne enote Zavoda za gozdove Povr\u0161ina Glavne vrste divjadi Vodja lovi\u0161\u010da LPN Prodi Razor OE Tolmin 2.537 ha gams muflo{:}","og_url":"https:\/\/www.lpn.si\/o-lpn\/osebna-izkaznica\/","og_site_name":"LPN","article_modified_time":"2025-01-23T13:52:43+00:00","og_image":[{"width":1920,"height":1275,"url":"https:\/\/www.lpn.si\/wp-content\/uploads\/2016\/07\/20_Goratost-v-LPN-Pohorje-e1469019138478.jpg","type":"image\/jpeg"}],"twitter_card":"summary_large_image","twitter_misc":{"Est. reading time":"2 minutes"},"schema":{"@context":"https:\/\/schema.org","@graph":[{"@type":"WebPage","@id":"https:\/\/www.lpn.si\/o-lpn\/osebna-izkaznica\/","url":"https:\/\/www.lpn.si\/o-lpn\/osebna-izkaznica\/","name":"[:sl]Osebna izkaznica - LPN - Lovi\u0161\u010da s posebnim namenom[:]","isPartOf":{"@id":"https:\/\/www.lpn.si\/it\/#website"},"datePublished":"2016-07-04T11:43:30+00:00","dateModified":"2025-01-23T13:52:43+00:00","description":"{:sl}Lovi\u0161\u010da s posebnim namenom Obmo\u010dje Obmo\u010dne enote Zavoda za gozdove Povr\u0161ina Glavne vrste divjadi Vodja lovi\u0161\u010da LPN Prodi Razor OE Tolmin 2.537 ha gams muflo{:}","breadcrumb":{"@id":"https:\/\/www.lpn.si\/o-lpn\/osebna-izkaznica\/#breadcrumb"},"inLanguage":"en-US","potentialAction":[{"@type":"ReadAction","target":["https:\/\/www.lpn.si\/o-lpn\/osebna-izkaznica\/"]}]},{"@type":"BreadcrumbList","@id":"https:\/\/www.lpn.si\/o-lpn\/osebna-izkaznica\/#breadcrumb","itemListElement":[{"@type":"ListItem","position":1,"name":"Home","item":"https:\/\/www.lpn.si\/"},{"@type":"ListItem","position":2,"name":"O LPN","item":"https:\/\/www.lpn.si\/o-lpn\/"},{"@type":"ListItem","position":3,"name":"Osebna izkaznica"}]},{"@type":"WebSite","@id":"https:\/\/www.lpn.si\/it\/#website","url":"https:\/\/www.lpn.si\/it\/","name":"LPN","description":"ZAVOD za GOZDOVE SLOVENIJE","potentialAction":[{"@type":"SearchAction","target":{"@type":"EntryPoint","urlTemplate":"https:\/\/www.lpn.si\/it\/?s={search_term_string}"},"query-input":"required name=search_term_string"}],"inLanguage":"en-US"}]}},"_links":{"self":[{"href":"https:\/\/www.lpn.si\/en\/wp-json\/wp\/v2\/pages\/240"}],"collection":[{"href":"https:\/\/www.lpn.si\/en\/wp-json\/wp\/v2\/pages"}],"about":[{"href":"https:\/\/www.lpn.si\/en\/wp-json\/wp\/v2\/types\/page"}],"author":[{"embeddable":true,"href":"https:\/\/www.lpn.si\/en\/wp-json\/wp\/v2\/users\/3"}],"replies":[{"embeddable":true,"href":"https:\/\/www.lpn.si\/en\/wp-json\/wp\/v2\/comments?post=240"}],"version-history":[{"count":82,"href":"https:\/\/www.lpn.si\/en\/wp-json\/wp\/v2\/pages\/240\/revisions"}],"predecessor-version":[{"id":13731,"href":"https:\/\/www.lpn.si\/en\/wp-json\/wp\/v2\/pages\/240\/revisions\/13731"}],"up":[{"embeddable":true,"href":"https:\/\/www.lpn.si\/en\/wp-json\/wp\/v2\/pages\/5"}],"wp:featuredmedia":[{"embeddable":true,"href":"https:\/\/www.lpn.si\/en\/wp-json\/wp\/v2\/media\/440"}],"wp:attachment":[{"href":"https:\/\/www.lpn.si\/en\/wp-json\/wp\/v2\/media?parent=240"}],"curies":[{"name":"wp","href":"https:\/\/api.w.org\/{rel}","templated":true}]}}