{"id":820,"date":"2016-12-20T07:58:12","date_gmt":"2016-12-20T07:58:12","guid":{"rendered":"https:\/\/www.lpn.si\/?page_id=820"},"modified":"2025-05-30T11:40:52","modified_gmt":"2025-05-30T11:40:52","slug":"skupinski-lovi-jelenjadi","status":"publish","type":"page","link":"https:\/\/www.lpn.si\/de\/nacin-lova\/skupinski-lovi-jelenjadi\/","title":{"rendered":"Gesellschaftsjagd \u2013 Treib- und Druckjagd auf Schwarzwild \u2013 Keiler"},"content":{"rendered":"<p><\/p>\n<h1>Gesellschaftsjagd \u2013 Treib- und Druckjagd auf Schwarzwild \u2013 Keiler<\/h1>\n<p>Die Gesellschaftsjagd auf Schwarzwild \u2013 Keiler wird in den Staatlichen Jagdrevieren mit Sonderzweck durchgef\u00fchrt, oft als Treib- oder Druckjagd. Die Gesellschaftsjagd auf Schwarzwild besteht aus einer vereinbarten Anzahl von Treiber und J\u00e4ger. Die Treiber sind erfahrene J\u00e4ger, die mit dem Gel\u00e4nde und der Keilerh\u00f6hle im Jagdrevier vertraut sind. Eine oftmals angewendete Art der Treib- und Druckjagd ist das Kesseltreiben wobei die Treiber laut mit St\u00f6cken h\u00e4mmern oder mit h\u00f6lzernen Ratschen L\u00e4rm machen, um damit das Schwarzwild aufzuscheuchen und sie vor die J\u00e4ger zu bringen. In der Regel nehmen auch entsprechend abrichtete Jagdhunde an der Jagd teil, die in der Lage sind, Schwarzwild in ihren Verstecken zu lokalisieren und zu vertreiben.<\/p>\n<p><a href=\"https:\/\/www.lpn.si\/wp-content\/uploads\/2016\/06\/23_Vodja-skupinskega-lova-v-LPN-na-Ko\u010devskem-je-izku\u0161en-lovec-ki-pozna-lovi\u0161\u010de-in-divjad-v-njej-e1469446133528.jpg\"><img decoding=\"async\" loading=\"lazy\" class=\"wp-image-474 size-thumbnail\" src=\"https:\/\/www.lpn.si\/wp-content\/uploads\/2016\/06\/23_Vodja-skupinskega-lova-v-LPN-na-Ko\u010devskem-je-izku\u0161en-lovec-ki-pozna-lovi\u0161\u010de-in-divjad-v-njej-250x200.jpg\" alt=\"skupinski\" width=\"250\" height=\"200\" \/><\/a> Die Treibjagd auf Schwarzwild \u2013 Keiler w\u00e4hrend der Gesellschaftsjagd im SJS Ko\u010devje<\/p>\n<p>Auf Wunsch von Jagdg\u00e4sten k\u00f6nnen wir die Gesellschaftsjagd auf Schwarzwild in freier Wildbahn oder in den Wildschutzgebieten organisieren.<\/p>\n<p>Die Gesellschaftsjagd auf Schwarzwild \u2013 Keiler in freier Wildbahn in den Staatlichen Jagdrevieren mit Sonderzweck wird in den SJS Jelen, SJS Ko\u010devje und SJS Kompas Peskovci durchgef\u00fchrt. Im SJS Jelen findet die Schwarzwildjagd in den W\u00e4ldern der Sne\u017enik statt, w\u00e4hrend im SJS Ko\u010devje in den W\u00e4ldern von Sne\u017enik gejagt wird. In beiden Zonen sind alle drei Gro\u00dfraubtierarten vorhanden, n\u00e4mlich der Braunb\u00e4r, Wolf und Luchs. Die Schwarzwildjagd im SJS Kompas Peskovci ist im h\u00fcgeligen Gebiet der Pannonischen Tiefebene m\u00f6glich, wo es in der Regel mit der Rotwildjagd kombiniert wird.<\/p>\n<p>Die Gesellschaftsjagd auf Schwarzwild \u2013 Keiler in einem Wildschutzgebiet wird im SJS Ko\u010devje durchgef\u00fchrt. Im Jagdrevier befinden sich zwei gro\u00dfe Wildschutzgebiete, jedes mit einer Fl\u00e4che von \u00fcber 1.000 Hektar. Schwarzwild ist das prim\u00e4re Wild in beiden Wildschutzgebieten. Dar\u00fcber hinaus sind auch andere Wildarten vorhanden, vor allemRot-, Reh- und Damwild.<\/p>","protected":false},"excerpt":{"rendered":"Gesellschaftsjagd \u2013 Treib- und Druckjagd auf Schwarzwild \u2013 Keiler Die Gesellschaftsjagd auf Schwarzwild \u2013 Keiler wird in den Staatlichen Jagdrevieren mit Sonderzweck durchgef\u00fchrt, oft als Treib- oder Druckjagd. Die Gesellschaftsjagd auf Schwarzwild besteht aus einer vereinbarten Anzahl von Treiber und J\u00e4ger. Die Treiber sind erfahrene J\u00e4ger, die mit dem Gel\u00e4nde und der Keilerh\u00f6hle im Jagdrevier [&hellip;]","protected":false},"author":3,"featured_media":474,"parent":782,"menu_order":13,"comment_status":"closed","ping_status":"closed","template":"page-nacin-lova.php","meta":[],"acf":[],"yoast_head":"<!-- This site is optimized with the Yoast SEO plugin v20.12 - https:\/\/yoast.com\/wordpress\/plugins\/seo\/ -->\n<title>Skupinski lovi na jelenjadi - LPN - Lovi\u0161\u010da s posebnim namenom<\/title>\n<meta name=\"description\" content=\"Skupinske love na jelenjad v Lovi\u0161\u010dih s posebnim namenom praviloma izvajamo kot tihe pogone ali pritiske, Skupinski lovi na...\" \/>\n<meta name=\"robots\" content=\"index, follow, max-snippet:-1, max-image-preview:large, max-video-preview:-1\" \/>\n<link rel=\"canonical\" href=\"https:\/\/www.lpn.si\/nacin-lova\/skupinski-lovi-jelenjadi\/\" \/>\n<meta property=\"og:locale\" content=\"de_DE\" \/>\n<meta property=\"og:type\" content=\"article\" \/>\n<meta property=\"og:title\" content=\"[:sl]Skupinski lovi na jelenjadi - LPN - Lovi\u0161\u010da s posebnim namenom[:]\" \/>\n<meta property=\"og:description\" content=\"{:sl}Skupinske love na jelenjad v Lovi\u0161\u010dih s posebnim namenom praviloma izvajamo kot tihe pogone ali pritiske, Skupinski lovi na...{:}\" \/>\n<meta property=\"og:url\" content=\"https:\/\/www.lpn.si\/nacin-lova\/skupinski-lovi-jelenjadi\/\" \/>\n<meta property=\"og:site_name\" content=\"LPN\" \/>\n<meta property=\"article:modified_time\" content=\"2025-05-30T11:40:52+00:00\" \/>\n<meta property=\"og:image\" content=\"https:\/\/www.lpn.si\/wp-content\/uploads\/2016\/06\/23_Vodja-skupinskega-lova-v-LPN-na-Ko\u010devskem-je-izku\u0161en-lovec-ki-pozna-lovi\u0161\u010de-in-divjad-v-njej-e1469446133528.jpg\" \/>\n\t<meta property=\"og:image:width\" content=\"1920\" \/>\n\t<meta property=\"og:image:height\" content=\"1277\" \/>\n\t<meta property=\"og:image:type\" content=\"image\/jpeg\" \/>\n<meta name=\"twitter:card\" content=\"summary_large_image\" \/>\n<meta name=\"twitter:label1\" content=\"Gesch\u00e4tzte Lesezeit\" \/>\n\t<meta name=\"twitter:data1\" content=\"2\u00a0Minuten\" \/>\n<script type=\"application\/ld+json\" class=\"yoast-schema-graph\">{\"@context\":\"https:\/\/schema.org\",\"@graph\":[{\"@type\":\"WebPage\",\"@id\":\"https:\/\/www.lpn.si\/nacin-lova\/skupinski-lovi-jelenjadi\/\",\"url\":\"https:\/\/www.lpn.si\/nacin-lova\/skupinski-lovi-jelenjadi\/\",\"name\":\"[:sl]Skupinski lovi na jelenjadi - LPN - Lovi\u0161\u010da s posebnim namenom[:]\",\"isPartOf\":{\"@id\":\"https:\/\/www.lpn.si\/it\/#website\"},\"datePublished\":\"2016-12-20T07:58:12+00:00\",\"dateModified\":\"2025-05-30T11:40:52+00:00\",\"description\":\"{:sl}Skupinske love na jelenjad v Lovi\u0161\u010dih s posebnim namenom praviloma izvajamo kot tihe pogone ali pritiske, Skupinski lovi na...{:}\",\"breadcrumb\":{\"@id\":\"https:\/\/www.lpn.si\/nacin-lova\/skupinski-lovi-jelenjadi\/#breadcrumb\"},\"inLanguage\":\"de\",\"potentialAction\":[{\"@type\":\"ReadAction\",\"target\":[\"https:\/\/www.lpn.si\/nacin-lova\/skupinski-lovi-jelenjadi\/\"]}]},{\"@type\":\"BreadcrumbList\",\"@id\":\"https:\/\/www.lpn.si\/nacin-lova\/skupinski-lovi-jelenjadi\/#breadcrumb\",\"itemListElement\":[{\"@type\":\"ListItem\",\"position\":1,\"name\":\"Home\",\"item\":\"https:\/\/www.lpn.si\/\"},{\"@type\":\"ListItem\",\"position\":2,\"name\":\"Na\u010dini lova\",\"item\":\"https:\/\/www.lpn.si\/nacin-lova\/\"},{\"@type\":\"ListItem\",\"position\":3,\"name\":\"Skupinski lovi na jelenjad\"}]},{\"@type\":\"WebSite\",\"@id\":\"https:\/\/www.lpn.si\/it\/#website\",\"url\":\"https:\/\/www.lpn.si\/it\/\",\"name\":\"LPN\",\"description\":\"ZAVOD za GOZDOVE SLOVENIJE\",\"potentialAction\":[{\"@type\":\"SearchAction\",\"target\":{\"@type\":\"EntryPoint\",\"urlTemplate\":\"https:\/\/www.lpn.si\/it\/?s={search_term_string}\"},\"query-input\":\"required name=search_term_string\"}],\"inLanguage\":\"de\"}]}<\/script>\n<!-- \/ Yoast SEO plugin. -->","yoast_head_json":{"title":"Skupinski lovi na jelenjadi - LPN - Lovi\u0161\u010da s posebnim namenom","description":"Skupinske love na jelenjad v Lovi\u0161\u010dih s posebnim namenom praviloma izvajamo kot tihe pogone ali pritiske, Skupinski lovi na...","robots":{"index":"index","follow":"follow","max-snippet":"max-snippet:-1","max-image-preview":"max-image-preview:large","max-video-preview":"max-video-preview:-1"},"canonical":"https:\/\/www.lpn.si\/nacin-lova\/skupinski-lovi-jelenjadi\/","og_locale":"de_DE","og_type":"article","og_title":"[:sl]Skupinski lovi na jelenjadi - LPN - Lovi\u0161\u010da s posebnim namenom[:]","og_description":"{:sl}Skupinske love na jelenjad v Lovi\u0161\u010dih s posebnim namenom praviloma izvajamo kot tihe pogone ali pritiske, Skupinski lovi na...{:}","og_url":"https:\/\/www.lpn.si\/nacin-lova\/skupinski-lovi-jelenjadi\/","og_site_name":"LPN","article_modified_time":"2025-05-30T11:40:52+00:00","og_image":[{"width":1920,"height":1277,"url":"https:\/\/www.lpn.si\/wp-content\/uploads\/2016\/06\/23_Vodja-skupinskega-lova-v-LPN-na-Ko\u010devskem-je-izku\u0161en-lovec-ki-pozna-lovi\u0161\u010de-in-divjad-v-njej-e1469446133528.jpg","type":"image\/jpeg"}],"twitter_card":"summary_large_image","twitter_misc":{"Gesch\u00e4tzte Lesezeit":"2\u00a0Minuten"},"schema":{"@context":"https:\/\/schema.org","@graph":[{"@type":"WebPage","@id":"https:\/\/www.lpn.si\/nacin-lova\/skupinski-lovi-jelenjadi\/","url":"https:\/\/www.lpn.si\/nacin-lova\/skupinski-lovi-jelenjadi\/","name":"[:sl]Skupinski lovi na jelenjadi - LPN - Lovi\u0161\u010da s posebnim namenom[:]","isPartOf":{"@id":"https:\/\/www.lpn.si\/it\/#website"},"datePublished":"2016-12-20T07:58:12+00:00","dateModified":"2025-05-30T11:40:52+00:00","description":"{:sl}Skupinske love na jelenjad v Lovi\u0161\u010dih s posebnim namenom praviloma izvajamo kot tihe pogone ali pritiske, Skupinski lovi na...{:}","breadcrumb":{"@id":"https:\/\/www.lpn.si\/nacin-lova\/skupinski-lovi-jelenjadi\/#breadcrumb"},"inLanguage":"de","potentialAction":[{"@type":"ReadAction","target":["https:\/\/www.lpn.si\/nacin-lova\/skupinski-lovi-jelenjadi\/"]}]},{"@type":"BreadcrumbList","@id":"https:\/\/www.lpn.si\/nacin-lova\/skupinski-lovi-jelenjadi\/#breadcrumb","itemListElement":[{"@type":"ListItem","position":1,"name":"Home","item":"https:\/\/www.lpn.si\/"},{"@type":"ListItem","position":2,"name":"Na\u010dini lova","item":"https:\/\/www.lpn.si\/nacin-lova\/"},{"@type":"ListItem","position":3,"name":"Skupinski lovi na jelenjad"}]},{"@type":"WebSite","@id":"https:\/\/www.lpn.si\/it\/#website","url":"https:\/\/www.lpn.si\/it\/","name":"LPN","description":"ZAVOD za GOZDOVE SLOVENIJE","potentialAction":[{"@type":"SearchAction","target":{"@type":"EntryPoint","urlTemplate":"https:\/\/www.lpn.si\/it\/?s={search_term_string}"},"query-input":"required name=search_term_string"}],"inLanguage":"de"}]}},"_links":{"self":[{"href":"https:\/\/www.lpn.si\/de\/wp-json\/wp\/v2\/pages\/820"}],"collection":[{"href":"https:\/\/www.lpn.si\/de\/wp-json\/wp\/v2\/pages"}],"about":[{"href":"https:\/\/www.lpn.si\/de\/wp-json\/wp\/v2\/types\/page"}],"author":[{"embeddable":true,"href":"https:\/\/www.lpn.si\/de\/wp-json\/wp\/v2\/users\/3"}],"replies":[{"embeddable":true,"href":"https:\/\/www.lpn.si\/de\/wp-json\/wp\/v2\/comments?post=820"}],"version-history":[{"count":14,"href":"https:\/\/www.lpn.si\/de\/wp-json\/wp\/v2\/pages\/820\/revisions"}],"predecessor-version":[{"id":13959,"href":"https:\/\/www.lpn.si\/de\/wp-json\/wp\/v2\/pages\/820\/revisions\/13959"}],"up":[{"embeddable":true,"href":"https:\/\/www.lpn.si\/de\/wp-json\/wp\/v2\/pages\/782"}],"wp:featuredmedia":[{"embeddable":true,"href":"https:\/\/www.lpn.si\/de\/wp-json\/wp\/v2\/media\/474"}],"wp:attachment":[{"href":"https:\/\/www.lpn.si\/de\/wp-json\/wp\/v2\/media?parent=820"}],"curies":[{"name":"wp","href":"https:\/\/api.w.org\/{rel}","templated":true}]}}