{"id":816,"date":"2016-12-20T07:57:12","date_gmt":"2016-12-20T07:57:12","guid":{"rendered":"https:\/\/www.lpn.si\/?page_id=816"},"modified":"2017-08-04T08:27:43","modified_gmt":"2017-08-04T08:27:43","slug":"sarjenje","status":"publish","type":"page","link":"https:\/\/www.lpn.si\/de\/nacin-lova\/sarjenje\/","title":{"rendered":"Buschieren"},"content":{"rendered":"<p><\/p>\n<h1>Buschieren<\/h1>\n<p>Eine der Jagdmethoden in den Staatlichen Jagdrevieren mit Sonderzweck wird auch von einer Untergruppe von Jagdhunden, den sogenannten St\u00f6berhunden, Vorstehhunden oder Apportierhunden, durchgef\u00fchrt. Der abrichtete Vorstehhund bleibt stehen, wenn Beute angetroffen wird, und scheucht (<em>hoch machen<\/em>) sie auf Befehl auf, wenn ein J\u00e4ger sich n\u00e4hert, oder sucht sie vor dem J\u00e4ger. Wenn das Spiel geschossen wird, wartet der Hund auf Anweisungen des J\u00e4gers, sucht dann nach erjagtem Wild und bringt es zum J\u00e4ger. F\u00fcr den Fall, dass der Schuss nicht erfolgreich war, sucht der Hund weiter.<\/p>\n<p><a href=\"https:\/\/www.lpn.si\/wp-content\/uploads\/2016\/07\/Ni\u017einski-del-LPN-Ljubljani-vrh-Ljubljansko-Barje-pred-son\u010dnim-vzhodom.jpg\"><img decoding=\"async\" loading=\"lazy\" class=\"wp-image-319 size-thumbnail\" src=\"https:\/\/www.lpn.si\/wp-content\/uploads\/2016\/07\/Ni\u017einski-del-LPN-Ljubljani-vrh-Ljubljansko-Barje-pred-son\u010dnim-vzhodom-250x200.jpg\" alt=\"\u0161arjenje\" width=\"250\" height=\"200\" \/><\/a> Das Tiefland im SJS Ljubljanski vrh, das Moor von Ljubljana, kurz vor dem Sonnenaufgang<\/p>\n<p>Die Buschierjagd eignet sich besonders f\u00fcr die Jagd auf Kleinwild, Feldhase, Fasan, Rebhuhn und Stockenten.<\/p>\n<p>In den Staatlichen Jagdrevieren mit Sonderzweck wird die Jagd von Stockenten und Fasanen im SJS Ljubljanski vrh durchgef\u00fchrt, im SJS Kompas Peskovci k\u00f6nnen Sie Fasane jagen, w\u00e4hrend im SJS Fazan Beltinci die Jagd auf Rebh\u00fchner und Feldhasen, Fasane und Stockenten organisiert wird.<\/p>","protected":false},"excerpt":{"rendered":"Buschieren Eine der Jagdmethoden in den Staatlichen Jagdrevieren mit Sonderzweck wird auch von einer Untergruppe von Jagdhunden, den sogenannten St\u00f6berhunden, Vorstehhunden oder Apportierhunden, durchgef\u00fchrt. Der abrichtete Vorstehhund bleibt stehen, wenn Beute angetroffen wird, und scheucht (hoch machen) sie auf Befehl auf, wenn ein J\u00e4ger sich n\u00e4hert, oder sucht sie vor dem J\u00e4ger. Wenn das Spiel [&hellip;]","protected":false},"author":3,"featured_media":319,"parent":782,"menu_order":11,"comment_status":"closed","ping_status":"closed","template":"page-nacin-lova.php","meta":[],"acf":[],"yoast_head":"<!-- This site is optimized with the Yoast SEO plugin v20.12 - https:\/\/yoast.com\/wordpress\/plugins\/seo\/ -->\n<title>\u0160arjenje - Na\u010din lova - LPN - Lovi\u0161\u010da s posebnim namenom<\/title>\n<meta name=\"description\" content=\"V Lovi\u0161\u010dih s posebnim namenom je eden od na\u010dinov lova tudi \u0161arjenje. Pri \u0161arjenju \u0161olan pes pred skrito divjadjo obstane in jo na povelje dvigne, ko se...\" \/>\n<meta name=\"robots\" content=\"index, follow, max-snippet:-1, max-image-preview:large, max-video-preview:-1\" \/>\n<link rel=\"canonical\" href=\"https:\/\/www.lpn.si\/nacin-lova\/sarjenje\/\" \/>\n<meta property=\"og:locale\" content=\"de_DE\" \/>\n<meta property=\"og:type\" content=\"article\" \/>\n<meta property=\"og:title\" content=\"\u0160arjenje - Na\u010din lova - LPN - Lovi\u0161\u010da s posebnim namenom\" \/>\n<meta property=\"og:description\" content=\"V Lovi\u0161\u010dih s posebnim namenom je eden od na\u010dinov lova tudi \u0161arjenje. Pri \u0161arjenju \u0161olan pes pred skrito divjadjo obstane in jo na povelje dvigne, ko se...\" \/>\n<meta property=\"og:url\" content=\"https:\/\/www.lpn.si\/nacin-lova\/sarjenje\/\" \/>\n<meta property=\"og:site_name\" content=\"LPN\" \/>\n<meta property=\"article:modified_time\" content=\"2017-08-04T08:27:43+00:00\" \/>\n<meta property=\"og:image\" content=\"https:\/\/www.lpn.si\/wp-content\/uploads\/2016\/07\/Ni\u017einski-del-LPN-Ljubljani-vrh-Ljubljansko-Barje-pred-son\u010dnim-vzhodom.jpg\" \/>\n\t<meta property=\"og:image:width\" content=\"1920\" \/>\n\t<meta property=\"og:image:height\" content=\"1440\" \/>\n\t<meta property=\"og:image:type\" content=\"image\/jpeg\" \/>\n<meta name=\"twitter:card\" content=\"summary_large_image\" \/>\n<meta name=\"twitter:label1\" content=\"Gesch\u00e4tzte Lesezeit\" \/>\n\t<meta name=\"twitter:data1\" content=\"3\u00a0Minuten\" \/>\n<script type=\"application\/ld+json\" class=\"yoast-schema-graph\">{\"@context\":\"https:\/\/schema.org\",\"@graph\":[{\"@type\":\"WebPage\",\"@id\":\"https:\/\/www.lpn.si\/nacin-lova\/sarjenje\/\",\"url\":\"https:\/\/www.lpn.si\/nacin-lova\/sarjenje\/\",\"name\":\"\u0160arjenje - Na\u010din lova - LPN - Lovi\u0161\u010da s posebnim namenom\",\"isPartOf\":{\"@id\":\"https:\/\/www.lpn.si\/it\/#website\"},\"datePublished\":\"2016-12-20T07:57:12+00:00\",\"dateModified\":\"2017-08-04T08:27:43+00:00\",\"description\":\"V Lovi\u0161\u010dih s posebnim namenom je eden od na\u010dinov lova tudi \u0161arjenje. Pri \u0161arjenju \u0161olan pes pred skrito divjadjo obstane in jo na povelje dvigne, ko se...\",\"breadcrumb\":{\"@id\":\"https:\/\/www.lpn.si\/nacin-lova\/sarjenje\/#breadcrumb\"},\"inLanguage\":\"de\",\"potentialAction\":[{\"@type\":\"ReadAction\",\"target\":[\"https:\/\/www.lpn.si\/nacin-lova\/sarjenje\/\"]}]},{\"@type\":\"BreadcrumbList\",\"@id\":\"https:\/\/www.lpn.si\/nacin-lova\/sarjenje\/#breadcrumb\",\"itemListElement\":[{\"@type\":\"ListItem\",\"position\":1,\"name\":\"Home\",\"item\":\"https:\/\/www.lpn.si\/\"},{\"@type\":\"ListItem\",\"position\":2,\"name\":\"Na\u010dini lova\",\"item\":\"https:\/\/www.lpn.si\/nacin-lova\/\"},{\"@type\":\"ListItem\",\"position\":3,\"name\":\"\u0160arjenje\"}]},{\"@type\":\"WebSite\",\"@id\":\"https:\/\/www.lpn.si\/it\/#website\",\"url\":\"https:\/\/www.lpn.si\/it\/\",\"name\":\"LPN\",\"description\":\"ZAVOD za GOZDOVE SLOVENIJE\",\"potentialAction\":[{\"@type\":\"SearchAction\",\"target\":{\"@type\":\"EntryPoint\",\"urlTemplate\":\"https:\/\/www.lpn.si\/it\/?s={search_term_string}\"},\"query-input\":\"required name=search_term_string\"}],\"inLanguage\":\"de\"}]}<\/script>\n<!-- \/ Yoast SEO plugin. -->","yoast_head_json":{"title":"\u0160arjenje - Na\u010din lova - LPN - Lovi\u0161\u010da s posebnim namenom","description":"V Lovi\u0161\u010dih s posebnim namenom je eden od na\u010dinov lova tudi \u0161arjenje. Pri \u0161arjenju \u0161olan pes pred skrito divjadjo obstane in jo na povelje dvigne, ko se...","robots":{"index":"index","follow":"follow","max-snippet":"max-snippet:-1","max-image-preview":"max-image-preview:large","max-video-preview":"max-video-preview:-1"},"canonical":"https:\/\/www.lpn.si\/nacin-lova\/sarjenje\/","og_locale":"de_DE","og_type":"article","og_title":"\u0160arjenje - Na\u010din lova - LPN - Lovi\u0161\u010da s posebnim namenom","og_description":"V Lovi\u0161\u010dih s posebnim namenom je eden od na\u010dinov lova tudi \u0161arjenje. Pri \u0161arjenju \u0161olan pes pred skrito divjadjo obstane in jo na povelje dvigne, ko se...","og_url":"https:\/\/www.lpn.si\/nacin-lova\/sarjenje\/","og_site_name":"LPN","article_modified_time":"2017-08-04T08:27:43+00:00","og_image":[{"width":1920,"height":1440,"url":"https:\/\/www.lpn.si\/wp-content\/uploads\/2016\/07\/Ni\u017einski-del-LPN-Ljubljani-vrh-Ljubljansko-Barje-pred-son\u010dnim-vzhodom.jpg","type":"image\/jpeg"}],"twitter_card":"summary_large_image","twitter_misc":{"Gesch\u00e4tzte Lesezeit":"3\u00a0Minuten"},"schema":{"@context":"https:\/\/schema.org","@graph":[{"@type":"WebPage","@id":"https:\/\/www.lpn.si\/nacin-lova\/sarjenje\/","url":"https:\/\/www.lpn.si\/nacin-lova\/sarjenje\/","name":"\u0160arjenje - Na\u010din lova - LPN - Lovi\u0161\u010da s posebnim namenom","isPartOf":{"@id":"https:\/\/www.lpn.si\/it\/#website"},"datePublished":"2016-12-20T07:57:12+00:00","dateModified":"2017-08-04T08:27:43+00:00","description":"V Lovi\u0161\u010dih s posebnim namenom je eden od na\u010dinov lova tudi \u0161arjenje. Pri \u0161arjenju \u0161olan pes pred skrito divjadjo obstane in jo na povelje dvigne, ko se...","breadcrumb":{"@id":"https:\/\/www.lpn.si\/nacin-lova\/sarjenje\/#breadcrumb"},"inLanguage":"de","potentialAction":[{"@type":"ReadAction","target":["https:\/\/www.lpn.si\/nacin-lova\/sarjenje\/"]}]},{"@type":"BreadcrumbList","@id":"https:\/\/www.lpn.si\/nacin-lova\/sarjenje\/#breadcrumb","itemListElement":[{"@type":"ListItem","position":1,"name":"Home","item":"https:\/\/www.lpn.si\/"},{"@type":"ListItem","position":2,"name":"Na\u010dini lova","item":"https:\/\/www.lpn.si\/nacin-lova\/"},{"@type":"ListItem","position":3,"name":"\u0160arjenje"}]},{"@type":"WebSite","@id":"https:\/\/www.lpn.si\/it\/#website","url":"https:\/\/www.lpn.si\/it\/","name":"LPN","description":"ZAVOD za GOZDOVE SLOVENIJE","potentialAction":[{"@type":"SearchAction","target":{"@type":"EntryPoint","urlTemplate":"https:\/\/www.lpn.si\/it\/?s={search_term_string}"},"query-input":"required name=search_term_string"}],"inLanguage":"de"}]}},"_links":{"self":[{"href":"https:\/\/www.lpn.si\/de\/wp-json\/wp\/v2\/pages\/816"}],"collection":[{"href":"https:\/\/www.lpn.si\/de\/wp-json\/wp\/v2\/pages"}],"about":[{"href":"https:\/\/www.lpn.si\/de\/wp-json\/wp\/v2\/types\/page"}],"author":[{"embeddable":true,"href":"https:\/\/www.lpn.si\/de\/wp-json\/wp\/v2\/users\/3"}],"replies":[{"embeddable":true,"href":"https:\/\/www.lpn.si\/de\/wp-json\/wp\/v2\/comments?post=816"}],"version-history":[{"count":7,"href":"https:\/\/www.lpn.si\/de\/wp-json\/wp\/v2\/pages\/816\/revisions"}],"predecessor-version":[{"id":1159,"href":"https:\/\/www.lpn.si\/de\/wp-json\/wp\/v2\/pages\/816\/revisions\/1159"}],"up":[{"embeddable":true,"href":"https:\/\/www.lpn.si\/de\/wp-json\/wp\/v2\/pages\/782"}],"wp:featuredmedia":[{"embeddable":true,"href":"https:\/\/www.lpn.si\/de\/wp-json\/wp\/v2\/media\/319"}],"wp:attachment":[{"href":"https:\/\/www.lpn.si\/de\/wp-json\/wp\/v2\/media?parent=816"}],"curies":[{"name":"wp","href":"https:\/\/api.w.org\/{rel}","templated":true}]}}