{"id":806,"date":"2016-12-20T07:54:54","date_gmt":"2016-12-20T07:54:54","guid":{"rendered":"https:\/\/www.lpn.si\/?page_id=806"},"modified":"2025-04-15T19:46:06","modified_gmt":"2025-04-15T19:46:06","slug":"lov-fazana","status":"publish","type":"page","link":"https:\/\/www.lpn.si\/de\/nacin-lova\/lov-fazana\/","title":{"rendered":"Fasanjagd"},"content":{"rendered":"<p><\/p>\n<h1>Fasanjagd<\/h1>\n<p>Die Fasanenjagd in den Staatlichen Jagdrevieren mit Sonderzweck kann als eigenst\u00e4ndige Jagdphase oder in Kombination mit anderen kleinen Wildtieren wie Feldhase, Rebhuhn und Stockente oder auch in Kombination mit Schalenwildjagd organisiert werden.<\/p>\n<p>Bei der Einzeljagd auf Fasanen kann sich der Jagdgast entscheiden, Fasane mit kurzer Dr\u00fcckjagd und durch Schie\u00dfen aus Hochsitzen auf die hoch-fliegenden Fasane, oder mit Hilfe von speziell geschulten Jagdhunden, insbesondere Vorstehhunde, zu jagen. Hunde mit ausgezeichnetem Geruch finden Fasane und weisen mit Vorstehen auf ihre Position, und dann bei dem gegebenen Befehl sie es aus seinem Versteck jagen.<\/p>\n<p><a href=\"https:\/\/www.lpn.si\/wp-content\/uploads\/2016\/06\/30_Fazan-v-LPN-Fazan-Beltinci.jpg\"><img decoding=\"async\" loading=\"lazy\" class=\"wp-image-402 size-thumbnail\" src=\"https:\/\/www.lpn.si\/wp-content\/uploads\/2016\/06\/30_Fazan-v-LPN-Fazan-Beltinci-236x200.jpg\" width=\"236\" height=\"200\" \/><\/a> Der Fasan im SJS Fazan Beltinci<\/p>\n<p>Fasanjagd in Kombination mit anderen Kleinwildarten wird von Jagdg\u00e4sten \u00fcberwiegend morgens und in den Jagdgebieten mit niedriger Vegetation gew\u00e4hlt, die den kleinen Wildarten gen\u00fcgend Schutz f\u00fcr ihre Existenz und \u00dcberleben bieten.<\/p>\n<p>Jagdg\u00e4ste entscheiden sich auch f\u00fcr eine Kombination von Fasanjagd am Morgen und Ansitzjagd auf Schalenwild am Abend.<\/p>\n<p><a href=\"https:\/\/www.lpn.si\/wp-content\/uploads\/2016\/06\/34_Lov-s-sokolom-oziroma-skolarjenje-v-LPN-Fazan-Peskovci-e1469014044304.jpg\"><img decoding=\"async\" loading=\"lazy\" class=\"wp-image-407 size-thumbnail\" src=\"https:\/\/www.lpn.si\/wp-content\/uploads\/2016\/06\/34_Lov-s-sokolom-oziroma-skolarjenje-v-LPN-Fazan-Peskovci-250x200.jpg\" width=\"250\" height=\"200\" \/><\/a> Das Beizjagen im SJS Fazan Peskovci<\/p>\n<p>Besonderes Merkmal der Fasanenjagd in Slowenien ist die Beizjagen, die im SJS Fazan Peskovci durchgef\u00fchrt wird.<\/p>\n<p>Fasanenjagd wird in den Staatlichen Jagdrevieren mit Sonderzweck SJS Fazan Peskovci, die auch eine eigene Zuchtstation besitzt, SJS Ljubljanski vrh im Tiefland des Jagdrevieres in der N\u00e4he der Hauptstadt Sloweniens, und im SJS Kompas Peskovci, wo es viele \u00fcberwachsenen landwirtschaftliche Fl\u00e4chen gibt, die ein geeignetes Lebensumfeld f\u00fcr Fasane darstellen, durchgef\u00fchrt.<\/p>\n<p>Gemeinsam mit Jagdg\u00e4sten wird die Jagd von professionellen J\u00e4gern durchgef\u00fchrt, die die Gewohnheiten der einzelnen Wildarten in dem Jagdgebiet kennen.<\/p>","protected":false},"excerpt":{"rendered":"Fasanjagd Die Fasanenjagd in den Staatlichen Jagdrevieren mit Sonderzweck kann als eigenst\u00e4ndige Jagdphase oder in Kombination mit anderen kleinen Wildtieren wie Feldhase, Rebhuhn und Stockente oder auch in Kombination mit Schalenwildjagd organisiert werden. Bei der Einzeljagd auf Fasanen kann sich der Jagdgast entscheiden, Fasane mit kurzer Dr\u00fcckjagd und durch Schie\u00dfen aus Hochsitzen auf die hoch-fliegenden [&hellip;]","protected":false},"author":3,"featured_media":407,"parent":782,"menu_order":6,"comment_status":"closed","ping_status":"closed","template":"page-nacin-lova.php","meta":[],"acf":[],"yoast_head":"<!-- This site is optimized with the Yoast SEO plugin v20.12 - https:\/\/yoast.com\/wordpress\/plugins\/seo\/ -->\n<title>Lov fazana - LPN - Lovi\u0161\u010da s posebnim namenom<\/title>\n<meta name=\"description\" content=\"Lov fazana je v Lovi\u0161\u010dih s posebnim namenom organiziran kot samostojni lov na fazna ali pa v kombinaciji z drugimi vrstami male divjadi, kot so poljski...\" \/>\n<meta name=\"robots\" content=\"index, follow, max-snippet:-1, max-image-preview:large, max-video-preview:-1\" \/>\n<link rel=\"canonical\" href=\"https:\/\/www.lpn.si\/nacin-lova\/lov-fazana\/\" \/>\n<meta property=\"og:locale\" content=\"de_DE\" \/>\n<meta property=\"og:type\" content=\"article\" \/>\n<meta property=\"og:title\" content=\"[:sl]Lov fazana - LPN - Lovi\u0161\u010da s posebnim namenom[:]\" \/>\n<meta property=\"og:description\" content=\"{:sl}Lov fazana je v Lovi\u0161\u010dih s posebnim namenom organiziran kot samostojni lov na fazna ali pa v kombinaciji z drugimi vrstami male divjadi, kot so poljski...{:}\" \/>\n<meta property=\"og:url\" content=\"https:\/\/www.lpn.si\/nacin-lova\/lov-fazana\/\" \/>\n<meta property=\"og:site_name\" content=\"LPN\" \/>\n<meta property=\"article:modified_time\" content=\"2025-04-15T19:46:06+00:00\" \/>\n<meta property=\"og:image\" content=\"https:\/\/www.lpn.si\/wp-content\/uploads\/2016\/06\/34_Lov-s-sokolom-oziroma-skolarjenje-v-LPN-Fazan-Peskovci-e1469014044304.jpg\" \/>\n\t<meta property=\"og:image:width\" content=\"1920\" \/>\n\t<meta property=\"og:image:height\" content=\"1280\" \/>\n\t<meta property=\"og:image:type\" content=\"image\/jpeg\" \/>\n<meta name=\"twitter:card\" content=\"summary_large_image\" \/>\n<meta name=\"twitter:label1\" content=\"Gesch\u00e4tzte Lesezeit\" \/>\n\t<meta name=\"twitter:data1\" content=\"2\u00a0Minuten\" \/>\n<script type=\"application\/ld+json\" class=\"yoast-schema-graph\">{\"@context\":\"https:\/\/schema.org\",\"@graph\":[{\"@type\":\"WebPage\",\"@id\":\"https:\/\/www.lpn.si\/nacin-lova\/lov-fazana\/\",\"url\":\"https:\/\/www.lpn.si\/nacin-lova\/lov-fazana\/\",\"name\":\"[:sl]Lov fazana - LPN - Lovi\u0161\u010da s posebnim namenom[:]\",\"isPartOf\":{\"@id\":\"https:\/\/www.lpn.si\/it\/#website\"},\"datePublished\":\"2016-12-20T07:54:54+00:00\",\"dateModified\":\"2025-04-15T19:46:06+00:00\",\"description\":\"{:sl}Lov fazana je v Lovi\u0161\u010dih s posebnim namenom organiziran kot samostojni lov na fazna ali pa v kombinaciji z drugimi vrstami male divjadi, kot so poljski...{:}\",\"breadcrumb\":{\"@id\":\"https:\/\/www.lpn.si\/nacin-lova\/lov-fazana\/#breadcrumb\"},\"inLanguage\":\"de\",\"potentialAction\":[{\"@type\":\"ReadAction\",\"target\":[\"https:\/\/www.lpn.si\/nacin-lova\/lov-fazana\/\"]}]},{\"@type\":\"BreadcrumbList\",\"@id\":\"https:\/\/www.lpn.si\/nacin-lova\/lov-fazana\/#breadcrumb\",\"itemListElement\":[{\"@type\":\"ListItem\",\"position\":1,\"name\":\"Home\",\"item\":\"https:\/\/www.lpn.si\/\"},{\"@type\":\"ListItem\",\"position\":2,\"name\":\"Na\u010dini lova\",\"item\":\"https:\/\/www.lpn.si\/nacin-lova\/\"},{\"@type\":\"ListItem\",\"position\":3,\"name\":\"Lov fazana\"}]},{\"@type\":\"WebSite\",\"@id\":\"https:\/\/www.lpn.si\/it\/#website\",\"url\":\"https:\/\/www.lpn.si\/it\/\",\"name\":\"LPN\",\"description\":\"ZAVOD za GOZDOVE SLOVENIJE\",\"potentialAction\":[{\"@type\":\"SearchAction\",\"target\":{\"@type\":\"EntryPoint\",\"urlTemplate\":\"https:\/\/www.lpn.si\/it\/?s={search_term_string}\"},\"query-input\":\"required name=search_term_string\"}],\"inLanguage\":\"de\"}]}<\/script>\n<!-- \/ Yoast SEO plugin. -->","yoast_head_json":{"title":"Lov fazana - LPN - Lovi\u0161\u010da s posebnim namenom","description":"Lov fazana je v Lovi\u0161\u010dih s posebnim namenom organiziran kot samostojni lov na fazna ali pa v kombinaciji z drugimi vrstami male divjadi, kot so poljski...","robots":{"index":"index","follow":"follow","max-snippet":"max-snippet:-1","max-image-preview":"max-image-preview:large","max-video-preview":"max-video-preview:-1"},"canonical":"https:\/\/www.lpn.si\/nacin-lova\/lov-fazana\/","og_locale":"de_DE","og_type":"article","og_title":"[:sl]Lov fazana - LPN - Lovi\u0161\u010da s posebnim namenom[:]","og_description":"{:sl}Lov fazana je v Lovi\u0161\u010dih s posebnim namenom organiziran kot samostojni lov na fazna ali pa v kombinaciji z drugimi vrstami male divjadi, kot so poljski...{:}","og_url":"https:\/\/www.lpn.si\/nacin-lova\/lov-fazana\/","og_site_name":"LPN","article_modified_time":"2025-04-15T19:46:06+00:00","og_image":[{"width":1920,"height":1280,"url":"https:\/\/www.lpn.si\/wp-content\/uploads\/2016\/06\/34_Lov-s-sokolom-oziroma-skolarjenje-v-LPN-Fazan-Peskovci-e1469014044304.jpg","type":"image\/jpeg"}],"twitter_card":"summary_large_image","twitter_misc":{"Gesch\u00e4tzte Lesezeit":"2\u00a0Minuten"},"schema":{"@context":"https:\/\/schema.org","@graph":[{"@type":"WebPage","@id":"https:\/\/www.lpn.si\/nacin-lova\/lov-fazana\/","url":"https:\/\/www.lpn.si\/nacin-lova\/lov-fazana\/","name":"[:sl]Lov fazana - LPN - Lovi\u0161\u010da s posebnim namenom[:]","isPartOf":{"@id":"https:\/\/www.lpn.si\/it\/#website"},"datePublished":"2016-12-20T07:54:54+00:00","dateModified":"2025-04-15T19:46:06+00:00","description":"{:sl}Lov fazana je v Lovi\u0161\u010dih s posebnim namenom organiziran kot samostojni lov na fazna ali pa v kombinaciji z drugimi vrstami male divjadi, kot so poljski...{:}","breadcrumb":{"@id":"https:\/\/www.lpn.si\/nacin-lova\/lov-fazana\/#breadcrumb"},"inLanguage":"de","potentialAction":[{"@type":"ReadAction","target":["https:\/\/www.lpn.si\/nacin-lova\/lov-fazana\/"]}]},{"@type":"BreadcrumbList","@id":"https:\/\/www.lpn.si\/nacin-lova\/lov-fazana\/#breadcrumb","itemListElement":[{"@type":"ListItem","position":1,"name":"Home","item":"https:\/\/www.lpn.si\/"},{"@type":"ListItem","position":2,"name":"Na\u010dini lova","item":"https:\/\/www.lpn.si\/nacin-lova\/"},{"@type":"ListItem","position":3,"name":"Lov fazana"}]},{"@type":"WebSite","@id":"https:\/\/www.lpn.si\/it\/#website","url":"https:\/\/www.lpn.si\/it\/","name":"LPN","description":"ZAVOD za GOZDOVE SLOVENIJE","potentialAction":[{"@type":"SearchAction","target":{"@type":"EntryPoint","urlTemplate":"https:\/\/www.lpn.si\/it\/?s={search_term_string}"},"query-input":"required name=search_term_string"}],"inLanguage":"de"}]}},"_links":{"self":[{"href":"https:\/\/www.lpn.si\/de\/wp-json\/wp\/v2\/pages\/806"}],"collection":[{"href":"https:\/\/www.lpn.si\/de\/wp-json\/wp\/v2\/pages"}],"about":[{"href":"https:\/\/www.lpn.si\/de\/wp-json\/wp\/v2\/types\/page"}],"author":[{"embeddable":true,"href":"https:\/\/www.lpn.si\/de\/wp-json\/wp\/v2\/users\/3"}],"replies":[{"embeddable":true,"href":"https:\/\/www.lpn.si\/de\/wp-json\/wp\/v2\/comments?post=806"}],"version-history":[{"count":7,"href":"https:\/\/www.lpn.si\/de\/wp-json\/wp\/v2\/pages\/806\/revisions"}],"predecessor-version":[{"id":13922,"href":"https:\/\/www.lpn.si\/de\/wp-json\/wp\/v2\/pages\/806\/revisions\/13922"}],"up":[{"embeddable":true,"href":"https:\/\/www.lpn.si\/de\/wp-json\/wp\/v2\/pages\/782"}],"wp:featuredmedia":[{"embeddable":true,"href":"https:\/\/www.lpn.si\/de\/wp-json\/wp\/v2\/media\/407"}],"wp:attachment":[{"href":"https:\/\/www.lpn.si\/de\/wp-json\/wp\/v2\/media?parent=806"}],"curies":[{"name":"wp","href":"https:\/\/api.w.org\/{rel}","templated":true}]}}