{"id":804,"date":"2016-12-20T07:54:28","date_gmt":"2016-12-20T07:54:28","guid":{"rendered":"https:\/\/www.lpn.si\/?page_id=804"},"modified":"2025-04-15T19:44:13","modified_gmt":"2025-04-15T19:44:13","slug":"celoleten-lov-divjega-prasica","status":"publish","type":"page","link":"https:\/\/www.lpn.si\/de\/nacin-lova\/celoleten-lov-divjega-prasica\/","title":{"rendered":"Ganzj\u00e4hrige Jagd auf Schwarzwild-Keiler"},"content":{"rendered":"<p><\/p>\n<h1>Ganzj\u00e4hrige Jagd auf Schwarzwild-Keiler<\/h1>\n<p>Die Jagd auf Schwarzwild findet in Slowenien w\u00e4hrend des ganzen Jahres statt, die Jagd auf Bachen wird aber vom 1. Juli bis Ende Januar durchgef\u00fchrt.<\/p>\n<p>In den Staatlichen Jagdrevieren mit Sonderzweck kann sich ein Jagdgast entscheiden, die Schwarzwild zu jagen, indem er\/sie auf einem Hochsitz wartet. Die Ansitzjagd ist das erfolgreichste in den Abend- und Nachtstunden, neben landwirtschaftlichen Fl\u00e4chen zum Zeitpunkt der Ernte, an Kielraum, entlang ihren Migrationsrouten und an den Futterstellen.<\/p>\n<p><a href=\"https:\/\/www.lpn.si\/wp-content\/uploads\/2016\/06\/11_Pogon-divjih-pra\u0161i\u010dev-na-skupinskem-lovu-v-LPN-na-Ko\u010devskem-1-e1479263217816.jpg\"><img decoding=\"async\" loading=\"lazy\" class=\"wp-image-741 size-thumbnail\" src=\"https:\/\/www.lpn.si\/wp-content\/uploads\/2016\/06\/11_Pogon-divjih-pra\u0161i\u010dev-na-skupinskem-lovu-v-LPN-na-Ko\u010devskem-1-e1479263217816-250x200.jpg\" alt=\"11_Pogon divjih pra\u0161i\u010dev na skupinskem lovu v LPN na Ko\u010devskem\" width=\"250\" height=\"200\" \/><\/a> Die Jagd auf \u00a0Schwarzwild w\u00e4hrend der Gesellschaftsjagd im SJS Ko\u010devje<\/p>\n<p>Eine besondere Herausforderung ist die Pirschjagd aufSchwarzwild, die am meisten in den fr\u00fchen Morgenstunden auf Wiesen, Weiden und Feldern erfolgreich ist. Pirschjagd auf \u00a0Schwarzwild ist besonders w\u00e4hrend der Paarungszeit erfolgreich, wenn sie geh\u00f6rt werden k\u00f6nnen, so ist es m\u00f6glich, ihre Lage zu bestimmen und sie mit etwas Gl\u00fcck sogar \u00fcberraschen.<\/p>\n<p>Die Schwarzwildjagd wird in den Staatlichen Jagdrevieren mit Sonderzweck SJS Jelen, SJS Prodi Razor, SJS Ko\u010devje, SJS Ljubljanski vrh, SJS Pohorje und SJS Kompas Peskovci durchgef\u00fchrt. Landschaft, Klima, Zugang und die Schwierigkeit der Jagd in den aufgef\u00fchrten Jagdgebieten sind sehr unterschiedlich, so dass jeder Jagdgast sein \/ ihr Lieblings-Jagdrevier w\u00e4hlen kann. Wildschweinjagd in diesen SJS ist auch aufgrund der M\u00f6glichkeit der Wahl f\u00fcr alle echten J\u00e4ger geeignet.<\/p>\n<p>Gemeinsam mit Jagdg\u00e4sten wird die Jagd von professionellen J\u00e4gern durchgef\u00fchrt, die die Gewohnheiten der einzelnen Wildarten in dem Jagdgebiet kennen.<\/p>\n<p><a href=\"https:\/\/www.lpn.si\/wp-content\/uploads\/2016\/06\/12_Prihod-divjih-pra\u0161i\u010dev-na-skupinskem-lovu-v-LPN-na-Ko\u010devskem-e1479260651193.jpg\"><img decoding=\"async\" loading=\"lazy\" class=\"wp-image-472 size-thumbnail\" src=\"https:\/\/www.lpn.si\/wp-content\/uploads\/2016\/06\/12_Prihod-divjih-pra\u0161i\u010dev-na-skupinskem-lovu-v-LPN-na-Ko\u010devskem-250x200.jpg\" width=\"250\" height=\"200\" \/><\/a> Die Ankunft von Schwarzwild w\u00e4hrend der Gesellschaftsjagd im SJS Ko\u010devje<\/p>\n<p>Auf Wunsch und nach Vereinbarung kann in den Staatlichen Jagdrevieren mit Sonderzweck Gesellschaftsjagd \u2013 Schwarzwildjagd organisiert werden, vor allem in den SJS Jelen und SJS Ko\u010devje.<\/p>\n<p><a href=\"https:\/\/www.lpn.si\/wp-content\/uploads\/2016\/06\/13_Uplenjena-divja-pra\u0161i\u010da-v-obori-LPN-na-Ko\u010devskem-e1479264052745.jpg\"><img decoding=\"async\" loading=\"lazy\" class=\"wp-image-473 size-thumbnail\" src=\"https:\/\/www.lpn.si\/wp-content\/uploads\/2016\/06\/13_Uplenjena-divja-pra\u0161i\u010da-v-obori-LPN-na-Ko\u010devskem-250x200.jpg\" alt=\"pra\u0161i\u010da celoleten\" width=\"250\" height=\"200\" \/><\/a> Erjagtes Schwarzwild im Wildschutzgebiet im SJS Ko\u010devje<\/p>\n<p>Im SJS Ko\u010devje wird die Schwarzwildjagd auch in zwei gro\u00dfen Wildschutzgebieten durchgef\u00fchrt, die als die gr\u00f6\u00dfte in diesem Teil Europas angesehen werden k\u00f6nnen.<\/p>","protected":false},"excerpt":{"rendered":"Ganzj\u00e4hrige Jagd auf Schwarzwild-Keiler Die Jagd auf Schwarzwild findet in Slowenien w\u00e4hrend des ganzen Jahres statt, die Jagd auf Bachen wird aber vom 1. Juli bis Ende Januar durchgef\u00fchrt. In den Staatlichen Jagdrevieren mit Sonderzweck kann sich ein Jagdgast entscheiden, die Schwarzwild zu jagen, indem er\/sie auf einem Hochsitz wartet. Die Ansitzjagd ist das erfolgreichste [&hellip;]","protected":false},"author":3,"featured_media":741,"parent":782,"menu_order":5,"comment_status":"closed","ping_status":"closed","template":"page-nacin-lova.php","meta":[],"acf":[],"yoast_head":"<!-- This site is optimized with the Yoast SEO plugin v20.12 - https:\/\/yoast.com\/wordpress\/plugins\/seo\/ -->\n<title>Celoleten lov na divjega pra\u0161i\u010da - LPN - Lovi\u0161\u010da s posebnim namenom<\/title>\n<meta name=\"description\" content=\"Lov divjega pra\u0161i\u010da, merjasca, poteka v Sloveniji celo leto, lov divje svinje pa od 1. julija do konca januarja. Lovski gost se lahko v Lovi\u0161\u010dih s posebnim.\" \/>\n<meta name=\"robots\" content=\"index, follow, max-snippet:-1, max-image-preview:large, max-video-preview:-1\" \/>\n<link rel=\"canonical\" href=\"https:\/\/www.lpn.si\/nacin-lova\/celoleten-lov-divjega-prasica\/\" \/>\n<meta property=\"og:locale\" content=\"de_DE\" \/>\n<meta property=\"og:type\" content=\"article\" \/>\n<meta property=\"og:title\" content=\"[:sl]Celoleten lov na divjega pra\u0161i\u010da - LPN - Lovi\u0161\u010da s posebnim namenom[:]\" \/>\n<meta property=\"og:description\" content=\"{:sl}Lov divjega pra\u0161i\u010da, merjasca, poteka v Sloveniji celo leto, lov divje svinje pa od 1. julija do konca januarja. Lovski gost se lahko v Lovi\u0161\u010dih s posebnim.{:}\" \/>\n<meta property=\"og:url\" content=\"https:\/\/www.lpn.si\/nacin-lova\/celoleten-lov-divjega-prasica\/\" \/>\n<meta property=\"og:site_name\" content=\"LPN\" \/>\n<meta property=\"article:modified_time\" content=\"2025-04-15T19:44:13+00:00\" \/>\n<meta property=\"og:image\" content=\"https:\/\/www.lpn.si\/wp-content\/uploads\/2016\/06\/11_Pogon-divjih-pra\u0161i\u010dev-na-skupinskem-lovu-v-LPN-na-Ko\u010devskem-1-e1479263217816.jpg\" \/>\n\t<meta property=\"og:image:width\" content=\"1920\" \/>\n\t<meta property=\"og:image:height\" content=\"734\" \/>\n\t<meta property=\"og:image:type\" content=\"image\/jpeg\" \/>\n<meta name=\"twitter:card\" content=\"summary_large_image\" \/>\n<meta name=\"twitter:label1\" content=\"Gesch\u00e4tzte Lesezeit\" \/>\n\t<meta name=\"twitter:data1\" content=\"2\u00a0Minuten\" \/>\n<script type=\"application\/ld+json\" class=\"yoast-schema-graph\">{\"@context\":\"https:\/\/schema.org\",\"@graph\":[{\"@type\":\"WebPage\",\"@id\":\"https:\/\/www.lpn.si\/nacin-lova\/celoleten-lov-divjega-prasica\/\",\"url\":\"https:\/\/www.lpn.si\/nacin-lova\/celoleten-lov-divjega-prasica\/\",\"name\":\"[:sl]Celoleten lov na divjega pra\u0161i\u010da - LPN - Lovi\u0161\u010da s posebnim namenom[:]\",\"isPartOf\":{\"@id\":\"https:\/\/www.lpn.si\/it\/#website\"},\"datePublished\":\"2016-12-20T07:54:28+00:00\",\"dateModified\":\"2025-04-15T19:44:13+00:00\",\"description\":\"{:sl}Lov divjega pra\u0161i\u010da, merjasca, poteka v Sloveniji celo leto, lov divje svinje pa od 1. julija do konca januarja. Lovski gost se lahko v Lovi\u0161\u010dih s posebnim.{:}\",\"breadcrumb\":{\"@id\":\"https:\/\/www.lpn.si\/nacin-lova\/celoleten-lov-divjega-prasica\/#breadcrumb\"},\"inLanguage\":\"de\",\"potentialAction\":[{\"@type\":\"ReadAction\",\"target\":[\"https:\/\/www.lpn.si\/nacin-lova\/celoleten-lov-divjega-prasica\/\"]}]},{\"@type\":\"BreadcrumbList\",\"@id\":\"https:\/\/www.lpn.si\/nacin-lova\/celoleten-lov-divjega-prasica\/#breadcrumb\",\"itemListElement\":[{\"@type\":\"ListItem\",\"position\":1,\"name\":\"Home\",\"item\":\"https:\/\/www.lpn.si\/\"},{\"@type\":\"ListItem\",\"position\":2,\"name\":\"Na\u010dini lova\",\"item\":\"https:\/\/www.lpn.si\/nacin-lova\/\"},{\"@type\":\"ListItem\",\"position\":3,\"name\":\"Celoleten lov na divjega pra\u0161i\u010da\"}]},{\"@type\":\"WebSite\",\"@id\":\"https:\/\/www.lpn.si\/it\/#website\",\"url\":\"https:\/\/www.lpn.si\/it\/\",\"name\":\"LPN\",\"description\":\"ZAVOD za GOZDOVE SLOVENIJE\",\"potentialAction\":[{\"@type\":\"SearchAction\",\"target\":{\"@type\":\"EntryPoint\",\"urlTemplate\":\"https:\/\/www.lpn.si\/it\/?s={search_term_string}\"},\"query-input\":\"required name=search_term_string\"}],\"inLanguage\":\"de\"}]}<\/script>\n<!-- \/ Yoast SEO plugin. -->","yoast_head_json":{"title":"Celoleten lov na divjega pra\u0161i\u010da - LPN - Lovi\u0161\u010da s posebnim namenom","description":"Lov divjega pra\u0161i\u010da, merjasca, poteka v Sloveniji celo leto, lov divje svinje pa od 1. julija do konca januarja. Lovski gost se lahko v Lovi\u0161\u010dih s posebnim.","robots":{"index":"index","follow":"follow","max-snippet":"max-snippet:-1","max-image-preview":"max-image-preview:large","max-video-preview":"max-video-preview:-1"},"canonical":"https:\/\/www.lpn.si\/nacin-lova\/celoleten-lov-divjega-prasica\/","og_locale":"de_DE","og_type":"article","og_title":"[:sl]Celoleten lov na divjega pra\u0161i\u010da - LPN - Lovi\u0161\u010da s posebnim namenom[:]","og_description":"{:sl}Lov divjega pra\u0161i\u010da, merjasca, poteka v Sloveniji celo leto, lov divje svinje pa od 1. julija do konca januarja. Lovski gost se lahko v Lovi\u0161\u010dih s posebnim.{:}","og_url":"https:\/\/www.lpn.si\/nacin-lova\/celoleten-lov-divjega-prasica\/","og_site_name":"LPN","article_modified_time":"2025-04-15T19:44:13+00:00","og_image":[{"width":1920,"height":734,"url":"https:\/\/www.lpn.si\/wp-content\/uploads\/2016\/06\/11_Pogon-divjih-pra\u0161i\u010dev-na-skupinskem-lovu-v-LPN-na-Ko\u010devskem-1-e1479263217816.jpg","type":"image\/jpeg"}],"twitter_card":"summary_large_image","twitter_misc":{"Gesch\u00e4tzte Lesezeit":"2\u00a0Minuten"},"schema":{"@context":"https:\/\/schema.org","@graph":[{"@type":"WebPage","@id":"https:\/\/www.lpn.si\/nacin-lova\/celoleten-lov-divjega-prasica\/","url":"https:\/\/www.lpn.si\/nacin-lova\/celoleten-lov-divjega-prasica\/","name":"[:sl]Celoleten lov na divjega pra\u0161i\u010da - LPN - Lovi\u0161\u010da s posebnim namenom[:]","isPartOf":{"@id":"https:\/\/www.lpn.si\/it\/#website"},"datePublished":"2016-12-20T07:54:28+00:00","dateModified":"2025-04-15T19:44:13+00:00","description":"{:sl}Lov divjega pra\u0161i\u010da, merjasca, poteka v Sloveniji celo leto, lov divje svinje pa od 1. julija do konca januarja. Lovski gost se lahko v Lovi\u0161\u010dih s posebnim.{:}","breadcrumb":{"@id":"https:\/\/www.lpn.si\/nacin-lova\/celoleten-lov-divjega-prasica\/#breadcrumb"},"inLanguage":"de","potentialAction":[{"@type":"ReadAction","target":["https:\/\/www.lpn.si\/nacin-lova\/celoleten-lov-divjega-prasica\/"]}]},{"@type":"BreadcrumbList","@id":"https:\/\/www.lpn.si\/nacin-lova\/celoleten-lov-divjega-prasica\/#breadcrumb","itemListElement":[{"@type":"ListItem","position":1,"name":"Home","item":"https:\/\/www.lpn.si\/"},{"@type":"ListItem","position":2,"name":"Na\u010dini lova","item":"https:\/\/www.lpn.si\/nacin-lova\/"},{"@type":"ListItem","position":3,"name":"Celoleten lov na divjega pra\u0161i\u010da"}]},{"@type":"WebSite","@id":"https:\/\/www.lpn.si\/it\/#website","url":"https:\/\/www.lpn.si\/it\/","name":"LPN","description":"ZAVOD za GOZDOVE SLOVENIJE","potentialAction":[{"@type":"SearchAction","target":{"@type":"EntryPoint","urlTemplate":"https:\/\/www.lpn.si\/it\/?s={search_term_string}"},"query-input":"required name=search_term_string"}],"inLanguage":"de"}]}},"_links":{"self":[{"href":"https:\/\/www.lpn.si\/de\/wp-json\/wp\/v2\/pages\/804"}],"collection":[{"href":"https:\/\/www.lpn.si\/de\/wp-json\/wp\/v2\/pages"}],"about":[{"href":"https:\/\/www.lpn.si\/de\/wp-json\/wp\/v2\/types\/page"}],"author":[{"embeddable":true,"href":"https:\/\/www.lpn.si\/de\/wp-json\/wp\/v2\/users\/3"}],"replies":[{"embeddable":true,"href":"https:\/\/www.lpn.si\/de\/wp-json\/wp\/v2\/comments?post=804"}],"version-history":[{"count":11,"href":"https:\/\/www.lpn.si\/de\/wp-json\/wp\/v2\/pages\/804\/revisions"}],"predecessor-version":[{"id":13919,"href":"https:\/\/www.lpn.si\/de\/wp-json\/wp\/v2\/pages\/804\/revisions\/13919"}],"up":[{"embeddable":true,"href":"https:\/\/www.lpn.si\/de\/wp-json\/wp\/v2\/pages\/782"}],"wp:featuredmedia":[{"embeddable":true,"href":"https:\/\/www.lpn.si\/de\/wp-json\/wp\/v2\/media\/741"}],"wp:attachment":[{"href":"https:\/\/www.lpn.si\/de\/wp-json\/wp\/v2\/media?parent=804"}],"curies":[{"name":"wp","href":"https:\/\/api.w.org\/{rel}","templated":true}]}}