{"id":38,"date":"2016-06-23T08:53:19","date_gmt":"2016-06-23T08:53:19","guid":{"rendered":"https:\/\/www.lpn.si\/?page_id=38"},"modified":"2026-01-15T14:17:58","modified_gmt":"2026-01-15T14:17:58","slug":"lpn-fazan-beltinci","status":"publish","type":"page","link":"https:\/\/www.lpn.si\/de\/predstavitev-lovisc\/lpn-fazan-beltinci\/","title":{"rendered":"SJS Fazan Beltinci"},"content":{"rendered":"<p>Das Staatliche Jagdrevier mit Sonderzweck Fazan Beltinci (SJS Fazan Beltinci) liegt auf die Pomurje-Ebene und umfasst das Gebiet von etwa 15.167 ha, von denen 14.005 ha das Jagdgebiet darstellen.<\/p>\n<p>Im Bereich des SJS Fazan Beltinci ist die fragmentierte Struktur der landwirtschaftlichen Fl\u00e4chen noch teilweise erhalten, was g\u00fcnstige Lebensbedingungen f\u00fcr Niederwild, insbesondere Fasan, Rebhuhn und Feldhase bietet.<\/p>\n<p>In den gut erhaltenen gro\u00dfen W\u00e4ldern sind Rotwild und Schwarzwild permanent pr\u00e4sent und Rehwild ist eine sehr h\u00e4ufige Wildart.<\/p>\n<p>Das Jagdrevier wird als Landschaft oder Lebensraum tief vom Fluss Mura beeinflusst.<\/p>","protected":false},"excerpt":{"rendered":"Das Staatliche Jagdrevier mit Sonderzweck Fazan Beltinci (SJS Fazan Beltinci) liegt auf die Pomurje-Ebene und umfasst das Gebiet von etwa 15.167 ha, von denen 14.005 ha das Jagdgebiet darstellen. Im Bereich des SJS Fazan Beltinci ist die fragmentierte Struktur der landwirtschaftlichen Fl\u00e4chen noch teilweise erhalten, was g\u00fcnstige Lebensbedingungen f\u00fcr Niederwild, insbesondere Fasan, Rebhuhn und Feldhase [&hellip;]","protected":false},"author":3,"featured_media":407,"parent":7,"menu_order":7,"comment_status":"closed","ping_status":"closed","template":"page-lovisce.php","meta":[],"acf":[],"yoast_head":"<!-- This site is optimized with the Yoast SEO plugin v20.12 - https:\/\/yoast.com\/wordpress\/plugins\/seo\/ -->\n<title>LPN Fazan Beltinci - LPN - Lovi\u0161\u010da s posebnim namenom<\/title>\n<meta name=\"description\" content=\"Lovi\u0161\u010de s posebnim namenom Fazan Beltinci (LPN Fazan Beltinci) le\u017ei na pomurski ravnici in obsega 15.167 ha skupine povr\u0161ine, od tega je 14.005 ha\" \/>\n<meta name=\"robots\" content=\"index, follow, max-snippet:-1, max-image-preview:large, max-video-preview:-1\" \/>\n<link rel=\"canonical\" href=\"https:\/\/www.lpn.si\/predstavitev-lovisc\/lpn-fazan-beltinci\/\" \/>\n<meta property=\"og:locale\" content=\"de_DE\" \/>\n<meta property=\"og:type\" content=\"article\" \/>\n<meta property=\"og:title\" content=\"[:sl]LPN Fazan Beltinci - LPN - Lovi\u0161\u010da s posebnim namenom[:]\" \/>\n<meta property=\"og:description\" content=\"{:sl}Lovi\u0161\u010de s posebnim namenom Fazan Beltinci (LPN Fazan Beltinci) le\u017ei na pomurski ravnici in obsega 15.167 ha skupine povr\u0161ine, od tega je 14.005 ha{:}\" \/>\n<meta property=\"og:url\" content=\"https:\/\/www.lpn.si\/predstavitev-lovisc\/lpn-fazan-beltinci\/\" \/>\n<meta property=\"og:site_name\" content=\"LPN\" \/>\n<meta property=\"article:modified_time\" content=\"2026-01-15T14:17:58+00:00\" \/>\n<meta property=\"og:image\" content=\"https:\/\/www.lpn.si\/wp-content\/uploads\/2016\/06\/34_Lov-s-sokolom-oziroma-skolarjenje-v-LPN-Fazan-Peskovci-e1469014044304.jpg\" \/>\n\t<meta property=\"og:image:width\" content=\"1920\" \/>\n\t<meta property=\"og:image:height\" content=\"1280\" \/>\n\t<meta property=\"og:image:type\" content=\"image\/jpeg\" \/>\n<meta name=\"twitter:card\" content=\"summary_large_image\" \/>\n<meta name=\"twitter:label1\" content=\"Gesch\u00e4tzte Lesezeit\" \/>\n\t<meta name=\"twitter:data1\" content=\"1\u00a0Minute\" \/>\n<script type=\"application\/ld+json\" class=\"yoast-schema-graph\">{\"@context\":\"https:\/\/schema.org\",\"@graph\":[{\"@type\":\"WebPage\",\"@id\":\"https:\/\/www.lpn.si\/predstavitev-lovisc\/lpn-fazan-beltinci\/\",\"url\":\"https:\/\/www.lpn.si\/predstavitev-lovisc\/lpn-fazan-beltinci\/\",\"name\":\"[:sl]LPN Fazan Beltinci - LPN - Lovi\u0161\u010da s posebnim namenom[:]\",\"isPartOf\":{\"@id\":\"https:\/\/www.lpn.si\/it\/#website\"},\"datePublished\":\"2016-06-23T08:53:19+00:00\",\"dateModified\":\"2026-01-15T14:17:58+00:00\",\"description\":\"{:sl}Lovi\u0161\u010de s posebnim namenom Fazan Beltinci (LPN Fazan Beltinci) le\u017ei na pomurski ravnici in obsega 15.167 ha skupine povr\u0161ine, od tega je 14.005 ha{:}\",\"breadcrumb\":{\"@id\":\"https:\/\/www.lpn.si\/predstavitev-lovisc\/lpn-fazan-beltinci\/#breadcrumb\"},\"inLanguage\":\"de\",\"potentialAction\":[{\"@type\":\"ReadAction\",\"target\":[\"https:\/\/www.lpn.si\/predstavitev-lovisc\/lpn-fazan-beltinci\/\"]}]},{\"@type\":\"BreadcrumbList\",\"@id\":\"https:\/\/www.lpn.si\/predstavitev-lovisc\/lpn-fazan-beltinci\/#breadcrumb\",\"itemListElement\":[{\"@type\":\"ListItem\",\"position\":1,\"name\":\"Home\",\"item\":\"https:\/\/www.lpn.si\/\"},{\"@type\":\"ListItem\",\"position\":2,\"name\":\"PREDSTAVITEV LOVI\u0160\u010c\",\"item\":\"https:\/\/www.lpn.si\/predstavitev-lovisc\/\"},{\"@type\":\"ListItem\",\"position\":3,\"name\":\"LPN Fazan Beltinci\"}]},{\"@type\":\"WebSite\",\"@id\":\"https:\/\/www.lpn.si\/it\/#website\",\"url\":\"https:\/\/www.lpn.si\/it\/\",\"name\":\"LPN\",\"description\":\"ZAVOD za GOZDOVE SLOVENIJE\",\"potentialAction\":[{\"@type\":\"SearchAction\",\"target\":{\"@type\":\"EntryPoint\",\"urlTemplate\":\"https:\/\/www.lpn.si\/it\/?s={search_term_string}\"},\"query-input\":\"required name=search_term_string\"}],\"inLanguage\":\"de\"}]}<\/script>\n<!-- \/ Yoast SEO plugin. -->","yoast_head_json":{"title":"LPN Fazan Beltinci - LPN - Lovi\u0161\u010da s posebnim namenom","description":"Lovi\u0161\u010de s posebnim namenom Fazan Beltinci (LPN Fazan Beltinci) le\u017ei na pomurski ravnici in obsega 15.167 ha skupine povr\u0161ine, od tega je 14.005 ha","robots":{"index":"index","follow":"follow","max-snippet":"max-snippet:-1","max-image-preview":"max-image-preview:large","max-video-preview":"max-video-preview:-1"},"canonical":"https:\/\/www.lpn.si\/predstavitev-lovisc\/lpn-fazan-beltinci\/","og_locale":"de_DE","og_type":"article","og_title":"[:sl]LPN Fazan Beltinci - LPN - Lovi\u0161\u010da s posebnim namenom[:]","og_description":"{:sl}Lovi\u0161\u010de s posebnim namenom Fazan Beltinci (LPN Fazan Beltinci) le\u017ei na pomurski ravnici in obsega 15.167 ha skupine povr\u0161ine, od tega je 14.005 ha{:}","og_url":"https:\/\/www.lpn.si\/predstavitev-lovisc\/lpn-fazan-beltinci\/","og_site_name":"LPN","article_modified_time":"2026-01-15T14:17:58+00:00","og_image":[{"width":1920,"height":1280,"url":"https:\/\/www.lpn.si\/wp-content\/uploads\/2016\/06\/34_Lov-s-sokolom-oziroma-skolarjenje-v-LPN-Fazan-Peskovci-e1469014044304.jpg","type":"image\/jpeg"}],"twitter_card":"summary_large_image","twitter_misc":{"Gesch\u00e4tzte Lesezeit":"1\u00a0Minute"},"schema":{"@context":"https:\/\/schema.org","@graph":[{"@type":"WebPage","@id":"https:\/\/www.lpn.si\/predstavitev-lovisc\/lpn-fazan-beltinci\/","url":"https:\/\/www.lpn.si\/predstavitev-lovisc\/lpn-fazan-beltinci\/","name":"[:sl]LPN Fazan Beltinci - LPN - Lovi\u0161\u010da s posebnim namenom[:]","isPartOf":{"@id":"https:\/\/www.lpn.si\/it\/#website"},"datePublished":"2016-06-23T08:53:19+00:00","dateModified":"2026-01-15T14:17:58+00:00","description":"{:sl}Lovi\u0161\u010de s posebnim namenom Fazan Beltinci (LPN Fazan Beltinci) le\u017ei na pomurski ravnici in obsega 15.167 ha skupine povr\u0161ine, od tega je 14.005 ha{:}","breadcrumb":{"@id":"https:\/\/www.lpn.si\/predstavitev-lovisc\/lpn-fazan-beltinci\/#breadcrumb"},"inLanguage":"de","potentialAction":[{"@type":"ReadAction","target":["https:\/\/www.lpn.si\/predstavitev-lovisc\/lpn-fazan-beltinci\/"]}]},{"@type":"BreadcrumbList","@id":"https:\/\/www.lpn.si\/predstavitev-lovisc\/lpn-fazan-beltinci\/#breadcrumb","itemListElement":[{"@type":"ListItem","position":1,"name":"Home","item":"https:\/\/www.lpn.si\/"},{"@type":"ListItem","position":2,"name":"PREDSTAVITEV LOVI\u0160\u010c","item":"https:\/\/www.lpn.si\/predstavitev-lovisc\/"},{"@type":"ListItem","position":3,"name":"LPN Fazan Beltinci"}]},{"@type":"WebSite","@id":"https:\/\/www.lpn.si\/it\/#website","url":"https:\/\/www.lpn.si\/it\/","name":"LPN","description":"ZAVOD za GOZDOVE SLOVENIJE","potentialAction":[{"@type":"SearchAction","target":{"@type":"EntryPoint","urlTemplate":"https:\/\/www.lpn.si\/it\/?s={search_term_string}"},"query-input":"required name=search_term_string"}],"inLanguage":"de"}]}},"_links":{"self":[{"href":"https:\/\/www.lpn.si\/de\/wp-json\/wp\/v2\/pages\/38"}],"collection":[{"href":"https:\/\/www.lpn.si\/de\/wp-json\/wp\/v2\/pages"}],"about":[{"href":"https:\/\/www.lpn.si\/de\/wp-json\/wp\/v2\/types\/page"}],"author":[{"embeddable":true,"href":"https:\/\/www.lpn.si\/de\/wp-json\/wp\/v2\/users\/3"}],"replies":[{"embeddable":true,"href":"https:\/\/www.lpn.si\/de\/wp-json\/wp\/v2\/comments?post=38"}],"version-history":[{"count":38,"href":"https:\/\/www.lpn.si\/de\/wp-json\/wp\/v2\/pages\/38\/revisions"}],"predecessor-version":[{"id":14044,"href":"https:\/\/www.lpn.si\/de\/wp-json\/wp\/v2\/pages\/38\/revisions\/14044"}],"up":[{"embeddable":true,"href":"https:\/\/www.lpn.si\/de\/wp-json\/wp\/v2\/pages\/7"}],"wp:featuredmedia":[{"embeddable":true,"href":"https:\/\/www.lpn.si\/de\/wp-json\/wp\/v2\/media\/407"}],"wp:attachment":[{"href":"https:\/\/www.lpn.si\/de\/wp-json\/wp\/v2\/media?parent=38"}],"curies":[{"name":"wp","href":"https:\/\/api.w.org\/{rel}","templated":true}]}}