{"id":247,"date":"2016-07-04T11:46:37","date_gmt":"2016-07-04T11:46:37","guid":{"rendered":"https:\/\/www.lpn.si\/?page_id=247"},"modified":"2018-04-11T12:16:28","modified_gmt":"2018-04-11T12:16:28","slug":"vizija-in-poslanstvo","status":"publish","type":"page","link":"https:\/\/www.lpn.si\/de\/o-lpn\/vizija-in-poslanstvo\/","title":{"rendered":"Vision und Mission"},"content":{"rendered":"<p>SJS wurden zum Schutz seltener, gef\u00e4hrdeter Arten von Wild- und Wildtierarten sowie ihrer Lebensr\u00e4ume eingerichtet, um eine Reihe \u00f6ffentlicher Funktionen und wissenschaftliche Forschungen auf dem Gebiet des Wildschutzes und bestimmter gesch\u00fctzter Wildtierearten und ihrer Lebensr\u00e4ume durchzuf\u00fchren.<\/p>\n<p>Unsere Mission wird mit einem nat\u00fcrlichen und nachhaltigen Management von Wild und ihren Lebensr\u00e4umen realisiert.<\/p>\n<p>Im Einklang mit unserer Mission beteiligen wir uns an der Vorbereitung und Durchf\u00fchrung von Jagd- und Managementpl\u00e4nen. Es ist wichtig, die Interessen der verschiedenen Nutzer des Raumes zu harmonisieren und gleichzeitig einen positiven Status der Wildpopulationen zu gew\u00e4hrleisten, indem sie eine Reihe von Ma\u00dfnahmen in Bezug auf die Populationen und ihre nat\u00fcrliche Umwelt ergreifen, sowie die rationelle und nachhaltige Nutzung erleichtern, die am umweltfreundlichsten und ethischen sein soll. Eine wichtige Aufgabe der nachhaltigen Bewirtschaftung von Wildlebensr\u00e4umen in Slowenien ist auch die Erhaltung der Gro\u00dfraubtiere, die ein Teil der dinarischen Populationen von Raubtieren sind, sowie andere seltene und bedrohte Tierarten.<\/p>\n<p>Ein wichtiger Teil unserer Vision ist die Entwicklung und Erweiterung des Wissens \u00fcber das Wild und andere Wildtiere. Neue Erkenntnisse werden in einer Reihe von Forschungsprojekten und durch die \u00dcberwachung von Wildtieren gewonnen. Das Wissen um das Management von Wild und Wildtieren wird durch Zusammenarbeit mit in- und ausl\u00e4ndischen Bildungseinrichtungen erweitert.<\/p>\n<p>Zur Durchf\u00fchrung unserer Aktivit\u00e4ten arbeiten wir mit anderen Organisationen auf dem Gebiet der Jagd zusammen, und gemeinsam mit ihnen l\u00f6sen wir die aktuellen beruflichen Fragen und erarbeiten gegebenenfalls Entw\u00fcrfe von Vorschl\u00e4gen sowie Rechts- und Verwaltungsvorschriften.<\/p>","protected":false},"excerpt":{"rendered":"SJS wurden zum Schutz seltener, gef\u00e4hrdeter Arten von Wild- und Wildtierarten sowie ihrer Lebensr\u00e4ume eingerichtet, um eine Reihe \u00f6ffentlicher Funktionen und wissenschaftliche Forschungen auf dem Gebiet des Wildschutzes und bestimmter gesch\u00fctzter Wildtierearten und ihrer Lebensr\u00e4ume durchzuf\u00fchren. Unsere Mission wird mit einem nat\u00fcrlichen und nachhaltigen Management von Wild und ihren Lebensr\u00e4umen realisiert. Im Einklang mit unserer [&hellip;]","protected":false},"author":3,"featured_media":377,"parent":5,"menu_order":3,"comment_status":"closed","ping_status":"closed","template":"","meta":[],"acf":[],"yoast_head":"<!-- This site is optimized with the Yoast SEO plugin v20.12 - https:\/\/yoast.com\/wordpress\/plugins\/seo\/ -->\n<title>Vizija in poslanstvo - LPN - Lovi\u0161\u010da s posebnim namenom<\/title>\n<meta name=\"description\" content=\"LPN so bila ustanovljena za varstvo redkih, ogro\u017eenih vrst divjadi in prosto\u017eive\u010dih \u017eivalskih vrst ter njihovega \u017eivljenjskega prostora, za izvajanje vizija\" \/>\n<meta name=\"robots\" content=\"index, follow, max-snippet:-1, max-image-preview:large, max-video-preview:-1\" \/>\n<link rel=\"canonical\" href=\"https:\/\/www.lpn.si\/o-lpn\/vizija-in-poslanstvo\/\" \/>\n<meta property=\"og:locale\" content=\"de_DE\" \/>\n<meta property=\"og:type\" content=\"article\" \/>\n<meta property=\"og:title\" content=\"Vizija in poslanstvo - LPN - Lovi\u0161\u010da s posebnim namenom\" \/>\n<meta property=\"og:description\" content=\"LPN so bila ustanovljena za varstvo redkih, ogro\u017eenih vrst divjadi in prosto\u017eive\u010dih \u017eivalskih vrst ter njihovega \u017eivljenjskega prostora, za izvajanje vizija\" \/>\n<meta property=\"og:url\" content=\"https:\/\/www.lpn.si\/o-lpn\/vizija-in-poslanstvo\/\" \/>\n<meta property=\"og:site_name\" content=\"LPN\" \/>\n<meta property=\"article:modified_time\" content=\"2018-04-11T12:16:28+00:00\" \/>\n<meta property=\"og:image\" content=\"https:\/\/www.lpn.si\/wp-content\/uploads\/2016\/06\/13_Goratost-v-LPN-Pohorje-e1469007165399.jpg\" \/>\n\t<meta property=\"og:image:width\" content=\"1920\" \/>\n\t<meta property=\"og:image:height\" content=\"1275\" \/>\n\t<meta property=\"og:image:type\" content=\"image\/jpeg\" \/>\n<meta name=\"twitter:card\" content=\"summary_large_image\" \/>\n<meta name=\"twitter:label1\" content=\"Gesch\u00e4tzte Lesezeit\" \/>\n\t<meta name=\"twitter:data1\" content=\"5\u00a0Minuten\" \/>\n<script type=\"application\/ld+json\" class=\"yoast-schema-graph\">{\"@context\":\"https:\/\/schema.org\",\"@graph\":[{\"@type\":\"WebPage\",\"@id\":\"https:\/\/www.lpn.si\/o-lpn\/vizija-in-poslanstvo\/\",\"url\":\"https:\/\/www.lpn.si\/o-lpn\/vizija-in-poslanstvo\/\",\"name\":\"Vizija in poslanstvo - LPN - Lovi\u0161\u010da s posebnim namenom\",\"isPartOf\":{\"@id\":\"https:\/\/www.lpn.si\/it\/#website\"},\"datePublished\":\"2016-07-04T11:46:37+00:00\",\"dateModified\":\"2018-04-11T12:16:28+00:00\",\"description\":\"LPN so bila ustanovljena za varstvo redkih, ogro\u017eenih vrst divjadi in prosto\u017eive\u010dih \u017eivalskih vrst ter njihovega \u017eivljenjskega prostora, za izvajanje vizija\",\"breadcrumb\":{\"@id\":\"https:\/\/www.lpn.si\/o-lpn\/vizija-in-poslanstvo\/#breadcrumb\"},\"inLanguage\":\"de\",\"potentialAction\":[{\"@type\":\"ReadAction\",\"target\":[\"https:\/\/www.lpn.si\/o-lpn\/vizija-in-poslanstvo\/\"]}]},{\"@type\":\"BreadcrumbList\",\"@id\":\"https:\/\/www.lpn.si\/o-lpn\/vizija-in-poslanstvo\/#breadcrumb\",\"itemListElement\":[{\"@type\":\"ListItem\",\"position\":1,\"name\":\"Home\",\"item\":\"https:\/\/www.lpn.si\/\"},{\"@type\":\"ListItem\",\"position\":2,\"name\":\"O LPN\",\"item\":\"https:\/\/www.lpn.si\/o-lpn\/\"},{\"@type\":\"ListItem\",\"position\":3,\"name\":\"Vizija in poslanstvo\"}]},{\"@type\":\"WebSite\",\"@id\":\"https:\/\/www.lpn.si\/it\/#website\",\"url\":\"https:\/\/www.lpn.si\/it\/\",\"name\":\"LPN\",\"description\":\"ZAVOD za GOZDOVE SLOVENIJE\",\"potentialAction\":[{\"@type\":\"SearchAction\",\"target\":{\"@type\":\"EntryPoint\",\"urlTemplate\":\"https:\/\/www.lpn.si\/it\/?s={search_term_string}\"},\"query-input\":\"required name=search_term_string\"}],\"inLanguage\":\"de\"}]}<\/script>\n<!-- \/ Yoast SEO plugin. -->","yoast_head_json":{"title":"Vizija in poslanstvo - LPN - Lovi\u0161\u010da s posebnim namenom","description":"LPN so bila ustanovljena za varstvo redkih, ogro\u017eenih vrst divjadi in prosto\u017eive\u010dih \u017eivalskih vrst ter njihovega \u017eivljenjskega prostora, za izvajanje vizija","robots":{"index":"index","follow":"follow","max-snippet":"max-snippet:-1","max-image-preview":"max-image-preview:large","max-video-preview":"max-video-preview:-1"},"canonical":"https:\/\/www.lpn.si\/o-lpn\/vizija-in-poslanstvo\/","og_locale":"de_DE","og_type":"article","og_title":"Vizija in poslanstvo - LPN - Lovi\u0161\u010da s posebnim namenom","og_description":"LPN so bila ustanovljena za varstvo redkih, ogro\u017eenih vrst divjadi in prosto\u017eive\u010dih \u017eivalskih vrst ter njihovega \u017eivljenjskega prostora, za izvajanje vizija","og_url":"https:\/\/www.lpn.si\/o-lpn\/vizija-in-poslanstvo\/","og_site_name":"LPN","article_modified_time":"2018-04-11T12:16:28+00:00","og_image":[{"width":1920,"height":1275,"url":"https:\/\/www.lpn.si\/wp-content\/uploads\/2016\/06\/13_Goratost-v-LPN-Pohorje-e1469007165399.jpg","type":"image\/jpeg"}],"twitter_card":"summary_large_image","twitter_misc":{"Gesch\u00e4tzte Lesezeit":"5\u00a0Minuten"},"schema":{"@context":"https:\/\/schema.org","@graph":[{"@type":"WebPage","@id":"https:\/\/www.lpn.si\/o-lpn\/vizija-in-poslanstvo\/","url":"https:\/\/www.lpn.si\/o-lpn\/vizija-in-poslanstvo\/","name":"Vizija in poslanstvo - LPN - Lovi\u0161\u010da s posebnim namenom","isPartOf":{"@id":"https:\/\/www.lpn.si\/it\/#website"},"datePublished":"2016-07-04T11:46:37+00:00","dateModified":"2018-04-11T12:16:28+00:00","description":"LPN so bila ustanovljena za varstvo redkih, ogro\u017eenih vrst divjadi in prosto\u017eive\u010dih \u017eivalskih vrst ter njihovega \u017eivljenjskega prostora, za izvajanje vizija","breadcrumb":{"@id":"https:\/\/www.lpn.si\/o-lpn\/vizija-in-poslanstvo\/#breadcrumb"},"inLanguage":"de","potentialAction":[{"@type":"ReadAction","target":["https:\/\/www.lpn.si\/o-lpn\/vizija-in-poslanstvo\/"]}]},{"@type":"BreadcrumbList","@id":"https:\/\/www.lpn.si\/o-lpn\/vizija-in-poslanstvo\/#breadcrumb","itemListElement":[{"@type":"ListItem","position":1,"name":"Home","item":"https:\/\/www.lpn.si\/"},{"@type":"ListItem","position":2,"name":"O LPN","item":"https:\/\/www.lpn.si\/o-lpn\/"},{"@type":"ListItem","position":3,"name":"Vizija in poslanstvo"}]},{"@type":"WebSite","@id":"https:\/\/www.lpn.si\/it\/#website","url":"https:\/\/www.lpn.si\/it\/","name":"LPN","description":"ZAVOD za GOZDOVE SLOVENIJE","potentialAction":[{"@type":"SearchAction","target":{"@type":"EntryPoint","urlTemplate":"https:\/\/www.lpn.si\/it\/?s={search_term_string}"},"query-input":"required name=search_term_string"}],"inLanguage":"de"}]}},"_links":{"self":[{"href":"https:\/\/www.lpn.si\/de\/wp-json\/wp\/v2\/pages\/247"}],"collection":[{"href":"https:\/\/www.lpn.si\/de\/wp-json\/wp\/v2\/pages"}],"about":[{"href":"https:\/\/www.lpn.si\/de\/wp-json\/wp\/v2\/types\/page"}],"author":[{"embeddable":true,"href":"https:\/\/www.lpn.si\/de\/wp-json\/wp\/v2\/users\/3"}],"replies":[{"embeddable":true,"href":"https:\/\/www.lpn.si\/de\/wp-json\/wp\/v2\/comments?post=247"}],"version-history":[{"count":9,"href":"https:\/\/www.lpn.si\/de\/wp-json\/wp\/v2\/pages\/247\/revisions"}],"predecessor-version":[{"id":1259,"href":"https:\/\/www.lpn.si\/de\/wp-json\/wp\/v2\/pages\/247\/revisions\/1259"}],"up":[{"embeddable":true,"href":"https:\/\/www.lpn.si\/de\/wp-json\/wp\/v2\/pages\/5"}],"wp:featuredmedia":[{"embeddable":true,"href":"https:\/\/www.lpn.si\/de\/wp-json\/wp\/v2\/media\/377"}],"wp:attachment":[{"href":"https:\/\/www.lpn.si\/de\/wp-json\/wp\/v2\/media?parent=247"}],"curies":[{"name":"wp","href":"https:\/\/api.w.org\/{rel}","templated":true}]}}