{"id":233,"date":"2016-07-04T11:41:11","date_gmt":"2016-07-04T11:41:11","guid":{"rendered":"https:\/\/www.lpn.si\/?page_id=233"},"modified":"2025-04-15T17:53:08","modified_gmt":"2025-04-15T17:53:08","slug":"opis","status":"publish","type":"page","link":"https:\/\/www.lpn.si\/de\/o-lpn\/opis\/","title":{"rendered":"Beschreibung"},"content":{"rendered":"<p>In Slowenien beweist die nachhaltige Bewirtschaftung von Wild- und Wildtierarten und deren Lebensr\u00e4umen mehr als 100 Jahre Tradition.<\/p>\n<p>Mit der Schaffung eines unabh\u00e4ngigen Staates wurde zum Zwecke der Einheit und Integration die Planung und Verwaltung des Wildes und ihrer nat\u00fcrlichen Umwelt dem slowenischen Forstamt anvertraut. Das Forstamt organisierte auch den Schutz der seltenen, gef\u00e4hrdeten Arten und anderen Wildtierarten innerhalb der Staatlichen Jagdreviere mit Sonderzweck, die von ihnen verwaltet werden.<\/p>\n<p>Heute sind in Slowenien acht SJS unter der Organisation des slowenischen Forstamtes t\u00e4tig, die mehr als 200.000 Hektar umfassen und damit fast 10 Prozent der Gesamtfl\u00e4che Sloweniens ausmachen.<\/p>\n<p>Ihre Hauptt\u00e4tigkeit ist die Sorgfalt f\u00fcr das Wild und alle seltenen und bedrohten Tierarten, die durch die Umsetzung einer Reihe von Ma\u00dfnahmen in Wildtierpopulationen und ihren Lebensraum gew\u00e4hrleistet ist. Eine \u00e4u\u00dferst wichtige Aufgabe unserer SJS ist die Durchf\u00fchrung wissenschaftlicher Forschung auf dem Gebiet der Wildtiere, der Jagd und bestimmter gesch\u00fctzter Tierarten. Neben jagdbaren Wildarten finden sich in unseren SJS alle drei europ\u00e4ischen Gro\u00dfraubtierarten, von den eindrucksvollsten, den Braunb\u00e4ren, bis zu den W\u00f6lfen und Luchsen.<\/p>\n<p>In den Gebieten der SJS f\u00fchren wir die Jagd unter Ber\u00fccksichtigung der reichen slowenischen Jagdtradition und Ethik. Wir sind vor allem f\u00fcr die Pirsch- und Ansitzjagd bekannt, durchgef\u00fchrt von einem Hochsitz, sowie f\u00fcr die Gesellschafts- , Treib- und Bewegungs-jagd, Hochwildjagd und Brackierjagd. Unsere SJS werden auch von einer wachsenden Zahl von Jagdg\u00e4sten besucht, die sich selbst oder mit ihren Familien f\u00fcr verschiedene Wildarten- und Wildtierbeobachtungen entscheiden.<\/p>\n<p>Die SJS erhalten Finanzierung f\u00fcr ihre Operationen vor allem durch die Vermarktung und Umsetzung des Jagdtourismus. Zu den attraktivsten jagdbaren Wildarten geh\u00f6ren Rehwild, Rotwild, Schwarzwild, Gamswild, Damwild, Mufflon, Steinbock, Fasan, Stockente, Rebhuhn und Feldhase. In \u00dcbereinstimmung mit den sekund\u00e4ren Rechtsvorschriften ist es manchmal auch m\u00f6glich, bestimmte gesch\u00fctzte Arten, vor allem Braunb\u00e4ren zu jagen.<\/p>\n<p>&nbsp;<\/p>\n<p>&nbsp;<\/p>\n<p style=\"text-align: right;\">Sie sind herzlich eingeladen, uns zu besuchen und f\u00fcr sich selbst zu \u00fcberpr\u00fcfen!<\/p>\n<p style=\"text-align: right;\">Die Staatliche Jagdreviere mit Sonderzweck (unter der Organisation des slowenischen Forstamtes)<\/p>\n<p><\/p>","protected":false},"excerpt":{"rendered":"In Slowenien beweist die nachhaltige Bewirtschaftung von Wild- und Wildtierarten und deren Lebensr\u00e4umen mehr als 100 Jahre Tradition. Mit der Schaffung eines unabh\u00e4ngigen Staates wurde zum Zwecke der Einheit und Integration die Planung und Verwaltung des Wildes und ihrer nat\u00fcrlichen Umwelt dem slowenischen Forstamt anvertraut. Das Forstamt organisierte auch den Schutz der seltenen, gef\u00e4hrdeten Arten [&hellip;]","protected":false},"author":3,"featured_media":477,"parent":5,"menu_order":0,"comment_status":"closed","ping_status":"closed","template":"","meta":[],"acf":[],"yoast_head":"<!-- This site is optimized with the Yoast SEO plugin v20.12 - https:\/\/yoast.com\/wordpress\/plugins\/seo\/ -->\n<title>Opis - LPN - Lovi\u0161\u010da s posebnim namenom<\/title>\n<meta name=\"description\" content=\"V Sloveniji ima trajnostno upravljanje z divjadjo in drugimi prosto\u017eive\u010dimi \u017eivalskimi vrstami in njihovim \u017eivljenjskim okoljem \u017ee ve\u010d kot\" \/>\n<meta name=\"robots\" content=\"index, follow, max-snippet:-1, max-image-preview:large, max-video-preview:-1\" \/>\n<link rel=\"canonical\" href=\"https:\/\/www.lpn.si\/o-lpn\/opis\/\" \/>\n<meta property=\"og:locale\" content=\"de_DE\" \/>\n<meta property=\"og:type\" content=\"article\" \/>\n<meta property=\"og:title\" content=\"[:sl]Opis - LPN - Lovi\u0161\u010da s posebnim namenom[:]\" \/>\n<meta property=\"og:description\" content=\"{:sl}V Sloveniji ima trajnostno upravljanje z divjadjo in drugimi prosto\u017eive\u010dimi \u017eivalskimi vrstami in njihovim \u017eivljenjskim okoljem \u017ee ve\u010d kot {:}\" \/>\n<meta property=\"og:url\" content=\"https:\/\/www.lpn.si\/o-lpn\/opis\/\" \/>\n<meta property=\"og:site_name\" content=\"LPN\" \/>\n<meta property=\"article:modified_time\" content=\"2025-04-15T17:53:08+00:00\" \/>\n<meta property=\"og:image\" content=\"https:\/\/www.lpn.si\/wp-content\/uploads\/2016\/06\/27_Zandnja-usklajevanje-pred-odhodom-gonja\u010dev-in-strelcev-na-skupinskem-lovu-v-LPN-Na-Ko\u010devskem--e1469446381708.jpg\" \/>\n\t<meta property=\"og:image:width\" content=\"1920\" \/>\n\t<meta property=\"og:image:height\" content=\"1278\" \/>\n\t<meta property=\"og:image:type\" content=\"image\/jpeg\" \/>\n<meta name=\"twitter:card\" content=\"summary_large_image\" \/>\n<meta name=\"twitter:label1\" content=\"Gesch\u00e4tzte Lesezeit\" \/>\n\t<meta name=\"twitter:data1\" content=\"3\u00a0Minuten\" \/>\n<script type=\"application\/ld+json\" class=\"yoast-schema-graph\">{\"@context\":\"https:\/\/schema.org\",\"@graph\":[{\"@type\":\"WebPage\",\"@id\":\"https:\/\/www.lpn.si\/o-lpn\/opis\/\",\"url\":\"https:\/\/www.lpn.si\/o-lpn\/opis\/\",\"name\":\"[:sl]Opis - LPN - Lovi\u0161\u010da s posebnim namenom[:]\",\"isPartOf\":{\"@id\":\"https:\/\/www.lpn.si\/it\/#website\"},\"datePublished\":\"2016-07-04T11:41:11+00:00\",\"dateModified\":\"2025-04-15T17:53:08+00:00\",\"description\":\"{:sl}V Sloveniji ima trajnostno upravljanje z divjadjo in drugimi prosto\u017eive\u010dimi \u017eivalskimi vrstami in njihovim \u017eivljenjskim okoljem \u017ee ve\u010d kot {:}\",\"breadcrumb\":{\"@id\":\"https:\/\/www.lpn.si\/o-lpn\/opis\/#breadcrumb\"},\"inLanguage\":\"de\",\"potentialAction\":[{\"@type\":\"ReadAction\",\"target\":[\"https:\/\/www.lpn.si\/o-lpn\/opis\/\"]}]},{\"@type\":\"BreadcrumbList\",\"@id\":\"https:\/\/www.lpn.si\/o-lpn\/opis\/#breadcrumb\",\"itemListElement\":[{\"@type\":\"ListItem\",\"position\":1,\"name\":\"Home\",\"item\":\"https:\/\/www.lpn.si\/\"},{\"@type\":\"ListItem\",\"position\":2,\"name\":\"O LPN\",\"item\":\"https:\/\/www.lpn.si\/o-lpn\/\"},{\"@type\":\"ListItem\",\"position\":3,\"name\":\"Opis\"}]},{\"@type\":\"WebSite\",\"@id\":\"https:\/\/www.lpn.si\/it\/#website\",\"url\":\"https:\/\/www.lpn.si\/it\/\",\"name\":\"LPN\",\"description\":\"ZAVOD za GOZDOVE SLOVENIJE\",\"potentialAction\":[{\"@type\":\"SearchAction\",\"target\":{\"@type\":\"EntryPoint\",\"urlTemplate\":\"https:\/\/www.lpn.si\/it\/?s={search_term_string}\"},\"query-input\":\"required name=search_term_string\"}],\"inLanguage\":\"de\"}]}<\/script>\n<!-- \/ Yoast SEO plugin. -->","yoast_head_json":{"title":"Opis - LPN - Lovi\u0161\u010da s posebnim namenom","description":"V Sloveniji ima trajnostno upravljanje z divjadjo in drugimi prosto\u017eive\u010dimi \u017eivalskimi vrstami in njihovim \u017eivljenjskim okoljem \u017ee ve\u010d kot","robots":{"index":"index","follow":"follow","max-snippet":"max-snippet:-1","max-image-preview":"max-image-preview:large","max-video-preview":"max-video-preview:-1"},"canonical":"https:\/\/www.lpn.si\/o-lpn\/opis\/","og_locale":"de_DE","og_type":"article","og_title":"[:sl]Opis - LPN - Lovi\u0161\u010da s posebnim namenom[:]","og_description":"{:sl}V Sloveniji ima trajnostno upravljanje z divjadjo in drugimi prosto\u017eive\u010dimi \u017eivalskimi vrstami in njihovim \u017eivljenjskim okoljem \u017ee ve\u010d kot {:}","og_url":"https:\/\/www.lpn.si\/o-lpn\/opis\/","og_site_name":"LPN","article_modified_time":"2025-04-15T17:53:08+00:00","og_image":[{"width":1920,"height":1278,"url":"https:\/\/www.lpn.si\/wp-content\/uploads\/2016\/06\/27_Zandnja-usklajevanje-pred-odhodom-gonja\u010dev-in-strelcev-na-skupinskem-lovu-v-LPN-Na-Ko\u010devskem--e1469446381708.jpg","type":"image\/jpeg"}],"twitter_card":"summary_large_image","twitter_misc":{"Gesch\u00e4tzte Lesezeit":"3\u00a0Minuten"},"schema":{"@context":"https:\/\/schema.org","@graph":[{"@type":"WebPage","@id":"https:\/\/www.lpn.si\/o-lpn\/opis\/","url":"https:\/\/www.lpn.si\/o-lpn\/opis\/","name":"[:sl]Opis - LPN - Lovi\u0161\u010da s posebnim namenom[:]","isPartOf":{"@id":"https:\/\/www.lpn.si\/it\/#website"},"datePublished":"2016-07-04T11:41:11+00:00","dateModified":"2025-04-15T17:53:08+00:00","description":"{:sl}V Sloveniji ima trajnostno upravljanje z divjadjo in drugimi prosto\u017eive\u010dimi \u017eivalskimi vrstami in njihovim \u017eivljenjskim okoljem \u017ee ve\u010d kot {:}","breadcrumb":{"@id":"https:\/\/www.lpn.si\/o-lpn\/opis\/#breadcrumb"},"inLanguage":"de","potentialAction":[{"@type":"ReadAction","target":["https:\/\/www.lpn.si\/o-lpn\/opis\/"]}]},{"@type":"BreadcrumbList","@id":"https:\/\/www.lpn.si\/o-lpn\/opis\/#breadcrumb","itemListElement":[{"@type":"ListItem","position":1,"name":"Home","item":"https:\/\/www.lpn.si\/"},{"@type":"ListItem","position":2,"name":"O LPN","item":"https:\/\/www.lpn.si\/o-lpn\/"},{"@type":"ListItem","position":3,"name":"Opis"}]},{"@type":"WebSite","@id":"https:\/\/www.lpn.si\/it\/#website","url":"https:\/\/www.lpn.si\/it\/","name":"LPN","description":"ZAVOD za GOZDOVE SLOVENIJE","potentialAction":[{"@type":"SearchAction","target":{"@type":"EntryPoint","urlTemplate":"https:\/\/www.lpn.si\/it\/?s={search_term_string}"},"query-input":"required name=search_term_string"}],"inLanguage":"de"}]}},"_links":{"self":[{"href":"https:\/\/www.lpn.si\/de\/wp-json\/wp\/v2\/pages\/233"}],"collection":[{"href":"https:\/\/www.lpn.si\/de\/wp-json\/wp\/v2\/pages"}],"about":[{"href":"https:\/\/www.lpn.si\/de\/wp-json\/wp\/v2\/types\/page"}],"author":[{"embeddable":true,"href":"https:\/\/www.lpn.si\/de\/wp-json\/wp\/v2\/users\/3"}],"replies":[{"embeddable":true,"href":"https:\/\/www.lpn.si\/de\/wp-json\/wp\/v2\/comments?post=233"}],"version-history":[{"count":24,"href":"https:\/\/www.lpn.si\/de\/wp-json\/wp\/v2\/pages\/233\/revisions"}],"predecessor-version":[{"id":13881,"href":"https:\/\/www.lpn.si\/de\/wp-json\/wp\/v2\/pages\/233\/revisions\/13881"}],"up":[{"embeddable":true,"href":"https:\/\/www.lpn.si\/de\/wp-json\/wp\/v2\/pages\/5"}],"wp:featuredmedia":[{"embeddable":true,"href":"https:\/\/www.lpn.si\/de\/wp-json\/wp\/v2\/media\/477"}],"wp:attachment":[{"href":"https:\/\/www.lpn.si\/de\/wp-json\/wp\/v2\/media?parent=233"}],"curies":[{"name":"wp","href":"https:\/\/api.w.org\/{rel}","templated":true}]}}